{"id":1037,"date":"2022-04-14T13:53:53","date_gmt":"2022-04-14T13:53:53","guid":{"rendered":"https:\/\/tosteliit.ee\/?page_id=1037"},"modified":"2022-04-14T14:02:54","modified_gmt":"2022-04-14T14:02:54","slug":"eesti-tostespordi-ajavaod","status":"publish","type":"page","link":"https:\/\/tosteliit.ee\/en\/eesti-tostespordi-ajavaod\/","title":{"rendered":"Book series"},"content":{"rendered":"<figure class=\"wp-block-table aligncenter\"><table><tbody><tr><td><img decoding=\"async\" src=\"https:\/\/tosteliit.ee\/wp-content\/uploads\/2022\/04\/I-valdre.webp\" alt=\"\"><\/td><td><img decoding=\"async\" src=\"https:\/\/tosteliit.ee\/wp-content\/uploads\/2022\/04\/II-valdre.webp\" alt=\"\"><\/td><td><img decoding=\"async\" src=\"https:\/\/tosteliit.ee\/wp-content\/uploads\/2022\/04\/III-valdre.webp\" alt=\"\"><\/td><\/tr><\/tbody><\/table><\/figure>\n\n\n\n<p>Jaak Valdre sulest on ilmunud Eesti t\u00f5stespordi ajavaod triloogia. <\/p>\n\n\n\n<p>I osa h\u00f5lmab perioodi t\u00f5stmise algusaegadest kuni II maailmas\u00f5jani.\u00a0Selles nn sinises raamatus on t\u00e4htsal kohal meie raskej\u00f5ustiku isa Gustav Boesbergi p\u00e4rand. Tema 1888. aastal asutatud spordiringist sirgus palju nimekaid raskej\u00f5ustiklasi. Neid j\u00e4tkus t\u00f5step\u00f5randale, maadlusturniiridele, tsirkustesse ja rahvapidudele. Meie t\u00f5stjate kuulsusrikkad v\u00f5idud tutvustasid Eesti riiki kogu maailmale. Tolleaegsed spordit\u00e4hed nagu Alfred Neuland, Harald Tammer, Arnold Luha\u00e4\u00e4r jt olid noortele eeskujuks.\u00a0<\/p>\n\n\n\n<p>II osa (nn must raamat) keskendub n\u00f5ukogude ajale, kus peale meie ol\u00fcmpiakangelase Jaan Taltsi leiavad kajastamist ka k\u00f5igi teiste tolleaegsete tuntumate t\u00f5stjate elulood ja saavutused. Raamat ilmus Jaan Taltsi 75.s\u00fcnnip\u00e4evaks.<\/p>\n\n\n\n<p>III osas (nn valges raamatus) on j\u00e4lgimise all taasiseseisvunud Eesti t\u00f5stespordi areng.  2021. aastal t\u00e4histas Eesti t\u00f5stmine mitmeid juubeleid: 130 aastat tagasi peeti Tallinnas esimesed ametlikud t\u00f5stev\u00f5istlused, 100 aastat tagasi Tartus esimesed Eesti meistriv\u00f5istlused ja 30 aastat tagasi taastati Eesti \u00f5igused IWF-is (Rahvusvaheline T\u00f5stespordi F\u00f6deratsioon). Nende t\u00e4htp\u00e4evade valguses valmis triloogia ,,Eesti t\u00f5stespordi ajavaod\u201c III osa.<\/p>\n\n\n\n<p><a href=\"https:\/\/rahvaraamat.ee\/p\/eesti-t%C3%B5stespordi-ajavaod-iii\/1601309\/et?isbn=9789916407790\">Triloogia kolmas osa on m\u00fc\u00fcgil Rahvaraamatus.<\/a><\/p>","protected":false},"excerpt":{"rendered":"<p>Jaak Valdre sulest on ilmunud Eesti t\u00f5stespordi ajavaod triloogia. I osa h\u00f5lmab perioodi t\u00f5stmise algusaegadest kuni II maailmas\u00f5jani.\u00a0Selles nn sinises raamatus on t\u00e4htsal kohal meie raskej\u00f5ustiku isa Gustav Boesbergi p\u00e4rand. Tema 1888. aastal asutatud spordiringist sirgus palju nimekaid raskej\u00f5ustiklasi. Neid j\u00e4tkus t\u00f5step\u00f5randale, maadlusturniiridele, tsirkustesse ja rahvapidudele. Meie t\u00f5stjate kuulsusrikkad v\u00f5idud tutvustasid Eesti riiki kogu maailmale. [&hellip;]<\/p>\n","protected":false},"author":1,"featured_media":0,"parent":0,"menu_order":0,"comment_status":"closed","ping_status":"closed","template":"","meta":{"_mc_calendar":[],"footnotes":""},"class_list":["post-1037","page","type-page","status-publish","hentry","entry"],"_links":{"self":[{"href":"https:\/\/tosteliit.ee\/en\/wp-json\/wp\/v2\/pages\/1037","targetHints":{"allow":["GET"]}}],"collection":[{"href":"https:\/\/tosteliit.ee\/en\/wp-json\/wp\/v2\/pages"}],"about":[{"href":"https:\/\/tosteliit.ee\/en\/wp-json\/wp\/v2\/types\/page"}],"author":[{"embeddable":true,"href":"https:\/\/tosteliit.ee\/en\/wp-json\/wp\/v2\/users\/1"}],"replies":[{"embeddable":true,"href":"https:\/\/tosteliit.ee\/en\/wp-json\/wp\/v2\/comments?post=1037"}],"version-history":[{"count":4,"href":"https:\/\/tosteliit.ee\/en\/wp-json\/wp\/v2\/pages\/1037\/revisions"}],"predecessor-version":[{"id":1045,"href":"https:\/\/tosteliit.ee\/en\/wp-json\/wp\/v2\/pages\/1037\/revisions\/1045"}],"wp:attachment":[{"href":"https:\/\/tosteliit.ee\/en\/wp-json\/wp\/v2\/media?parent=1037"}],"curies":[{"name":"wp","href":"https:\/\/api.w.org\/{rel}","templated":true}]}}