{"id":104,"date":"2022-02-28T10:55:04","date_gmt":"2022-02-28T10:55:04","guid":{"rendered":"https:\/\/tosteliit.ee\/?page_id=104"},"modified":"2022-08-22T18:18:10","modified_gmt":"2022-08-22T18:18:10","slug":"juhatus","status":"publish","type":"page","link":"https:\/\/tosteliit.ee\/en\/juhatus\/","title":{"rendered":"Executive board"},"content":{"rendered":"<p><strong>Interiem president: <\/strong><br>Nade\u017eda Masjukova<\/p>\n\n\n\n<p><strong>EB members:<\/strong><br>Nade\u017eda Masjukova, <a href=\"mailto:juhatus@etl.ee\">juhatus@etl.ee<\/a><br>Erik Kuningas, <a href=\"mailto:juhatus@etl.ee\">juhatus@etl.ee<\/a><br>Alar Seim, <a href=\"mailto:juhatus@etl.ee\">juhatus@etl.ee<\/a><\/p>\n\n\n\n<p><strong>General secretary:<\/strong><br>Triin P\u00f5dersoo, 56621936, <a href=\"mailto:info@etl.ee\">info@etl.ee<\/a><\/p>\n\n\n\n<p><strong>Honorary member:<\/strong><br>Taimu Viir, 5680 2042<\/p>\n\n\n\n<p><strong>Coaching committee:<\/strong><br>Alar Seim, <a href=\"mailto:coach@etl.ee\">coach@etl.ee<\/a><br>Igor Ba\u0161kirov<br>Ahti Uppin<br>Oleg Zahharov<\/p>\n\n\n\n<p><strong>Revision committee:<\/strong><br>Ahti Uppin<br>Peeter Aan<br>Rasmus Zarubin<\/p>\n\n\n\n<p><strong>Sports med. expert:<\/strong> MD,PhD Margus Annuk, 528 6968, <a href=\"mailto:margus.annuk@etl.ee\">margus.annuk@etl.ee<\/a><\/p>\n\n\n\n<figure class=\"wp-block-image size-large is-style-default\"><img fetchpriority=\"high\" decoding=\"async\" width=\"1024\" height=\"696\" src=\"https:\/\/tosteliit.ee\/wp-content\/uploads\/2022\/04\/JUHATUS-1024x696.jpg\" alt=\"\" class=\"wp-image-1001\" srcset=\"https:\/\/tosteliit.ee\/wp-content\/uploads\/2022\/04\/JUHATUS-1024x696.jpg 1024w, https:\/\/tosteliit.ee\/wp-content\/uploads\/2022\/04\/JUHATUS-300x204.jpg 300w, https:\/\/tosteliit.ee\/wp-content\/uploads\/2022\/04\/JUHATUS-768x522.jpg 768w, https:\/\/tosteliit.ee\/wp-content\/uploads\/2022\/04\/JUHATUS-1536x1044.jpg 1536w, https:\/\/tosteliit.ee\/wp-content\/uploads\/2022\/04\/JUHATUS-18x12.jpg 18w, https:\/\/tosteliit.ee\/wp-content\/uploads\/2022\/04\/JUHATUS.jpg 1600w\" sizes=\"(max-width: 1024px) 100vw, 1024px\" \/><\/figure>","protected":false},"excerpt":{"rendered":"<p>Presidendi aset\u00e4itja: Nade\u017eda Masjukova Liikmed:Nade\u017eda Masjukova, juhatus@etl.eeErik Kuningas, juhatus@etl.eeAlar Seim, juhatus@etl.ee Peasekret\u00e4r:Triin P\u00f5dersoo, 56621936, info@etl.ee Auliige:Taimu Viir, 5680 2042 Treenerite n\u00f5ukogu (koordineerib koondiste tegevust):Alar Seim, coach@etl.eeIgor Ba\u0161kirovAhti UppinOleg Zahharov Revisjonikomisjon:Ahti UppinPeeter AanRasmus Zarubin Spordimeditsiini ekspert: MD,PhD Margus Annuk, 528 6968, margus.annuk@etl.ee<\/p>","protected":false},"author":1,"featured_media":0,"parent":0,"menu_order":0,"comment_status":"closed","ping_status":"closed","template":"","meta":{"_mc_calendar":[],"footnotes":""},"class_list":["post-104","page","type-page","status-publish","hentry","entry"],"_links":{"self":[{"href":"https:\/\/tosteliit.ee\/en\/wp-json\/wp\/v2\/pages\/104","targetHints":{"allow":["GET"]}}],"collection":[{"href":"https:\/\/tosteliit.ee\/en\/wp-json\/wp\/v2\/pages"}],"about":[{"href":"https:\/\/tosteliit.ee\/en\/wp-json\/wp\/v2\/types\/page"}],"author":[{"embeddable":true,"href":"https:\/\/tosteliit.ee\/en\/wp-json\/wp\/v2\/users\/1"}],"replies":[{"embeddable":true,"href":"https:\/\/tosteliit.ee\/en\/wp-json\/wp\/v2\/comments?post=104"}],"version-history":[{"count":8,"href":"https:\/\/tosteliit.ee\/en\/wp-json\/wp\/v2\/pages\/104\/revisions"}],"predecessor-version":[{"id":1620,"href":"https:\/\/tosteliit.ee\/en\/wp-json\/wp\/v2\/pages\/104\/revisions\/1620"}],"wp:attachment":[{"href":"https:\/\/tosteliit.ee\/en\/wp-json\/wp\/v2\/media?parent=104"}],"curies":[{"name":"wp","href":"https:\/\/api.w.org\/{rel}","templated":true}]}}