{"id":109,"date":"2022-02-28T10:55:04","date_gmt":"2022-02-28T10:55:04","guid":{"rendered":"https:\/\/tosteliit.ee\/?page_id=109"},"modified":"2026-01-14T09:41:42","modified_gmt":"2026-01-14T09:41:42","slug":"treenerikutse","status":"publish","type":"page","link":"https:\/\/tosteliit.ee\/en\/treenerikutse\/","title":{"rendered":"Coaching license"},"content":{"rendered":"<p><strong>Kuidas taodelda treenerikutset?<\/strong><\/p>\n\n\n\n<p><span style=\"text-decoration: underline;\"><mark style=\"background-color:rgba(0, 0, 0, 0)\" class=\"has-inline-color has-vivid-red-color\">Enne alaliidu poole p\u00f6\u00f6rdumist<\/mark><\/span>, kontrolli oma treenerikutse dokumentide seisu veebis &#8211; <a href=\"https:\/\/treenerikutse.ee\/\">www.treenerikutse.ee<\/a>; sisse saab logida ID-kaardi, smart-ID vm autentimisvahendiga. Seal saab valida kutsetaseme ja eriala, seej\u00e4rel ilmub info mis on eeldused, et antud kutset taodelda ning mis on taotlejal juba olemas s\u00fcsteemis, mis veel puudu.<\/p>\n\n\n\n<p>Esmakordsel taotlemisel:<\/p>\n\n\n\n<ul class=\"wp-block-list\">\n<li>Peab l\u00e4bima vastava taseme (EKR 3, 4 v\u00f5i 5) <strong>\u00fcldainete koolituse<\/strong> (korraldavad T\u00dc ja TL\u00dc)<\/li>\n\n\n\n<li>Peab l\u00e4bima vastava taseme t\u00f5stespordi <strong>erialase tasemekoolituse<\/strong> (korraldab ETL)<\/li>\n\n\n\n<li>Peab l\u00e4bima 8- v\u00f5i 16-tunnise esmaabi koolituse<\/li>\n\n\n\n<li>Peab l\u00e4bima v\u00e4\u00e4rkohtlemise ennetamise e-kursuse: <a href=\"https:\/\/eadse.ee\/koolitus\/vaarkohtlemine-ja-ahistamine\/\">https:\/\/eadse.ee\/koolitus\/vaarkohtlemine-ja-ahistamine\/<\/a><\/li>\n<\/ul>\n\n\n\n<p>Taastaotlemisel:<\/p>\n\n\n\n<ul class=\"wp-block-list\">\n<li>Peab l\u00e4bima 60 tunni ulatuses t\u00e4iendkoolitusi<\/li>\n\n\n\n<li>Peab omama kehtivat esmaabitunnistust (koolitus l\u00e4bitud viimase 3 aasta jooksul)<\/li>\n\n\n\n<li>Peab l\u00e4bima v\u00e4\u00e4rkohtlemise ennetamise e-kursuse: <a href=\"https:\/\/eadse.ee\/koolitus\/vaarkohtlemine-ja-ahistamine\/\">https:\/\/eadse.ee\/koolitus\/vaarkohtlemine-ja-ahistamine\/<\/a><\/li>\n\n\n\n<li><a href=\"https:\/\/www.spordiregister.ee\/admin\/valjund.php?vmkf=51&amp;n=\">T\u00e4ienduskoolituse teiste v\u00f5imalike vormide <\/a>arvestamisel kehtivad j\u00e4rgnevad \u00fclempiirid:<br>rahvusvahelistel tippv\u00f5istlustel erialaste \u00fclesannete t\u00e4itmine \u2013 kuni 12 tundi;<br>teiste treenerite treeningtundide vaatlusanal\u00fc\u00fcsi teostamine \u2013 kuni 12 tundi;<br>teiste treenerite juures sta\u017eeerimine v\u00f5i sta\u017eeeritavate juhendamine \u2013 kuni 12 tundi;<br>riigi koondiste treenerina tegutsemine \u2013 kuni 12 tundi.<\/li>\n<\/ul>\n\n\n\n<p>EKR 3 erialane tasemekoolitus toimub \u00fcldjuhul kevadel, EKR 4 ja 5 tasemekoolituse \u00f5ppep\u00e4evad on jaotatud terve aasta peale. Kutse taastaotlemine on v\u00f5imalik kehtiva kutse perioodil. M\u00f5juvatel p\u00f5hjustel ka siis, kui kutse kehtivuse l\u00f5ppemisest ei ole m\u00f6\u00f6dunud rohkem kui aasta, kuid seda tuleb eelnevalt koosk\u00f5lastada ETL komisjoniga.<\/p>\n\n\n\n<p>ETL hindamiskomisjon koguneb minimaalselt kahel korral aastas &#8211; kevadel ja s\u00fcgisel\/talvel.<\/p>\n\n\n\n<p><strong>Taotlemiseks ja taastaotlemiseks vajalikud dokumendid:<\/strong><\/p>\n\n\n\n<ul class=\"wp-block-list\">\n<li>Taotlus &#8211; t\u00e4idate keskkonnas <a rel=\"noreferrer noopener\" href=\"https:\/\/minu.treenerikutse.ee\/\" target=\"_blank\">https:\/\/minu.treenerikutse.ee\/<\/a><\/li>\n\n\n\n<li>CV (t\u00e4idate treenerikutse keskkonnas),<\/li>\n\n\n\n<li>koopia isikutt\u00f5endavast dokumendist (pass, ID-kaart) (laadite treenerikutse keskkonda),<\/li>\n\n\n\n<li>koopia haridust t\u00f5endavast dokumendist, \u00fclikooli l\u00f5petajatel ka v\u00e4ljav\u00f5te \u00d5IS l\u00e4bitud ainete kohta (laadite treenerikutse keskkonda),<\/li>\n\n\n\n<li>taseme- v\u00f5i t\u00e4ienduskoolituse t\u00f5endite koopiad (laadite treenerikutse keskkonda),<\/li>\n\n\n\n<li>koopia maksekorraldusest.<\/li>\n<\/ul>\n\n\n\n<p><strong>Eksamineerimine:<\/strong><\/p>\n\n\n\n<ul class=\"wp-block-list\">\n<li>\u00fcldainete teooriaeksam<\/li>\n\n\n\n<li>t\u00f5stespordi erialane teooriaeksam <\/li>\n\n\n\n<li>t\u00f5stespordi erialane praktiline eksam (sisu oleneb tasemest<\/li>\n<\/ul>\n\n\n\n<p><a href=\"http:\/\/testikeskus.eok.ee\/eksam.php\">EOK TESTIKESKUS<\/a><\/p>\n\n\n\n<p><strong>Taastaotlejatele <\/strong>toimub suuline vestlus, eksameid sooritama ei pea. V.a juhul kui kutse on aegunud ja puudub m\u00f5juv p\u00f5hjus\/eelnev kokkulepe alaliidu hindamiskomisjoniga. <\/p>\n\n\n\n<p>Hindamine (v\u00e4ljav\u00f5te kutseandmise korrast):<\/p>\n\n\n\n<p>7.3.1. abitreener, tase 3; nooremtreener, tase 4 ja treener, tase 5<br>7.3.1.1. teadmiste hindamise kirjaliku testi 20 spordi eriala k\u00fcsimust valikvastustega koostab hindamiskomisjon, 20 spordi \u00fcldainete k\u00fcsimust koos valikvastustega saadakse kutse andja poolt koostatud k\u00fcsimuste andmepangast. Kui eriala- ja \u00fcldainete teste ei sooritata \u00fcheaegselt, siis tuleb esmalt sooritada erialatest, mille v\u00e4hemalt 60 %-lisel sooritamisel lubatakse hinnatav \u00fcldainete testile.<br>7.3.1.2. eriala- ja \u00fcldainete testi (40 k\u00fcsimust) \u00fcheaegsel sooritamisel antakse hinnatavale aega 60 minutit, ainult \u00fcldainete testi t\u00e4itmiseks antakse aega 30 minutit;<br>7.3.1.3. testi sooritajatel on lubatud kasutada ainult hindamiskomisjoni poolt antud materjale. Testi sooritamisel on keelatud: &#8211; omavaheline suhtlemine ja k\u00f5rvalise abi kasutamine; &#8211; mobiiltelefonide jt. elektrooniliste seadmete kasutamine; &#8211; testiga seonduvate materjalide eksamiruumist v\u00e4lja viimine; &#8211; teisi testi sooritajaid ja komisjoni liikmeid h\u00e4iriv k\u00e4itumine.<br><strong>7.3.1.4. test loetakse sooritatuks, kui 40 k\u00fcsimusest v\u00e4hemalt 32 on vastatud \u00f5igesti;<\/strong><br>7.3.1.5. taotlejad lubatakse spordiala eriala praktiliste oskuste eksamile, mille vormide \u00fcle otsustavad hindamiskomisjonid, \u00fcldreeglina p\u00e4rast teadmiste hindamise kirjaliku testi sooritamist;<\/p>\n\n\n\n<p><\/p>\n\n\n\n<p><a href=\"https:\/\/www.spordiregister.ee\/admin\/valjund.php?vmkf=43&amp;n=\"><strong>Kutse omistamise tasu m\u00e4\u00e4rad<\/strong> (al 01.01.2026):<\/a><br>Abitreener EKR 3 &#8211; 60 eurot<br>Nooremtreener EKR 4 &#8211; 70 eurot<br>Treener EKR 5 &#8211; 80 eurot<br>Vanemtreener EKR 6 &#8211; 90 eurot<br>Meistertreener EKR 7 &#8211; 100 eurot<br>Eliittreener EKR 8 &#8211; 120 eurot<\/p>\n\n\n\n<p>J\u00e4releksami tasu on sama, mis eelpool ning oleneb kutsetasemest. <\/p>\n\n\n\n<p>Kutse omistamise tasu tuleb kanda Eesti T\u00f5stespordiliidu <a href=\"http:\/\/www.tosteliit.ee\/ETL\">arveldusarvele<\/a> (EE561010052028320001). Selgituseks m\u00e4rkida n\u00e4iteks &#8220;Abitreeneri EKR 3 kutseeksamitasu, Mari Maasikas&#8221;<\/p>\n\n\n\n<p>\u00dcldainete koolitusi viib l\u00e4bi <a href=\"http:\/\/www.spordiinfo.ee\/Spordiinfo\">Spordikoolituse ja -Teabe Sihtasutus<\/a> koost\u00f6\u00f6s Tallinna \u00dclikooli ja Tartu \u00dclikooliga.<br>\u00dcldainete <a href=\"http:\/\/www.sport.ee\/et\/event?type=type_event&amp;liik=TR&amp;subm\">koolituskalender<\/a>.<\/p>\n\n\n\n<p><strong>\u00dcldainete \u00f5pikud<\/strong><\/p>\n\n\n\n<ul class=\"wp-block-list\">\n<li><a href=\"http:\/\/treener.eok.ee\/oppematerjal_vaata.php?id=37\">I tase, EKR 3<\/a><\/li>\n\n\n\n<li><a href=\"http:\/\/treener.eok.ee\/oppematerjal_vaata.php?id=46\">II tase, EKR 4<\/a><\/li>\n\n\n\n<li><a href=\"http:\/\/treener.eok.ee\/oppematerjal_vaata.php?id=114\">III tase, EKR 5<\/a><\/li>\n<\/ul>\n\n\n\n<p>Kutsega seotud seadused<\/p>\n\n\n\n<ul class=\"wp-block-list\">\n<li><a href=\"https:\/\/www.riigiteataja.ee\/akt\/13147615?leiaKehtiv\">Kutseseadus<\/a><\/li>\n\n\n\n<li><a href=\"https:\/\/www.riigiteataja.ee\/akt\/130122015045?leiaKehtiv\">Spordiseadus<\/a><\/li>\n\n\n\n<li><a href=\"https:\/\/www.riigiteataja.ee\/akt\/13091006?leiaKehtiv\">Kutsen\u00f5ukogu t\u00f6\u00f6kord<\/a><\/li>\n<\/ul>\n\n\n\n<p>Eesti Ol\u00fcmpiakomitee treenerite koolituse \u00f5ppekavade ja \u00f5ppematerjalide <a href=\"http:\/\/treener.eok.ee\/otsing.php?keel=1\">register<\/a>.<\/p>\n\n\n\n<p>K\u00f5ikide lisak\u00fcsimuste puhul p\u00f6\u00f6rduda Eesti T\u00f5stespordiliidu treenerite hindamiskomisjoni esimehe poole.<\/p>\n\n\n\n<p><strong>Eesti Ol\u00fcmpiakomitee t\u00f5stespordi treenerite hindamiskomisjon (kinnitatud EOK poolt 23.10.2020):<\/strong><br>Triin P\u00f5dersoo &#8211; esimees, tel 56621936, info@etl.ee<br>Margus Annuk &#8211; ETL<br>Alar Seim &#8211; ETL<br>Liisa Roos &#8211; Spordikoolituse ja -Teabe SA<\/p>\n\n\n\n<p>*<a href=\"http:\/\/www.spordiregister.ee\/treeneriteregister\/\">Eesti Treenerite Register<\/a><\/p>\n\n\n\n<p><a href=\"https:\/\/www.sport.ee\/et\/file\/c77cde131f6122c599f85a284dc1c388\/treenerikutsetekakord07112025.pdf\">Kutse andmise kord<\/a><\/p>\n\n\n\n<div class=\"wp-block-file\"><a id=\"wp-block-file--media-b0f19be5-9ec7-4610-971f-5db15fc90422\" href=\"https:\/\/tosteliit.ee\/wp-content\/uploads\/2022\/03\/ETL_TOSTETREENERITE_TASEMEKOOLITUSE_OPPEKAVAD_III-V_tase.pdf\">T\u00f5stespordi treenerite \u00f5ppekavad III-V tase<\/a><\/div>\n\n\n\n<div class=\"wp-block-file\"><a id=\"wp-block-file--media-9e21859d-6f8a-48c1-95a0-172fe24ae693\" href=\"https:\/\/tosteliit.ee\/wp-content\/uploads\/2022\/03\/ETL_Loko_oppematerjalid-III-V-tase.pdf\">T\u00f5stespordi treenerite \u00f5ppematerjalid III-V-tase (Loko)<\/a><\/div>\n\n\n\n<div class=\"wp-block-file\"><a id=\"wp-block-file--media-317fe6b3-b31e-4f56-a7f3-df78f69b34fa\" href=\"https:\/\/tosteliit.ee\/wp-content\/uploads\/2024\/03\/EKR-4-praktika-osa_juhend.pdf\">EKR-4-praktika-osa_juhend<\/a><\/div>\n\n\n\n<p><\/p>\n\n\n\n<p><\/p>","protected":false},"excerpt":{"rendered":"<p>Kuidas taodelda treenerikutset? Enne alaliidu poole p\u00f6\u00f6rdumist, kontrolli oma treenerikutse dokumentide seisu veebis &#8211; www.treenerikutse.ee; sisse saab logida ID-kaardi, smart-ID vm autentimisvahendiga. Seal saab valida kutsetaseme ja eriala, seej\u00e4rel ilmub info mis on eeldused, et antud kutset taodelda ning mis on taotlejal juba olemas s\u00fcsteemis, mis veel puudu. Esmakordsel taotlemisel: Taastaotlemisel: EKR 3 erialane tasemekoolitus [&hellip;]<\/p>\n","protected":false},"author":1,"featured_media":0,"parent":0,"menu_order":0,"comment_status":"closed","ping_status":"closed","template":"","meta":{"_mc_calendar":[],"footnotes":""},"class_list":["post-109","page","type-page","status-publish","hentry","entry"],"_links":{"self":[{"href":"https:\/\/tosteliit.ee\/en\/wp-json\/wp\/v2\/pages\/109","targetHints":{"allow":["GET"]}}],"collection":[{"href":"https:\/\/tosteliit.ee\/en\/wp-json\/wp\/v2\/pages"}],"about":[{"href":"https:\/\/tosteliit.ee\/en\/wp-json\/wp\/v2\/types\/page"}],"author":[{"embeddable":true,"href":"https:\/\/tosteliit.ee\/en\/wp-json\/wp\/v2\/users\/1"}],"replies":[{"embeddable":true,"href":"https:\/\/tosteliit.ee\/en\/wp-json\/wp\/v2\/comments?post=109"}],"version-history":[{"count":23,"href":"https:\/\/tosteliit.ee\/en\/wp-json\/wp\/v2\/pages\/109\/revisions"}],"predecessor-version":[{"id":4318,"href":"https:\/\/tosteliit.ee\/en\/wp-json\/wp\/v2\/pages\/109\/revisions\/4318"}],"wp:attachment":[{"href":"https:\/\/tosteliit.ee\/en\/wp-json\/wp\/v2\/media?parent=109"}],"curies":[{"name":"wp","href":"https:\/\/api.w.org\/{rel}","templated":true}]}}