{"id":110,"date":"2022-02-28T10:55:04","date_gmt":"2022-02-28T10:55:04","guid":{"rendered":"https:\/\/tosteliit.ee\/?page_id=110"},"modified":"2026-01-07T20:07:00","modified_gmt":"2026-01-07T20:07:00","slug":"kohtunikud-2","status":"publish","type":"page","link":"https:\/\/tosteliit.ee\/en\/kohtunikud-2\/","title":{"rendered":"Technical Officials"},"content":{"rendered":"<p>Kuidas saada t\u00f5stekohtunikuks?<\/p>\n\n\n\n<ul class=\"wp-block-list\">\n<li>Tuleb l\u00e4bida Eesti T\u00f5stespordiliidu poolt korraldatav kohtunike koolitus.<\/li>\n\n\n\n<li>Peab sooritama nii teoreetilise kui praktilise eksami.<\/li>\n<\/ul>\n\n\n\n<p>Eestis on kaks rahvusliku kohtuniku kategooriat \u2013 Kat 1 ja Kat 2.<\/p>\n\n\n\n<p><strong>Kat 2<\/strong><\/p>\n\n\n\n<ul class=\"wp-block-list\">\n<li>Teoreetilises eksamis on 95 k\u00fcsimust, \u00f5igeid vastuseid peab olema v\u00e4hemalt 85%.<\/li>\n\n\n\n<li>Praktilise eksami ajal tuleb hinnata 100 katset, otsused peavad \u00fchtima \u017e\u00fcriiga 85% ulatuses.<\/li>\n\n\n\n<li>Esmasele taotlejale omistatakse eksamite edukal sooritamisel t\u00f5stekohtuniku teine kategooria (Kat 2).<\/li>\n\n\n\n<li>Vanusepiir: alates 16 a.<\/li>\n<\/ul>\n\n\n\n<p><strong>Kat 1:<\/strong><\/p>\n\n\n\n<ul class=\"wp-block-list\">\n<li>Kohtunik v\u00f5ib taodelda esimese kategooria saamist 2 aasta m\u00f6\u00f6dumisel eelmisest eksamist.<\/li>\n\n\n\n<li>Selleks tuleb uuesti sooritada nii teoreetiline kui praktiline eksam 95%-le.<\/li>\n<\/ul>\n\n\n\n<p><strong>Koolitused<\/strong>:<br>ETL korraldab kohtunike koolitusi v\u00e4hemalt 2 korda aastas. Suurema huvi ja grupi t\u00e4itumisel ka tihedamini.<br>Soovitame koolitusel osaleda ka tegevkohtunikel, et v\u00e4rskendada oma m\u00e4lu ja tutvuda uuemate reeglitega.<br>Lisaks pakume liikmesklubidele ja muudele huvilistele v\u00f5imalust kutsuda meid enda juurde loengut pidama<br>(sisaldab teoreetilist loengut reeglite kohta ning videomaterjali ja anal\u00fc\u00fcsi levinuimatest vigadest).<\/p>\n\n\n\n<p><strong>J\u00e4rgmine koolitus toimub: <\/strong>vaata kalendrist (tavaliselt kevadel ja s\u00fcgisel)<\/p>\n\n\n\n<p><strong>Koolituse hind:<\/strong> 10\u20ac\/inimene (sisaldab kohvipausi ja materjale)<\/p>\n\n\n\n<p><strong>Eksam<\/strong><\/p>\n\n\n\n<ul class=\"wp-block-list\">\n<li>Eksamit saab sooritada suurematel kohalikel v\u00f5istlustel.<\/li>\n\n\n\n<li>T\u00e4psem kuup\u00e4ev pannakse paika p\u00e4rast koolituse toimumist.<\/li>\n\n\n\n<li>Teoreetilist osa saab sooritada ka enne v\u00f5istlust veebiteel.<\/li>\n<\/ul>\n\n\n\n<p><strong>Eksami j\u00e4rgselt<\/strong><\/p>\n\n\n\n<p>Eksami edukal sooritamisel kantakse kohtuniku andmed kohtunike andmebaasi.<br>Eksami edukalt sooritanud kohtunikud v\u00f5ivad osaleda kohtunikena kohalikel v\u00f5istlustel.<br>Kat 2 omanik ei v\u00f5i \u00fchelgi v\u00f5istlusel kuuluda \u017e\u00fcriisse.<\/p>\n\n\n\n<p><strong>NB! <\/strong>Kohtunikud, kes soovivad aktiivselt osaleda kohtunikut\u00f6\u00f6s, palun j\u00e4lgige v\u00f5istluskalendrit ja infot selle kohta, mis v\u00f5istlused on tulemas. Kui soovite minna m\u00f5nele v\u00f5istlusele kohtunikuks, siis v\u00f5tke \u00fchendust v\u00f5istlusjuhendis kirjas oleva koordineeriva inimesega ja edastage oma soov.<\/p>\n\n\n\n<p><strong>Rahvusvahelise litsentsi taotlemine<\/strong>:<\/p>\n\n\n\n<p>Rahvusvaheliselt tunnustatakse samuti kahte kategooriat, kus Cat 2 on madalam ja Cat 1 k\u00f5rgem tase.<br>Et rahvusvahelise teise kategooria kohtunikus saada, tuleb l\u00e4bida EWF-i poolt korraldatav koolitus-seminar,<br>mille j\u00e4rel toimuvad nii teoreetiline kui praktiline eksam.<br>Eksami l\u00e4bimise tingimused on samad, mis Eestis (vastavalt siis Cat 2 85% ja Cat 1 95%).<\/p>\n\n\n\n<p>Eelduseks on rahvusliku kategooria ja eelnevate kogemuste olemasolu.<br>Rahvusvahelist eksamit viib l\u00e4bi EWF IWF-i j\u00e4relvalve all.<br>Seminaride kohta leiate infot EWF-i kodulehel www.ewf.sport. Huvi korral p\u00f6\u00f6rduda Eesti T\u00f5stespordiliidu poole.<\/p>\n\n\n\n<p><strong>T\u00e4helepanu!<\/strong><br>Kohtunike pass kehtib 2 aastat. Et seda automaatselt uuendada, tuleb 2 aasta jooksul k\u00e4ia v\u00e4hemalt \u00fchel koolitusel &#8211; tuletada meelde vanu reegleid ja teha tutvust uutega.<\/p>\n\n\n\n<p><strong>Kohtunike kontaktisik Eesti T\u00f5stespordiliidus:<\/strong><br>Triin P\u00f5dersoo<br>E-post: <a href=\"mailto:info@etl.ee\">info@etl.ee<\/a><br>Tel. 56621936<\/p>\n\n\n\n<p><a href=\"https:\/\/docs.google.com\/spreadsheets\/d\/1jMZ1Ic3aVppQu2EMOz3s9RZzO7MtTyluFVVCODIe4ug\/edit?usp=sharing\">KOHTUNIKUD &#8211; seisuga veebruar 2024<\/a><\/p>\n\n\n\n<p><\/p>\n\n\n\n<p><strong>MATERJALID<\/strong><\/p>\n\n\n\n<p><a href=\"https:\/\/forms.gle\/Jg3F4PjEvozqot6S9\">Kohtunike t\u00e4iendkoolituse TEST<\/a><\/p>\n\n\n\n<p><a href=\"https:\/\/tosteliit.ee\/uudised\/muudatused-reeglites-al-26-07-2023\/\">UUENDUSED (al 26.07.23)<\/a><\/p>\n\n\n\n<div class=\"wp-block-file\"><a id=\"wp-block-file--media-bca27957-4552-4367-be51-6450116f8e3b\" href=\"https:\/\/tosteliit.ee\/wp-content\/uploads\/2022\/03\/Kohtunikud_teooria_20212.pdf\">Kohtunikud &#8211; TEOORIA  (uuendamisel)<\/a><a href=\"https:\/\/tosteliit.ee\/wp-content\/uploads\/2022\/03\/Kohtunikud_teooria_20212.pdf\" class=\"wp-block-file__button wp-element-button\" download aria-describedby=\"wp-block-file--media-bca27957-4552-4367-be51-6450116f8e3b\">Download<\/a><\/div>\n\n\n\n<div class=\"wp-block-file\"><a id=\"wp-block-file--media-a365e3e4-fd77-4fea-8792-5dcc761653a2\" href=\"https:\/\/tosteliit.ee\/wp-content\/uploads\/2022\/03\/2021_TOSTEKOHTUNIKU_EKSAMIKYSIMUSED_JA_VASTUSED2.pdf\">T\u00f5stekohtuniku eksami k\u00fcsimused-vastused (uuendamisel)<\/a><a href=\"https:\/\/tosteliit.ee\/wp-content\/uploads\/2022\/03\/2021_TOSTEKOHTUNIKU_EKSAMIKYSIMUSED_JA_VASTUSED2.pdf\" class=\"wp-block-file__button wp-element-button\" download aria-describedby=\"wp-block-file--media-a365e3e4-fd77-4fea-8792-5dcc761653a2\">Download<\/a><\/div>\n\n\n\n<div class=\"wp-block-file\"><a id=\"wp-block-file--media-aa13d832-1185-4e9e-8033-435ec1bf96ba\" href=\"https:\/\/tosteliit.ee\/wp-content\/uploads\/2022\/03\/IWF-TO-Exam-2019-Questions1.pdf\">IWF kohtuniku eksami k\u00fcsimused (inglise keeles)<\/a><a href=\"https:\/\/tosteliit.ee\/wp-content\/uploads\/2022\/03\/IWF-TO-Exam-2019-Questions1.pdf\" class=\"wp-block-file__button wp-element-button\" download aria-describedby=\"wp-block-file--media-aa13d832-1185-4e9e-8033-435ec1bf96ba\">Download<\/a><\/div>\n\n\n\n<div class=\"wp-block-file\"><a id=\"wp-block-file--media-7d10160f-b4db-4e04-8754-4c124259d76d\" href=\"https:\/\/tosteliit.ee\/wp-content\/uploads\/2022\/03\/IWF-TO-Exam-2019-Answers1.pdf\">IWF kohtuniku eksami vastused (inglise keeles)<\/a><a href=\"https:\/\/tosteliit.ee\/wp-content\/uploads\/2022\/03\/IWF-TO-Exam-2019-Answers1.pdf\" class=\"wp-block-file__button wp-element-button\" download aria-describedby=\"wp-block-file--media-7d10160f-b4db-4e04-8754-4c124259d76d\">Download<\/a><\/div>\n\n\n\n<p>IWF t\u00f5stekohtuniku teoorialoeng (vene keeles) <a href=\"https:\/\/www.youtube.com\/watch?v=-rjs-WQiZsM&amp;t=795s\">YouTube video<\/a><\/p>\n\n\n\n<p><\/p>","protected":false},"excerpt":{"rendered":"<p>Kuidas saada t\u00f5stekohtunikuks? Eestis on kaks rahvusliku kohtuniku kategooriat \u2013 Kat 1 ja Kat 2. Kat 2 Kat 1: Koolitused:ETL korraldab kohtunike koolitusi v\u00e4hemalt 2 korda aastas. Suurema huvi ja grupi t\u00e4itumisel ka tihedamini.Soovitame koolitusel osaleda ka tegevkohtunikel, et v\u00e4rskendada oma m\u00e4lu ja tutvuda uuemate reeglitega.Lisaks pakume liikmesklubidele ja muudele huvilistele v\u00f5imalust kutsuda meid enda [&hellip;]<\/p>\n","protected":false},"author":1,"featured_media":0,"parent":0,"menu_order":0,"comment_status":"closed","ping_status":"closed","template":"elementor_theme","meta":{"_mc_calendar":[],"footnotes":""},"class_list":["post-110","page","type-page","status-publish","hentry","entry"],"_links":{"self":[{"href":"https:\/\/tosteliit.ee\/en\/wp-json\/wp\/v2\/pages\/110","targetHints":{"allow":["GET"]}}],"collection":[{"href":"https:\/\/tosteliit.ee\/en\/wp-json\/wp\/v2\/pages"}],"about":[{"href":"https:\/\/tosteliit.ee\/en\/wp-json\/wp\/v2\/types\/page"}],"author":[{"embeddable":true,"href":"https:\/\/tosteliit.ee\/en\/wp-json\/wp\/v2\/users\/1"}],"replies":[{"embeddable":true,"href":"https:\/\/tosteliit.ee\/en\/wp-json\/wp\/v2\/comments?post=110"}],"version-history":[{"count":18,"href":"https:\/\/tosteliit.ee\/en\/wp-json\/wp\/v2\/pages\/110\/revisions"}],"predecessor-version":[{"id":4298,"href":"https:\/\/tosteliit.ee\/en\/wp-json\/wp\/v2\/pages\/110\/revisions\/4298"}],"wp:attachment":[{"href":"https:\/\/tosteliit.ee\/en\/wp-json\/wp\/v2\/media?parent=110"}],"curies":[{"name":"wp","href":"https:\/\/api.w.org\/{rel}","templated":true}]}}