{"id":1413,"date":"2022-06-14T08:52:05","date_gmt":"2022-06-14T08:52:05","guid":{"rendered":"https:\/\/tosteliit.ee\/?page_id=1413"},"modified":"2025-02-07T09:30:31","modified_gmt":"2025-02-07T09:30:31","slug":"juubilarid","status":"publish","type":"page","link":"https:\/\/tosteliit.ee\/en\/juubilarid\/","title":{"rendered":"Birthdays"},"content":{"rendered":"<p><strong>ETL juubilarid 2025<\/strong><\/p>\n\n\n\n<figure class=\"wp-block-table is-style-stripes\"><table class=\"has-fixed-layout\"><tbody><tr><td>02.02<\/td><td>Ivo Goldi<\/td><td>75<\/td><\/tr><tr><td>04.03<\/td><td>Kalle J\u00f5udna<\/td><td>75<\/td><\/tr><tr><td>30.03<\/td><td>Ain P\u00f5der<\/td><td>60<\/td><\/tr><tr><td>18.06<\/td><td>Jaan Talts juunior<\/td><td>50<\/td><\/tr><tr><td>04.07<\/td><td>Ants Rosenbaum<\/td><td>85<\/td><\/tr><tr><td>14.07<\/td><td>T\u00f5nu Jugar<\/td><td>75<\/td><\/tr><tr><td>18.08<\/td><td>Endel P\u00f5ldsalu<\/td><td>70<\/td><\/tr><tr><td>27.09<\/td><td>Madis Matt<\/td><td>90<\/td><\/tr><tr><td>04.10<\/td><td>Karl Utsar<\/td><td>80<\/td><\/tr><tr><td>31.10<\/td><td>Boriss Melikov<\/td><td>90<\/td><\/tr><tr><td>15.12<\/td><td>Nikolai M\u00e4nnik<\/td><td>75<\/td><\/tr><tr><td>20.12<\/td><td>Arvo Trumm<\/td><td>60<\/td><\/tr><\/tbody><\/table><\/figure>","protected":false},"excerpt":{"rendered":"<p>ETL juubilarid 2025 02.02 Ivo Goldi 75 04.03 Kalle J\u00f5udna 75 30.03 Ain P\u00f5der 60 18.06 Jaan Talts juunior 50 04.07 Ants Rosenbaum 85 14.07 T\u00f5nu Jugar 75 18.08 Endel P\u00f5ldsalu 70 27.09 Madis Matt 90 04.10 Karl Utsar 80 31.10 Boriss Melikov 90 15.12 Nikolai M\u00e4nnik 75 20.12 Arvo Trumm 60<\/p>","protected":false},"author":1,"featured_media":0,"parent":0,"menu_order":0,"comment_status":"closed","ping_status":"closed","template":"","meta":{"_mc_calendar":[],"footnotes":""},"class_list":["post-1413","page","type-page","status-publish","hentry","entry"],"_links":{"self":[{"href":"https:\/\/tosteliit.ee\/en\/wp-json\/wp\/v2\/pages\/1413","targetHints":{"allow":["GET"]}}],"collection":[{"href":"https:\/\/tosteliit.ee\/en\/wp-json\/wp\/v2\/pages"}],"about":[{"href":"https:\/\/tosteliit.ee\/en\/wp-json\/wp\/v2\/types\/page"}],"author":[{"embeddable":true,"href":"https:\/\/tosteliit.ee\/en\/wp-json\/wp\/v2\/users\/1"}],"replies":[{"embeddable":true,"href":"https:\/\/tosteliit.ee\/en\/wp-json\/wp\/v2\/comments?post=1413"}],"version-history":[{"count":10,"href":"https:\/\/tosteliit.ee\/en\/wp-json\/wp\/v2\/pages\/1413\/revisions"}],"predecessor-version":[{"id":3675,"href":"https:\/\/tosteliit.ee\/en\/wp-json\/wp\/v2\/pages\/1413\/revisions\/3675"}],"wp:attachment":[{"href":"https:\/\/tosteliit.ee\/en\/wp-json\/wp\/v2\/media?parent=1413"}],"curies":[{"name":"wp","href":"https:\/\/api.w.org\/{rel}","templated":true}]}}