{"id":1834,"date":"2022-12-20T11:07:40","date_gmt":"2022-12-20T11:07:40","guid":{"rendered":"https:\/\/tosteliit.ee\/?page_id=1834"},"modified":"2023-12-29T10:42:11","modified_gmt":"2023-12-29T10:42:11","slug":"kalender-2023","status":"publish","type":"page","link":"https:\/\/tosteliit.ee\/en\/kalender-2023\/","title":{"rendered":"Calendar 2023"},"content":{"rendered":"<p><em><strong>ETL 2023.a&nbsp; v\u00f5istluskalender<em><br>NB! Kui soovite kalendrisse v\u00f5istlusi lisada, siis palun tehke seda hiljemalt 2 n\u00e4dalat enne v\u00f5istluse toimumist kirjalikult, saates v\u00f5istluse nime, toimumise kuup\u00e4eva ja koha (v\u00f5imalusel ka juhendi) aadressile info@etl.ee<br>Kui v\u00f5istlust kalendris ei ole, siis selle tulemusi ei arvestata.&nbsp;<\/em><\/strong><\/em><\/p>\n\n\n\n<p>NB! UUENDATUD PROTOKOLL t\u00e4hendab seda, et protokollis on kasutatud uuendatud Sinclairi koefitsenti (jagati alaliitudega alles v\u00f5istlushooaja keskel), mis kehtib sellest aastast alates. V\u00e4lisv\u00f5istluste (L\u00e4ti, Leedu) tulemused on arvutatud \u00fcle kehtiva Sp j\u00e4rgi. <\/p>\n\n\n\n<div class=\"wp-block-file\"><\/div>\n\n\n\n<figure class=\"wp-block-table is-style-stripes\"><table><tbody><tr><td><strong>2023.a.<\/strong><\/td><td><strong>V\u00f5istluse nimetus<\/strong><\/td><td><strong>Koht<\/strong>          <strong>Juhend<\/strong><\/td><td><\/td><td><strong>Kava<\/strong><\/td><td><strong>Protokoll<\/strong><\/td><\/tr><tr><td><strong>JAANUAR<\/strong><\/td><td><\/td><td><\/td><td><\/td><td><\/td><td><\/td><\/tr><tr><td>14<\/td><td>7. Kalev Pensa m\u00e4lestusv\u00f5istlused<\/td><td>Melliste     <a href=\"https:\/\/tosteliit.ee\/wp-content\/uploads\/2022\/12\/juhend_KalevPensa-VII-Malestusvoistlused-2023-1.pdf\">JUHEND<\/a><\/td><td><\/td><td><\/td><td><a href=\"https:\/\/tosteliit.ee\/wp-content\/uploads\/2023\/12\/UUENDATUD-SP_VII-Kalev-Pensa-malestusvoistlus1.xls\">UUENDATUD PROTOKOLL<\/a><br><a href=\"https:\/\/tosteliit.ee\/wp-content\/uploads\/2023\/01\/VII-Kalev-Pensa-malestusvoistlus.xls\">PROTOKOLL<\/a><\/td><\/tr><tr><td>14<\/td><td>Tartumaa lahtised MV t\u00f5stmises<\/td><td>Melliste    <a href=\"https:\/\/tosteliit.ee\/wp-content\/uploads\/2022\/12\/juhend_230114_Tartumaa-MV-2023.pdf\">JUHEND<\/a><\/td><td><\/td><td><\/td><td><a href=\"https:\/\/tosteliit.ee\/wp-content\/uploads\/2023\/01\/Tartumaa-lahtised-MV-2023.xls\">PROTOKOLL<\/a><\/td><\/tr><tr><td>28<\/td><td>14. Mati Kulmu m\u00e4lestusv\u00f5istlus t\u00f5stmises<\/td><td>Aravete    <a href=\"https:\/\/tosteliit.ee\/wp-content\/uploads\/2022\/12\/aravete-kang-2023-juhend-est.pdf\">JUHEND<\/a>  <\/td><td><\/td><td><\/td><td><a href=\"https:\/\/tosteliit.ee\/wp-content\/uploads\/2023\/12\/UUENDATUD-SP_Aravete-protokoll-28.01.2023_KORRIGEERITUD_V23.xls\">UUENDATUD PROTOKOLL<\/a><br><a href=\"https:\/\/tosteliit.ee\/wp-content\/uploads\/2023\/01\/Aravete-protokoll-28.01.2023_KORRIGEERITUD_V2.xls\">PROTOKOLL<\/a><\/td><\/tr><tr><td>28<\/td><td>Lahtised EMV masters klassis<\/td><td>Aravete    <a href=\"https:\/\/tosteliit.ee\/wp-content\/uploads\/2022\/12\/aravete-kang-2023-juhend-est.pdf\">JUHEND<\/a><\/td><td><\/td><td><\/td><td><a href=\"https:\/\/tosteliit.ee\/wp-content\/uploads\/2023\/01\/Aravete-protokoll-28.01.2023_KORRIGEERITUD_V2.xls\">PROTOKOLL<\/a><\/td><\/tr><tr><td><strong>VEEBRUAR<\/strong><\/td><td><\/td><td><\/td><td><\/td><td><\/td><td><\/td><\/tr><tr><td>4<\/td><td>ETL parimate autasustamine<\/td><td>Valge Hobu Trahter; 12:00<\/td><td><\/td><td><\/td><td><\/td><\/tr><tr><td>11<\/td><td>J\u00f5hvi valla lahtised noorte MV<\/td><td>Tammiku     <a href=\"https:\/\/tosteliit.ee\/wp-content\/uploads\/2023\/01\/johvi-valla-noorte-mv-juhend-2023a.doc\">JUHEND<\/a><\/td><td><\/td><td><\/td><td><a href=\"https:\/\/tosteliit.ee\/wp-content\/uploads\/2023\/12\/UUENDATUD-SP_Johvi-valla-noorte-mv-20232.xls\">UUENDATUD PROTOKOLL<\/a><br><a href=\"https:\/\/tosteliit.ee\/wp-content\/uploads\/2023\/02\/Johvi-valla-noorte-mv-2023.xls\">PROTOKOLL<\/a><\/td><\/tr><tr><td>11<\/td><td>V. Petrovs Cup<\/td><td>Daugavpils, LAT<\/td><td><\/td><td><\/td><td><a href=\"https:\/\/tosteliit.ee\/wp-content\/uploads\/2023\/02\/Petrova-kauss-Final-list-2023.xlsx\">PROTOKOLL<\/a><\/td><\/tr><tr><td>12<\/td><td>Kohtunike koolitus<\/td><td>Online         <a href=\"https:\/\/tosteliit.ee\/wp-content\/uploads\/2023\/02\/Kohtunike-koolitus-12.02.2023-Zoom.pdf\">INFO<\/a><\/td><td><\/td><td><\/td><td><\/td><\/tr><tr><td>18<\/td><td>X A. R. Laane m\u00e4lestusv\u00f5istlus<\/td><td>Albu            <a href=\"https:\/\/tosteliit.ee\/wp-content\/uploads\/2023\/01\/XA.R.Laanemalestusvoistlus.JarvamaaMV2023.docx\">JUHEND<\/a><\/td><td><\/td><td><\/td><td><a href=\"https:\/\/tosteliit.ee\/wp-content\/uploads\/2023\/12\/UUENDATUD-SP_X-A.R.-Laane-mv.-2023-voistlus-loplik-14.xls\">UUENDATUD PROTOKOLL<\/a><br><a href=\"https:\/\/tosteliit.ee\/wp-content\/uploads\/2023\/02\/X-A.R.-Laane-mv.-2023.xls\">Reg.sportlased<\/a><\/td><\/tr><tr><td>18<\/td><td>J\u00e4rvamaa MV<\/td><td>Albu            <a href=\"https:\/\/tosteliit.ee\/wp-content\/uploads\/2023\/01\/XA.R.Laanemalestusvoistlus.JarvamaaMV2023.docx\">JUHEND<\/a><\/td><td><\/td><td><\/td><td><a href=\"https:\/\/tosteliit.ee\/wp-content\/uploads\/2023\/02\/X-A.R.-Laane-mv.-2023-voistlus-loplik-1.xls\">PROTOKOLL<\/a><\/td><\/tr><tr><td><strong>M\u00c4RTS<\/strong><\/td><td><\/td><td><\/td><td><\/td><td><\/td><td><\/td><\/tr><tr><td>3-5<\/td><td>&#8220;Nepriklausomybes Taure 2023&#8221;<\/td><td>Tel\u0161iai, LTU     <a href=\"https:\/\/tosteliit.ee\/wp-content\/uploads\/2023\/02\/Nepriklausomybes-taure-2023-Regulations.jpg\">JUHEND<\/a><\/td><td><\/td><td><\/td><td><a href=\"https:\/\/tosteliit.ee\/wp-content\/uploads\/2023\/03\/Telsiu-sporto-centro-taure-ir-_Nepriklausomybes-taure_.pdf\">PROTOKOLL<\/a><\/td><\/tr><tr><td>4<\/td><td>Eesti meistriv\u00f5istlused<\/td><td>Melliste       <a href=\"https:\/\/tosteliit.ee\/wp-content\/uploads\/2023\/02\/EMV-juhend_2023.pdf\">JUHEND<\/a><\/td><td><\/td><td><\/td><td><a href=\"https:\/\/tosteliit.ee\/wp-content\/uploads\/2023\/12\/x-UUENDATUD-SP_EMV-Melliste-2023-1-15.xls\">UUENDATUD PROTOKOLL<\/a><br><a href=\"https:\/\/tosteliit.ee\/wp-content\/uploads\/2023\/03\/EMV-Melliste-2023-1-1.xls\">PROTOKOLL<\/a><\/td><\/tr><tr><td>4<\/td><td>Eesti meistriv\u00f5istlused \u00fcksikt\u00f5stetes<\/td><td>Melliste       <a href=\"https:\/\/tosteliit.ee\/wp-content\/uploads\/2023\/02\/EMV-uksiktosted-juhend_2023.pdf\">JUHEND<\/a><\/td><td><\/td><td><\/td><td><a href=\"https:\/\/tosteliit.ee\/wp-content\/uploads\/2023\/03\/EMV-Melliste-2023.xls\">Grupid\/ajakava<\/a><\/td><\/tr><tr><td>18<\/td><td>Tartumaa koolinoorte meistriv\u00f5istlused<\/td><td>Tartu           <a href=\"https:\/\/tosteliit.ee\/wp-content\/uploads\/2023\/02\/Tartumaa-koolinoored-2023-juhend.pdf\">JUHEND<\/a><\/td><td><\/td><td><\/td><td><a href=\"https:\/\/tosteliit.ee\/wp-content\/uploads\/2023\/12\/UUENDATUD-SP_Protokoll_Tartumaa-koolinoorte-MV-2023-13.xls\">UUENDATUD PROTOKOLL<\/a><br><a href=\"https:\/\/tosteliit.ee\/wp-content\/uploads\/2023\/03\/Protokoll_Tartumaa-koolinoorte-MV-2023-1.xls\">PROTOKOLL<\/a><\/td><\/tr><tr><td>25-1<\/td><td>Noorte MM<\/td><td>Albaania<\/td><td><\/td><td><\/td><td><\/td><\/tr><tr><td>31-1<\/td><td>Seminar \u2013 Oleksiy Torokhtiy<\/td><td>Tallinn<\/td><td><\/td><td><\/td><td><\/td><\/tr><tr><td><strong>APRILL<\/strong><\/td><td><\/td><td><\/td><td><\/td><td><\/td><td><\/td><\/tr><tr><td>2<\/td><td>Seminar \u2013 Oleksiy Torokhtiy<\/td><td>Tallinn<\/td><td><\/td><td><\/td><td><\/td><\/tr><tr><td>8<\/td><td>Eesti meistriv\u00f5istlused U13<\/td><td>Tartu      <a href=\"https:\/\/tosteliit.ee\/wp-content\/uploads\/2023\/03\/U13-EMV-2023.pdf\">JUHEND<\/a><\/td><td><\/td><td><\/td><td><a href=\"https:\/\/tosteliit.ee\/wp-content\/uploads\/2023\/12\/x-UUENDATUD-SP_U13EMV-PROTOKOLL12.xls\">UUENDATUD PROTOKOLL<\/a><br><a href=\"https:\/\/tosteliit.ee\/wp-content\/uploads\/2023\/03\/U13-EMV_reg-2023.xlsx\">Reg.sportlased<\/a><br><a href=\"https:\/\/tosteliit.ee\/wp-content\/uploads\/2023\/04\/U13-EMV_reg-2023.xlsx\">Grupid&amp;ajakava<\/a><br><a href=\"https:\/\/tosteliit.ee\/wp-content\/uploads\/2023\/04\/U13EMV-PROTOKOLL1.xls\">PROTOKOLL<\/a><\/td><\/tr><tr><td>9-16<\/td><td>EKR 3 tasemekoolitus (30 ak)<\/td><td>Tartu      <a href=\"https:\/\/tosteliit.ee\/wp-content\/uploads\/2023\/03\/EKR-3-9.-16.04.2023.pdf\">INFO<\/a><\/td><td><\/td><td><\/td><td><\/td><\/tr><tr><td>15-23<\/td><td>Euroopa meistriv\u00f5istlused<\/td><td>Armeenia<\/td><td><\/td><td><\/td><td><a href=\"https:\/\/tosteliit.ee\/wp-content\/uploads\/2023\/04\/Results_Book-Armenia2023_rev2-1.pdf\">PROTOKOLL<\/a><\/td><\/tr><tr><td>23-27<\/td><td>ETL treeninglaager (18)<\/td><td>K\u00e4\u00e4riku        <a href=\"https:\/\/tosteliit.ee\/wp-content\/uploads\/2023\/03\/ETL-treeningkogunemine-aprill-2023.pdf\">INFO<\/a><\/td><td><\/td><td><\/td><td><\/td><\/tr><tr><td>23<\/td><td>EKR 4-5 tasemekoolitus (10 ak)<\/td><td>K\u00e4\u00e4riku        <a href=\"https:\/\/tosteliit.ee\/wp-content\/uploads\/2023\/04\/EKR-4-5-23.04.2023-Kaariku.pdf\">INFO<\/a><\/td><td><em><\/em><\/td><td><em><\/em><\/td><td>EI TOIMU<\/td><\/tr><tr><td>29-30<\/td><td>Vja\u010deslava Kirjanova piemi\u0146as kauss<\/td><td>Balvi      <a href=\"https:\/\/tosteliit.ee\/wp-content\/uploads\/2023\/03\/kirjanovanolikums2022-11.doc\">JUHEND<\/a><\/td><td><\/td><td><\/td><td><a href=\"https:\/\/tosteliit.ee\/wp-content\/uploads\/2023\/05\/Kirjanova-kauss-Start-list-\u0432\u043e\u0441\u0441\u0442\u0430\u043d\u043e\u0432\u043b\u0435\u043d.xlsx\">PROTOKOLL<\/a><\/td><\/tr><tr><td><strong>MAI<\/strong><\/td><td><\/td><td><\/td><td><\/td><td><\/td><td><\/td><\/tr><tr><td>6<\/td><td>A. Rumjantsevi rahvusvaheline karikav\u00f5istlus<\/td><td>Tammiku      <a href=\"https:\/\/tosteliit.ee\/wp-content\/uploads\/2023\/03\/Rahvusvaheline-KV-2023.rtf\">JUHEND<\/a><\/td><td><\/td><td><\/td><td><a href=\"https:\/\/tosteliit.ee\/wp-content\/uploads\/2023\/12\/UUENDATUD-SP_A.Rumjantsevi-kv-2023-22.xls\">UUENDATUD PROTOKOLL<\/a><br><a href=\"https:\/\/tosteliit.ee\/wp-content\/uploads\/2023\/05\/A.Rumjantsevi-kv-2023.xls\">Reg.sportlased<\/a><br><a href=\"https:\/\/tosteliit.ee\/wp-content\/uploads\/2023\/05\/A.Rumjantsevi-kv-2023-2.xls\">PROTOKOLL<\/a><\/td><\/tr><tr><td>6<\/td><td>Rapla maakonna MV t\u00f5stmises<\/td><td>Rapla      <a href=\"https:\/\/tosteliit.ee\/wp-content\/uploads\/2023\/05\/Rapla-MV-tostmises-2023.a.-juhend.pdf\">JUHEND<\/a><\/td><td><\/td><td><\/td><td><a href=\"https:\/\/tosteliit.ee\/wp-content\/uploads\/2023\/05\/RaplaMVTostmises6mai2023.aSadoliniSpordihoones1.xls\">PROTOKOLL<\/a><\/td><\/tr><tr><td>13<\/td><td>Eesti meistriv\u00f5istlused U17<\/td><td>K\u00e4\u00e4riku   <a href=\"https:\/\/tosteliit.ee\/wp-content\/uploads\/2023\/04\/EMV-U17-juhend_2023.pdf\">JUHEND<\/a><\/td><td><\/td><td><\/td><td><a href=\"https:\/\/tosteliit.ee\/wp-content\/uploads\/2023\/12\/x-UUENDATUD-SP_U17-EMV-PROTOKOLL_20234.xls\">UUENDATUD PRO<\/a>&#8216;<a href=\"https:\/\/tosteliit.ee\/wp-content\/uploads\/2023\/12\/x-UUENDATUD-SP_U17-EMV-PROTOKOLL_20234.xls\">TOKOLL<\/a><br><a href=\"https:\/\/tosteliit.ee\/wp-content\/uploads\/2023\/05\/U17-EMV-eelreg.xlsx\">Reg.sportlased<\/a><br><a href=\"https:\/\/tosteliit.ee\/wp-content\/uploads\/2023\/05\/U17-EMV-eelreg-1.xlsx\">Grupid&amp;ajakava<\/a><br><a href=\"https:\/\/tosteliit.ee\/wp-content\/uploads\/2023\/05\/U17-EMV-PROTOKOLL_2023.xls\">PROTOKOLL<\/a><\/td><\/tr><tr><td>14<\/td><td>ETL kutsekomisjon<\/td><td>Kell 9:30, Tartu<br>Madixi Spordimaja<\/td><td><\/td><td><\/td><td><\/td><\/tr><tr><td>15-21<\/td><td>Sakala m\u00e4ngud<\/td><td>Abja.Paluoja     <a href=\"https:\/\/tosteliit.ee\/wp-content\/uploads\/2023\/05\/XVISakalaSuvemangudetostmisejuhend.odt\">JUHEND<\/a><\/td><td><\/td><td><br><\/td><td><a href=\"https:\/\/tosteliit.ee\/wp-content\/uploads\/2023\/12\/UUENDATUD-SP_Sakala-mangude-tostmine-19.05.20231.xls\">UUENDATUD PROTOKOLL<\/a><br><a href=\"https:\/\/tosteliit.ee\/wp-content\/uploads\/2023\/05\/Sakala-mangude-tostmine-19.05.2023.xls\">PROTOKOLL<\/a><\/td><\/tr><tr><td>17-24<\/td><td>Masters EM<\/td><td>Iirimaa<\/td><td><\/td><td><\/td><td><\/td><\/tr><tr><td><strong>JUUNI<\/strong><\/td><td><\/td><td><\/td><td><\/td><td><\/td><td><\/td><\/tr><tr><td>2<\/td><td>Madixi karikas<\/td><td>Tartu       <a href=\"https:\/\/tosteliit.ee\/wp-content\/uploads\/2023\/05\/MADIXI-KARIKAS-1.pdf\">JUHEND<\/a><\/td><td><\/td><td><\/td><td><a href=\"https:\/\/tosteliit.ee\/wp-content\/uploads\/2023\/12\/UUENDATUD-SP_Madixi-Karikas-2023-14.xls\">UUENDATUD PROTOKOLL<\/a><br><a href=\"https:\/\/tosteliit.ee\/wp-content\/uploads\/2023\/06\/Madixi-Karikas-2023-1.xls\">PROTOKOLL<\/a><\/td><\/tr><tr><td>2-4<\/td><td>XXI Albu Cup<\/td><td>Albu        <a href=\"https:\/\/tosteliit.ee\/wp-content\/uploads\/2023\/04\/XXI-ALBU-CUP-2023-juhend-uus.doc\">JUHEND<\/a><\/td><td><\/td><td><\/td><td><a href=\"https:\/\/tosteliit.ee\/wp-content\/uploads\/2023\/12\/UUENDATUD-SP_XXI-ALBU-CUP-2023-loplik3.xls\">UUENDATUD PROTOKOLL<\/a><br><a href=\"https:\/\/tosteliit.ee\/wp-content\/uploads\/2023\/05\/XXI-ALBU-CUP-eelregistreerimine.xls\">Reg.sportlas<\/a>ed<br><a href=\"https:\/\/tosteliit.ee\/wp-content\/uploads\/2023\/06\/XXI-ALBU-CUP-2023-loplik.xls\">PROTOKOLL<\/a><\/td><\/tr><tr><td>10<\/td><td>ATSIST ETSIKS<\/td><td>Abja-Paluoja      <a href=\"https:\/\/tosteliit.ee\/wp-content\/uploads\/2023\/05\/ATSISTETSIKS2023voistlusjuhend.odt\">JUHEND<\/a><\/td><td><\/td><td><\/td><td><\/td><\/tr><tr><td>11<\/td><td>Estonian WF annual meeting<\/td><td>Tartu<\/td><td><\/td><td><\/td><td><\/td><\/tr><tr><td><strong>JUULI<\/strong><\/td><td><\/td><td><\/td><td><\/td><td><\/td><td><\/td><\/tr><tr><td>1<\/td><td><em>TARPTAUTINIO SUNKIOSIOS ATLETIKOS TURNYRO,<\/em> <br><em>SKIRTO ,,DEGAI\u010cI\u0172 TAUREI\u201c LAIM\u0116TI<\/em> <em>NUOSTATAI<\/em><\/td><td>Degaiciai        <a href=\"https:\/\/tosteliit.ee\/wp-content\/uploads\/2023\/06\/NUOSTATAI\u201eDEGAICIUTAURE2023.doc\">JUHEND<\/a><\/td><td><\/td><td><\/td><td><a href=\"https:\/\/tosteliit.ee\/wp-content\/uploads\/2023\/07\/Degaiciu-taure-protok.-women.doc\">PROTOKOLL &#8211; NAISED<\/a><br><a href=\"https:\/\/tosteliit.ee\/wp-content\/uploads\/2023\/07\/Degaiciu-taure-protok.-men.doc\">PROTOKOLL &#8211; MEHED<\/a><\/td><\/tr><tr><td>1-10<\/td><td>Noorte EM (U15&amp;U17)<\/td><td>Moldova       <a href=\"https:\/\/tosteliit.ee\/wp-content\/uploads\/2023\/04\/v01-EWF-REGULATIONS-2023-Moldova-European-Youth-U15_ML.pdf\">JUHEND<\/a><\/td><td><\/td><td><\/td><td><\/td><\/tr><tr><td>8<\/td><td>Eestimaa suvem\u00e4ngud<\/td><td>Rakvere        <a href=\"https:\/\/tosteliit.ee\/wp-content\/uploads\/2023\/06\/2023_ESM_tostmise_juhend.pdf\">JUHEND<\/a>       <\/td><td><\/td><td><\/td><td><a href=\"https:\/\/tosteliit.ee\/wp-content\/uploads\/2023\/12\/UUENDATUD-SP_PROTOKOLL_Eestimaa-Suvemangud-2023-14.xls\">UUENDATUD PROTOKOLL<\/a><br><a href=\"https:\/\/tosteliit.ee\/wp-content\/uploads\/2023\/07\/Eestimaa-suvemangud-2023-1.xlsx\">Reg.sportlased<\/a><br><a href=\"https:\/\/tosteliit.ee\/wp-content\/uploads\/2023\/07\/PROTOKOLL_Eestimaa-Suvemangud-2023.xls\">Grupid&amp;ajakava<\/a><br><a href=\"https:\/\/tosteliit.ee\/wp-content\/uploads\/2023\/07\/PROTOKOLL_Eestimaa-Suvemangud-2023-1.xls\">PROTOKOLL<\/a><\/td><\/tr><tr><td>24-3<\/td><td>Euroopa meistriv\u00f5istlused U20&amp;U23<\/td><td>Rumeenia<\/td><td><\/td><td><\/td><td><a href=\"https:\/\/tosteliit.ee\/wp-content\/uploads\/2023\/07\/START-BOOK-2023-BUCHAREST.pdf\">START BOOK<\/a><\/td><\/tr><tr><td>28-30<\/td><td>Daugavpilsi U14 ja U23 meistriv\u00f5istlused<\/td><td>Daugavpils       <a href=\"https:\/\/tosteliit.ee\/wp-content\/uploads\/2023\/07\/Nolikums-svarcelsanas-U14-U23.pdf\">JUHEND<\/a><\/td><td><\/td><td><\/td><td><a href=\"https:\/\/tosteliit.ee\/wp-content\/uploads\/2023\/08\/DISVS-U14-un-U23-2023-pdf-DAUVGAPLS.pdf\">PROTOKOLL<\/a><\/td><\/tr><tr><td><strong>AUGUST<\/strong><\/td><td><\/td><td><\/td><td><\/td><td><\/td><td><\/td><\/tr><tr><td>11-12<\/td><td>Ludza linna aastap\u00e4eva v\u00f5istlus<\/td><td>Ludza      <a href=\"https:\/\/tosteliit.ee\/wp-content\/uploads\/2023\/07\/svarc-nolikums.pdf\">JUHEND<\/a><\/td><td><\/td><td><\/td><td><a href=\"https:\/\/tosteliit.ee\/wp-content\/uploads\/2023\/08\/Ludzas-pilsetas-svetku-20231.pdf\" data-type=\"link\" data-id=\"https:\/\/tosteliit.ee\/wp-content\/uploads\/2023\/08\">PROTOKOLL<\/a><\/td><\/tr><tr><td>18-26<\/td><td>Masters MM<\/td><td>Poola<\/td><td><\/td><td><\/td><td><\/td><\/tr><tr><td><strong>SEPTEMBER<\/strong><\/td><td><\/td><td><\/td><td><\/td><td><\/td><td><\/td><\/tr><tr><td>2-17<\/td><td>Maailmameistriv\u00f5istlused<\/td><td>Saudi Araabia<\/td><td><\/td><td><\/td><td><\/td><\/tr><tr><td>7-10<\/td><td>33rd International Weightlifting Tournament<\/td><td>Paneve\u017eis       <a href=\"https:\/\/tosteliit.ee\/wp-content\/uploads\/2023\/06\/nuostatai-23-en-2.pdf\">JUHEND<\/a><\/td><td><\/td><td><\/td><td><a href=\"https:\/\/tosteliit.ee\/wp-content\/uploads\/2023\/09\/Panevezys-protokolai-23-09.pdf\">PROTOKOLL<\/a><\/td><\/tr><tr><td>23<\/td><td>Tartu linna MV<\/td><td>Tartu      <a href=\"https:\/\/tosteliit.ee\/wp-content\/uploads\/2023\/07\/Tartu-linna-MV-2023-juhend.pdf\">JUHEND<\/a><\/td><td><\/td><td><\/td><td><a href=\"https:\/\/tosteliit.ee\/wp-content\/uploads\/2023\/12\/UUENDATUD-SP_Tartu-linna-MV-20232.xlsx\">UUENDATUD PROTOKOLL<\/a><br><a href=\"https:\/\/tosteliit.ee\/wp-content\/uploads\/2023\/09\/Tartu-linna-MV-2023.xlsx\">PROTOKOLL<\/a><\/td><\/tr><tr><td>22-24<\/td><td>Ventspils Cup<\/td><td>L\u00e4ti      JUHEND<\/td><td><\/td><td><\/td><td><\/td><\/tr><tr><td><\/td><td>Saldus Cup<\/td><td>Saldus<\/td><td><\/td><td><\/td><td><\/td><\/tr><tr><td><strong>OKTOOBER<\/strong><\/td><td><\/td><td><\/td><td><\/td><td><\/td><td><\/td><\/tr><tr><td>7<\/td><td>Eesti meistriv\u00f5istlused U15<\/td><td>Albu      <a href=\"https:\/\/tosteliit.ee\/wp-content\/uploads\/2023\/09\/U15-EMV-2023.docx\">JUHEND<\/a><\/td><td><\/td><td><\/td><td><a href=\"https:\/\/tosteliit.ee\/wp-content\/uploads\/2023\/12\/x-UUENDATUD-SP_U15-EMV-PROTOKOLL_2023-Albu-loplik1.xls\">UUENDATUD PROTOKOLL<\/a><br><a href=\"https:\/\/tosteliit.ee\/wp-content\/uploads\/2023\/09\/U15-EMV-eelreg-Leht11.pdf\">Eelreg.sportlased<\/a><br><a href=\"https:\/\/tosteliit.ee\/wp-content\/uploads\/2023\/10\/U15-EMV-eelreg-Leht13.pdf\">Ajakava ja grupid<\/a><br><a href=\"https:\/\/tosteliit.ee\/wp-content\/uploads\/2023\/10\/U15-EMV-PROTOKOLL_2023-Albu-loplik.xls\">PROTOKOLL<\/a><\/td><\/tr><tr><td>13-15 <\/td><td>Open International Tournament of the Baltic Countries<\/td><td>Klaipeda      <a href=\"https:\/\/tosteliit.ee\/wp-content\/uploads\/2023\/07\/OPEN-INTERNATIONAL-TOURNAMENT-OF-THE-BALTIC-COUNTRIES-2023-REGULATIONS.pdf\">JUHEND<\/a><\/td><td><\/td><td><\/td><td><a href=\"https:\/\/tosteliit.ee\/wp-content\/uploads\/2023\/10\/Open-Baltic-countries-tournament-protocol-2023.pdf\">PROTOKOLL<\/a><\/td><\/tr><tr><td>14<\/td><td>J\u00f5hvi valla lahtised MV<\/td><td>Tammiku       <a href=\"https:\/\/tosteliit.ee\/wp-content\/uploads\/2023\/09\/juhend-14.10-2.docx\">JUHEND<\/a><\/td><td><\/td><td><\/td><td><a href=\"https:\/\/tosteliit.ee\/wp-content\/uploads\/2023\/12\/UUENDATUD-SP_Johvi-valla-mv-2023-11.xls\">UUENDATUD PROTOKOLL<\/a><br><a href=\"https:\/\/tosteliit.ee\/wp-content\/uploads\/2023\/10\/UTF-8Johvi-valla-mv-2023-1.xls\">Osalejad<\/a><br><a href=\"https:\/\/tosteliit.ee\/wp-content\/uploads\/2023\/10\/Johvi-valla-mv-2023-1.xls\">PROTOKOLL<\/a><\/td><\/tr><tr><td>22-27<\/td><td>ETL treeninglaager<\/td><td>K\u00e4\u00e4riku<\/td><td><\/td><td><\/td><td><\/td><\/tr><tr><td>28<\/td><td>Tartumaa suurmeistrite KV <\/td><td>Melliste      <a href=\"https:\/\/tosteliit.ee\/wp-content\/uploads\/2023\/09\/XXXVI_Tartumaa_SM_KV_2023_JUHEND_EST-1-1.doc\">JUHEND<\/a><\/td><td><\/td><td><\/td><td><a href=\"https:\/\/tosteliit.ee\/wp-content\/uploads\/2023\/12\/UUENDATUD-SP_SMKV-2023.xls\">UUENDATUD PROTOKOLL<\/a><br><a href=\"https:\/\/tosteliit.ee\/wp-content\/uploads\/2023\/10\/36.-TMSKV.xlsx\">Reg.sportlased, ajakava&amp;grupid<\/a><br><a href=\"https:\/\/tosteliit.ee\/wp-content\/uploads\/2023\/10\/36.-SMKV-2023.xls\">PROTOKOLL<\/a><\/td><\/tr><tr><td><strong>NOVEMBER<\/strong><\/td><td><\/td><td><\/td><td><\/td><td><\/td><td><\/td><\/tr><tr><td>4<\/td><td>Alfred Neulandi m\u00e4lestusv\u00f5istlused <\/td><td>Valga      <a href=\"https:\/\/tosteliit.ee\/wp-content\/uploads\/2023\/10\/JUHEND_XXIVA.Neuland2023.pdf\">JUHEND <\/a><\/td><td><\/td><td><\/td><td><\/td><\/tr><tr><td>4<\/td><td>Eesti meistriv\u00f5istlused U20 <\/td><td>Valga    <a href=\"https:\/\/tosteliit.ee\/wp-content\/uploads\/2023\/10\/U20-EMV-20231.pdf\">JUHEND<\/a><\/td><td><\/td><td><\/td><td><a href=\"https:\/\/tosteliit.ee\/wp-content\/uploads\/2023\/12\/x-UUENDATUD-SP_U20-JA-NEULAND.xls\">UUENDATUD PROTOKOLL<\/a><br><a href=\"https:\/\/tosteliit.ee\/wp-content\/uploads\/2023\/10\/U20-EMV-eelregistreerimine-U20.pdf\">Reg.sportlased<\/a><br><a href=\"https:\/\/tosteliit.ee\/wp-content\/uploads\/2023\/11\/U20-EMV-eelregistreerimine-U202.pdf\">U20 EMV grupid&amp;ajakava<\/a><br><a href=\"https:\/\/tosteliit.ee\/wp-content\/uploads\/2023\/11\/U20-EMV-eelregistreerimine-NEULAND1.pdf\">NEULAND grupid&amp;ajakava<\/a><br><a href=\"https:\/\/tosteliit.ee\/wp-content\/uploads\/2023\/11\/Protokoll_U20-EMV-2023.xls\">PROTOKOLL<\/a><\/td><\/tr><tr><td><br>15-25<\/td><td>Juunioride MM<\/td><td>Mehhiko<\/td><td><\/td><td><\/td><td><\/td><\/tr><tr><td>17-19<\/td><td>XI Vladimir Ba\u0161kirovi m\u00e4lestusv\u00f5istlus<\/td><td>K\u00e4\u00e4riku     <a href=\"https:\/\/tosteliit.ee\/wp-content\/uploads\/2023\/11\/VBM-eesti-20231.pdf\">JUHEND<\/a><\/td><td><\/td><td><\/td><td><\/td><\/tr><tr><td>25-26<\/td><td>EKR 4 tasemekoolitus<\/td><td>Olustvere <\/td><td><\/td><td><\/td><td><a href=\"https:\/\/tosteliit.ee\/wp-content\/uploads\/2023\/10\/EKR-4-25.-26.11.2023-Olustvere.pdf\">TASEMEKOOLITUS<\/a><br><a href=\"https:\/\/tosteliit.ee\/wp-content\/uploads\/2023\/10\/Taiendkoolitus-25.-26.11.2023-Olustvere-.pdf\">T\u00c4IENDKOOLITUS<\/a><\/td><\/tr><tr><td><strong>DETSEMBER<\/strong><\/td><td><\/td><td><\/td><td><\/td><td><\/td><td><\/td><\/tr><tr><td>1-3<\/td><td>Klaipeda Grand Prix<\/td><td>Klaipeda, Leedu<\/td><td><a href=\"https:\/\/tosteliit.ee\/wp-content\/uploads\/2023\/11\/2023-Grand-Prix-Klaipeda-regulations.pdf\">JUHEND<\/a><\/td><td><\/td><td><a href=\"https:\/\/tosteliit.ee\/wp-content\/uploads\/2023\/12\/Grand_Prix_2023_protokolas.pdf\">PROTOKOLL<\/a><\/td><\/tr><tr><td>2<\/td><td>Eesti v\u00f5istkondlikud meistriv\u00f5istlused<\/td><td>Albu       <\/td><td><a href=\"https:\/\/tosteliit.ee\/wp-content\/uploads\/2023\/11\/EMV-voistkondlik-juhend_20231.pdf\">JUHEND<\/a><\/td><td><\/td><td><a href=\"https:\/\/tosteliit.ee\/wp-content\/uploads\/2023\/12\/UUENDATUD-SP_VOISTKONDLIK-EMV.xls\">UUENDATUD PROTOKOLL<\/a><br><a href=\"https:\/\/tosteliit.ee\/wp-content\/uploads\/2023\/11\/Voistkondlik-EMV-2023.xlsx\">Reg.sportlased<\/a><br><a href=\"https:\/\/tosteliit.ee\/wp-content\/uploads\/2023\/11\/Voistkondlikud-EMV-Albus-2023.xls\">Grupid&amp;ajakava<\/a><br><a href=\"https:\/\/tosteliit.ee\/wp-content\/uploads\/2023\/12\/Voistkondlikud-EMV-Albus-2023-loplik.xls\">PROTOKOLL<\/a><\/td><\/tr><tr><td>2-3<\/td><td>Oder Pokal<\/td><td>Saksamaa<\/td><td><\/td><td><\/td><td><a href=\"https:\/\/tosteliit.ee\/wp-content\/uploads\/2023\/12\/finalPackage_Open_2023-12-04_09h38_11.xls\">PROTOKOLL<\/a><\/td><\/tr><tr><td>9<\/td><td>ETL \u00fcmarlaua koosolek 10:00<br>ETL 90 juubeli\u00fcritus 13:00<br>ETL parimate autasustamine 13:00<\/td><td>J\u00e4\u00e4gri villa<br>Albu<\/td><td><\/td><td><\/td><td><a href=\"https:\/\/tosteliit.ee\/wp-content\/uploads\/2023\/12\/ETL-parimad-2023_info.pdf\">PARIMAD 2023<\/a><\/td><\/tr><tr><td>2-12<\/td><td>IWF Grand Prix II &#8211; 2024 OM kval.<\/td><td>Doha, Katar<\/td><td><\/td><td><\/td><td><a href=\"https:\/\/iwf.sport\/wp-content\/plugins\/download-monitor\/download.php?id=2575\">RESULTS BOOK<\/a><\/td><\/tr><tr><td>15-16<\/td><td>Leedu rahvusvaheline v\u00f5istlus<\/td><td>Rok\u0161is, Leedu<\/td><td><a href=\"https:\/\/tosteliit.ee\/wp-content\/uploads\/2023\/10\/Juhend1.jpg\">Juhend 1<\/a>, <a href=\"https:\/\/tosteliit.ee\/wp-content\/uploads\/2023\/10\/Juhend-1_1.jpg\">2<\/a><\/td><td><\/td><td><a href=\"https:\/\/tosteliit.ee\/wp-content\/uploads\/2023\/12\/Rokiskio-Suris-2023.12.15.xls\">PROTOKOLL<\/a><\/td><\/tr><tr><td>16<\/td><td>Lahtised Leedu MV masters klassis<\/td><td>Leedu<\/td><td><\/td><td><\/td><td><a href=\"https:\/\/tosteliit.ee\/wp-content\/uploads\/2023\/12\/Meistru-2023_PROTOKOLAS.xls\">PROTOKOLL<\/a><\/td><\/tr><tr><td>15-17<\/td><td>New Years Cup<\/td><td>L\u00e4ti<\/td><td><a href=\"https:\/\/tosteliit.ee\/wp-content\/uploads\/2023\/11\/Vecgada-kauss-2023.pdf\">JUHEND<\/a><\/td><td><\/td><td><a href=\"https:\/\/tosteliit.ee\/wp-content\/uploads\/2023\/12\/Vecgada-kauss-2023-Protokols.xlsx\">PROTOKOLL<\/a><\/td><\/tr><\/tbody><\/table><\/figure>\n\n\n\n<p><\/p>\n\n\n\n<p><\/p>","protected":false},"excerpt":{"rendered":"<p>ETL 2023.a&nbsp; v\u00f5istluskalenderNB! Kui soovite kalendrisse v\u00f5istlusi lisada, siis palun tehke seda hiljemalt 2 n\u00e4dalat enne v\u00f5istluse toimumist kirjalikult, saates v\u00f5istluse nime, toimumise kuup\u00e4eva ja koha (v\u00f5imalusel ka juhendi) aadressile info@etl.eeKui v\u00f5istlust kalendris ei ole, siis selle tulemusi ei arvestata.&nbsp; NB! UUENDATUD PROTOKOLL t\u00e4hendab seda, et protokollis on kasutatud uuendatud Sinclairi koefitsenti (jagati alaliitudega alles [&hellip;]<\/p>\n","protected":false},"author":1,"featured_media":0,"parent":0,"menu_order":0,"comment_status":"closed","ping_status":"closed","template":"","meta":{"_mc_calendar":[],"footnotes":""},"class_list":["post-1834","page","type-page","status-publish","hentry","entry"],"_links":{"self":[{"href":"https:\/\/tosteliit.ee\/en\/wp-json\/wp\/v2\/pages\/1834","targetHints":{"allow":["GET"]}}],"collection":[{"href":"https:\/\/tosteliit.ee\/en\/wp-json\/wp\/v2\/pages"}],"about":[{"href":"https:\/\/tosteliit.ee\/en\/wp-json\/wp\/v2\/types\/page"}],"author":[{"embeddable":true,"href":"https:\/\/tosteliit.ee\/en\/wp-json\/wp\/v2\/users\/1"}],"replies":[{"embeddable":true,"href":"https:\/\/tosteliit.ee\/en\/wp-json\/wp\/v2\/comments?post=1834"}],"version-history":[{"count":175,"href":"https:\/\/tosteliit.ee\/en\/wp-json\/wp\/v2\/pages\/1834\/revisions"}],"predecessor-version":[{"id":2728,"href":"https:\/\/tosteliit.ee\/en\/wp-json\/wp\/v2\/pages\/1834\/revisions\/2728"}],"wp:attachment":[{"href":"https:\/\/tosteliit.ee\/en\/wp-json\/wp\/v2\/media?parent=1834"}],"curies":[{"name":"wp","href":"https:\/\/api.w.org\/{rel}","templated":true}]}}