{"id":281,"date":"2022-02-28T14:12:05","date_gmt":"2022-02-28T14:12:05","guid":{"rendered":"https:\/\/tosteliit.ee\/?page_id=281"},"modified":"2025-10-12T10:17:54","modified_gmt":"2025-10-12T10:17:54","slug":"klubid","status":"publish","type":"page","link":"https:\/\/tosteliit.ee\/en\/klubid\/","title":{"rendered":"Clubs"},"content":{"rendered":"<p><a href=\"https:\/\/tosteliit.ee\/liikmeks-astumine\/\" data-type=\"URL\" data-id=\"https:\/\/tosteliit.ee\/liikmeks-astumine\/\">How to join Estonian Weightlifting Federation<\/a><\/p>\n\n\n\n<div class=\"wp-block-file\"><a id=\"wp-block-file--media-9e9c8b59-de7c-49cb-980a-7bfd9477a265\" href=\"https:\/\/tosteliit.ee\/wp-content\/uploads\/2022\/06\/ETL-klubivahetuskord.pdf\">How to change clubs<\/a><\/div>\n\n\n\n<p><\/p>\n\n\n\n<p>Members of Estonian Weightlifting Federation:<\/p>\n\n\n\n<figure class=\"wp-block-table is-style-stripes\"><table class=\"has-fixed-layout\"><tbody><tr><td>Juriidiline nimetus<br>Registreerimisnumber<br>Aadress<br>Telefon<br>Kontaktisik<br>E-mail<\/td><td>MT\u00dc SK Albatros (24.03.1999)<br>80077057<br>Uusk\u00fcla tn 6-8, Narva, Ida-Virumaa 20205<br>53300835<br>Ivan Korsak<br><a href=\"mailto:spordiklubialbatros@gmail.com\">spordiklubialbatros@gmail.com<\/a><\/td><\/tr><\/tbody><\/table><\/figure>\n\n\n\n<figure class=\"wp-block-table is-style-stripes\"><table class=\"has-fixed-layout\"><tbody><tr><td>Juriidiline nimetus<br>Registreerimisnumber<br>Aadress<br>Telefon<br>Kontaktisik<br>E-mail<\/td><td>Spordiklubi Edu (14.04.1998)<br>80033551<br>Spordi, Tammiku alevik, J\u00f5hvi, Ida-Virumaa<br>5143770<br>Ago Aadum\u00e4e<br><a href=\"mailto:audi1@hot.ee\">audi010@hot.ee<\/a><\/td><\/tr><\/tbody><\/table><\/figure>\n\n\n\n<figure class=\"wp-block-table is-style-stripes\"><table class=\"has-fixed-layout\"><tbody><tr><td>Juriidiline nimetus<br>Registreerimisnumber<br>Aadress<br>Telefon<br>Kontaktisik<br>E-mail<br>Koduleht<\/td><td>Tartumaa Spordiklubi J\u00f5ud&nbsp;(05.11.2013)<br>80363142<br>P\u00e4rna tn 10, K\u00f5rvek\u00fcla alevik, Tartu vald, Tartumaa<br>53329852<br>Martin Lind<br><a href=\"mailto:skjoud@gmail.com\">skjoud@gmail.com<\/a><br><a href=\"https:\/\/skjoud.eu\/\">www.skjoud.eu<\/a><\/td><\/tr><\/tbody><\/table><\/figure>\n\n\n\n<figure class=\"wp-block-table is-style-stripes\"><table class=\"has-fixed-layout\"><tbody><tr><td>Juriidiline nimetus<br>Registreerimisnumber<br>Aadress<br>Telefon<br>Kontaktisik<br>E-mail<br>Koduleht<\/td><td>MT\u00dc SK J\u00f5ud Junior&nbsp;(22.01.2010)<br>80304079<br>Pikk tn 94-21, Tartu linn, Tartumaa<br>56487053<br>Igor Ba\u0161kirov<br><a href=\"mailto:tegevjuht@madixteritus.ee\">info@joudjunior.ee<\/a><br><a href=\"http:\/\/www.joudjunior.ee\/\">www.joudjunior.ee<\/a><\/td><\/tr><\/tbody><\/table><\/figure>\n\n\n\n<figure class=\"wp-block-table is-style-stripes\"><table class=\"has-fixed-layout\"><tbody><tr><td>Juriidiline nimetus<br>Registreerimisnumber<br>Aadress<br>Telefon<br>Kontaktisik<br>E-mail<\/td><td>M\u00e4ksa Spordiklubi&nbsp; (13.04.2009)<br>80286097<br>Tartumaa, Kastre vald, Poka<br>53410227<br>Viktor Korobov\/Reelika P\u00f5dersoo<br><a href=\"mailto:maksask@gmail.com\">maksask@gmail.com<\/a><\/td><\/tr><\/tbody><\/table><\/figure>\n\n\n\n<figure class=\"wp-block-table is-style-stripes\"><table class=\"has-fixed-layout\"><tbody><tr><td>Juriidiline nimetus<br>Registreerimisnumber<br>Aadress<br>Telefon<br>Kontaktisik<br>E-mail<\/td><td>Viljandimaa Spordiklubi Olustvere (11.10.2019)<br>80571366<br>Rataskaevu tn 3, Olustvere alevik, P\u00f5hja-Sakala vald, Viljandi maakond<br>56844188<br>Andres Viksi<br>andres.viksi@olustvere.edu.ee<\/td><\/tr><\/tbody><\/table><\/figure>\n\n\n\n<figure class=\"wp-block-table is-style-stripes\"><table class=\"has-fixed-layout\"><tbody><tr><td>Juriidiline nimetus<br>Registreerimisnumber<br>Aadress<br>Telefon<br>Kontaktisik<br>E-mail<br>Koduleht<\/td><td>Sparta Spordiselts&nbsp; (26.08.2008)<br>80272741<br>P\u00e4rnu mnt 139c, Tallinn<br>5073130<br>Mart Kajari<br><a href=\"mailto:mart@spartasport.ee\">mart@sparta.ee<\/a><br><a href=\"http:\/\/www.spartasport.ee\/\">www.sparta.ee<\/a><\/td><\/tr><\/tbody><\/table><\/figure>\n\n\n\n<figure class=\"wp-block-table is-style-stripes\"><table class=\"has-fixed-layout\"><tbody><tr><td>Juriidiline nimetus<br>Registreerimisnumber<br>Aadress<br>Telefon<br>Kontaktisik<br>E-mail<\/td><td>Spordiklubi +35&nbsp; (05.11.2013)<br>80363159<br>Maarjam\u00f5isa tee 41-1, Aravete alevik, Ambla vald, J\u00e4rva maakond, 73501 <br>55598487<br>Erik Kuningas<br><a href=\"mailto:erik@zmodule.ee\">tostesport@gmail.com<\/a><\/td><\/tr><\/tbody><\/table><\/figure>\n\n\n\n<figure class=\"wp-block-table is-style-stripes\"><table class=\"has-fixed-layout\"><tbody><tr><td>Juriidiline nimetus<br>Registreerimisnumber<br>Aadress<br>Telefon<br>Kontaktisik<br>E-mail<\/td><td>Spordiklubi Vargam\u00e4e&nbsp; (29.05.2000)<br>80127619<br>Albu, Albu vald, J\u00e4rvamaa<br>5214271<br>Ahti Uppin<br><a href=\"mailto:ahtiuppin09@gmail.com\">ahtiuppin09@gmail.com<\/a><\/td><\/tr><\/tbody><\/table><\/figure>\n\n\n\n<figure class=\"wp-block-table is-style-stripes\"><table class=\"has-fixed-layout\"><tbody><tr><td>Juriidiline nimetus<br>Registreerimisnumber<br>Aadress<br>Telefon<br>Kontaktisik<br>E-mail<br>Koduleht<\/td><td>MT\u00dc J\u00d5USPORT (13.02.2018)<br>80546428<br>Kaja tn 11 Elva, Elva vald, Tartumaa, 61505<br>5202842<br>Peeter Aan<br><a href=\"mailto:skjousport@gmail.com\">skjousport@gmail.com<\/a><br><a href=\"http:\/\/www.jousport.ee\/\">www.jousport.ee<\/a><\/td><\/tr><\/tbody><\/table><\/figure>\n\n\n\n<figure class=\"wp-block-table is-style-stripes\"><table class=\"has-fixed-layout\"><tbody><tr><td>Juriidiline nimetus<br>Registreerimisnumber<br>Aadress<br>Telefon<br>Kontaktisik<br>E-mail<br>Koduleht<\/td><td>MT\u00dc Keila CrossPower (12.06.2018)<br>80551435<br>M\u00e4e 6-39, 76606, Keila<br>5683656<br>Ranek-Rainet Niinberg<br>cpkeila@outlook.com<br><a href=\"http:\/\/www.keilacrosspower.ee\">www.keilacrosspower.ee<\/a><\/td><\/tr><tr><td><\/td><td><\/td><\/tr><\/tbody><\/table><\/figure>\n\n\n\n<figure class=\"wp-block-table is-style-stripes\"><table class=\"has-fixed-layout\"><tbody><tr><td>Juriidiline nimetus<br>Registreerimisnumber<br>Aadress<br>Telefon<br>Kontaktisik<br>E-mail<br>Koduleht<\/td><td>Rapla Raskej\u00f5ustiku Spordiklubi MT\u00dc (05.01.2022)<br>80605792<br>M\u00e4e tn 6-19, 79601, Alu alevik, Rapla vald<br>53091009<br>Martin Kask<br>raplarsk@gmail.com<br><a href=\"https:\/\/www.facebook.com\/raplarsk\/\">www.facebook.com\/raplarsk<\/a><\/td><\/tr><\/tbody><\/table><\/figure>\n\n\n\n<p><\/p>","protected":false},"excerpt":{"rendered":"<p>Liikmeks astumine Eesti T\u00f5stespordiliidu liikmesklubid: Juriidiline nimetusRegistreerimisnumberAadressTelefonKontaktisikE-mail MT\u00dc SK Albatros (24.03.1999)80077057Uusk\u00fcla tn 6-8, Narva, Ida-Virumaa 2020553300835Ivan Korsakspordiklubialbatros@gmail.com Juriidiline nimetusRegistreerimisnumberAadressTelefonKontaktisikE-mail Spordiklubi Edu (14.04.1998)80033551Spordi, Tammiku alevik, J\u00f5hvi, Ida-Virumaa5143770Ago Aadum\u00e4eaudi010@hot.ee Juriidiline nimetusRegistreerimisnumberAadressTelefonKontaktisikE-mailKoduleht Tartumaa Spordiklubi J\u00f5ud&nbsp;(05.11.2013)80363142P\u00e4rna tn 10, K\u00f5rvek\u00fcla alevik, Tartu vald, Tartumaa53329852Martin Lindskjoud@gmail.comwww.skjoud.eu Juriidiline nimetusRegistreerimisnumberAadressTelefonKontaktisikE-mailKoduleht MT\u00dc SK J\u00f5ud Junior&nbsp;(22.01.2010)80304079Pikk tn 94-21, Tartu linn, Tartumaa56487053Igor Ba\u0161kirovinfo@joudjunior.eewww.joudjunior.ee Juriidiline nimetusRegistreerimisnumberAadressTelefonKontaktisikE-mail M\u00e4ksa [&hellip;]<\/p>\n","protected":false},"author":1,"featured_media":0,"parent":0,"menu_order":0,"comment_status":"closed","ping_status":"closed","template":"","meta":{"_mc_calendar":[],"footnotes":""},"class_list":["post-281","page","type-page","status-publish","hentry","entry"],"_links":{"self":[{"href":"https:\/\/tosteliit.ee\/en\/wp-json\/wp\/v2\/pages\/281","targetHints":{"allow":["GET"]}}],"collection":[{"href":"https:\/\/tosteliit.ee\/en\/wp-json\/wp\/v2\/pages"}],"about":[{"href":"https:\/\/tosteliit.ee\/en\/wp-json\/wp\/v2\/types\/page"}],"author":[{"embeddable":true,"href":"https:\/\/tosteliit.ee\/en\/wp-json\/wp\/v2\/users\/1"}],"replies":[{"embeddable":true,"href":"https:\/\/tosteliit.ee\/en\/wp-json\/wp\/v2\/comments?post=281"}],"version-history":[{"count":26,"href":"https:\/\/tosteliit.ee\/en\/wp-json\/wp\/v2\/pages\/281\/revisions"}],"predecessor-version":[{"id":4090,"href":"https:\/\/tosteliit.ee\/en\/wp-json\/wp\/v2\/pages\/281\/revisions\/4090"}],"wp:attachment":[{"href":"https:\/\/tosteliit.ee\/en\/wp-json\/wp\/v2\/media?parent=281"}],"curies":[{"name":"wp","href":"https:\/\/api.w.org\/{rel}","templated":true}]}}