{"id":302,"date":"2022-02-28T14:26:49","date_gmt":"2022-02-28T14:26:49","guid":{"rendered":"https:\/\/tosteliit.ee\/?page_id=302"},"modified":"2025-01-08T10:20:51","modified_gmt":"2025-01-08T10:20:51","slug":"liikmeks-astumine","status":"publish","type":"page","link":"https:\/\/tosteliit.ee\/en\/liikmeks-astumine\/","title":{"rendered":"How to join Estonian Weightlifting Federation"},"content":{"rendered":"<p>Kui teie spordiklubi soovib Eesti T\u00f5stespordiliidu (edaspidi ETL) liikmeks astuda, tuleb ETL<br>juhatusele esitada j\u00e4rgmised dokumendid:<\/p>\n\n\n\n<ol class=\"wp-block-list\">\n<li>Kirjutada avaldus Eesti T\u00f5stespordiliidu juhatusele.<br>NB! Avalduse esitaja ja allkirjastaja peab olema juhatuse liige! Avaldus tuleb digiallkirjastada.<br><br>AVALDUSE LISAD:<\/li>\n\n\n\n<li>Lisaks tuleb eraldi failina esitada klubiliikmete t\u00e4ielik nimekiri (juhatuse liikmed,<br>trennilapsed, treenerid, muud tegelased, k\u00f5ik kes on klubit\u00f6\u00f6 ja treeningutega h\u00f5ivatud ja<br>klubitegevuses osalevad), treeninguteks kasutatav saal\/saalid ja v\u00f5imalusel tunniplaan.<\/li>\n\n\n\n<li>MT\u00dc p\u00f5hikiri<\/li>\n\n\n\n<li>Registrikaart (v\u00e4ljav\u00f5te \u00e4riregistrist)<\/li>\n\n\n\n<li>Motivatsioonikiri\/n\u00e4gemus &#8211; miks soovib klubi astuda ETL liikmeks?<br>Palume p\u00f5hjendust, mida see teie jaoks senises tegutsemises muudab ja millisena te n\u00e4ete enda<br>rolli Eesti t\u00f5stespordi arendamises ning koost\u00f6\u00f6s ETLiga?<\/li>\n<\/ol>\n\n\n\n<p>Dokumendid palume esitada juhatuse e-maili aadressile (juhatus@etl.ee), misj\u00e4rel tehakse otsus<br>klubi liikmeks v\u00f5tmise kohta j\u00e4rgmisel Eesti T\u00f5stespordiliidu juhatuse koosolekul. <\/p>\n\n\n\n<p>Juhatusel on \u00f5igus k\u00fcsida t\u00e4iendavat infot klubi tegevuse ja eesm\u00e4rkide kohta.<br>ETL liikmesklubidele on kehtestatud liikmemaks 100 eurot aastas.<\/p>","protected":false},"excerpt":{"rendered":"<p>Kui teie spordiklubi soovib Eesti T\u00f5stespordiliidu (edaspidi ETL) liikmeks astuda, tuleb ETLjuhatusele esitada j\u00e4rgmised dokumendid: Dokumendid palume esitada juhatuse e-maili aadressile (juhatus@etl.ee), misj\u00e4rel tehakse otsusklubi liikmeks v\u00f5tmise kohta j\u00e4rgmisel Eesti T\u00f5stespordiliidu juhatuse koosolekul. Juhatusel on \u00f5igus k\u00fcsida t\u00e4iendavat infot klubi tegevuse ja eesm\u00e4rkide kohta.ETL liikmesklubidele on kehtestatud liikmemaks 100 eurot aastas.<\/p>","protected":false},"author":1,"featured_media":0,"parent":0,"menu_order":0,"comment_status":"closed","ping_status":"closed","template":"","meta":{"_mc_calendar":[],"footnotes":""},"class_list":["post-302","page","type-page","status-publish","hentry","entry"],"_links":{"self":[{"href":"https:\/\/tosteliit.ee\/en\/wp-json\/wp\/v2\/pages\/302","targetHints":{"allow":["GET"]}}],"collection":[{"href":"https:\/\/tosteliit.ee\/en\/wp-json\/wp\/v2\/pages"}],"about":[{"href":"https:\/\/tosteliit.ee\/en\/wp-json\/wp\/v2\/types\/page"}],"author":[{"embeddable":true,"href":"https:\/\/tosteliit.ee\/en\/wp-json\/wp\/v2\/users\/1"}],"replies":[{"embeddable":true,"href":"https:\/\/tosteliit.ee\/en\/wp-json\/wp\/v2\/comments?post=302"}],"version-history":[{"count":4,"href":"https:\/\/tosteliit.ee\/en\/wp-json\/wp\/v2\/pages\/302\/revisions"}],"predecessor-version":[{"id":3589,"href":"https:\/\/tosteliit.ee\/en\/wp-json\/wp\/v2\/pages\/302\/revisions\/3589"}],"wp:attachment":[{"href":"https:\/\/tosteliit.ee\/en\/wp-json\/wp\/v2\/media?parent=302"}],"curies":[{"name":"wp","href":"https:\/\/api.w.org\/{rel}","templated":true}]}}