{"id":335,"date":"2022-02-28T15:39:48","date_gmt":"2022-02-28T15:39:48","guid":{"rendered":"https:\/\/tosteliit.ee\/?page_id=335"},"modified":"2026-01-20T11:40:24","modified_gmt":"2026-01-20T11:40:24","slug":"litsentsid","status":"publish","type":"page","link":"https:\/\/tosteliit.ee\/en\/litsentsid\/","title":{"rendered":"License"},"content":{"rendered":"<p><strong>Sportlaste litsenseerimine Eesti T\u00f5stespordiliidus<\/strong><\/p>\n\n\n\n<h3 class=\"wp-block-heading\"><strong>Sportlased, kes soovivad osaleda Eesti meistriv\u00f5istlustel v\u00f5i rahvusvahelistel tiitliv\u00f5istlustel t\u00f5stmises, peavad omama alaliidu v\u00f5istluslitsentsi.<\/strong><\/h3>\n\n\n\n<ol class=\"wp-block-list\">\n<li>Litsents on n\u00f5utav j\u00e4rgmistes vanuseklassides: U15, U17, U20, t\u00e4iskasvanud, veteranid.&nbsp;<\/li>\n\n\n\n<li>U13 EMV-l osalemiseks litsentsi ei n\u00f5uta. Kui U13 sportlane soovib osaleda vanema vanuseklassi EMV-l, siis peab ta soetama litsentsi.&nbsp;<\/li>\n\n\n\n<li>V\u00f5istlustel ei saa osaleda sportlased, kellel puudub litsents.<\/li>\n\n\n\n<li>V\u00f5istluslitsents on kogu aastaks ja seda saab taotleda igal ajal.<\/li>\n\n\n\n<li>Olenemata litsentsi soetamise hetkest, kehtib see jooksva aasta l\u00f5puni.<\/li>\n\n\n\n<li>Litsents peab olema soetatud hiljemalt v\u00f5istlustele registreerimise kuup\u00e4evaks.<\/li>\n\n\n\n<li>Litsentsitasu tagastamisele ei kuulu.<\/li>\n\n\n\n<li>Litsentside registrisse kandmise eelduseks on EADSE antidopingu \u00fchiskoolituse v\u00f5i veebi teel e-kursuse l\u00e4bimine.<\/li>\n\n\n\n<li>Litsentsi avalduse esitamisega n\u00f5ustuvad sportlased, alaealiste puhul klubi esindaja v\u00f5i lapsevanem, j\u00e4lgima antidopingu ja spordieetika alaseid Ausa m\u00e4ngu reegleid.<\/li>\n<\/ol>\n\n\n\n<h1 class=\"wp-block-heading\"><strong>Registreerimine<\/strong><\/h1>\n\n\n\n<ol class=\"wp-block-list\">\n<li>T\u00e4ita ja allkirjastada registreerimisleht.<\/li>\n\n\n\n<li>L\u00e4bida veebis e-kursus, laadida alla l\u00e4bimist t\u00f5endav dokument. <br>Hetkel saab e-kursust l\u00e4bida ainult inglise keeles: <a href=\"https:\/\/adel.wada-ama.org\/learn\/learning-plans\/2\/national-level-athletes-education-program-english\">https:\/\/adel.wada-ama.org\/learn\/learning-plans\/2\/national-level-athletes-education-program-english<\/a>.<br><strong><mark style=\"background-color:rgba(0, 0, 0, 0)\" class=\"has-inline-color has-vivid-red-color\">NB! Kes l\u00e4bisid 2025.a e-kursuse v\u00f5i Tammiku kontakt\u00f5ppe ning on saatnud oma t\u00f5endi ETL-i, ei pea 2026.a koolitust l\u00e4bima!<\/mark><\/strong><\/li>\n\n\n\n<li>Esitada allkirjastatud registreerimisleht (koos e-kursuse t\u00f5endiga kui \u00fchiskoolitusel ei osalenud) e-maili teel <a href=\"mailto:voistlused@etl.ee\"><strong>voistlused@etl.ee<\/strong><\/a><strong>&nbsp;<\/strong><\/li>\n<\/ol>\n\n\n\n<h1 class=\"wp-block-heading\"><strong>Tasumine<\/strong><\/h1>\n\n\n\n<p><strong>Litsentsitasu on 10\u20ac<\/strong>.<br>Litsentsi eest tuleb teha \u00fclekanne Eesti T\u00f5stespordiliidu arveldusarvele <strong>EE561010052028320001<\/strong>.<br>Individuaalsportlane m\u00e4rgib selgitusse litsentsitasu+sportlase nimi, nt <em>Litsentsitasu Mari Maasikas.<\/em><br>Klubidele v\u00e4ljastatakse arve ning tasumine toimub arve alusel.<\/p>\n\n\n\n<p>Litsenseerimist korraldab, andmebaasi koostab ja nende olemasolu kontrollib ETL peasekret\u00e4r. <br>Litsentsi puudumisel on ETL-il \u00f5igus eemaldada sportlane v\u00f5istlejate nimekirjast.<\/p>\n\n\n\n<p>Eraldi registreerimislehed individuaalsportlastele ja klubile (saab lisada mitu sportlast korraga).<br>Allkirjastada v\u00f5ib nii digitaalselt kui kirjalikult.<\/p>\n\n\n\n<div class=\"wp-block-file\"><a id=\"wp-block-file--media-8f6da384-ae91-45df-aafa-df5cebca37fb\" href=\"https:\/\/tosteliit.ee\/wp-content\/uploads\/2022\/03\/IND.SPORTLASTELE_litsenseerimine_2022_ETL.xls\">Registreerimisleht INDIVIDUAALSPORTLASELE<\/a><\/div>\n\n\n\n<div class=\"wp-block-file\"><a id=\"wp-block-file--media-6059a2c0-6107-4275-aed4-547085580294\" href=\"https:\/\/tosteliit.ee\/wp-content\/uploads\/2022\/03\/KLUBIDELE_litsenseerimine_2022_ETL1.xls\">Registreerimisleht KLUBIDELE<\/a><\/div>\n\n\n\n<div class=\"wp-block-file\"><a id=\"wp-block-file--media-3049930c-cab6-4550-8247-36d924bf7c5b\" href=\"https:\/\/tosteliit.ee\/wp-content\/uploads\/2025\/01\/Sportlaste_litsenseerimine_ETL_2025.docx.pdf\">INFO<\/a><\/div>\n\n\n\n<p><\/p>","protected":false},"excerpt":{"rendered":"<p>Sportlaste litsenseerimine Eesti T\u00f5stespordiliidus Sportlased, kes soovivad osaleda Eesti meistriv\u00f5istlustel v\u00f5i rahvusvahelistel tiitliv\u00f5istlustel t\u00f5stmises, peavad omama alaliidu v\u00f5istluslitsentsi. Registreerimine Tasumine Litsentsitasu on 10\u20ac.Litsentsi eest tuleb teha \u00fclekanne Eesti T\u00f5stespordiliidu arveldusarvele EE561010052028320001.Individuaalsportlane m\u00e4rgib selgitusse litsentsitasu+sportlase nimi, nt Litsentsitasu Mari Maasikas.Klubidele v\u00e4ljastatakse arve ning tasumine toimub arve alusel. Litsenseerimist korraldab, andmebaasi koostab ja nende olemasolu kontrollib ETL [&hellip;]<\/p>\n","protected":false},"author":1,"featured_media":0,"parent":0,"menu_order":0,"comment_status":"closed","ping_status":"closed","template":"","meta":{"_mc_calendar":[],"footnotes":""},"class_list":["post-335","page","type-page","status-publish","hentry","entry"],"_links":{"self":[{"href":"https:\/\/tosteliit.ee\/en\/wp-json\/wp\/v2\/pages\/335","targetHints":{"allow":["GET"]}}],"collection":[{"href":"https:\/\/tosteliit.ee\/en\/wp-json\/wp\/v2\/pages"}],"about":[{"href":"https:\/\/tosteliit.ee\/en\/wp-json\/wp\/v2\/types\/page"}],"author":[{"embeddable":true,"href":"https:\/\/tosteliit.ee\/en\/wp-json\/wp\/v2\/users\/1"}],"replies":[{"embeddable":true,"href":"https:\/\/tosteliit.ee\/en\/wp-json\/wp\/v2\/comments?post=335"}],"version-history":[{"count":13,"href":"https:\/\/tosteliit.ee\/en\/wp-json\/wp\/v2\/pages\/335\/revisions"}],"predecessor-version":[{"id":4338,"href":"https:\/\/tosteliit.ee\/en\/wp-json\/wp\/v2\/pages\/335\/revisions\/4338"}],"wp:attachment":[{"href":"https:\/\/tosteliit.ee\/en\/wp-json\/wp\/v2\/media?parent=335"}],"curies":[{"name":"wp","href":"https:\/\/api.w.org\/{rel}","templated":true}]}}