{"id":3469,"date":"2024-12-10T08:06:03","date_gmt":"2024-12-10T08:06:03","guid":{"rendered":"https:\/\/tosteliit.ee\/?page_id=3469"},"modified":"2025-12-31T08:37:17","modified_gmt":"2025-12-31T08:37:17","slug":"kalender-2025","status":"publish","type":"page","link":"https:\/\/tosteliit.ee\/en\/kalender-2025\/","title":{"rendered":"Kalender 2025"},"content":{"rendered":"<p><strong>ETL 2025. a&nbsp; v\u00f5istluskalender<\/strong><em><strong><em><br>NB! Kui soovite kalendrisse v\u00f5istlusi lisada, siis palun tehke seda hiljemalt 2 n\u00e4dalat enne v\u00f5istluse toimumist, saates kirjalikult v\u00f5istluse nime, toimumise kuup\u00e4eva ja koha (v\u00f5imalusel ka juhendi) aadressile info@etl.ee. Kui v\u00f5istlust kalendris ei ole, siis selle tulemusi ei arvestata.&nbsp;<\/em><\/strong><\/em><\/p>\n\n\n\n<div class=\"wp-block-file\"><\/div>\n\n\n\n<figure class=\"wp-block-table is-style-stripes\"><table><tbody><tr><td>AEG<\/td><td>V\u00d5ISTLUSE NIMETUS<\/td><td>KOHT<\/td><td>JUHEND<\/td><td>PROTOKOLL<\/td><\/tr><tr><td><strong>JAANUAR<\/strong><\/td><td><\/td><td><\/td><td><\/td><td><\/td><\/tr><tr><td>11<\/td><td>IX Kalev Pensa m\u00e4lestusv\u00f5istlus<\/td><td>Melliste<\/td><td><a href=\"https:\/\/tosteliit.ee\/wp-content\/uploads\/2024\/12\/juhend_KalevPensa-IX-Malestusvoistlused-2025.doc\">JUHEND<\/a><\/td><td><a href=\"https:\/\/tosteliit.ee\/wp-content\/uploads\/2025\/01\/Kalev-Pensa-IX-MV1.xls\">Grupid<\/a><br><a href=\"https:\/\/tosteliit.ee\/wp-content\/uploads\/2025\/01\/Kalev-Pensa-IX-MV_protokoll.xls\">PROTOKOLL<\/a><\/td><\/tr><tr><td>11<\/td><td>Tartumaa meistriv\u00f5istlused t\u00f5stmises<\/td><td>Melliste<\/td><td><a href=\"https:\/\/tosteliit.ee\/wp-content\/uploads\/2024\/12\/juhend_250111_Tartumaa-MV-2025.pdf\">JUHEND<\/a><\/td><td><a href=\"https:\/\/tosteliit.ee\/wp-content\/uploads\/2025\/01\/Tartumaa-2025-a-Lahtised-Meistrivoistlused-tostespordis.xls\">PROTOKOLL<\/a><\/td><\/tr><tr><td>12<\/td><td>EADSE antidopingu koolitus<\/td><td>Tammiku<\/td><td><a href=\"https:\/\/tosteliit.ee\/wp-content\/uploads\/2024\/12\/EADSE-antidoping-20251.pdf\">INFO<\/a><\/td><td><\/td><\/tr><tr><td>17-19<\/td><td>\u017demaitijos Taure 2025<\/td><td>Tel\u0161iai, LTU<\/td><td><a href=\"https:\/\/tosteliit.ee\/wp-content\/uploads\/2025\/01\/ZEMAITIJOS-TAURE-2025-angliskai.doc\">JUHEND<\/a><\/td><td><a href=\"https:\/\/tosteliit.ee\/wp-content\/uploads\/2025\/01\/Zemaitijos-taure-Telsiai-2025-m.pdf\">PROTOKOLL<\/a><\/td><\/tr><tr><td>18-19, 26<\/td><td>EKR 3 erialane tasemekoolitus <\/td><td>Tartu<\/td><td><a href=\"https:\/\/tosteliit.ee\/wp-content\/uploads\/2025\/01\/EKR-3_2025_kevad2.pdf\">INFO<\/a><\/td><td><\/td><\/tr><tr><td><strong>25<\/strong><\/td><td><strong>Lahtised EMV veteranid<\/strong><\/td><td>Aravete<\/td><td><a href=\"https:\/\/tosteliit.ee\/wp-content\/uploads\/2025\/01\/aravete-kang-2025-juhend.pdf\">JUHEND<\/a><\/td><td><a href=\"https:\/\/tosteliit.ee\/wp-content\/uploads\/2025\/01\/AJAKAVA-25.01.2025-Aravete.pdf\">Ajakava<\/a><br><a href=\"https:\/\/tosteliit.ee\/wp-content\/uploads\/2025\/01\/Grupid-25.01.2025-Aravete.pdf\">Grupid<\/a><\/td><\/tr><tr><td>25<\/td><td>16.Mati Kulmu m\u00e4lestusv\u00f5istlused t\u00f5stmises<\/td><td>Aravete<\/td><td>vt EMV juhend<\/td><td><a href=\"https:\/\/tosteliit.ee\/wp-content\/uploads\/2025\/01\/Aravete-protokoll-25.01.2025_loplik.xlsx\">PROTOKOLL<\/a><\/td><\/tr><tr><td><strong>VEEBRUAR<\/strong><\/td><td><\/td><td><\/td><td><\/td><td><\/td><\/tr><tr><td>1<\/td><td>Eesti CrossFit filiaalide meistriv\u00f5istlused t\u00f5stmises<\/td><td>Tartu<\/td><td><\/td><td><a href=\"https:\/\/tosteliit.ee\/wp-content\/uploads\/2025\/01\/ECF-Meistrivoistlused-Tostmises-2025-protokoll.docx.xlsx.xlsx\">Osalejad<\/a><br><a href=\"https:\/\/tosteliit.ee\/wp-content\/uploads\/2025\/02\/ECF-Meistrivoistlused-Tostmises-2025_protokoll.docx.xlsx.xlsx\">PROTOKOLL<\/a><\/td><\/tr><tr><td>16<\/td><td>REVISJON<\/td><td>Tartu<\/td><td><\/td><td><\/td><\/tr><tr><td>16<\/td><td>2024.a parimate autasustamine<\/td><td>Tartu<\/td><td><a href=\"https:\/\/tosteliit.ee\/wp-content\/uploads\/2025\/02\/ETL-parimad-2024.pdf\">INFO<\/a><\/td><td><\/td><\/tr><tr><td>21<\/td><td>Viljandimaa koolinoorte MV t\u00f5stmises 2025<\/td><td>Olustvere<\/td><td><a href=\"https:\/\/tosteliit.ee\/wp-content\/uploads\/2025\/01\/Tostmise-juhend.pdf\">JUHEND<\/a><\/td><td><a href=\"https:\/\/tosteliit.ee\/wp-content\/uploads\/2025\/02\/Viljandimaa-koolinoorte-MV-tostmises-2025.xls\">PROTOKOLL*<\/a><br>puuduvad kval. kohtunikud<\/td><\/tr><tr><td>28<\/td><td>V.Petrovs Cup<\/td><td>Daugavpils, LAT<\/td><td><a href=\"https:\/\/tosteliit.ee\/wp-content\/uploads\/2025\/01\/Petrova-kauss-Svarcelsanas-nolikums-2025.doc\">JUHEND<\/a><\/td><td><a href=\"https:\/\/tosteliit.ee\/wp-content\/uploads\/2025\/03\/Petrova-kauss-2025-Protokols.pdf\">PROTOKOLL<\/a><\/td><\/tr><tr><td><strong>M\u00c4RTS<\/strong><\/td><td><\/td><td><\/td><td><\/td><td><\/td><\/tr><tr><td><strong>1<\/strong><\/td><td><strong>ETL PRESIDENDIVALIMISED<\/strong><\/td><td>Tartu<\/td><td><a href=\"https:\/\/tosteliit.ee\/wp-content\/uploads\/2025\/02\/ETL-uldkoosolek-01.03.2025.pdf\">INFO<\/a><\/td><td><\/td><\/tr><tr><td><strong>8<\/strong><\/td><td><strong>Eesti meistriv\u00f5istlused<\/strong><\/td><td>Tallinn<\/td><td><a href=\"https:\/\/tosteliit.ee\/wp-content\/uploads\/2025\/02\/EMV-taisk-2025_juhend1.pdf\">JUHEND<\/a><\/td><td><a href=\"https:\/\/tosteliit.ee\/wp-content\/uploads\/2025\/03\/EMV-eelreg-2025_01.03.25.pdf\">Eelreg. sportlased<\/a><br><a href=\"https:\/\/tosteliit.ee\/wp-content\/uploads\/2025\/03\/EMV-eelreg-2025_04.03.25-EMV-eelreg-04.03.25-seisuga1.pdf\">Grupid &amp; ajakava<\/a><br><a href=\"https:\/\/tosteliit.ee\/wp-content\/uploads\/2025\/03\/EMV-Protokoll_loplik-2025.xls\">PROTOKOLLL<\/a><\/td><\/tr><tr><td><strong>8<\/strong><\/td><td><strong>Eesti meistriv\u00f5istlused \u00fcksikt\u00f5stetes<\/strong><\/td><td>Tallinn<\/td><td><\/td><td><\/td><\/tr><tr><td>15-16<\/td><td>TARPTAUTINIO SUNKIOSIOS ATLETIKOS TURNYRO<\/td><td>Tel\u0161iai, LTU<\/td><td><a href=\"https:\/\/tosteliit.ee\/wp-content\/uploads\/2025\/02\/TSRC-sunkiosios-atletikos-nuostatai-2025.pdf\">JUHEND<\/a><\/td><td><a href=\"https:\/\/tosteliit.ee\/wp-content\/uploads\/2025\/03\/TSRC-taure-2025m.pdf\">PROTOKOLL<\/a><\/td><\/tr><tr><td>22<\/td><td>XII A.R.Laane m\u00e4lestusv\u00f5istlus. J\u00e4rvamaa MV<\/td><td>Albu<\/td><td><a href=\"https:\/\/tosteliit.ee\/wp-content\/uploads\/2025\/02\/Juhend.-XII-A.R.Laane-malestusvoistlus.-Jarvamaa-MV-tostmises-2025.pdf\">JUHEND<\/a><\/td><td><a href=\"https:\/\/tosteliit.ee\/wp-content\/uploads\/2025\/03\/XII-A.R.-Laane-mv.-2025-viimane.xls\">Reg.sportlased<\/a><br><a href=\"https:\/\/tosteliit.ee\/wp-content\/uploads\/2025\/03\/XII-A.R.-Laane-mv.-2025-loplik.xls\">PROTOKOLL<\/a><\/td><\/tr><tr><td>22<\/td><td>Tartumaa koolinoorte MV<\/td><td>Tartu<\/td><td><a href=\"https:\/\/tosteliit.ee\/wp-content\/uploads\/2025\/02\/Tartumaa-koolinoorte-MV-2025-juhend.pdf\">JUHEND<\/a><\/td><td><a href=\"https:\/\/tosteliit.ee\/wp-content\/uploads\/2025\/03\/Tartumaa-koolinoorte-MV-2025_protokoll.xls\">PROTOKOLL<\/a><\/td><\/tr><tr><td>29<\/td><td>Rapla Maakonna Meistriv\u00f5istlused T\u00f5stmises 2025<\/td><td>Rapla<\/td><td><a href=\"https:\/\/tosteliit.ee\/wp-content\/uploads\/2025\/02\/Rapla-MV-tostmises-2025a.-juhend.pdf\">JUHEND<\/a><\/td><td><a href=\"https:\/\/tosteliit.ee\/wp-content\/uploads\/2025\/03\/Rapla-MV-Tostmises-29-marts-2025.a-Sadolini-Spordihoones_loplik.xlsx\">PROTOKOLL<\/a><br>*puuduvad kval. kohtunikud<\/td><\/tr><tr><td>29-30<\/td><td>EKR 4-5 tasemekoolitus 1.osa<\/td><td>Olustvere<\/td><td><a href=\"https:\/\/tosteliit.ee\/wp-content\/uploads\/2025\/03\/EKR-4-1.osa-29.-30.03.2025-Olustvere.pdf\">INFO<\/a><\/td><td>J\u00c4\u00c4B \u00c4RA!<\/td><\/tr><tr><td><strong>APRILL<\/strong><\/td><td><\/td><td><\/td><td><\/td><td><\/td><\/tr><tr><td><strong>5<\/strong><\/td><td><strong>U13 Eesti meistriv\u00f5istlused<\/strong><\/td><td>Tartu<\/td><td><a href=\"https:\/\/tosteliit.ee\/wp-content\/uploads\/2025\/03\/U13-EMV-juhend-2015.pdf\">JUHEND<\/a><\/td><td><a href=\"https:\/\/tosteliit.ee\/wp-content\/uploads\/2025\/03\/U13-EMV-eelreg-2025-Leht11.pdf\">Reg.sportlased<\/a><br><a href=\"https:\/\/tosteliit.ee\/wp-content\/uploads\/2025\/04\/U13-EMV-eelreg-2025-Leht13.pdf\">Grupid &amp; ajakava<\/a><br><a href=\"https:\/\/tosteliit.ee\/wp-content\/uploads\/2025\/04\/U13-EMV-protokoll-2025.xls\">PROTOKOLL<\/a><\/td><\/tr><tr><td>5<\/td><td>XXVII Soroksar Cup<\/td><td>Budapest, HUN<\/td><td><\/td><td><a href=\"https:\/\/tosteliit.ee\/wp-content\/uploads\/2025\/04\/XXVI_Soroksar_Cup_Protokoll_2025.pdf\">PROTOKOLL<\/a><\/td><\/tr><tr><td>13-21<\/td><td>Euroopa meistriv\u00f5istlused<\/td><td>Moldova<\/td><td><a href=\"https:\/\/tosteliit.ee\/wp-content\/uploads\/2025\/01\/2025-EWC-REGULATIONS.pdf\" data-type=\"attachment\" data-id=\"3590\">JUHEND<\/a><\/td><td><a href=\"https:\/\/ewf.sport\/wp-content\/uploads\/2025\/04\/MDA_2025_Results_Book-2_compressed.pdf\">RESULTS BOOK<\/a><\/td><\/tr><tr><td><strong>26<\/strong><\/td><td><strong>U17 Eesti meistriv\u00f5istlused<\/strong><\/td><td>Melliste<\/td><td><a href=\"https:\/\/tosteliit.ee\/wp-content\/uploads\/2025\/03\/U17-EMV-juhend-2025.pdf\">JUHEND<\/a><\/td><td><a href=\"https:\/\/tosteliit.ee\/wp-content\/uploads\/2025\/04\/U17-EMV-eelreg-2025-Leht1.pdf\">Reg.sportlased<\/a><br><a href=\"https:\/\/tosteliit.ee\/wp-content\/uploads\/2025\/04\/U17-EMV-eelreg-2025-22042025.pdf\">Grupid&amp;ajakava<\/a><br><a href=\"https:\/\/tosteliit.ee\/wp-content\/uploads\/2025\/04\/U17-EMV-protokoll-loplik.xls\">PROTOKOLL<\/a><\/td><\/tr><tr><td><\/td><td>,, Vja\u010deslava Kirjanova piemi\u0146as kauss\u201d<\/td><td>Balvi, LAT<\/td><td><\/td><td><\/td><\/tr><tr><td>30.04-6.05<\/td><td>Noorte ja juunioride maailmameistriv\u00f5istlused<\/td><td>Lima, PER<\/td><td><\/td><td><\/td><\/tr><tr><td><strong>MAI<\/strong><\/td><td><\/td><td><\/td><td><\/td><td><\/td><\/tr><tr><td>30.04-6.05<\/td><td>Noorte ja juunioride maailmameistriv\u00f5istlused<\/td><td>Lima, PER<\/td><td><\/td><td><\/td><\/tr><tr><td>2-10<\/td><td>Europen Masters Championships<\/td><td>ALB<\/td><td><\/td><td><\/td><\/tr><tr><td>10<\/td><td>J\u00f5hvi Valla ja A.Rumjantsevi m\u00e4lestusv\u00f5istlus<\/td><td>Tammiku<\/td><td><a href=\"https:\/\/tosteliit.ee\/wp-content\/uploads\/2025\/03\/SPORDIKLUBI-EDU-juhend-2025-1.docx\">JUHEND<\/a><\/td><td><a href=\"https:\/\/tosteliit.ee\/wp-content\/uploads\/2025\/05\/UTF-82024_voistlusprotokoll_uuendatud-1.xls\">Reg.sportlased&amp;grupid<\/a><br><a href=\"https:\/\/tosteliit.ee\/wp-content\/uploads\/2025\/05\/UTF-8A.Rumjantsevi-mv.-2025-voistlusprotokoll-2.xls\">PROTOKOLL<\/a><\/td><\/tr><tr><td>11<\/td><td>ETL kutsekomisjon (kevad) <\/td><td>Tartu<\/td><td><\/td><td>J\u00e4releksam 25.05<\/td><\/tr><tr><td>17<\/td><td>Helsinki Open<\/td><td>Helsinki, FIN<\/td><td><a href=\"https:\/\/painonnosto.fi\/tapahtuma\/helsinki-open-kansainvalinen-kilpailu-herakles-2\/\">JUHEND<\/a><\/td><td><a href=\"https:\/\/painonnosto.fi\/helsinki-open-kansainvalinen-kilpailu-herakles-2\/\">TULEMUSED<\/a><\/td><\/tr><tr><td>30<\/td><td>Sakala Suvem\u00e4ngud<\/td><td>Abja-Paluoja<\/td><td><a href=\"https:\/\/tosteliit.ee\/wp-content\/uploads\/2025\/05\/XVI-Sakala-Suvemangude-tostmise-juhend.odt\">JUHEND<\/a><\/td><td><a href=\"https:\/\/tosteliit.ee\/wp-content\/uploads\/2025\/06\/Sakala-mangude-tostmine-30.05.2025.-Voistlusprotokoll.xls\">PROTOKOLL<\/a><\/td><\/tr><tr><td><strong>JUUNI<\/strong><\/td><td><\/td><td><\/td><td><\/td><td><\/td><\/tr><tr><td>13-15<\/td><td>XXIII Albu Cup &amp; Ennu Kotkase m\u00e4lestusv\u00f5istlus<\/td><td>Albu<\/td><td><a href=\"https:\/\/tosteliit.ee\/wp-content\/uploads\/2025\/05\/UTF-8XXIII-ALBU-CUP-2025-juhend.pdf\">JUHEND<\/a><br><a href=\"https:\/\/tosteliit.ee\/wp-content\/uploads\/2025\/06\/albu_cup_tostmises_2025-scaled.jpg\">Poster<\/a><\/td><td><a href=\"https:\/\/tosteliit.ee\/wp-content\/uploads\/2025\/06\/XXIII-ALBU-CUP-2025-Eelregist.-viimane.xls\">Grupid&amp;ajakava<\/a><br><a href=\"https:\/\/tosteliit.ee\/wp-content\/uploads\/2025\/07\/XXIII-ALBU-CUP-2025-loplik_MUUDETUD.xls\">PROTOKOLL <\/a>(muudetud)<br><\/td><\/tr><tr><td><strong>JUULI<\/strong><\/td><td><\/td><td><\/td><td><\/td><td><\/td><\/tr><tr><td>23-30<\/td><td>U15 &amp; U17 Euroopa meistriv\u00f5istlused<\/td><td>Madrid, ESP<\/td><td><a href=\"https:\/\/tosteliit.ee\/wp-content\/uploads\/2025\/05\/EWF-Draft-Regulations-v0.1-2.pdf\">JUHEND<\/a><\/td><td><\/td><\/tr><tr><td><strong>AUGUST<\/strong><\/td><td><\/td><td><\/td><td><\/td><td><\/td><\/tr><tr><td>8-10<\/td><td>Ludza City Cup<\/td><td>Ludza, LAT<\/td><td><a href=\"https:\/\/tosteliit.ee\/wp-content\/uploads\/2025\/06\/Ludza-cup2.docx\">JUHEND<\/a><\/td><td><a href=\"https:\/\/tosteliit.ee\/wp-content\/uploads\/2025\/08\/ludzas_20kauss_2025.xlsx\">PROTOKOLL<\/a><\/td><\/tr><tr><td>31<\/td><td>Tier 3 British Weightlifting Competition<\/td><td>UK<\/td><td><\/td><td><a href=\"https:\/\/tosteliit.ee\/wp-content\/uploads\/2025\/10\/Score_2025-08-31-1.xlsx\">PROTOKOLL<\/a><\/td><\/tr><tr><td><strong>SEPTEMBER<\/strong><\/td><td><\/td><td><\/td><td><\/td><td><\/td><\/tr><tr><td>4-13<\/td><td>Masters MM<\/td><td>Las Vegas, USA<\/td><td><\/td><td><\/td><\/tr><tr><td>4-8<\/td><td>35th International Tournament in Panevezys<\/td><td>Paneve\u017eis, LTU<\/td><td><a href=\"https:\/\/tosteliit.ee\/wp-content\/uploads\/2025\/08\/35-TART-TURNYRO-NUOST2025090408.pdf\">JUHEND<\/a><\/td><td><a href=\"https:\/\/tosteliit.ee\/wp-content\/uploads\/2025\/10\/35-turnyras-protokolai-2025090506.pdf\">PROTOKOLL<\/a><\/td><\/tr><tr><td><strong>OKTOOBER<\/strong><\/td><td><\/td><td><\/td><td><\/td><td><\/td><\/tr><tr><td><strong>4<\/strong><\/td><td><strong>U15 Eesti meistriv\u00f5istlused<\/strong><\/td><td>Tartu<\/td><td><a href=\"https:\/\/tosteliit.ee\/wp-content\/uploads\/2025\/09\/U15-EMV-VOISTLUSJUHEND-2025.pdf\">JUHEND<\/a><\/td><td><a href=\"https:\/\/tosteliit.ee\/wp-content\/uploads\/2025\/09\/U15-EMV-eelreg-2025-Leht1.pdf\">Reg.sportlased<\/a><br><a href=\"https:\/\/tosteliit.ee\/wp-content\/uploads\/2025\/10\/U15-EMV-nimekiri-2025-Leht11.pdf\">Ajakava<\/a><br><a href=\"https:\/\/tosteliit.ee\/wp-content\/uploads\/2025\/10\/2025-U15-EMV.xls\">PROTOKOLL<\/a><\/td><\/tr><tr><td>4<\/td><td>Tartu linna MV t\u00f5stmises<\/td><td>Tartu<\/td><td><a href=\"https:\/\/tosteliit.ee\/wp-content\/uploads\/2025\/09\/Tartu-linna-MV-2025-juhend1.pdf\">JUHEND<\/a><\/td><td><a href=\"https:\/\/tosteliit.ee\/wp-content\/uploads\/2025\/10\/Tartu-linna-MV-reg-2025-Leht11.pdf\">Grupid &amp; ajakava<\/a><br><a href=\"https:\/\/tosteliit.ee\/wp-content\/uploads\/2025\/10\/Tartu-linna-MV-2025-kehakaalud.xls\">PROTOKOLL<\/a><\/td><\/tr><tr><td>10-12<\/td><td>\u00d5-T kogunemine<\/td><td>K\u00e4\u00e4riku<\/td><td><\/td><td><\/td><\/tr><tr><td>11<\/td><td>J\u00f5hvi valla lahtised MV<\/td><td>Tammiku<\/td><td><a href=\"https:\/\/tosteliit.ee\/wp-content\/uploads\/2025\/08\/juhend-11.10.2025.odt\" data-type=\"attachment\" data-id=\"3972\">JUHEND<\/a><\/td><td><a href=\"https:\/\/tosteliit.ee\/wp-content\/uploads\/2025\/10\/Johvi-valla-MV-2025.xls\">Reg.sportlased<\/a><br><a href=\"https:\/\/tosteliit.ee\/wp-content\/uploads\/2025\/10\/Johvi-valla-MV-2025-2.xls\">PROTOKOLL<\/a><\/td><\/tr><tr><td>16<\/td><td>Rahvusvaheline raskej\u00f5ustikup\u00e4ev<\/td><td><\/td><td><\/td><td><\/td><\/tr><tr><td>24-26<\/td><td>Klaipeda Grand Prix<\/td><td>Klaipeda, LTU<\/td><td><a href=\"https:\/\/tosteliit.ee\/wp-content\/uploads\/2025\/10\/2025-Grand-Prix-Klaipeda-regulations.pdf\">JUHEND<\/a><\/td><td><a href=\"https:\/\/tosteliit.ee\/wp-content\/uploads\/2025\/10\/Grand-Prix-2025-Klaipeda_PROTOKOLAS.pdf\">PROTOKOLL<\/a><\/td><\/tr><tr><td>25<\/td><td>XXXVIII Tartumaa Suurmeistrite nimeline KV<\/td><td>Melliste<\/td><td><a href=\"https:\/\/tosteliit.ee\/wp-content\/uploads\/2025\/06\/XXXVIII_Tartumaa_SM_KV_2025_JUHEND_EST.doc\">JUHEND<\/a><\/td><td><a href=\"https:\/\/tosteliit.ee\/wp-content\/uploads\/2025\/10\/XXXVIII-Tartumaa-Suurmeistrite-nimelise-karikavoistluse-ajakava-ja-osalejate-nimekiri.docx\">Ajakava &amp; grupid<\/a><br><a href=\"https:\/\/tosteliit.ee\/wp-content\/uploads\/2025\/10\/38.-SMKV-1.xls\">PROTOKOLL<\/a><\/td><\/tr><tr><td>28.10-04.11<\/td><td>U20 &amp; U23 Euroopa meistriv\u00f5istlused<\/td><td>Tirana, ALB<\/td><td><a href=\"https:\/\/ewf.sport\/2025\/08\/14\/durres-to-host-2025-european-junior-u23-weightlifting-championships\/\">JUHEND<\/a><\/td><td><a href=\"https:\/\/ewf.sport\/2025\/08\/14\/durres-to-host-2025-european-junior-u23-weightlifting-championships\/\">Final entry<\/a><\/td><\/tr><tr><td>2-11<\/td><td>Maailmameistriv\u00f5istlused<\/td><td>Frode, NOR<\/td><td><\/td><td><\/td><\/tr><tr><td><strong>NOVEMBER<\/strong><\/td><td><\/td><td><\/td><td><\/td><td><\/td><\/tr><tr><td><strong>1<\/strong><\/td><td><strong>U20 Eesti meistriv\u00f5istlused<\/strong><\/td><td>Valga<\/td><td><a href=\"https:\/\/tosteliit.ee\/wp-content\/uploads\/2025\/10\/U20-EMV-2025.pdf\">JUHEND<\/a><\/td><td><a href=\"https:\/\/tosteliit.ee\/wp-content\/uploads\/2025\/10\/U20-EMV-nimekiri-2025-Leht1.pdf\">Reg,sportlased<\/a><br><a href=\"https:\/\/tosteliit.ee\/wp-content\/uploads\/2025\/10\/EMV-U20-grupid-1.xls\">Grupid&amp;ajakava<\/a><br><a href=\"https:\/\/tosteliit.ee\/wp-content\/uploads\/2025\/11\/EMV-U20-protokoll-2025.xls\">PROTOKOLL<\/a><\/td><\/tr><tr><td>1<\/td><td>XXV Alfred Neulandi m\u00e4lestusv\u00f5istlus<\/td><td>Valga<\/td><td><a href=\"https:\/\/tosteliit.ee\/wp-content\/uploads\/2025\/10\/XXV-A.Neuland2025.docx.pdf\">JUHEND<\/a><\/td><td><a href=\"https:\/\/tosteliit.ee\/wp-content\/uploads\/2025\/11\/Neulandi-mal.voistlus-2025.xls\">PROTOKOLL<\/a><\/td><\/tr><tr><td>14-16<\/td><td>\u00d5-T kogunemine<\/td><td>K\u00e4\u00e4riku<\/td><td><\/td><td><\/td><\/tr><tr><td>15<\/td><td>EKR 4-5 tasemekoolitus, 1.osa <\/td><td>K\u00e4\u00e4riku<\/td><td><\/td><td><\/td><\/tr><tr><td>22-23<\/td><td>Leedu v\u00f5istlus<\/td><td><\/td><td><a href=\"https:\/\/tosteliit.ee\/wp-content\/uploads\/2025\/11\/Druskininkai-nuostatai.pdf\">JUHEND<\/a><\/td><td><\/td><\/tr><tr><td>29<\/td><td>Tallinna meistriv\u00f5istlused<\/td><td>Tallinn<\/td><td><a href=\"https:\/\/tosteliit.ee\/wp-content\/uploads\/2025\/11\/Lahtised-Tallinna-MV-tostmises-20251.pdf\">JUHEND<\/a><\/td><td><a href=\"https:\/\/tosteliit.ee\/wp-content\/uploads\/2025\/11\/Grupid-29.11.2025.docx\">Grupid&amp;ajakava<\/a><br><a href=\"https:\/\/tosteliit.ee\/wp-content\/uploads\/2025\/12\/PROTOKOLL-Tallinna-lahtised-MV-2025.xlsx\">PROTOKOLL<\/a><\/td><\/tr><tr><td><strong>29<\/strong><\/td><td><strong>Eesti v\u00f5istkondlikud meistriv\u00f5istlused <\/strong><\/td><td>Tallinn<\/td><td><a href=\"https:\/\/tosteliit.ee\/wp-content\/uploads\/2025\/11\/EMV-voistkondlik-juhend_2025.pdf\">JUHEND<\/a><\/td><td><a href=\"https:\/\/tosteliit.ee\/wp-content\/uploads\/2025\/11\/Voistkondlik-EMV-2025-Tallinn-Leht2.pdf\">Reg.sportlased<\/a><br><a href=\"https:\/\/tosteliit.ee\/wp-content\/uploads\/2025\/11\/Grupid-29.11.2025.docx\">Grupid&amp;ajakava<\/a><br><a href=\"https:\/\/tosteliit.ee\/wp-content\/uploads\/2025\/12\/PROTOKOLL-Voistkondlikud-EMV-2025.xlsx\">PROTOKOLL<\/a><\/td><\/tr><tr><td><strong>DETSEMBER<\/strong><\/td><td><\/td><td><\/td><td><\/td><td><\/td><\/tr><tr><td>7<\/td><td>ETL kutsekomisjon <\/td><td>Tartu<\/td><td><\/td><td><\/td><\/tr><tr><td>12-14<\/td><td>\u00d5-T kogunemine<\/td><td>K\u00e4\u00e4riku<\/td><td><\/td><td><\/td><\/tr><tr><td>17-18<\/td><td>XIX Roki\u0161ki rajooni MV<\/td><td>LTU<\/td><td><a href=\"https:\/\/tosteliit.ee\/wp-content\/uploads\/2025\/11\/Nuostatai-.pdf\">JUHEND<\/a><\/td><td><a href=\"https:\/\/tosteliit.ee\/wp-content\/uploads\/2025\/12\/Rokiskio-surio-2025.xlsm-1-1-3-1-1-12.ods\">PROTOKOLL<\/a><\/td><\/tr><tr><td>20<\/td><td>Lahtised Leedu MV masters klassis<\/td><td>LTU<\/td><td><\/td><td><\/td><\/tr><tr><td>19-21<\/td><td>Vecgada kauss\/New Years Cup<\/td><td>Dobele, LAT<\/td><td><a href=\"https:\/\/tosteliit.ee\/wp-content\/uploads\/2025\/11\/Regulations-Vecgada-kauss-2025.pdf\">JUHEND<\/a><\/td><td><a href=\"https:\/\/tosteliit.ee\/wp-content\/uploads\/2025\/12\/Vecgada-kauss-2025-rezultati.xlsx\">PROTOKOLL<\/a><\/td><\/tr><tr><td><\/td><td>Oder Pokal<\/td><td>GER, Frankfurt in Oder<\/td><td><\/td><td><\/td><\/tr><\/tbody><\/table><\/figure>\n\n\n\n<p><\/p>","protected":false},"excerpt":{"rendered":"<p>ETL 2025. a&nbsp; v\u00f5istluskalenderNB! Kui soovite kalendrisse v\u00f5istlusi lisada, siis palun tehke seda hiljemalt 2 n\u00e4dalat enne v\u00f5istluse toimumist, saates kirjalikult v\u00f5istluse nime, toimumise kuup\u00e4eva ja koha (v\u00f5imalusel ka juhendi) aadressile info@etl.ee. Kui v\u00f5istlust kalendris ei ole, siis selle tulemusi ei arvestata.&nbsp; AEG V\u00d5ISTLUSE NIMETUS KOHT JUHEND PROTOKOLL JAANUAR 11 IX Kalev Pensa m\u00e4lestusv\u00f5istlus Melliste [&hellip;]<\/p>\n","protected":false},"author":1,"featured_media":0,"parent":0,"menu_order":0,"comment_status":"closed","ping_status":"closed","template":"","meta":{"_mc_calendar":[],"footnotes":""},"class_list":["post-3469","page","type-page","status-publish","hentry","entry"],"_links":{"self":[{"href":"https:\/\/tosteliit.ee\/en\/wp-json\/wp\/v2\/pages\/3469","targetHints":{"allow":["GET"]}}],"collection":[{"href":"https:\/\/tosteliit.ee\/en\/wp-json\/wp\/v2\/pages"}],"about":[{"href":"https:\/\/tosteliit.ee\/en\/wp-json\/wp\/v2\/types\/page"}],"author":[{"embeddable":true,"href":"https:\/\/tosteliit.ee\/en\/wp-json\/wp\/v2\/users\/1"}],"replies":[{"embeddable":true,"href":"https:\/\/tosteliit.ee\/en\/wp-json\/wp\/v2\/comments?post=3469"}],"version-history":[{"count":138,"href":"https:\/\/tosteliit.ee\/en\/wp-json\/wp\/v2\/pages\/3469\/revisions"}],"predecessor-version":[{"id":4283,"href":"https:\/\/tosteliit.ee\/en\/wp-json\/wp\/v2\/pages\/3469\/revisions\/4283"}],"wp:attachment":[{"href":"https:\/\/tosteliit.ee\/en\/wp-json\/wp\/v2\/media?parent=3469"}],"curies":[{"name":"wp","href":"https:\/\/api.w.org\/{rel}","templated":true}]}}