{"id":3618,"date":"2025-01-16T11:44:19","date_gmt":"2025-01-16T11:44:19","guid":{"rendered":"https:\/\/tosteliit.ee\/?page_id=3618"},"modified":"2025-01-16T11:44:19","modified_gmt":"2025-01-16T11:44:19","slug":"sinclair-2024","status":"publish","type":"page","link":"https:\/\/tosteliit.ee\/en\/sinclair-2024\/","title":{"rendered":"Sinclair 2024"},"content":{"rendered":"<p><strong>Eesti Sinclairi edetabel 2024<\/strong> <br>seisuga 31.12.2024 (va masters MM)<\/p>\n\n\n\n<p><strong>NAISED<\/strong><\/p>\n\n\n\n<figure class=\"wp-block-table is-style-stripes\"><table><tbody><tr><td>1<\/td><td>Eliise Peterson<\/td><td>07.04.1992<\/td><td>Sparta<\/td><td>253,15<\/td><\/tr><tr><td>2<\/td><td>Una Bassila<\/td><td>1994<\/td><td>Sparta<\/td><td>226,46<\/td><\/tr><tr><td>3<\/td><td>Mona Saar<\/td><td>04.05.2002<\/td><td>M\u00e4ksa<\/td><td>213,12<\/td><\/tr><tr><td>4<\/td><td>Jana Kesvatera<\/td><td>06.05.1992<\/td><td>Must CrossFit<\/td><td>192,36<\/td><\/tr><tr><td>5<\/td><td>Merit Mandel<\/td><td>03.08.1986<\/td><td>Individuaal<\/td><td>190,53<\/td><\/tr><tr><td>6<\/td><td>Triin P\u00f5dersoo<\/td><td>24.10.1990<\/td><td>J\u00f5ud Junior<\/td><td>186,47<\/td><\/tr><tr><td>7<\/td><td>Jekaterina Gritsinina<\/td><td>09.01.1995<\/td><td>Sparta<\/td><td>186,05<\/td><\/tr><tr><td>8<\/td><td>Emely Raud<\/td><td>31.03.2006<\/td><td>Edu<\/td><td>185,64<\/td><\/tr><tr><td>9<\/td><td>Gerlyn M\u00e4epea<\/td><td>20.05.1993<\/td><td>Sparta<\/td><td>182,98<\/td><\/tr><tr><td>10<\/td><td>Claudia Casagrande<\/td><td>15.04.1996<\/td><td>Sparta<\/td><td>177,89<\/td><\/tr><tr><td>11<\/td><td>Jevgenia Ar\u0161avskaja<\/td><td>12.12.1985<\/td><td>SK Albatros<\/td><td>173,21<\/td><\/tr><tr><td>12<\/td><td>Piia Liisa K\u00fcnnapas<\/td><td>02.03.2001<\/td><td>Crossfit Tartu<\/td><td>169,16<\/td><\/tr><tr><td>13<\/td><td>Inger Iris Prants<\/td><td>15.07.2009<\/td><td>Vargam\u00e4e<\/td><td>166,60<\/td><\/tr><tr><td>14<\/td><td>Darja Ivanova<\/td><td>2002<\/td><td>Edu<\/td><td>163,97<\/td><\/tr><tr><td>15<\/td><td>Kristiin Oja<\/td><td>27.12.1984<\/td><td>Sparta<\/td><td>163,89<\/td><\/tr><tr><td>16<\/td><td>Maria Lupan<\/td><td>17.08.2006<\/td><td>Sparta<\/td><td>162,79<\/td><\/tr><tr><td>17<\/td><td>Ann Helen Eelmets<\/td><td>25.10.2006<\/td><td>Sparta<\/td><td>162,47<\/td><\/tr><tr><td>18<\/td><td>Ingela Jalast<\/td><td>24.02.1991<\/td><td>SK Vargam\u00e4e<\/td><td>161,46<\/td><\/tr><tr><td>19<\/td><td>Alice Trei<\/td><td>2008<\/td><td>Sparta<\/td><td>158,30<\/td><\/tr><tr><td>20<\/td><td>Maria K\u00f5lamets<\/td><td>2004<\/td><td>Individuaal<\/td><td>155,7<\/td><\/tr><tr><td>21<\/td><td>Eva Liudvinaviciute<\/td><td>23.08.2007<\/td><td>Sparta<\/td><td>152,42<\/td><\/tr><tr><td>22<\/td><td>Liisbeth Rosenstein<\/td><td>19.01.2005<\/td><td>M\u00e4ksa<\/td><td>152,00<\/td><\/tr><tr><td>23<\/td><td>Hedo M\u00e4gi<\/td><td>03.08.1996<\/td><td>Sparta<\/td><td>149,49<\/td><\/tr><tr><td>24<\/td><td>Anneli Vuks<\/td><td>1995<\/td><td>CrossFit Peetri<\/td><td>148,09<\/td><\/tr><tr><td>25<\/td><td>Maigi Kaljuste<\/td><td>05.04.1984<\/td><td>CrossFit Peetri<\/td><td>147,68<\/td><\/tr><tr><td>26<\/td><td>Anna G\u00fcnter<\/td><td>1979<\/td><td>SK +35<\/td><td>146,31<\/td><\/tr><tr><td>27<\/td><td>Maria Merilo<\/td><td>10.09.2002<\/td><td>.+35<\/td><td>146,14<\/td><\/tr><tr><td>28<\/td><td>Carolin Jalast<\/td><td>06.11.2012<\/td><td>Vargam\u00e4e<\/td><td>145,96<\/td><\/tr><tr><td>29<\/td><td>Marta T\u00f5nurist<\/td><td>2010<\/td><td>Edu<\/td><td>142,23<\/td><\/tr><tr><td>30<\/td><td>Sofia Merilo<\/td><td>6.11.2009<\/td><td>SK+35<\/td><td>141,30<\/td><\/tr><tr><td>31<\/td><td>Agnes Rannaste<\/td><td>1984<\/td><td>SK +35<\/td><td>139,87<\/td><\/tr><tr><td>32<\/td><td>Marianna Lilleoks<\/td><td><\/td><td>Individuaal<\/td><td>138,83<\/td><\/tr><tr><td>33<\/td><td>Ave Bombul<\/td><td>21.12.1996<\/td><td>SK Vargam\u00e4e<\/td><td>138,38<\/td><\/tr><tr><td>34<\/td><td>Kai Sellin<\/td><td>13.02.1989<\/td><td>CrossFit Tartu<\/td><td>137,32<\/td><\/tr><tr><td>35<\/td><td>Janeli Aan<\/td><td>2005<\/td><td>J\u00f5usport<\/td><td>136,69<\/td><\/tr><tr><td>36<\/td><td>Anna Katju\u017eanskaja<\/td><td>27.11.1997<\/td><td>Must CrossFit<\/td><td>135,65<\/td><\/tr><tr><td>37<\/td><td>Kelli Musta<\/td><td>03.06.2011<\/td><td>SK J\u00f5ud Junior<\/td><td>134,61<\/td><\/tr><tr><td>38<\/td><td>Nele Marie Palmeos<\/td><td>09.01.2010<\/td><td>Vargam\u00e4e<\/td><td>133,92<\/td><\/tr><tr><td>39<\/td><td>Klaarika Liivat<\/td><td>1984<\/td><td>SK J\u00f5usport<\/td><td>129,83<\/td><\/tr><tr><td>40<\/td><td>Triin H\u00fctt<\/td><td>14.07.1973<\/td><td>CrossFit Tartu<\/td><td>128,00<\/td><\/tr><tr><td>41<\/td><td>Viktoria Raja<\/td><td>5.06.1990<\/td><td>Must CrossFit<\/td><td>124,26<\/td><\/tr><tr><td>42<\/td><td>Krista Staskevits<\/td><td>1977<\/td><td>J\u00f5usport<\/td><td>123,98<\/td><\/tr><tr><td>43<\/td><td>Jolandra-Lisanna Aan<\/td><td>2011<\/td><td>J\u00f5usport<\/td><td>123,94<\/td><\/tr><tr><td>44<\/td><td>Nade\u017eda Smirnova<\/td><td>30.06.1983<\/td><td>Must CrossFit<\/td><td>123,49<\/td><\/tr><tr><td>45<\/td><td>Merle Lillik<\/td><td>16.03.1971<\/td><td>CrossFit Tartu<\/td><td>120,95<\/td><\/tr><tr><td>46<\/td><td>Merti Hein<\/td><td>10.02.2010<\/td><td>Edu<\/td><td>114,11<\/td><\/tr><tr><td>47<\/td><td>Anna Karolina Polli<\/td><td>28.05.2009<\/td><td>M\u00e4ksa<\/td><td>114,08<\/td><\/tr><tr><td>48<\/td><td>Merilyn Kalmus<\/td><td>20.01.2002<\/td><td>M\u00e4ksa<\/td><td>113,28<\/td><\/tr><tr><td>49<\/td><td>Eeva Pirttijoki<\/td><td>1993<\/td><td>J\u00f5ud Junior<\/td><td>112,73<\/td><\/tr><tr><td>50<\/td><td>Rebeca Park<\/td><td>12.01.2011<\/td><td>Vargam\u00e4e<\/td><td>111,94<\/td><\/tr><tr><td>51<\/td><td>Marju Vaagen<\/td><td>1972<\/td><td>SK J\u00f5usport<\/td><td>102,45<\/td><\/tr><tr><td>52<\/td><td>Luna Viks<\/td><td>28.05.2015<\/td><td>Vargam\u00e4e<\/td><td>94,36<\/td><\/tr><tr><td>53<\/td><td>Johanna Aan<\/td><td>2009<\/td><td>J\u00f5usport<\/td><td>93,95<\/td><\/tr><tr><td>54<\/td><td>Janete-Aleksandra Aan<\/td><td>2016<\/td><td>J\u00f5usport<\/td><td>93,37<\/td><\/tr><tr><td>55<\/td><td>Sandra Heinamets<\/td><td>02.03.2010<\/td><td>SK J\u00f5ud Junior<\/td><td>92,84<\/td><\/tr><tr><td>56<\/td><td>Emilia Leighton<\/td><td>2011<\/td><td>\u00dclo<\/td><td>83,00<\/td><\/tr><tr><td>57<\/td><td>Johandra Aan<\/td><td>2013<\/td><td>J\u00f5usport<\/td><td>81,80<\/td><\/tr><tr><td>58<\/td><td>Vesta Voltein<\/td><td>1971<\/td><td>J\u00f5usport<\/td><td>80,84<\/td><\/tr><tr><td>59<\/td><td>Mia Marite Lastik<\/td><td><\/td><td>M\u00e4ksa<\/td><td>66,99<\/td><\/tr><tr><td>60<\/td><td>Kaisa-Liisa M\u00e4ndik<\/td><td>14.11.2011<\/td><td>M\u00e4ksa<\/td><td>57,96<\/td><\/tr><tr><td>61<\/td><td>Stella Liivak<\/td><td>03.07.2011<\/td><td>SK J\u00f5ud Junior<\/td><td>57,21<\/td><\/tr><tr><td>62<\/td><td>Delisa Roosileht<\/td><td>07.07.1905<\/td><td>J\u00f5usport<\/td><td>55,91<\/td><\/tr><tr><td>63<\/td><td>Ketlin Allek\u00f5rs<\/td><td>04.11.2009<\/td><td>SK J\u00f5ud Junior<\/td><td>50,67<\/td><\/tr><tr><td>64<\/td><td>Melinda Orav<\/td><td>2010<\/td><td>J\u00f5ud Junior<\/td><td>49,33<\/td><\/tr><\/tbody><\/table><\/figure>\n\n\n\n<p><strong>MEHED<\/strong><\/p>\n\n\n\n<figure class=\"wp-block-table is-style-stripes\"><table><tbody><tr><td>1<\/td><td>Mart Seim<\/td><td>1990<\/td><td>Sparta<\/td><td>417,15<\/td><\/tr><tr><td>2<\/td><td>Leho Pent<\/td><td>1990<\/td><td>Vargam\u00e4e<\/td><td>393,13<\/td><\/tr><tr><td>3<\/td><td>Andres Viksi<\/td><td>15.12.1989<\/td><td>Olustvere<\/td><td>357,10<\/td><\/tr><tr><td>4<\/td><td>Aleksei Kuzmin<\/td><td>05.12.2007<\/td><td>Edu<\/td><td>342,58<\/td><\/tr><tr><td>5<\/td><td>Maiko Sepp<\/td><td>25.08.1997<\/td><td>M\u00e4ksa<\/td><td>337,57<\/td><\/tr><tr><td>6<\/td><td>Miko Lilleorg<\/td><td>18.05.1998<\/td><td>Sparta<\/td><td>326,17<\/td><\/tr><tr><td>7<\/td><td>Riho K\u00e4go<\/td><td>1984<\/td><td>Individuaal<\/td><td>321,61<\/td><\/tr><tr><td>8<\/td><td>Teet Karbus<\/td><td>16.02.1998<\/td><td>Vargam\u00e4e<\/td><td>316,88<\/td><\/tr><tr><td>9<\/td><td>Kert Ustav<\/td><td>19.11.1990<\/td><td>J\u00f5ud<\/td><td>302,87<\/td><\/tr><tr><td>10<\/td><td>Lauri Naarits<\/td><td>30.09.1991<\/td><td>Edu<\/td><td>300,09<\/td><\/tr><tr><td>11<\/td><td>Mati Karbus<\/td><td>1996<\/td><td>Vargam\u00e4e<\/td><td>299,54<\/td><\/tr><tr><td>12<\/td><td>Mark Fljaum<\/td><td>2008<\/td><td>J\u00f5ud Junior<\/td><td>292,68<\/td><\/tr><tr><td>13<\/td><td>Richard Maala<\/td><td>26.01.2000<\/td><td>Edu<\/td><td>289,24<\/td><\/tr><tr><td>14<\/td><td>Aivar Zarubin<\/td><td>1971<\/td><td>SK +35<\/td><td>287,65<\/td><\/tr><tr><td>15<\/td><td>Robert P\u00f5ldoja<\/td><td>24.10.2000<\/td><td>individuaal<\/td><td>285,79<\/td><\/tr><tr><td>16<\/td><td>Nikita Merkurjev<\/td><td>2010<\/td><td>J\u00f5ud Junior<\/td><td>283,68<\/td><\/tr><tr><td>17<\/td><td>Jaanus Hiiem\u00e4e<\/td><td>1974<\/td><td>.+35<\/td><td>281,69<\/td><\/tr><tr><td>18<\/td><td>Lauri Rant<\/td><td>06.04.1990<\/td><td>Sparta<\/td><td>280,75<\/td><\/tr><tr><td>19<\/td><td>Ivan Vorobjov<\/td><td>04.12.2007<\/td><td>Edu<\/td><td>277,67<\/td><\/tr><tr><td>20<\/td><td>Sander Savik<\/td><td>1998<\/td><td>Individuaal<\/td><td>272,49<\/td><\/tr><tr><td>21<\/td><td>Anton Mere\u017eko<\/td><td>01.03.1992<\/td><td>Must CrossFit<\/td><td>271,41<\/td><\/tr><tr><td>22<\/td><td>Kait Viks<\/td><td>07.07.2007<\/td><td>Vargam\u00e4e<\/td><td>271,36<\/td><\/tr><tr><td>23<\/td><td>Valdemar Okspuu<\/td><td>08.07.1999<\/td><td>Sparta<\/td><td>269,30<\/td><\/tr><tr><td>24<\/td><td>Johannes Muru<\/td><td>20.12.1995<\/td><td>Sparta<\/td><td>269,20<\/td><\/tr><tr><td>25<\/td><td>Anton Voitsi\u0161hevski&nbsp;<\/td><td>1997<\/td><td>SK Goodlift<\/td><td>268,44<\/td><\/tr><tr><td>26<\/td><td>Aimar Kiivits<\/td><td>07.09.2005<\/td><td>M\u00e4ksa<\/td><td>267,57<\/td><\/tr><tr><td>27<\/td><td>Roomet V\u00e4li<\/td><td>15.08.2005<\/td><td>SK Vargam\u00e4e<\/td><td>267,28<\/td><\/tr><tr><td>28<\/td><td>Leon Kann<\/td><td>03.01.1997<\/td><td>Edu<\/td><td>266,15<\/td><\/tr><tr><td>29<\/td><td>Matjus M\u00e4ger<\/td><td>1989<\/td><td>SK Sparta<\/td><td>264,07<\/td><\/tr><tr><td>30<\/td><td>Roland Pajuleht<\/td><td>21.02.1997<\/td><td>CrossFit Tartu<\/td><td>263,12<\/td><\/tr><tr><td>31<\/td><td>Roman Lucit<\/td><td>1986<\/td><td>SK Sparta<\/td><td>260,66<\/td><\/tr><tr><td>32<\/td><td>Markus Arm<\/td><td>17.07.2001<\/td><td>Tallinn CrossFit<\/td><td>260,61<\/td><\/tr><tr><td>33<\/td><td>Artur \u0160palov<\/td><td>02.08.2008<\/td><td>Olimpionik<\/td><td>259,81<\/td><\/tr><tr><td>34<\/td><td>Urmas Treier<\/td><td>1969<\/td><td>Tartumaa<\/td><td>258,84<\/td><\/tr><tr><td>35<\/td><td>Christopher Voolaid<\/td><td>21.01.1996<\/td><td>Sparta<\/td><td>257,80<\/td><\/tr><tr><td>36<\/td><td>Andrei Barinov<\/td><td>19.02.1984<\/td><td>Must CrossFit<\/td><td>257,12<\/td><\/tr><tr><td>37<\/td><td>Ants Bombul<\/td><td>1998<\/td><td>SK Vargam\u00e4e<\/td><td>256,26<\/td><\/tr><tr><td>38<\/td><td>Ville Haapanen<\/td><td>1994<\/td><td>J\u00f5ud Junior<\/td><td>255,53<\/td><\/tr><tr><td>39<\/td><td>Valdemar Verner<\/td><td>1999<\/td><td>SK Sparta<\/td><td>254,02<\/td><\/tr><tr><td>40<\/td><td>M\u00e4rt Laus<\/td><td>10.02.1986<\/td><td>individuaal<\/td><td>252,08<\/td><\/tr><tr><td>41<\/td><td>Mattias M\u00e4ttik<\/td><td>2003<\/td><td>Olustvere<\/td><td>247,08<\/td><\/tr><tr><td>42<\/td><td>Sverre Ploomipuu<\/td><td>1975<\/td><td>SK J\u00f5ud<\/td><td>246,64<\/td><\/tr><tr><td>43<\/td><td>Pearu-Paul Piperal<\/td><td>03.05.1992<\/td><td>Tallinn CrossFit<\/td><td>245,62<\/td><\/tr><tr><td>44<\/td><td>Madis Matvejev<\/td><td>1988<\/td><td>Crossfit Kuubik<\/td><td>245,44<\/td><\/tr><tr><td>45<\/td><td>Dmitri Mill (end Dodonov)<\/td><td>22.09.2008<\/td><td>Edu<\/td><td>242,98<\/td><\/tr><tr><td>46<\/td><td>Martin Koitj\u00e4rv<\/td><td>07.08.2002<\/td><td>Sparta<\/td><td>241,91<\/td><\/tr><tr><td>47<\/td><td>Sander Bauman<\/td><td>2008<\/td><td>SK Sparta<\/td><td>240,87<\/td><\/tr><tr><td>48<\/td><td>Gabriel K\u00fcnnapuu<\/td><td>2003<\/td><td>Olustvere<\/td><td>238,31<\/td><\/tr><tr><td>49<\/td><td>Armas Reisel<\/td><td>2001<\/td><td>SK Vargam\u00e4e<\/td><td>237,82<\/td><\/tr><tr><td>50<\/td><td>Ivar Parmas<\/td><td>21.03.1987<\/td><td>CrossFit Tartu<\/td><td>237,46<\/td><\/tr><tr><td>51<\/td><td>Sten Karu<\/td><td>04.10.1991<\/td><td>Tallinn CrossFit<\/td><td>235,94<\/td><\/tr><tr><td>52<\/td><td>Dmitri Skramkov<\/td><td>1986<\/td><td>SK EDU<\/td><td>235,27<\/td><\/tr><tr><td>53<\/td><td>Darvi Jalast<\/td><td>1987<\/td><td>SK Vargam\u00e4e<\/td><td>234,63<\/td><\/tr><tr><td>54<\/td><td>Vjat\u0161eslav Sas<\/td><td>16.09.2000<\/td><td>Albatros<\/td><td>225,85<\/td><\/tr><tr><td>55<\/td><td>Maiko Jalast<\/td><td>13.11.2006<\/td><td>SK Vargam\u00e4e<\/td><td>225,72<\/td><\/tr><tr><td>56<\/td><td>Nikita Silin<\/td><td>2010<\/td><td>J\u00f5ud Junior<\/td><td>221,86<\/td><\/tr><tr><td>57<\/td><td>Carlis Vaino<\/td><td>03.04.2010<\/td><td>M\u00e4ksa<\/td><td>221,06<\/td><\/tr><tr><td>58<\/td><td>Marko Kukk<\/td><td>31.07.1986<\/td><td>CrossFit Tartu<\/td><td>220,56<\/td><\/tr><tr><td>59<\/td><td>Andro Lepik<\/td><td>1987<\/td><td>SK Sparta<\/td><td>219,35<\/td><\/tr><tr><td>60<\/td><td>Ralf Gr\u00fcnberg<\/td><td>2008<\/td><td>Olustvere<\/td><td>217,23<\/td><\/tr><tr><td>61<\/td><td>Hardo Lillepea<\/td><td>26.06.1990<\/td><td>Tallinn CrossFit<\/td><td>215,79<\/td><\/tr><tr><td>62<\/td><td>Oskar Orlov<\/td><td>2006<\/td><td>SK Kalev<\/td><td>215,49<\/td><\/tr><tr><td>63<\/td><td>Harry Pihlik<\/td><td>2005<\/td><td>Individuaal<\/td><td>213,64<\/td><\/tr><tr><td>64<\/td><td>Daniel Purk<\/td><td>21.09.2010<\/td><td>Vargam\u00e4e<\/td><td>213,41<\/td><\/tr><tr><td>65<\/td><td>Lauri Kuusk<\/td><td>1984<\/td><td>SK Sparta<\/td><td>212,33<\/td><\/tr><tr><td>66<\/td><td>Gregor Kroon<\/td><td>07.03.2009<\/td><td>M\u00e4ksa<\/td><td>212,27<\/td><\/tr><tr><td>67<\/td><td>Morris Ploomipuu<\/td><td>2007<\/td><td>SK J\u00f5ud<\/td><td>211,09<\/td><\/tr><tr><td>68<\/td><td>Prohor Kimmer<\/td><td>2007<\/td><td>SK+35<\/td><td>210,33<\/td><\/tr><tr><td>69<\/td><td>Erki Jalast<\/td><td>2008<\/td><td>SK Vargam\u00e4e<\/td><td>209,01<\/td><\/tr><tr><td>70<\/td><td>Henry Tikut<\/td><td>20.09.2006<\/td><td>Olustvere<\/td><td>207,92<\/td><\/tr><tr><td>71<\/td><td>Artjom Jer\u0161ov<\/td><td>11.07.2007<\/td><td>Edu<\/td><td>207,19<\/td><\/tr><tr><td>72<\/td><td>Aleksei Kolotkov<\/td><td>1985<\/td><td>SK Albatros<\/td><td>206,89<\/td><\/tr><tr><td>73<\/td><td>Mihkel Eelmets<\/td><td>2009<\/td><td>Sparta<\/td><td>203,35<\/td><\/tr><tr><td>74<\/td><td>Jaan Einasto<\/td><td>2009<\/td><td>J\u00f5usport<\/td><td>203,27<\/td><\/tr><tr><td>75<\/td><td>Peeter Aan<\/td><td>1976<\/td><td>J\u00f5usport<\/td><td>202,41<\/td><\/tr><tr><td>76<\/td><td>Heiki Nerut<\/td><td>2008<\/td><td>J\u00f5ud Junior<\/td><td>201,02<\/td><\/tr><tr><td>77<\/td><td>Sander Aan<\/td><td>2007<\/td><td>J\u00f5usport<\/td><td>199,21<\/td><\/tr><tr><td>78<\/td><td>Vitali Dronkin<\/td><td>1972<\/td><td>SK Kalev<\/td><td>197,09<\/td><\/tr><tr><td>79<\/td><td>Timo Dudarev<\/td><td>2008<\/td><td>Olustvere<\/td><td>196,29<\/td><\/tr><tr><td>80<\/td><td>Karl-Jaagup K\u00e4gu<\/td><td>28.07.2004<\/td><td>M\u00e4ksa<\/td><td>195,26<\/td><\/tr><tr><td>81<\/td><td>Uku Aleksanderson<\/td><td>2016<\/td><td>M\u00e4ksa<\/td><td>192,09<\/td><\/tr><tr><td>82<\/td><td>Trevor Vandel<\/td><td>2009<\/td><td>SK Sparta<\/td><td>191,10<\/td><\/tr><tr><td>83<\/td><td>Lauri Naaber<\/td><td>14.01.1989<\/td><td>CrossFit Tartu<\/td><td>188,49<\/td><\/tr><tr><td>84<\/td><td>Avo Pent<\/td><td>1982<\/td><td>SK Vargam\u00e4e<\/td><td>178,43<\/td><\/tr><tr><td>85<\/td><td>Maksim Javorski<\/td><td>04.04.2010<\/td><td>J\u00f5ud Junior<\/td><td>177,91<\/td><\/tr><tr><td>86<\/td><td>Nikita Karsukov<\/td><td>22.12.2007<\/td><td>Individuaal<\/td><td>170,2<\/td><\/tr><tr><td>87<\/td><td>Kaarel Prommik<\/td><td>15.10.1987<\/td><td>CrossFit Tartu<\/td><td>168,17<\/td><\/tr><tr><td>88<\/td><td>William Viitla<\/td><td>2009<\/td><td>J\u00f5usport<\/td><td>166,97<\/td><\/tr><tr><td>89<\/td><td>Johan Muhhin<\/td><td>2009<\/td><td>J\u00f5usport<\/td><td>165,12<\/td><\/tr><tr><td>90<\/td><td>Mirdo Ellermaa<\/td><td>2008<\/td><td>SK Vargam\u00e4e<\/td><td>164,97<\/td><\/tr><tr><td>91<\/td><td>Jegor Trjuh<\/td><td>25.01.2004<\/td><td>SK Goodlift<\/td><td>161,43<\/td><\/tr><tr><td>92<\/td><td>Kauri Tera<\/td><td>13.04.1983<\/td><td>CrossFit Tartu<\/td><td>160,65<\/td><\/tr><tr><td>93<\/td><td>Paul Johan Nurme<\/td><td>2009<\/td><td>J\u00f5usport<\/td><td>160,14<\/td><\/tr><tr><td>94<\/td><td>Kris Karel Jalast<\/td><td>2012<\/td><td>Vargam\u00e4e<\/td><td>160,11<\/td><\/tr><tr><td>95<\/td><td>Joonas Aviste<\/td><td>18.06.2009<\/td><td>M\u00e4ksa<\/td><td>155,72<\/td><\/tr><tr><td>96<\/td><td>Pavel Vol\u00f5nkin<\/td><td>1993<\/td><td>Edu<\/td><td>154,51<\/td><\/tr><tr><td>97<\/td><td>Erik Daniel Ionov<\/td><td>21.01.2010<\/td><td>J\u00f5ud Junior<\/td><td>151,73<\/td><\/tr><tr><td>98<\/td><td>Markus V\u00e4ljari<\/td><td>2006<\/td><td>SK Olustvere<\/td><td>147,62<\/td><\/tr><tr><td>99<\/td><td>Kert Allik<\/td><td>05.10.2009<\/td><td>\u00dclo<\/td><td>142,37<\/td><\/tr><tr><td>100<\/td><td>Iko-Illimar Riid<\/td><td>21.04.2010<\/td><td>\u00dclo<\/td><td>138,32<\/td><\/tr><tr><td>101<\/td><td>Jakob Tuisk<\/td><td>20.09.2010<\/td><td>SK Goodlift<\/td><td>136,68<\/td><\/tr><tr><td>102<\/td><td>Siim Luha\u00e4\u00e4r<\/td><td>30.08.2009<\/td><td>\u00dclo<\/td><td>136,65<\/td><\/tr><tr><td>103<\/td><td>Kaspar Leighton<\/td><td>11.10.2009<\/td><td>\u00dclo<\/td><td>136,53<\/td><\/tr><tr><td>104<\/td><td>Elmar Morel<\/td><td>2007<\/td><td>Edu<\/td><td>134,58<\/td><\/tr><tr><td>105<\/td><td>Ken-Kendrick Lill<\/td><td>2011<\/td><td>M\u00e4ksa<\/td><td>130,43<\/td><\/tr><tr><td>106<\/td><td>Igor Burakov<\/td><td>1963<\/td><td>SK Kalev<\/td><td>128,74<\/td><\/tr><tr><td>107<\/td><td>Arseni Vorobjov<\/td><td>24.11.2014<\/td><td>Edu<\/td><td>126,30<\/td><\/tr><tr><td>108<\/td><td>Nikolai Ofitserov<\/td><td>2006<\/td><td>Edu<\/td><td>125,80<\/td><\/tr><tr><td>109<\/td><td>Arhip Tkachev<\/td><td>11.12.2006<\/td><td>Albatros<\/td><td>124,33<\/td><\/tr><tr><td>110<\/td><td>Juri Stepanov<\/td><td>23.04.2009<\/td><td>Albatros<\/td><td>122,21<\/td><\/tr><tr><td>111<\/td><td>Gregor Adami<\/td><td>08.04.2011<\/td><td>SK J\u00f5ud Junior<\/td><td>118,79<\/td><\/tr><tr><td>112<\/td><td>Marten Kikerman<\/td><td>01.12.2012<\/td><td>M\u00e4ksa<\/td><td>118,70<\/td><\/tr><tr><td>113<\/td><td>Sander Kasemaa<\/td><td>15.03.2010<\/td><td>M\u00e4ksa<\/td><td>115,55<\/td><\/tr><tr><td>114<\/td><td>Christian Payne<\/td><td>2006<\/td><td>SK+35<\/td><td>111,38<\/td><\/tr><tr><td>115<\/td><td>Karl Kurvits<\/td><td>2012<\/td><td>J\u00f5usport<\/td><td>110,97<\/td><\/tr><tr><td>116<\/td><td>Karl Kenneth Laanemaa<\/td><td>21.07.2015<\/td><td>SK J\u00f5ud Junior<\/td><td>110,81<\/td><\/tr><tr><td>117<\/td><td>Rico Vahtram\u00e4e<\/td><td>26.05.2013<\/td><td>SK J\u00f5ud Junior<\/td><td>109,01<\/td><\/tr><tr><td>118<\/td><td>Georg Kravt\u0161enko<\/td><td>2014<\/td><td>J\u00f5usport<\/td><td>108,39<\/td><\/tr><tr><td>119<\/td><td>Johannes Toom<\/td><td>2011<\/td><td>J\u00f5usport<\/td><td>102,10<\/td><\/tr><tr><td>120<\/td><td>Robin P\u00f5im<\/td><td>2012<\/td><td>J\u00f5usport<\/td><td>100,40<\/td><\/tr><tr><td>121<\/td><td>Taavi Olesk<\/td><td>17.11.2004<\/td><td>Olustvere<\/td><td>98,14<\/td><\/tr><tr><td>122<\/td><td>Alex Purk<\/td><td>27.05.2009<\/td><td>Vargam\u00e4e<\/td><td>89,07<\/td><\/tr><tr><td>123<\/td><td>Kevin J\u00f5esaar<\/td><td>28.03.2011<\/td><td>M\u00e4ksa<\/td><td>88,52<\/td><\/tr><tr><td>124<\/td><td>Raiko Reimets<\/td><td>2014<\/td><td>\u00dclo<\/td><td>87,31<\/td><\/tr><tr><td>125<\/td><td>Artiom Jersov<\/td><td>11.04.2007<\/td><td>SK Edu<\/td><td>87,07<\/td><\/tr><tr><td>126<\/td><td>Andri Vildak<\/td><td>30.01.2013<\/td><td>Edu<\/td><td>86,41<\/td><\/tr><tr><td>127<\/td><td>Kristofer Keske<\/td><td>2012<\/td><td>J\u00f5usport<\/td><td>83,85<\/td><\/tr><tr><td>128<\/td><td>Mihhail Dronov<\/td><td>27.07.2010<\/td><td>Albatros<\/td><td>82,86<\/td><\/tr><tr><td>129<\/td><td>Fredi Kreinin<\/td><td>2011<\/td><td>J\u00f5ud Junior<\/td><td>82,62<\/td><\/tr><tr><td>130<\/td><td>Rein-Robert Hunt<\/td><td>03.07.1905<\/td><td>\u00dclo<\/td><td>82,05<\/td><\/tr><tr><td>131<\/td><td>Martin Tiidla<\/td><td><\/td><td>M\u00e4ksa<\/td><td>82,05<\/td><\/tr><tr><td>132<\/td><td>Deivid Obiremko<\/td><td>2013<\/td><td>J\u00f5ud Junior<\/td><td>78,72<\/td><\/tr><tr><td>133<\/td><td>Kerno Peterson<\/td><td>08.09.2015<\/td><td>M\u00e4ksa<\/td><td>74,02<\/td><\/tr><tr><td>134<\/td><td>Oliver M\u00f6llits<\/td><td>2011<\/td><td>J\u00f5usport<\/td><td>70,41<\/td><\/tr><tr><td>135<\/td><td>Silver Rjatipov<\/td><td>2015<\/td><td>J\u00f5ud Junior<\/td><td>69,53<\/td><\/tr><tr><td>136<\/td><td>Uku Paabut<\/td><td>02.09.2016<\/td><td>M\u00e4ksa<\/td><td>68,89<\/td><\/tr><tr><td>137<\/td><td>Matvei Vorobjov<\/td><td>2014<\/td><td>J\u00f5ud Junior<\/td><td>65,71<\/td><\/tr><tr><td>138<\/td><td>M\u00e4rt Paabut<\/td><td>25.08.2012<\/td><td>M\u00e4ksa<\/td><td>58,66<\/td><\/tr><tr><td>139<\/td><td>Hubert Samar\u00fc\u00fctel<\/td><td>2015<\/td><td>J\u00f5ud Junior<\/td><td>57,51<\/td><\/tr><tr><td>140<\/td><td>Kener Peterson<\/td><td>05.08.2013<\/td><td>M\u00e4ksa<\/td><td>53,17<\/td><\/tr><\/tbody><\/table><\/figure>\n\n\n\n<p><\/p>","protected":false},"excerpt":{"rendered":"<p>Eesti Sinclairi edetabel 2024 seisuga 31.12.2024 (va masters MM) NAISED 1 Eliise Peterson 07.04.1992 Sparta 253,15 2 Una Bassila 1994 Sparta 226,46 3 Mona Saar 04.05.2002 M\u00e4ksa 213,12 4 Jana Kesvatera 06.05.1992 Must CrossFit 192,36 5 Merit Mandel 03.08.1986 Individuaal 190,53 6 Triin P\u00f5dersoo 24.10.1990 J\u00f5ud Junior 186,47 7 Jekaterina Gritsinina 09.01.1995 Sparta 186,05 8 [&hellip;]<\/p>\n","protected":false},"author":1,"featured_media":0,"parent":0,"menu_order":0,"comment_status":"closed","ping_status":"closed","template":"","meta":{"_mc_calendar":[],"footnotes":""},"class_list":["post-3618","page","type-page","status-publish","hentry","entry"],"_links":{"self":[{"href":"https:\/\/tosteliit.ee\/en\/wp-json\/wp\/v2\/pages\/3618","targetHints":{"allow":["GET"]}}],"collection":[{"href":"https:\/\/tosteliit.ee\/en\/wp-json\/wp\/v2\/pages"}],"about":[{"href":"https:\/\/tosteliit.ee\/en\/wp-json\/wp\/v2\/types\/page"}],"author":[{"embeddable":true,"href":"https:\/\/tosteliit.ee\/en\/wp-json\/wp\/v2\/users\/1"}],"replies":[{"embeddable":true,"href":"https:\/\/tosteliit.ee\/en\/wp-json\/wp\/v2\/comments?post=3618"}],"version-history":[{"count":1,"href":"https:\/\/tosteliit.ee\/en\/wp-json\/wp\/v2\/pages\/3618\/revisions"}],"predecessor-version":[{"id":3619,"href":"https:\/\/tosteliit.ee\/en\/wp-json\/wp\/v2\/pages\/3618\/revisions\/3619"}],"wp:attachment":[{"href":"https:\/\/tosteliit.ee\/en\/wp-json\/wp\/v2\/media?parent=3618"}],"curies":[{"name":"wp","href":"https:\/\/api.w.org\/{rel}","templated":true}]}}