{"id":3625,"date":"2025-01-16T11:46:17","date_gmt":"2025-01-16T11:46:17","guid":{"rendered":"https:\/\/tosteliit.ee\/?page_id=3625"},"modified":"2025-01-16T11:46:17","modified_gmt":"2025-01-16T11:46:17","slug":"naised-2024","status":"publish","type":"page","link":"https:\/\/tosteliit.ee\/en\/naised-2024\/","title":{"rendered":"Naised 2024"},"content":{"rendered":"<p>seisuga 31.12.2024 (va masters MM)<\/p>\n\n\n\n<figure class=\"wp-block-table\"><table><tbody><tr><td colspan=\"8\">U-13&nbsp;&nbsp;Kehakaalukategooria -31 kg<\/td><\/tr><tr><td>Koht<\/td><td>Nimi<\/td><td>S\u00fcnniaasta<\/td><td>Klubi<\/td><td>Kaal<\/td><td>Reb<\/td><td>T\u00f5uk<\/td><td>Summa<\/td><\/tr><tr><td>1<\/td><td>Janete-Aleksandra Aan<\/td><td>2016<\/td><td>J\u00f5usport<\/td><td>28,95<\/td><td>15<\/td><td>21<\/td><td>36<\/td><\/tr><tr><td>2<\/td><td>Luna Viks<\/td><td>2015<\/td><td>Vargam\u00e4e<\/td><td>30,9<\/td><td>15<\/td><td>20<\/td><td>35<\/td><\/tr><tr><td colspan=\"8\">U-13&nbsp;Kehakaalukategooria -35 kg<\/td><\/tr><tr><td>Koht<\/td><td>Nimi<\/td><td>S\u00fcnniaasta<\/td><td>Klubi<\/td><td>Kaal<\/td><td>Reb<\/td><td>T\u00f5uk<\/td><td>Summa<\/td><\/tr><tr><td>1<\/td><td>Luna Viks<\/td><td>2015<\/td><td>Vargam\u00e4e<\/td><td>33<\/td><td>18<\/td><td>24<\/td><td>42<\/td><\/tr><tr><td>2<\/td><td>Janete-Aleksandra Aan<\/td><td>2016<\/td><td>J\u00f5usport<\/td><td>29,85<\/td><td>14<\/td><td>22<\/td><td>36<\/td><\/tr><tr><td colspan=\"8\">U-13, U-15, U-17&nbsp;&nbsp;Kehakaalukategooria -40 kg<\/td><\/tr><tr><td>Koht<\/td><td>Nimi<\/td><td>S\u00fcnniaasta<\/td><td>Klubi<\/td><td>Kaal<\/td><td>Reb<\/td><td>T\u00f5uk<\/td><td>Summa<\/td><\/tr><tr><td>1<\/td><td>Carolin Jalast<\/td><td>2012<\/td><td>Vargam\u00e4e<\/td><td>39,7<\/td><td>34<\/td><td>44<\/td><td>78<\/td><\/tr><tr><td>2<\/td><td>Mia-Marite Lastik<\/td><td>2013<\/td><td>M\u00e4ksa<\/td><td>38,75<\/td><td>15<\/td><td>20<\/td><td>35<\/td><\/tr><tr><td colspan=\"8\">Kehakaalukategooria -45 kg<\/td><\/tr><tr><td>Koht<\/td><td>Nimi<\/td><td>S\u00fcnniaasta<\/td><td>Klubi<\/td><td>Kaal<\/td><td>Reb<\/td><td>T\u00f5uk<\/td><td>Summa<\/td><\/tr><tr><td>1<\/td><td>Carolin Jalast<\/td><td>2012<\/td><td>Vargam\u00e4e<\/td><td>41,9<\/td><td>33<\/td><td>43<\/td><td>76<\/td><\/tr><tr><td>2<\/td><td>Johandra Aan<\/td><td>2013<\/td><td>J\u00f5usport<\/td><td>42<\/td><td>19<\/td><td>27<\/td><td>46<\/td><\/tr><tr><td>3<\/td><td>Delisa Roosileht<\/td><td>2015<\/td><td>J\u00f5usport<\/td><td>42,85<\/td><td>15<\/td><td>17<\/td><td>32<\/td><\/tr><tr><td colspan=\"8\">Kehakaalukategooria -49 kg<\/td><\/tr><tr><td>Koht<\/td><td>Nimi<\/td><td>S\u00fcnniaasta<\/td><td>Klubi<\/td><td>Kaal<\/td><td>Reb<\/td><td>T\u00f5uk<\/td><td>Summa<\/td><\/tr><tr><td>1<\/td><td>Kelli Musta<\/td><td>2011<\/td><td>J\u00f5ud Junior<\/td><td>48,5<\/td><td>40<\/td><td>45<\/td><td>85<\/td><\/tr><tr><td>2<\/td><td>Johandra Aan<\/td><td>2013<\/td><td>J\u00f5usport<\/td><td>46,65<\/td><td>20<\/td><td>30<\/td><td>50<\/td><\/tr><tr><td>3<\/td><td>Stella Liivak<\/td><td>2011<\/td><td>J\u00f5ud Junior<\/td><td>48<\/td><td>15<\/td><td>21<\/td><td>36<\/td><\/tr><tr><td colspan=\"8\">Kehakaalukategooria -55 kg<\/td><\/tr><tr><td>Koht<\/td><td>Nimi<\/td><td>S\u00fcnniaasta<\/td><td>Klubi<\/td><td>Kaal<\/td><td>Reb<\/td><td>T\u00f5uk<\/td><td>Summa<\/td><\/tr><tr><td>1<\/td><td>Una Bassil<\/td><td>1994<\/td><td>SK Sparta LAT<\/td><td>54,6<\/td><td>69<\/td><td>83<\/td><td>152<\/td><\/tr><tr><td>2<\/td><td>Gerlyn M\u00e4epea<\/td><td>1933<\/td><td>Sparta<\/td><td>52,9<\/td><td>49<\/td><td>75<\/td><td>124<\/td><\/tr><tr><td>3<\/td><td>Claudia Casagrande<\/td><td><\/td><td>SK Sparta FIN<\/td><td>54,4<\/td><td>53<\/td><td>70<\/td><td>123<\/td><\/tr><tr><td>4<\/td><td>Ann Helen Eelmets<\/td><td><\/td><td>SK Sparta<\/td><td>55,55<\/td><td>49<\/td><td>65<\/td><td>114<\/td><\/tr><tr><td>5<\/td><td>Klaarika Liivat<\/td><td>1984<\/td><td>SK J\u00f5usport<\/td><td>52,1<\/td><td>37<\/td><td>50<\/td><td>87<\/td><\/tr><tr><td>6<\/td><td>Eeva Pirttijoki<\/td><td>1993<\/td><td>J\u00f5ud Junior FIN<\/td><td>54,45<\/td><td>33<\/td><td>45<\/td><td>78<\/td><\/tr><tr><td>7<\/td><td>Rebeca Park<\/td><td>2011<\/td><td>Vargam\u00e4e<\/td><td>54,3<\/td><td>32<\/td><td>44<\/td><td>76<\/td><\/tr><tr><td>8<\/td><td>Marju Vaagen<\/td><td>1972<\/td><td>SK J\u00f5usport<\/td><td>53,5<\/td><td>30<\/td><td>40<\/td><td>70<\/td><\/tr><tr><td>9<\/td><td>Sandra Heinamets<\/td><td>2010<\/td><td>J\u00f5ud Junior<\/td><td>53<\/td><td>30<\/td><td>33<\/td><td>63<\/td><\/tr><tr><td>10<\/td><td>Ketlin Allek\u00f5rs<\/td><td>2009<\/td><td>J\u00f5ud Junior<\/td><td>52,20<\/td><td>15<\/td><td>19<\/td><td>34<\/td><\/tr><tr><td>11<\/td><td>Melinda Orav<\/td><td>2010<\/td><td>J\u00f5ud Junior<\/td><td>54,15<\/td><td>16<\/td><td>18<\/td><td>34<\/td><\/tr><tr><td colspan=\"8\">Kehakaalukategooria -59 kg<\/td><\/tr><tr><td>Koht<\/td><td>Nimi<\/td><td>S\u00fcnniaasta<\/td><td>Klubi<\/td><td>Kaal<\/td><td>Reb<\/td><td>T\u00f5uk<\/td><td>Summa<\/td><\/tr><tr><td>1<\/td><td>Una Bassil<\/td><td>1994<\/td><td>SK Sparta LAT<\/td><td>56,25<\/td><td>75<\/td><td>85<\/td><td>160<\/td><\/tr><tr><td>2<\/td><td>Jana Kesvatera<\/td><td>06.05.1992<\/td><td>Must CrossFit<\/td><td>58<\/td><td>65<\/td><td>74<\/td><td>139<\/td><\/tr><tr><td>3<\/td><td>Merit Mandel<\/td><td>1986<\/td><td>individuaal<\/td><td>58,2<\/td><td>63<\/td><td>75<\/td><td>138<\/td><\/tr><tr><td>4<\/td><td>Jana Kesvatera<\/td><td>1992<\/td><td>.+35<\/td><td>57,6<\/td><td>59<\/td><td>72<\/td><td>131<\/td><\/tr><tr><td>5<\/td><td>Ingela Jalast<\/td><td>1991<\/td><td>SK Vargam\u00e4e<\/td><td>59,00<\/td><td>53<\/td><td>65<\/td><td>118<\/td><\/tr><tr><td>6<\/td><td>Viktoria Raja<\/td><td>5.06.1990<\/td><td>individuaal<\/td><td>57,8<\/td><td>50<\/td><td>61<\/td><td>111<\/td><\/tr><tr><td>7<\/td><td>Hedo M\u00e4gi<\/td><td>1996<\/td><td>Sparta<\/td><td>56,4<\/td><td>48<\/td><td>58<\/td><td>106<\/td><\/tr><tr><td>8<\/td><td>Anneli Vuks<\/td><td>1995<\/td><td>CrossFit Peetri<\/td><td>58,5<\/td><td>42<\/td><td>63<\/td><td>105<\/td><\/tr><tr><td>9<\/td><td>Maria Merilo<\/td><td>2002<\/td><td>.+35<\/td><td>56,7<\/td><td>47<\/td><td>57<\/td><td>104<\/td><\/tr><tr><td>10<\/td><td>Marta T\u00f5nurist<\/td><td>2010<\/td><td>EDU<\/td><td>57,7<\/td><td>45<\/td><td>55<\/td><td>100<\/td><\/tr><tr><td>11<\/td><td>Anna Katju\u017eanskaja<\/td><td>27.11.1997<\/td><td>Must CrossFit<\/td><td>57,1<\/td><td>42<\/td><td>55<\/td><td>97<\/td><\/tr><tr><td colspan=\"8\">Kehakaalukategooria -64 kg<\/td><\/tr><tr><td>Koht<\/td><td>Nimi<\/td><td>S\u00fcnniaasta<\/td><td>Klubi<\/td><td>Kaal<\/td><td>Reb<\/td><td>T\u00f5uk<\/td><td>Summa<\/td><\/tr><tr><td>1<\/td><td>Jekaterina Gritsinina<\/td><td>1995<\/td><td>Sparta<\/td><td>63,2<\/td><td>62<\/td><td>80<\/td><td>142<\/td><\/tr><tr><td>2<\/td><td>Merit Mandel<\/td><td>1986<\/td><td>individuaal<\/td><td>59,6<\/td><td>65<\/td><td>75<\/td><td>140<\/td><\/tr><tr><td>3<\/td><td>Jevgenia Ar\u0161avskaja<\/td><td>1985<\/td><td>SK Albatros<\/td><td>61,5<\/td><td>60<\/td><td>70<\/td><td>130<\/td><\/tr><tr><td>4<\/td><td>Kristiin Oja<\/td><td>1984<\/td><td>Sparta<\/td><td>61,5<\/td><td>53<\/td><td>70<\/td><td>123<\/td><\/tr><tr><td>5<\/td><td>Ingela Jalast<\/td><td>1991<\/td><td>SK Vargam\u00e4e<\/td><td>62,9<\/td><td>50<\/td><td>65<\/td><td>115<\/td><\/tr><tr><td>6<\/td><td>Anneli Vuks<\/td><td>1995<\/td><td>CrossFit Peetri<\/td><td>59,65<\/td><td>44<\/td><td>65<\/td><td>109<\/td><\/tr><tr><td>7<\/td><td>Sofia Merilo<\/td><td>2009<\/td><td>SK+35<\/td><td>63,35<\/td><td>48<\/td><td>60<\/td><td>108<\/td><\/tr><tr><td>8<\/td><td>Sofia Merilo<\/td><td>2009<\/td><td>SK+35<\/td><td>63,3<\/td><td>48<\/td><td>58<\/td><td>106<\/td><\/tr><tr><td>9<\/td><td>Marta T\u00f5nurist<\/td><td>2010<\/td><td>EDU<\/td><td>63,00<\/td><td>48<\/td><td>56<\/td><td>104<\/td><\/tr><tr><td>10<\/td><td>Kai Sellin<\/td><td>13.02.1989<\/td><td>CrossFit Tartu<\/td><td>60,5<\/td><td>39<\/td><td>63<\/td><td>102<\/td><\/tr><tr><td>11<\/td><td>Jolandra-Lisanna Aan<\/td><td>2011<\/td><td>J\u00f5usport<\/td><td>62,55<\/td><td>42<\/td><td>52<\/td><td>94<\/td><\/tr><tr><td>12<\/td><td>Krista Staskevits<\/td><td>1977<\/td><td>J\u00f5usport<\/td><td>61,45<\/td><td>40<\/td><td>53<\/td><td>93<\/td><\/tr><tr><td>13<\/td><td>Merilyn Kalmus<\/td><td>2002<\/td><td>M\u00e4ksa<\/td><td>62,65<\/td><td>38<\/td><td>48<\/td><td>86<\/td><\/tr><tr><td>14<\/td><td>Kaisa-Liisa M\u00e4ndik<\/td><td>2011<\/td><td>M\u00e4ksa<\/td><td>62,65<\/td><td>19<\/td><td>25<\/td><td>44<\/td><\/tr><tr><td colspan=\"8\">Kehakaalukategooria -71 kg<\/td><\/tr><tr><td>Koht<\/td><td>Nimi<\/td><td>S\u00fcnniaasta<\/td><td>Klubi<\/td><td>Kaal<\/td><td>Reb<\/td><td>T\u00f5uk<\/td><td>Summa<\/td><\/tr><tr><td>1<\/td><td>Mona Saar<\/td><td>2002<\/td><td>M\u00e4ksa<\/td><td>70,4<\/td><td>77<\/td><td>96<\/td><td>173<\/td><\/tr><tr><td>2<\/td><td>Emely Raud<\/td><td>2006<\/td><td>Edu<\/td><td>69,8<\/td><td>65<\/td><td>85<\/td><td>150<\/td><\/tr><tr><td>3<\/td><td>Piia Liisa K\u00fcnnapas<\/td><td>2001<\/td><td>Crossfit Tartu<\/td><td>70,1<\/td><td>62<\/td><td>75<\/td><td>137<\/td><\/tr><tr><td>4<\/td><td>Darja Ivanova<\/td><td>2002<\/td><td>Edu<\/td><td>70,3<\/td><td>61<\/td><td>72<\/td><td>133<\/td><\/tr><tr><td>5<\/td><td>Maria K\u00f5lamets<\/td><td>2004<\/td><td>individuaal<\/td><td>70.00<\/td><td>56<\/td><td>70<\/td><td>126<\/td><\/tr><tr><td>6<\/td><td>Janeli Aan<\/td><td>2005<\/td><td>J\u00f5usport<\/td><td>64,9<\/td><td>46<\/td><td>60<\/td><td>106<\/td><\/tr><tr><td>7<\/td><td>Jolandra-Lisanna Aan<\/td><td>2011<\/td><td>J\u00f5usport<\/td><td>66,3<\/td><td>42<\/td><td>53<\/td><td>95<\/td><\/tr><tr><td colspan=\"8\">Kehakaalukategooria -76 kg<\/td><\/tr><tr><td>Koht<\/td><td>Nimi<\/td><td>S\u00fcnniaasta<\/td><td>Klubi<\/td><td>Kaal<\/td><td>Reb<\/td><td>T\u00f5uk<\/td><td>Summa<\/td><\/tr><tr><td>1<\/td><td>Mona Saar<\/td><td>2002<\/td><td>M\u00e4ksa<\/td><td>74,45<\/td><td>80<\/td><td>97<\/td><td>177<\/td><\/tr><tr><td>2<\/td><td>Triin P\u00f5dersoo<\/td><td>1990<\/td><td>J\u00f5ud Junior<\/td><td>73,7<\/td><td>68<\/td><td>87<\/td><td>155<\/td><\/tr><tr><td>3<\/td><td>Eva Liudvinaviciute<\/td><td>2007<\/td><td>Sparta<\/td><td>72,9<\/td><td>56<\/td><td>70<\/td><td>126<\/td><\/tr><tr><td>4<\/td><td>Alice Trei<\/td><td>2008<\/td><td>Sparta<\/td><td>75,3<\/td><td>54<\/td><td>72<\/td><td>126<\/td><\/tr><tr><td>5<\/td><td>Anna G\u00fcnter<\/td><td>1979<\/td><td>SK +35<\/td><td>75,4<\/td><td>56<\/td><td>67<\/td><td>123<\/td><\/tr><tr><td>6<\/td><td>Maigi Kaljuste<\/td><td>05.04.1984<\/td><td>CrossFit Peetri<\/td><td>72,8<\/td><td>50<\/td><td>72<\/td><td>122<\/td><\/tr><tr><td>7<\/td><td>Darja Ivanova<\/td><td>2002<\/td><td>Edu<\/td><td>72,1<\/td><td>57<\/td><td>62<\/td><td>119<\/td><\/tr><tr><td>8<\/td><td>Marianna Lilleoks<\/td><td><\/td><td>individuaal<\/td><td>75,78<\/td><td>50<\/td><td>67<\/td><td>117<\/td><\/tr><tr><td>9<\/td><td>Ave Bombul<\/td><td>1996<\/td><td>SK Vargam\u00e4e<\/td><td>71,2<\/td><td>48<\/td><td>65<\/td><td>113<\/td><\/tr><tr><td>10<\/td><td>Nele Marie Palmeos<\/td><td>2010<\/td><td>Vargam\u00e4e<\/td><td>74,6<\/td><td>52<\/td><td>60<\/td><td>112<\/td><\/tr><tr><td>11<\/td><td>Johanna Aan<\/td><td>2009<\/td><td>J\u00f5usport<\/td><td>76,6<\/td><td>31<\/td><td>46<\/td><td>77<\/td><\/tr><tr><td>12<\/td><td>Emilia Leighton<\/td><td>40797<\/td><td>\u00dclo<\/td><td>71,65<\/td><td>30<\/td><td>38<\/td><td>68<\/td><\/tr><tr><td colspan=\"8\">Kehakaalukategooria -81 kg<\/td><\/tr><tr><td>Koht<\/td><td>Nimi<\/td><td>S\u00fcnniaasta<\/td><td>Klubi<\/td><td>Kaal<\/td><td>Reb<\/td><td>T\u00f5uk<\/td><td>Summa<\/td><\/tr><tr><td>1<\/td><td>Alice Trei<\/td><td>2008<\/td><td>SK Sparta<\/td><td>77,7<\/td><td>55<\/td><td>80<\/td><td>135<\/td><\/tr><tr><td>2<\/td><td>Anna G\u00fcnter<\/td><td>1979<\/td><td>SK +35<\/td><td>78,35<\/td><td>53<\/td><td>66<\/td><td>119<\/td><\/tr><tr><td>3<\/td><td>Nele Marie Palmeos<\/td><td>2010<\/td><td>Vargam\u00e4e<\/td><td>78,20<\/td><td>53<\/td><td>57<\/td><td>110<\/td><\/tr><tr><td>4<\/td><td>Johanna Aan<\/td><td>2009<\/td><td>J\u00f5usport<\/td><td>77,45<\/td><td>35<\/td><td>45<\/td><td>80<\/td><\/tr><tr><td>5<\/td><td>Vesta Voltein<\/td><td>1971<\/td><td>J\u00f5usport<\/td><td>80,35<\/td><td>30<\/td><td>40<\/td><td>70<\/td><\/tr><tr><td colspan=\"8\">Kehakaalukategooria -87 kg<\/td><\/tr><tr><td>Koht<\/td><td>Nimi<\/td><td>S\u00fcnniaasta<\/td><td>Klubi<\/td><td>Kaal<\/td><td>Reb<\/td><td>T\u00f5uk<\/td><td>Summa<\/td><\/tr><tr><td>1<\/td><td>Eliise Peterson<\/td><td>1992<\/td><td>Sparta<\/td><td>85,46<\/td><td>104<\/td><td>121<\/td><td>225<\/td><\/tr><tr><td>2<\/td><td>Liisbeth Rosenstein<\/td><td>2005<\/td><td>M\u00e4ksa<\/td><td>84,55<\/td><td>60<\/td><td>72<\/td><td>132<\/td><\/tr><tr><td>3<\/td><td>Anna G\u00fcnter<\/td><td>1979<\/td><td>SK +35<\/td><td>81,9<\/td><td>55<\/td><td>60<\/td><td>115<\/td><\/tr><tr><td>4<\/td><td>Triin H\u00fctt<\/td><td>14.07.1973<\/td><td>CrossFit Tartu<\/td><td>82,3<\/td><td>46<\/td><td>66<\/td><td>112<\/td><\/tr><tr><td>5<\/td><td>Merle Lillik<\/td><td>16.03.1971<\/td><td>CrossFit Tartu<\/td><td>82,6<\/td><td>43<\/td><td>63<\/td><td>106<\/td><\/tr><tr><td>6<\/td><td>Anna Karolina Polli<\/td><td>2009<\/td><td>M\u00e4ksa<\/td><td>84,65<\/td><td>46<\/td><td>55<\/td><td>101<\/td><\/tr><tr><td>7<\/td><td>Merti Hein<\/td><td>2010<\/td><td>Edu<\/td><td>82,6<\/td><td>44<\/td><td>56<\/td><td>100<\/td><\/tr><tr><td colspan=\"8\">Kehakaalukategooria +87 kg<\/td><\/tr><tr><td>Koht<\/td><td>Nimi<\/td><td>S\u00fcnniaasta<\/td><td>Klubi<\/td><td>Kaal<\/td><td>Reb<\/td><td>T\u00f5uk<\/td><td>Summa<\/td><\/tr><tr><td>1<\/td><td>Inger Iris Prants<\/td><td>2009<\/td><td>Vargam\u00e4e<\/td><td>91,6<\/td><td>69<\/td><td>83<\/td><td>152<\/td><\/tr><tr><td>2<\/td><td>Maria Lupan<\/td><td>2006<\/td><td>Sparta<\/td><td>96,2<\/td><td>64<\/td><td>87<\/td><td>151<\/td><\/tr><tr><td>3<\/td><td>Liisbeth Rosenstein<\/td><td>2005<\/td><td>M\u00e4ksa<\/td><td>90,35<\/td><td>60<\/td><td>78<\/td><td>138<\/td><\/tr><tr><td>4<\/td><td>Agnes Rannaste<\/td><td>1984<\/td><td>SK+35<\/td><td>107,9<\/td><td>56<\/td><td>78<\/td><td>134<\/td><\/tr><tr><td>5<\/td><td>Nade\u017eda Smirnova<\/td><td>30.06.1983<\/td><td>Must CrossFit<\/td><td>94,8<\/td><td>48<\/td><td>66<\/td><td>114<\/td><\/tr><tr><td>6<\/td><td>Merti Hein<\/td><td>2010<\/td><td>Edu<\/td><td>96,8<\/td><td>46<\/td><td>58<\/td><td>104<\/td><\/tr><tr><td>7<\/td><td>Anna Karolina Polli<\/td><td>2009<\/td><td>M\u00e4ksa<\/td><td>90,90<\/td><td>45<\/td><td>58<\/td><td>103<\/td><\/tr><\/tbody><\/table><\/figure>","protected":false},"excerpt":{"rendered":"<p>seisuga 31.12.2024 (va masters MM) U-13&nbsp;&nbsp;Kehakaalukategooria -31 kg Koht Nimi S\u00fcnniaasta Klubi Kaal Reb T\u00f5uk Summa 1 Janete-Aleksandra Aan 2016 J\u00f5usport 28,95 15 21 36 2 Luna Viks 2015 Vargam\u00e4e 30,9 15 20 35 U-13&nbsp;Kehakaalukategooria -35 kg Koht Nimi S\u00fcnniaasta Klubi Kaal Reb T\u00f5uk Summa 1 Luna Viks 2015 Vargam\u00e4e 33 18 24 42 2 [&hellip;]<\/p>\n","protected":false},"author":1,"featured_media":0,"parent":0,"menu_order":0,"comment_status":"closed","ping_status":"closed","template":"","meta":{"_mc_calendar":[],"footnotes":""},"class_list":["post-3625","page","type-page","status-publish","hentry","entry"],"_links":{"self":[{"href":"https:\/\/tosteliit.ee\/en\/wp-json\/wp\/v2\/pages\/3625","targetHints":{"allow":["GET"]}}],"collection":[{"href":"https:\/\/tosteliit.ee\/en\/wp-json\/wp\/v2\/pages"}],"about":[{"href":"https:\/\/tosteliit.ee\/en\/wp-json\/wp\/v2\/types\/page"}],"author":[{"embeddable":true,"href":"https:\/\/tosteliit.ee\/en\/wp-json\/wp\/v2\/users\/1"}],"replies":[{"embeddable":true,"href":"https:\/\/tosteliit.ee\/en\/wp-json\/wp\/v2\/comments?post=3625"}],"version-history":[{"count":1,"href":"https:\/\/tosteliit.ee\/en\/wp-json\/wp\/v2\/pages\/3625\/revisions"}],"predecessor-version":[{"id":3626,"href":"https:\/\/tosteliit.ee\/en\/wp-json\/wp\/v2\/pages\/3625\/revisions\/3626"}],"wp:attachment":[{"href":"https:\/\/tosteliit.ee\/en\/wp-json\/wp\/v2\/media?parent=3625"}],"curies":[{"name":"wp","href":"https:\/\/api.w.org\/{rel}","templated":true}]}}