{"id":3983,"date":"2025-08-19T14:52:01","date_gmt":"2025-08-19T14:52:01","guid":{"rendered":"https:\/\/tosteliit.ee\/?page_id=3983"},"modified":"2025-08-20T11:40:45","modified_gmt":"2025-08-20T11:40:45","slug":"edetabel-mehed-kaalukategooriad-kuni-31-05-2025","status":"publish","type":"page","link":"https:\/\/tosteliit.ee\/en\/edetabel-mehed-kaalukategooriad-kuni-31-05-2025\/","title":{"rendered":"Edetabel MEHED (kaalukategooriad kuni 31.05.2025)"},"content":{"rendered":"<p>Seisuga 30.05.2025<\/p>\n\n\n\n<figure class=\"wp-block-table\"><table><tbody><tr><td colspan=\"8\">U-13 Kehakaalukategooria -34 kg<\/td><\/tr><tr><td>Koht<\/td><td>Nimi<\/td><td>S\u00fcnniaasta<\/td><td>Klubi<\/td><td>Kaal<\/td><td>Reb<\/td><td>T\u00f5uk<\/td><td>Summa<\/td><\/tr><tr><td>1<\/td><td>Marten Kikerman<\/td><td>2012<\/td><td>M\u00e4ksa<\/td><td>32,2<\/td><td>19<\/td><td>27<\/td><td>46<\/td><\/tr><tr><td>2<\/td><td>Karl Kenneth Laanemaa<\/td><td>2015<\/td><td>J\u00f5ud Junior<\/td><td>31,6<\/td><td>19<\/td><td>25<\/td><td>44<\/td><\/tr><tr><td colspan=\"8\">U-13&nbsp;&nbsp;Kehakaalukategooria -39 kg<\/td><\/tr><tr><td>Koht<\/td><td>Nimi<\/td><td>S\u00fcnniaasta<\/td><td>Klubi<\/td><td>Kaal<\/td><td>Reb<\/td><td>T\u00f5uk<\/td><td>Summa<\/td><\/tr><tr><td>1<\/td><td>Manfred Mets<\/td><td>2014<\/td><td>Viljandi vald<\/td><td>35,7<\/td><td>18<\/td><td>25<\/td><td>43<\/td><\/tr><tr><td>2<\/td><td>Sten Erik Allikas<\/td><td>2013<\/td><td>Viljandi vald<\/td><td>36<\/td><td>20<\/td><td>22<\/td><td>42<\/td><\/tr><tr><td>3<\/td><td>Artur T\u0161ervov<\/td><td>06.05.2015<\/td><td>EDU<\/td><td>37,3<\/td><td>14<\/td><td>17<\/td><td>31<\/td><\/tr><tr><td colspan=\"8\">U-13&nbsp;Kehakaalukategooria -44 kg<\/td><\/tr><tr><td>Koht<\/td><td>Nimi<\/td><td>S\u00fcnniaasta<\/td><td>Klubi<\/td><td>Kaal<\/td><td>Reb<\/td><td>T\u00f5uk<\/td><td>Summa<\/td><\/tr><tr><td>1<\/td><td>Aksel Taigla<\/td><td>13<\/td><td>Viljandi vald<\/td><td>44<\/td><td>19<\/td><td>25<\/td><td>44<\/td><\/tr><tr><td colspan=\"8\">U-13, U-15, U-17&nbsp;&nbsp;Kehakaalukategooria -49 kg<\/td><\/tr><tr><td>Koht<\/td><td>Nimi<\/td><td>S\u00fcnniaasta<\/td><td>Klubi<\/td><td>Kaal<\/td><td>Reb<\/td><td>T\u00f5uk<\/td><td>Summa<\/td><\/tr><tr><td>1<\/td><td>Daniel Purk<\/td><td>2010<\/td><td>Vargam\u00e4e<\/td><td>47,75<\/td><td>53<\/td><td>65<\/td><td>118<\/td><\/tr><tr><td>2<\/td><td>Rait Linnu<\/td><td>2010<\/td><td>Olustvere<\/td><td>48,4<\/td><td>38<\/td><td>50<\/td><td>88<\/td><\/tr><tr><td>3<\/td><td>Arseni Vorobjov<\/td><td>2013<\/td><td>EDU<\/td><td>46,65<\/td><td>31<\/td><td>40<\/td><td>71<\/td><\/tr><tr><td>4<\/td><td>Geiro Linnas<\/td><td>2010<\/td><td>P\u00f5hja-Sakala vald<\/td><td>48<\/td><td>30<\/td><td>41<\/td><td>71<\/td><\/tr><tr><td>5<\/td><td>Rico Vahtram\u00e4e<\/td><td>2013<\/td><td>J\u00f5ud Junior<\/td><td>47,8<\/td><td>28<\/td><td>36<\/td><td>64<\/td><\/tr><tr><td>6<\/td><td>Fredi Kreinin<\/td><td>2011<\/td><td>J\u00f5ud Junior<\/td><td>48<\/td><td>28<\/td><td>32<\/td><td>60<\/td><\/tr><tr><td>7<\/td><td>Raiko Reimets<\/td><td>2014<\/td><td>\u00dclo<\/td><td>45,4<\/td><td>17<\/td><td>23<\/td><td>40<\/td><\/tr><tr><td>8<\/td><td>Silver Rjatipov<\/td><td>2015<\/td><td>J\u00f5ud Junior<\/td><td>46,3<\/td><td>16<\/td><td>18<\/td><td>34<\/td><\/tr><tr><td>9<\/td><td>Erik Bronski<\/td><td>2015<\/td><td>Viljandi vald<\/td><td>44,2<\/td><td>14<\/td><td>17<\/td><td>31<\/td><\/tr><tr><td colspan=\"8\">Kehakaalukategooria -55 kg<\/td><\/tr><tr><td>Koht<\/td><td>Nimi<\/td><td>S\u00fcnniaasta<\/td><td>Klubi<\/td><td>Kaal<\/td><td>Reb<\/td><td>T\u00f5uk<\/td><td>Summa<\/td><\/tr><tr><td>1<\/td><td>Mark Fljaum<\/td><td>2008<\/td><td>J\u00f5ud Junior<\/td><td>54,95<\/td><td>90<\/td><td>100<\/td><td>190<\/td><\/tr><tr><td>2<\/td><td>Nikita Silin<\/td><td>2010<\/td><td>J\u00f5ud Junior<\/td><td>54,4<\/td><td>60<\/td><td>80<\/td><td>140<\/td><\/tr><tr><td>3<\/td><td>Aivar K\u00f5va<\/td><td>1962<\/td><td>individuaal<\/td><td>54,2<\/td><td>46<\/td><td>56<\/td><td>102<\/td><\/tr><tr><td>4<\/td><td>Rait Linnu<\/td><td>2010<\/td><td>Olustvere<\/td><td>50.50<\/td><td>42<\/td><td>50<\/td><td>92<\/td><\/tr><tr><td>5<\/td><td>Kaspar Leighton<\/td><td>2009<\/td><td>Mulgi vald<\/td><td>53<\/td><td>39<\/td><td>52<\/td><td>91<\/td><\/tr><tr><td>6<\/td><td>Jakob Tuisk<\/td><td>2010<\/td><td>Goodlift<\/td><td>50.50<\/td><td>40<\/td><td>42<\/td><td>82<\/td><\/tr><tr><td>7<\/td><td>Rico Vahtram\u00e4e<\/td><td>2013<\/td><td>J\u00f5ud Junior<\/td><td>50,5<\/td><td>33<\/td><td>43<\/td><td>76<\/td><\/tr><tr><td>8<\/td><td>Mairold Kullamaa<\/td><td>2012<\/td><td>Viljandi vald<\/td><td>52,4<\/td><td>26<\/td><td>30<\/td><td>56<\/td><\/tr><tr><td>9<\/td><td>Rasmus Kavak<\/td><td>2013<\/td><td>Viljandi vald<\/td><td>51,7<\/td><td>20<\/td><td>26<\/td><td>46<\/td><\/tr><tr><td colspan=\"8\">Kehakaalukategooria -61 kg<\/td><\/tr><tr><td>Koht<\/td><td>Nimi<\/td><td>S\u00fcnniaasta<\/td><td>Klubi<\/td><td>Kaal<\/td><td>Reb<\/td><td>T\u00f5uk<\/td><td>Summa<\/td><\/tr><tr><td>1<\/td><td>Mark Fljaum<\/td><td>2008<\/td><td>J\u00f5ud Junior<\/td><td>56,6<\/td><td>87<\/td><td>98<\/td><td>185<\/td><\/tr><tr><td>2<\/td><td>Nikita Silin<\/td><td>2010<\/td><td>J\u00f5ud Junior<\/td><td>55,85<\/td><td>58<\/td><td>77<\/td><td>135<\/td><\/tr><tr><td>3<\/td><td>William Viitla<\/td><td>2009<\/td><td>J\u00f5usport<\/td><td>57,15<\/td><td>60<\/td><td>68<\/td><td>128<\/td><\/tr><tr><td>4<\/td><td>Maksim Javorski<\/td><td>2010<\/td><td>J\u00f5ud Junior<\/td><td>60,4<\/td><td>55<\/td><td>66<\/td><td>121<\/td><\/tr><tr><td>5<\/td><td>Kris Karel Jalast<\/td><td>2012<\/td><td>Vargam\u00e4e<\/td><td>60,1<\/td><td>46<\/td><td>63<\/td><td>109<\/td><\/tr><tr><td>6<\/td><td>Aivar K\u00f5va<\/td><td>1962<\/td><td>individuaal<\/td><td>56,7<\/td><td>47<\/td><td>58<\/td><td>105<\/td><\/tr><tr><td>7<\/td><td>Robin Aav<\/td><td>2010<\/td><td>M\u00e4ksa<\/td><td>59,75<\/td><td>29<\/td><td>40<\/td><td>69<\/td><\/tr><tr><td>8<\/td><td>Gregor Vandel<\/td><td>2013<\/td><td>Sparta<\/td><td>59,05<\/td><td>28<\/td><td>37<\/td><td>65<\/td><\/tr><tr><td>9<\/td><td>Tailer V\u00f5su<\/td><td>2012<\/td><td>\u00dclo<\/td><td>56,8<\/td><td>26<\/td><td>39<\/td><td>65<\/td><\/tr><tr><td>10<\/td><td>Kevin J\u00f5esaar<\/td><td>2011<\/td><td>M\u00e4ksa<\/td><td>56,3<\/td><td>23<\/td><td>34<\/td><td>57<\/td><\/tr><tr><td>11<\/td><td>J\u00fcgen Kikas<\/td><td>2012<\/td><td>Mulgi vald<\/td><td>57<\/td><td>24<\/td><td>33<\/td><td>57<\/td><\/tr><tr><td colspan=\"8\">Kehakaalukategooria -67 kg<\/td><\/tr><tr><td>Koht<\/td><td>Nimi<\/td><td>S\u00fcnniaasta<\/td><td>Klubi<\/td><td>Kaal<\/td><td>Reb<\/td><td>T\u00f5uk<\/td><td>Summa<\/td><\/tr><tr><td>1<\/td><td>Nikita Merkurjev<\/td><td>2010<\/td><td>J\u00f5ud Junior<\/td><td>66,6<\/td><td>88<\/td><td>110<\/td><td>198<\/td><\/tr><tr><td>2<\/td><td>Erik Daniel Ionov<\/td><td>2010<\/td><td>J\u00f5ud Junior<\/td><td>65,6<\/td><td>57<\/td><td>69<\/td><td>126<\/td><\/tr><tr><td>3<\/td><td>Romet Ahosepp<\/td><td>2009<\/td><td>Olustvere<\/td><td>64,5<\/td><td>53<\/td><td>70<\/td><td>123<\/td><\/tr><tr><td>4<\/td><td>Rihard Reimets<\/td><td>2007<\/td><td>Mulgi vald<\/td><td>65,8<\/td><td>50<\/td><td>70<\/td><td>120<\/td><\/tr><tr><td>5<\/td><td>Kaspar M\u00f6ller<\/td><td>2008<\/td><td>M\u00e4ksa<\/td><td>64,75<\/td><td>50<\/td><td>58<\/td><td>108<\/td><\/tr><tr><td>6<\/td><td>Rein Robert Hunt<\/td><td>2011<\/td><td>Mulgi vald<\/td><td>66,8<\/td><td>36<\/td><td>51<\/td><td>87<\/td><\/tr><tr><td>7<\/td><td>Arthur Haarakalju<\/td><td>2011<\/td><td>P\u00f5hja-Sakala vald<\/td><td>61,5<\/td><td>34<\/td><td>46<\/td><td>80<\/td><\/tr><tr><td>8<\/td><td>Ott Lepikov<\/td><td>2010<\/td><td>M\u00e4ksa<\/td><td>64,35<\/td><td>29<\/td><td>40<\/td><td>69<\/td><\/tr><tr><td>9<\/td><td>Patrick Kompus<\/td><td>2015<\/td><td>J\u00f5ud Junior<\/td><td>67<\/td><td>27<\/td><td>35<\/td><td>62<\/td><\/tr><tr><td colspan=\"8\">Kehakaalukategooria -73 kg<\/td><\/tr><tr><td>Koht<\/td><td>Nimi<\/td><td>S\u00fcnniaasta<\/td><td>Klubi<\/td><td>Kaal<\/td><td>Reb<\/td><td>T\u00f5uk<\/td><td>Summa<\/td><\/tr><tr><td>1<\/td><td>Nikita Merkurjev<\/td><td>2010<\/td><td>J\u00f5ud Junior<\/td><td>68,7<\/td><td>97<\/td><td>116<\/td><td>213<\/td><\/tr><tr><td>2<\/td><td>Mattias M\u00e4ttik<\/td><td>2003<\/td><td>Olustvere<\/td><td>72,2<\/td><td>95<\/td><td>115<\/td><td>210<\/td><\/tr><tr><td>3<\/td><td>Ivan Vorobjov<\/td><td>2007<\/td><td>EDU<\/td><td>71,9<\/td><td>97<\/td><td>111<\/td><td>208<\/td><\/tr><tr><td>4<\/td><td>Tom Aunapuu<\/td><td>2003<\/td><td>Vargam\u00e4e<\/td><td>69,6<\/td><td>90<\/td><td>105<\/td><td>195<\/td><\/tr><tr><td>5<\/td><td>Artur \u0160palov<\/td><td>2008<\/td><td>Ol\u00fcmpionik<\/td><td>70,5<\/td><td>88<\/td><td>100<\/td><td>188<\/td><\/tr><tr><td>6<\/td><td>Timo Kingumets<\/td><td>1992<\/td><td>CrossFit Kuubik<\/td><td>71<\/td><td>81<\/td><td>100<\/td><td>181<\/td><\/tr><tr><td>7<\/td><td>Erki Jalast<\/td><td>2008<\/td><td>Vargam\u00e4e<\/td><td>68,6<\/td><td>66<\/td><td>85<\/td><td>151<\/td><\/tr><tr><td>8<\/td><td>Carl-Ruuben Soolep<\/td><td>1993<\/td><td>CrossFit Kuubik<\/td><td>68,8<\/td><td>61<\/td><td>85<\/td><td>146<\/td><\/tr><tr><td>9<\/td><td>Ardi Teder<\/td><td>1992<\/td><td>CrossFit Kuubik<\/td><td>72,3<\/td><td>56<\/td><td>88<\/td><td>144<\/td><\/tr><tr><td>10<\/td><td>Tanel Hirve<\/td><td>2008<\/td><td>Sparta<\/td><td>70,8<\/td><td>62<\/td><td>75<\/td><td>137<\/td><\/tr><tr><td>11<\/td><td>Trevor Vandel<\/td><td>2009<\/td><td>Sparta<\/td><td>67,25<\/td><td>63<\/td><td>70<\/td><td>133<\/td><\/tr><tr><td>12<\/td><td>Oliver Kaugerand<\/td><td>2010<\/td><td>Olustvere<\/td><td>71,7<\/td><td>55<\/td><td>75<\/td><td>130<\/td><\/tr><tr><td>13<\/td><td>Kaspar M\u00f6ller<\/td><td>2008<\/td><td>M\u00e4ksa<\/td><td>68,6<\/td><td>49<\/td><td>70<\/td><td>119<\/td><\/tr><tr><td>14<\/td><td>Iko Illimar Riid<\/td><td>2010<\/td><td>Mulgi vald<\/td><td>71<\/td><td>50<\/td><td>58<\/td><td>108<\/td><\/tr><tr><td>15<\/td><td>Jakob Salum\u00e4e<\/td><td>2009<\/td><td>Olustvere<\/td><td>69,8<\/td><td>44<\/td><td>57<\/td><td>101<\/td><\/tr><tr><td>16<\/td><td>Romet Ahosepp<\/td><td>2009<\/td><td>Olustvere<\/td><td>67,4<\/td><td>45<\/td><td>51<\/td><td>96<\/td><\/tr><tr><td>17<\/td><td>Gregor Adami<\/td><td>2011<\/td><td>J\u00f5ud Junior<\/td><td>71,2<\/td><td>40<\/td><td>50<\/td><td>90<\/td><\/tr><tr><td>18<\/td><td>Alex Purk<\/td><td>2009<\/td><td>Vargam\u00e4e<\/td><td>69,6<\/td><td>29<\/td><td>35<\/td><td>64<\/td><\/tr><tr><td>19<\/td><td>Daniel J\u00f5esalu<\/td><td>2012<\/td><td>J\u00f5ud Junior<\/td><td>73<\/td><td>21<\/td><td>27<\/td><td>48<\/td><\/tr><tr><td colspan=\"8\">Kehakaalukategooria -81 kg<\/td><\/tr><tr><td>Koht<\/td><td>Nimi<\/td><td>S\u00fcnniaasta<\/td><td>Klubi<\/td><td>Kaal<\/td><td>Reb<\/td><td>T\u00f5uk<\/td><td>Summa<\/td><\/tr><tr><td>1<\/td><td>Maiko Sepp<\/td><td>1997<\/td><td>M\u00e4ksa<\/td><td>74,9<\/td><td>110<\/td><td>138<\/td><td>248<\/td><\/tr><tr><td>2<\/td><td>Ivan Vorobjov<\/td><td>2007<\/td><td>EDU<\/td><td>73,8<\/td><td>100<\/td><td>120<\/td><td>220<\/td><\/tr><tr><td>3<\/td><td>Anton Voitsi\u0161evski<\/td><td>1997<\/td><td>Goodlift<\/td><td>76,85<\/td><td>92<\/td><td>116<\/td><td>208<\/td><\/tr><tr><td>4<\/td><td>Ivar Parmas<\/td><td>1987<\/td><td>CrossFit Tartu<\/td><td>79,9<\/td><td>85<\/td><td>122<\/td><td>207<\/td><\/tr><tr><td>5<\/td><td>Sten Karu<\/td><td>1991<\/td><td>CrossFit KeKo<\/td><td>80,25<\/td><td>82<\/td><td>113<\/td><td>195<\/td><\/tr><tr><td>6<\/td><td>Gregor Kroon<\/td><td>2009<\/td><td>M\u00e4ksa<\/td><td>79,85<\/td><td>76<\/td><td>98<\/td><td>174<\/td><\/tr><tr><td>7<\/td><td>Aleksei Kolotkov<\/td><td>1985<\/td><td>Albatros<\/td><td>81<\/td><td>75<\/td><td>90<\/td><td>165<\/td><\/tr><tr><td>8<\/td><td>Heiki Nerut<\/td><td>2008<\/td><td>J\u00f5ud Junior<\/td><td>73,65<\/td><td>68<\/td><td>84<\/td><td>152<\/td><\/tr><tr><td>9<\/td><td>Kaarel Prommik<\/td><td>1987<\/td><td>CrossFit Tartu<\/td><td>76,6<\/td><td>60<\/td><td>75<\/td><td>135<\/td><\/tr><tr><td>10<\/td><td>Marek Aardev\u00e4lja<\/td><td>1968<\/td><td>Viljandi vald<\/td><td>75,8<\/td><td>49<\/td><td>62<\/td><td>111<\/td><\/tr><tr><td>11<\/td><td>Ailo Andri Hantson<\/td><td>2007<\/td><td>Viljandi vald<\/td><td>75,2<\/td><td>50<\/td><td>60<\/td><td>110<\/td><\/tr><tr><td colspan=\"8\">Kehakaalukategooria -89 kg<\/td><\/tr><tr><td>Koht<\/td><td>Nimi<\/td><td>S\u00fcnniaasta<\/td><td>Klubi<\/td><td>Kaal<\/td><td>Reb<\/td><td>T\u00f5uk<\/td><td>Summa<\/td><\/tr><tr><td>1<\/td><td>Leho Pent<\/td><td>1990<\/td><td>Vargam\u00e4e<\/td><td>89<\/td><td>141<\/td><td>183<\/td><td>324<\/td><\/tr><tr><td>2<\/td><td>Alexander Moiseenko<\/td><td>2003<\/td><td>J\u00f5ud Junior<\/td><td>84,5<\/td><td>132<\/td><td>150<\/td><td>282<\/td><\/tr><tr><td>3<\/td><td>Richard Maala<\/td><td>2000<\/td><td>EDU<\/td><td>87,8<\/td><td>110<\/td><td>127<\/td><td>237<\/td><\/tr><tr><td>4<\/td><td>Hannes Varov<\/td><td>1994<\/td><td>CrossFit Kuubik<\/td><td>88,9<\/td><td>93<\/td><td>126<\/td><td>219<\/td><\/tr><tr><td>5<\/td><td>Leon Kann<\/td><td>1997<\/td><td>EDU<\/td><td>84,25<\/td><td>90<\/td><td>127<\/td><td>217<\/td><\/tr><tr><td>6<\/td><td>Kait Viks<\/td><td>2007<\/td><td>Vargam\u00e4e<\/td><td>88,2<\/td><td>95<\/td><td>120<\/td><td>215<\/td><\/tr><tr><td>7<\/td><td>Madis Matvejev<\/td><td>1988<\/td><td>CrossFit Kuubik<\/td><td>83,6<\/td><td>87<\/td><td>114<\/td><td>201<\/td><\/tr><tr><td>8<\/td><td>Rain Annuste<\/td><td>1982<\/td><td>P\u00e4rnu<\/td><td>88,6<\/td><td>90<\/td><td>105<\/td><td>195<\/td><\/tr><tr><td>9<\/td><td>Vjat\u0161eslav Sas<\/td><td>2000<\/td><td>Albatros<\/td><td>84,7<\/td><td>80<\/td><td>110<\/td><td>190<\/td><\/tr><tr><td>10<\/td><td>Henry Tikut<\/td><td>2006<\/td><td>Olustvere<\/td><td>86<\/td><td>85<\/td><td>100<\/td><td>185<\/td><\/tr><tr><td>11<\/td><td>Allan Keng<\/td><td>1988<\/td><td>Mulgi vald<\/td><td>87,4<\/td><td>84<\/td><td>100<\/td><td>185<\/td><\/tr><tr><td>12<\/td><td>Fred Uudik<\/td><td>1992<\/td><td>Mulgi vald<\/td><td>84,6<\/td><td>80<\/td><td>100<\/td><td>180<\/td><\/tr><tr><td>13<\/td><td>Mihkel Keldoja<\/td><td>1995<\/td><td>CrossFit Viljandi<\/td><td>87,9<\/td><td>86<\/td><td>90<\/td><td>176<\/td><\/tr><tr><td>14<\/td><td>Artjom Jer\u0161ov<\/td><td>2007<\/td><td>EDU<\/td><td>86,5<\/td><td>78<\/td><td>98<\/td><td>176<\/td><\/tr><tr><td>15<\/td><td>Lauri Kuusk<\/td><td>1984<\/td><td>Sparta<\/td><td>82,3<\/td><td>75<\/td><td>98<\/td><td>173<\/td><\/tr><tr><td>16<\/td><td>Arseni Draiuk<\/td><td>2009<\/td><td>Goodlift<\/td><td>84,35<\/td><td>78<\/td><td>92<\/td><td>170<\/td><\/tr><tr><td>17<\/td><td>Gregor Kroon<\/td><td>2009<\/td><td>M\u00e4ksa<\/td><td>80,1<\/td><td>73<\/td><td>95<\/td><td>168<\/td><\/tr><tr><td>18<\/td><td>Erkki Kuusk<\/td><td>1984<\/td><td>Sparta<\/td><td>83,1<\/td><td>75<\/td><td>92<\/td><td>167<\/td><\/tr><tr><td>19<\/td><td>Mihkel Eelmets<\/td><td>2009<\/td><td>Sparta<\/td><td>82,35<\/td><td>70<\/td><td>90<\/td><td>167<\/td><\/tr><tr><td>20<\/td><td>Sander Aan<\/td><td>2007<\/td><td>J\u00f5usport<\/td><td>85,7<\/td><td>75<\/td><td>90<\/td><td>165<\/td><\/tr><tr><td>21<\/td><td>Mihkel Kalda<\/td><td>1991<\/td><td>CrossFit Viljandi<\/td><td>88,25<\/td><td>63<\/td><td>90<\/td><td>153<\/td><\/tr><tr><td>22<\/td><td>Keio N\u00f5gel<\/td><td>1995<\/td><td>Viljandi vald<\/td><td>82,7<\/td><td>60<\/td><td>90<\/td><td>150<\/td><\/tr><tr><td>23<\/td><td>Nikita Karsukov<\/td><td>2007<\/td><td>Kalev<\/td><td>81,4<\/td><td>60<\/td><td>75<\/td><td>135<\/td><\/tr><tr><td>24<\/td><td>Joonas Aviste<\/td><td>2009<\/td><td>M\u00e4ksa<\/td><td>87,6<\/td><td>62<\/td><td>72<\/td><td>134<\/td><\/tr><tr><td>25<\/td><td>Markus V\u00e4ljari<\/td><td>2006<\/td><td>Olustvere<\/td><td>86,2<\/td><td>55<\/td><td>70<\/td><td>125<\/td><\/tr><tr><td>26<\/td><td>Georg Kernumees<\/td><td>2007<\/td><td>Olustvere<\/td><td>84,6<\/td><td>50<\/td><td>62<\/td><td>112<\/td><\/tr><tr><td>27<\/td><td>Lauri Naarits<\/td><td>1991<\/td><td>EDU<\/td><td>81,1<\/td><td>100<\/td><td>0<\/td><td>100<\/td><\/tr><tr><td colspan=\"8\">Kehakaalukategooria -96 kg<\/td><\/tr><tr><td>Koht<\/td><td>Nimi<\/td><td>S\u00fcnniaasta<\/td><td>Klubi<\/td><td>Kaal<\/td><td>Reb<\/td><td>T\u00f5uk<\/td><td>Summa<\/td><\/tr><tr><td>1<\/td><td>Leho Pent<\/td><td>1990<\/td><td>Vargam\u00e4e<\/td><td>90,3<\/td><td>145<\/td><td>180<\/td><td>325<\/td><\/tr><tr><td>2<\/td><td>Andres Viksi<\/td><td>1989<\/td><td>Olustvere<\/td><td>95,1<\/td><td>133<\/td><td>155<\/td><td>288<\/td><\/tr><tr><td>3<\/td><td>Teet Karbus<\/td><td>1998<\/td><td>Vargam\u00e4e<\/td><td>95,6<\/td><td>122<\/td><td>157<\/td><td>279<\/td><\/tr><tr><td>4<\/td><td>Markus Arm<\/td><td>2001<\/td><td>CrossFit KeKo<\/td><td>94,4<\/td><td>105<\/td><td>131<\/td><td>236<\/td><\/tr><tr><td>5<\/td><td>Cristopher Voolaid<\/td><td>1996<\/td><td>Sparta<\/td><td>94,6<\/td><td>95<\/td><td>135<\/td><td>230<\/td><\/tr><tr><td>6<\/td><td>Jaanus Hiiem\u00e4e<\/td><td>1974<\/td><td>SK +35<\/td><td>95,4<\/td><td>100<\/td><td>116<\/td><td>216<\/td><\/tr><tr><td>7<\/td><td>Gabriel K\u00fcnnapuu<\/td><td>2003<\/td><td>Olustvere<\/td><td>93,2<\/td><td>96<\/td><td>114<\/td><td>210<\/td><\/tr><tr><td>8<\/td><td>Urmas Treier<\/td><td>1969<\/td><td>individuaal<\/td><td>93,2<\/td><td>93<\/td><td>116<\/td><td>209<\/td><\/tr><tr><td>9<\/td><td>Roman Lut\u0161it<\/td><td>1986<\/td><td>Sparta<\/td><td>93,05<\/td><td>86<\/td><td>115<\/td><td>201<\/td><\/tr><tr><td>10<\/td><td>Timo Dudarev<\/td><td>2008<\/td><td>Olustvere<\/td><td>95,1<\/td><td>75<\/td><td>112<\/td><td>187<\/td><\/tr><tr><td>11<\/td><td>Johannes-Markus Boikov<\/td><td>1996<\/td><td>CrossFit Tartu<\/td><td>93,9<\/td><td>65<\/td><td>85<\/td><td>150<\/td><\/tr><tr><td>12<\/td><td>Tauno Randmaa<\/td><td>1991<\/td><td>CrossFit Viljandi<\/td><td>94,75<\/td><td>63<\/td><td>85<\/td><td>148<\/td><\/tr><tr><td>13<\/td><td>Aleksei Kuzmin<\/td><td>2007<\/td><td>EDU<\/td><td>95,6<\/td><td>132<\/td><td>0<\/td><td>132<\/td><\/tr><tr><td>14<\/td><td>Markus V\u00e4ljari<\/td><td>2006<\/td><td>Olustvere<\/td><td>90,8<\/td><td>55<\/td><td>65<\/td><td>120<\/td><\/tr><tr><td colspan=\"8\">Kehakaalukategooria -102 kg<\/td><\/tr><tr><td>Koht<\/td><td>Nimi<\/td><td>S\u00fcnniaasta<\/td><td>Klubi<\/td><td>Kaal<\/td><td>Reb<\/td><td>T\u00f5uk<\/td><td>Summa<\/td><\/tr><tr><td>1<\/td><td>Andres Viksi<\/td><td>1989<\/td><td>Olustvere<\/td><td>98<\/td><td>140<\/td><td>165<\/td><td>305<\/td><\/tr><tr><td>2<\/td><td>Teet Karbus<\/td><td>1998<\/td><td>Vargam\u00e4e<\/td><td>99,4<\/td><td>117<\/td><td>156<\/td><td>273<\/td><\/tr><tr><td>3<\/td><td>Mati Karbus<\/td><td>1996<\/td><td>Vargam\u00e4e<\/td><td>99<\/td><td>118<\/td><td>140<\/td><td>258<\/td><\/tr><tr><td>4<\/td><td>Jaanus Hiiem\u00e4e<\/td><td>1974<\/td><td>SK +35<\/td><td>101,3<\/td><td>106<\/td><td>130<\/td><td>236<\/td><\/tr><tr><td>5<\/td><td>Gabriel K\u00fcnnapuu<\/td><td>2003<\/td><td>Olustvere<\/td><td>98,6<\/td><td>100<\/td><td>125<\/td><td>225<\/td><\/tr><tr><td>6<\/td><td>Pearu-Paul Piperal<\/td><td>1992<\/td><td>Talinn CrossFit<\/td><td>99,75<\/td><td>80<\/td><td>130<\/td><td>210<\/td><\/tr><tr><td>7<\/td><td>Carlis Vaino<\/td><td>2010<\/td><td>M\u00e4ksa<\/td><td>101,45<\/td><td>93<\/td><td>116<\/td><td>209<\/td><\/tr><tr><td>8<\/td><td>Reio Sild<\/td><td>1995<\/td><td>Viljandi vald<\/td><td>99,5<\/td><td>65<\/td><td>90<\/td><td>155<\/td><\/tr><tr><td>9<\/td><td>Siim Luha\u00e4\u00e4r<\/td><td>2009<\/td><td>Mulgi vald<\/td><td>99,4<\/td><td>58<\/td><td>80<\/td><td>138<\/td><\/tr><tr><td>10<\/td><td>Miko Lilleorg<\/td><td>1998<\/td><td>Sparta<\/td><td>98,4<\/td><td>132<\/td><td>0<\/td><td>132<\/td><\/tr><tr><td colspan=\"8\">Kehakaalukategooria -109 kg<\/td><\/tr><tr><td>Koht<\/td><td>Nimi<\/td><td>S\u00fcnniaasta<\/td><td>Klubi<\/td><td>Kaal<\/td><td>Reb<\/td><td>T\u00f5uk<\/td><td>Summa<\/td><\/tr><tr><td>1<\/td><td>Mati Karbus<\/td><td>1996<\/td><td>Vargam\u00e4e<\/td><td>102,1<\/td><td>115<\/td><td>140<\/td><td>255<\/td><\/tr><tr><td>2<\/td><td>Karl-Markus J\u00f5gila<\/td><td><\/td><td>CrossFit KeKo<\/td><td>107<\/td><td>110<\/td><td>136<\/td><td>246<\/td><\/tr><tr><td>3<\/td><td>Aivar Zarubin<\/td><td>1971<\/td><td>SK +35<\/td><td>104<\/td><td>105<\/td><td>140<\/td><td>245<\/td><\/tr><tr><td>4<\/td><td>Kerto P\u00e4rl<\/td><td>1993<\/td><td>M\u00e4ksa<\/td><td>104,3<\/td><td>111<\/td><td>131<\/td><td>242<\/td><\/tr><tr><td>5<\/td><td>Jaanus Hiiem\u00e4e<\/td><td>1974<\/td><td>SK +35<\/td><td>103,5<\/td><td>107<\/td><td>133<\/td><td>240<\/td><\/tr><tr><td>6<\/td><td>Roland Pajuleht<\/td><td>1997<\/td><td>CrossFit Tartu<\/td><td>103,85<\/td><td>100<\/td><td>130<\/td><td>230<\/td><\/tr><tr><td>7<\/td><td>Johannes Muru<\/td><td>1995<\/td><td>Sparta<\/td><td>108,4<\/td><td>100<\/td><td>130<\/td><td>230<\/td><\/tr><tr><td>8<\/td><td>Dmitri Mill<\/td><td>2008<\/td><td>EDU<\/td><td>104,25<\/td><td>92<\/td><td>115<\/td><td>207<\/td><\/tr><tr><td>9<\/td><td>Kaupo Kaasik<\/td><td>1987<\/td><td>Viljandi vald<\/td><td>109<\/td><td>70<\/td><td>85<\/td><td>155<\/td><\/tr><tr><td>10<\/td><td>Igor Popov<\/td><td>1963<\/td><td>Kalev<\/td><td>106,6<\/td><td>65<\/td><td>85<\/td><td>150<\/td><\/tr><tr><td>11<\/td><td>Avo Pent<\/td><td>1982<\/td><td>Vargam\u00e4e<\/td><td>105,15<\/td><td>60<\/td><td>90<\/td><td>150<\/td><\/tr><tr><td colspan=\"8\">Kehakaalukategooria +109 kg<\/td><\/tr><tr><td>Koht<\/td><td>Nimi<\/td><td>S\u00fcnniaasta<\/td><td>Klubi<\/td><td>Kaal<\/td><td>Reb<\/td><td>T\u00f5uk<\/td><td>Summa<\/td><\/tr><tr><td>1<\/td><td>Mart Seim<\/td><td>1990<\/td><td>Sparta<\/td><td>154,3<\/td><td>180<\/td><td>235<\/td><td>415<\/td><\/tr><tr><td>2<\/td><td>Roomet V\u00e4li<\/td><td>2005<\/td><td>Vargam\u00e4e<\/td><td>124,4<\/td><td>116<\/td><td>142<\/td><td>258<\/td><\/tr><tr><td>3<\/td><td>Lauri Rant<\/td><td>1990<\/td><td>Sparta<\/td><td>110<\/td><td>115<\/td><td>135<\/td><td>250<\/td><\/tr><tr><td>4<\/td><td>Mark Emmerich<\/td><td>1997<\/td><td>Mulgi vald<\/td><td>111,7<\/td><td>110<\/td><td>140<\/td><td>250<\/td><\/tr><tr><td>5<\/td><td>Kevin Martihhin<\/td><td>1993<\/td><td>M\u00e4ksa<\/td><td>137,2<\/td><td>110<\/td><td>135<\/td><td>245<\/td><\/tr><tr><td>6<\/td><td>Johannes Muru<\/td><td>1995<\/td><td>Sparta<\/td><td>109,5<\/td><td>108<\/td><td>135<\/td><td>243<\/td><\/tr><tr><td>7<\/td><td>Matjus M\u00e4ger<\/td><td>1989<\/td><td>Sparta<\/td><td>112,5<\/td><td>102<\/td><td>136<\/td><td>238<\/td><\/tr><tr><td>8<\/td><td>Valdemar Verner Okspuu<\/td><td>1999<\/td><td>Sparta<\/td><td>122,3<\/td><td>100<\/td><td>125<\/td><td>225<\/td><\/tr><tr><td>9<\/td><td>Erik Kuningas<\/td><td>1977<\/td><td>SK +35<\/td><td>118,8<\/td><td>85<\/td><td>130<\/td><td>215<\/td><\/tr><tr><td>10<\/td><td>Ragnar Kaasik<\/td><td>1988<\/td><td>Viljandi vald<\/td><td>130,5<\/td><td>80<\/td><td>112<\/td><td>192<\/td><\/tr><tr><td>11<\/td><td>Vitali Dronkin<\/td><td>1972<\/td><td>Kalev<\/td><td>118<\/td><td>76<\/td><td>103<\/td><td>179<\/td><\/tr><tr><td>12<\/td><td>Tristan Abel<\/td><td>2002<\/td><td>SK +35<\/td><td>113,3<\/td><td>75<\/td><td>100<\/td><td>175<\/td><\/tr><tr><td>13<\/td><td>Kalvin German<\/td><td>2006<\/td><td>P\u00f5hja-Sakala vald<\/td><td>137,1<\/td><td>55<\/td><td>95<\/td><td>150<\/td><\/tr><tr><td>14<\/td><td>Reedik P\u00e4\u00e4suke<\/td><td>1984<\/td><td>CrossFit Tartu<\/td><td>120<\/td><td>55<\/td><td>85<\/td><td>140<\/td><\/tr><tr><td>15<\/td><td>Igor Burakov<\/td><td>1963<\/td><td>Kalev<\/td><td>131,6<\/td><td>58<\/td><td>76<\/td><td>134<\/td><\/tr><\/tbody><\/table><\/figure>\n\n\n\n<p><\/p>","protected":false},"excerpt":{"rendered":"<p>Seisuga 30.05.2025 U-13 Kehakaalukategooria -34 kg Koht Nimi S\u00fcnniaasta Klubi Kaal Reb T\u00f5uk Summa 1 Marten Kikerman 2012 M\u00e4ksa 32,2 19 27 46 2 Karl Kenneth Laanemaa 2015 J\u00f5ud Junior 31,6 19 25 44 U-13&nbsp;&nbsp;Kehakaalukategooria -39 kg Koht Nimi S\u00fcnniaasta Klubi Kaal Reb T\u00f5uk Summa 1 Manfred Mets 2014 Viljandi vald 35,7 18 25 43 [&hellip;]<\/p>\n","protected":false},"author":1,"featured_media":0,"parent":0,"menu_order":0,"comment_status":"closed","ping_status":"closed","template":"","meta":{"_mc_calendar":[],"footnotes":""},"class_list":["post-3983","page","type-page","status-publish","hentry","entry"],"_links":{"self":[{"href":"https:\/\/tosteliit.ee\/en\/wp-json\/wp\/v2\/pages\/3983","targetHints":{"allow":["GET"]}}],"collection":[{"href":"https:\/\/tosteliit.ee\/en\/wp-json\/wp\/v2\/pages"}],"about":[{"href":"https:\/\/tosteliit.ee\/en\/wp-json\/wp\/v2\/types\/page"}],"author":[{"embeddable":true,"href":"https:\/\/tosteliit.ee\/en\/wp-json\/wp\/v2\/users\/1"}],"replies":[{"embeddable":true,"href":"https:\/\/tosteliit.ee\/en\/wp-json\/wp\/v2\/comments?post=3983"}],"version-history":[{"count":3,"href":"https:\/\/tosteliit.ee\/en\/wp-json\/wp\/v2\/pages\/3983\/revisions"}],"predecessor-version":[{"id":3993,"href":"https:\/\/tosteliit.ee\/en\/wp-json\/wp\/v2\/pages\/3983\/revisions\/3993"}],"wp:attachment":[{"href":"https:\/\/tosteliit.ee\/en\/wp-json\/wp\/v2\/media?parent=3983"}],"curies":[{"name":"wp","href":"https:\/\/api.w.org\/{rel}","templated":true}]}}