{"id":3985,"date":"2025-08-19T14:53:15","date_gmt":"2025-08-19T14:53:15","guid":{"rendered":"https:\/\/tosteliit.ee\/?page_id=3985"},"modified":"2025-08-20T11:41:48","modified_gmt":"2025-08-20T11:41:48","slug":"edetabel-naised-kaalukategooriad-kuni-31-05-2025","status":"publish","type":"page","link":"https:\/\/tosteliit.ee\/en\/edetabel-naised-kaalukategooriad-kuni-31-05-2025\/","title":{"rendered":"Edetabel NAISED (kaalukategooriad kuni 31.05.2025)"},"content":{"rendered":"<p>Seisuga 30.05.2025<\/p>\n\n\n\n<figure class=\"wp-block-table\"><table><tbody><tr><td colspan=\"8\">U-13&nbsp;&nbsp;Kehakaalukategooria -31 kg<\/td><\/tr><tr><td>Koht<\/td><td>Nimi<\/td><td>S\u00fcnniaasta<\/td><td>Klubi<\/td><td>Kaal<\/td><td>Reb<\/td><td>T\u00f5uk<\/td><td>Summa<\/td><\/tr><tr><td>1<\/td><td>Marietta T\u00f5nurist<\/td><td>2015<\/td><td>Edu<\/td><td>28,55<\/td><td>15<\/td><td>20<\/td><td>35<\/td><\/tr><tr><td>2<\/td><td>Uljana Medvedeva<\/td><td>2016<\/td><td>J\u00f5ud Junior<\/td><td>25,6<\/td><td>10<\/td><td>11<\/td><td>21<\/td><\/tr><tr><td colspan=\"8\">U-13&nbsp;Kehakaalukategooria -35 kg<\/td><\/tr><tr><td>Koht<\/td><td>Nimi<\/td><td>S\u00fcnniaasta<\/td><td>Klubi<\/td><td>Kaal<\/td><td>Reb<\/td><td>T\u00f5uk<\/td><td>Summa<\/td><\/tr><tr><td>1<\/td><td>Janete Aleksandra Aan<\/td><td>2016<\/td><td>J\u00f5usport<\/td><td>32,3<\/td><td>17<\/td><td>23<\/td><td>40<\/td><\/tr><tr><td>2<\/td><td>Anna Velikanova<\/td><td>2016<\/td><td>J\u00f5ud Junior<\/td><td>34,95<\/td><td>15<\/td><td>17<\/td><td>32<\/td><\/tr><tr><td colspan=\"8\">U-13, U-15, U-17&nbsp;&nbsp;Kehakaalukategooria -40 kg<\/td><\/tr><tr><td>Koht<\/td><td>Nimi<\/td><td>S\u00fcnniaasta<\/td><td>Klubi<\/td><td>Kaal<\/td><td>Reb<\/td><td>T\u00f5uk<\/td><td>Summa<\/td><\/tr><tr><td><\/td><td><\/td><td><\/td><td><\/td><td><\/td><td><\/td><td><\/td><td><\/td><\/tr><tr><td colspan=\"8\">Kehakaalukategooria -45 kg<\/td><\/tr><tr><td>Koht<\/td><td>Nimi<\/td><td>S\u00fcnniaasta<\/td><td>Klubi<\/td><td>Kaal<\/td><td>Reb<\/td><td>T\u00f5uk<\/td><td>Summa<\/td><\/tr><tr><td>1<\/td><td>Carolin Jalast<\/td><td>2012<\/td><td>Vargam\u00e4e<\/td><td>44,65<\/td><td>41<\/td><td>51<\/td><td>92<\/td><\/tr><tr><td>2<\/td><td>Lisette Lepik<\/td><td>2012<\/td><td>Viljandi vald<\/td><td>40,7<\/td><td>19<\/td><td>24<\/td><td>43<\/td><\/tr><tr><td>3<\/td><td>Maria Lebedeva<\/td><td>2014<\/td><td>J\u00f5ud Junior<\/td><td>43,6<\/td><td>13<\/td><td>17<\/td><td>30<\/td><\/tr><tr><td colspan=\"8\">Kehakaalukategooria -49 kg<\/td><\/tr><tr><td>Koht<\/td><td>Nimi<\/td><td>S\u00fcnniaasta<\/td><td>Klubi<\/td><td>Kaal<\/td><td>Reb<\/td><td>T\u00f5uk<\/td><td>Summa<\/td><\/tr><tr><td>1<\/td><td>Johandra Aan<\/td><td>2013<\/td><td>J\u00f5usport<\/td><td>48,95<\/td><td>26<\/td><td>35<\/td><td>61<\/td><\/tr><tr><td>2<\/td><td>Kirke Tooming<\/td><td>2014<\/td><td>Viljandi vald<\/td><td>45,2<\/td><td>13<\/td><td>16<\/td><td>29<\/td><\/tr><tr><td colspan=\"8\">Kehakaalukategooria -55 kg<\/td><\/tr><tr><td>Koht<\/td><td>Nimi<\/td><td>S\u00fcnniaasta<\/td><td>Klubi<\/td><td>Kaal<\/td><td>Reb<\/td><td>T\u00f5uk<\/td><td>Summa<\/td><\/tr><tr><td>1<\/td><td>Claudia Casagrande<\/td><td>1996<\/td><td>Sparta<\/td><td>54,75<\/td><td>55<\/td><td>74<\/td><td>129<\/td><\/tr><tr><td>2<\/td><td>Ann Helen Eelmets<\/td><td>2006<\/td><td>Sparta<\/td><td>53,7<\/td><td>56<\/td><td>72<\/td><td>128<\/td><\/tr><tr><td>3<\/td><td>Grisse Koppel<\/td><td>1990<\/td><td>CrossFit KeKo<\/td><td>53,75<\/td><td>45<\/td><td>57<\/td><td>102<\/td><\/tr><tr><td>4<\/td><td>Klaarika Liivat<\/td><td>1984<\/td><td>J\u00f5usport<\/td><td>53,5<\/td><td>39<\/td><td>54<\/td><td>93<\/td><\/tr><tr><td>5<\/td><td>Lisette Kask<\/td><td>2007<\/td><td>P\u00f5hja-Sakala vald<\/td><td>53,9<\/td><td>30<\/td><td>40<\/td><td>70<\/td><\/tr><tr><td>6<\/td><td>Sandra Heinamets<\/td><td>2010<\/td><td>J\u00f5ud Junior<\/td><td>55<\/td><td>32<\/td><td>37<\/td><td>69<\/td><\/tr><tr><td>7<\/td><td>Iti Marii Varik<\/td><td>2002<\/td><td>Mulgi vald<\/td><td>50,4<\/td><td>30<\/td><td>38<\/td><td>68<\/td><\/tr><tr><td>8<\/td><td>Rita Reimets<\/td><td>2008<\/td><td>Mulgi vald<\/td><td>53,9<\/td><td>20<\/td><td>33<\/td><td>53<\/td><\/tr><tr><td>9<\/td><td>Rihanna Reimets<\/td><td>2010<\/td><td>Mulgi vald<\/td><td>49,5<\/td><td>18<\/td><td>23<\/td><td>41<\/td><\/tr><tr><td colspan=\"8\">Kehakaalukategooria -59 kg<\/td><\/tr><tr><td>Koht<\/td><td>Nimi<\/td><td>S\u00fcnniaasta<\/td><td>Klubi<\/td><td>Kaal<\/td><td>Reb<\/td><td>T\u00f5uk<\/td><td>Summa<\/td><\/tr><tr><td>1<\/td><td>Una Bassil<\/td><td>1994<\/td><td>Sparta<\/td><td>56,5<\/td><td>71<\/td><td>83<\/td><td>154<\/td><\/tr><tr><td>2<\/td><td>Merit Mandel<\/td><td>1986<\/td><td>individuaal<\/td><td>57,05<\/td><td>65<\/td><td>80<\/td><td>145<\/td><\/tr><tr><td>3<\/td><td>Claudia Casagrande<\/td><td>1996<\/td><td>Sparta<\/td><td>56,3<\/td><td>54<\/td><td>69<\/td><td>123<\/td><\/tr><tr><td>4<\/td><td>Marta T\u00f5nurist<\/td><td>2010<\/td><td>EDU<\/td><td>57,45<\/td><td>50<\/td><td>59<\/td><td>109<\/td><\/tr><tr><td>5<\/td><td>Anna Zagorski<\/td><td>1997<\/td><td>Must CrossFit<\/td><td>58,4<\/td><td>46<\/td><td>59<\/td><td>105<\/td><\/tr><tr><td>6<\/td><td>Maret Koor<\/td><td>1984<\/td><td>CrossFit Peetri<\/td><td>57,6<\/td><td>42<\/td><td>55<\/td><td>97<\/td><\/tr><tr><td>7<\/td><td>Rebeca Park<\/td><td>2011<\/td><td>Vargam\u00e4e<\/td><td>56,65<\/td><td>34<\/td><td>45<\/td><td>79<\/td><\/tr><tr><td>8<\/td><td>Lisann Isabel Razduvalov<\/td><td>2012<\/td><td>Vargam\u00e4e<\/td><td>58,05<\/td><td>30<\/td><td>40<\/td><td>70<\/td><\/tr><tr><td>9<\/td><td>Maily Kullamaa<\/td><td>2010<\/td><td>Viljandi vald<\/td><td>57,9<\/td><td>24<\/td><td>30<\/td><td>54<\/td><\/tr><tr><td>10<\/td><td>Melinda Orav<\/td><td>2010<\/td><td>J\u00f5ud Junior<\/td><td>57<\/td><td>17<\/td><td>21<\/td><td>38<\/td><\/tr><tr><td colspan=\"8\">Kehakaalukategooria -64 kg<\/td><\/tr><tr><td>Koht<\/td><td>Nimi<\/td><td>S\u00fcnniaasta<\/td><td>Klubi<\/td><td>Kaal<\/td><td>Reb<\/td><td>T\u00f5uk<\/td><td>Summa<\/td><\/tr><tr><td>1<\/td><td>Jekaterina Gritsinina<\/td><td>1995<\/td><td>individuaal<\/td><td>63<\/td><td>56<\/td><td>85<\/td><td>141<\/td><\/tr><tr><td>2<\/td><td>Jevgenia Ar\u0161avskaja<\/td><td>1985<\/td><td>Albatros<\/td><td>62,4<\/td><td>58<\/td><td>75<\/td><td>133<\/td><\/tr><tr><td>3<\/td><td>Ingela Jalast<\/td><td>1991<\/td><td>Vargam\u00e4e<\/td><td>60,6<\/td><td>54<\/td><td>69<\/td><td>123<\/td><\/tr><tr><td>4<\/td><td>Anneli Vuks<\/td><td>1995<\/td><td>.+35<\/td><td>62,7<\/td><td>49<\/td><td>66<\/td><td>115<\/td><\/tr><tr><td>5<\/td><td>Marta T\u00f5nurist<\/td><td>2010<\/td><td>EDU<\/td><td>59,75<\/td><td>51<\/td><td>60<\/td><td>111<\/td><\/tr><tr><td>6<\/td><td>Jolandra-Lisanna Aan<\/td><td>2011<\/td><td>J\u00f5usport<\/td><td>63,25<\/td><td>46<\/td><td>57<\/td><td>103<\/td><\/tr><tr><td>7<\/td><td>Krista Staskevits<\/td><td>1977<\/td><td>J\u00f5usport<\/td><td>60,5<\/td><td>42<\/td><td>57<\/td><td>99<\/td><\/tr><tr><td>8<\/td><td>Merilyn Kalmus<\/td><td>2002<\/td><td>M\u00e4ksa<\/td><td>61,6<\/td><td>42<\/td><td>50<\/td><td>92<\/td><\/tr><tr><td>9<\/td><td>Kadri-Ann Kertsmik<\/td><td>1994<\/td><td>CrossFit Kuubik<\/td><td>62,3<\/td><td>38<\/td><td>52<\/td><td>90<\/td><\/tr><tr><td>10<\/td><td>Hedvig P\u00e4rnm\u00e4e<\/td><td>2009<\/td><td>Viljandi vald<\/td><td>61,5<\/td><td>33<\/td><td>45<\/td><td>78<\/td><\/tr><tr><td>11<\/td><td>Anete-Ly P\u00f5der<\/td><td>2008<\/td><td>Mulgi vald<\/td><td>63,3<\/td><td>30<\/td><td>45<\/td><td>75<\/td><\/tr><tr><td>12<\/td><td>Kaisa-Liisa M\u00e4ndik<\/td><td>2011<\/td><td>M\u00e4ksa<\/td><td>60,6<\/td><td>22<\/td><td>28<\/td><td>50<\/td><\/tr><tr><td>13<\/td><td>Liisa Reile<\/td><td>2014<\/td><td>Viljandi vald<\/td><td>60,2<\/td><td>17<\/td><td>21<\/td><td>38<\/td><\/tr><tr><td colspan=\"8\">Kehakaalukategooria -71 kg<\/td><\/tr><tr><td>Koht<\/td><td>Nimi<\/td><td>S\u00fcnniaasta<\/td><td>Klubi<\/td><td>Kaal<\/td><td>Reb<\/td><td>T\u00f5uk<\/td><td>Summa<\/td><\/tr><tr><td>1<\/td><td>Nele Marie Palmeos<\/td><td>2010<\/td><td>Vargam\u00e4e<\/td><td>69,85<\/td><td>50<\/td><td>55<\/td><td>105<\/td><\/tr><tr><td>2<\/td><td>Helen Kangro<\/td><td>1996<\/td><td>CrossFit Kuubik<\/td><td>68<\/td><td>43<\/td><td>60<\/td><td>103<\/td><\/tr><tr><td>3<\/td><td>Sofia Merilo<\/td><td>2009<\/td><td>SK +35<\/td><td>66,5<\/td><td>48<\/td><td>55<\/td><td>103<\/td><\/tr><tr><td>4<\/td><td>Annabel Raudsepp<\/td><td>2003<\/td><td>Viljandi vald<\/td><td>65,5<\/td><td>41<\/td><td>55<\/td><td>96<\/td><\/tr><tr><td colspan=\"8\">Kehakaalukategooria -76 kg<\/td><\/tr><tr><td>Koht<\/td><td>Nimi<\/td><td>S\u00fcnniaasta<\/td><td>Klubi<\/td><td>Kaal<\/td><td>Reb<\/td><td>T\u00f5uk<\/td><td>Summa<\/td><\/tr><tr><td>1<\/td><td>Mona Saar<\/td><td>2002<\/td><td>M\u00e4ksa<\/td><td>75,3<\/td><td>79<\/td><td>98<\/td><td>177<\/td><\/tr><tr><td>2<\/td><td>Darja Ivanova<\/td><td>2002<\/td><td>EDU<\/td><td>73,4<\/td><td>60<\/td><td>78<\/td><td>138<\/td><\/tr><tr><td>3<\/td><td>Maigi Kaljuste<\/td><td>1984<\/td><td>CrossFit Peetri<\/td><td>73,2<\/td><td>51<\/td><td>84<\/td><td>135<\/td><\/tr><tr><td>4<\/td><td>Helen Karu<\/td><td>1982<\/td><td>CrossFit Peetri<\/td><td>73,9<\/td><td>52<\/td><td>75<\/td><td>127<\/td><\/tr><tr><td>5<\/td><td>Nora K\u00fc\u00fcts<\/td><td>1997<\/td><td>CrossFit Tartu<\/td><td>72,5<\/td><td>48<\/td><td>70<\/td><td>118<\/td><\/tr><tr><td>6<\/td><td>Ave Bombul<\/td><td>1996<\/td><td>Vargam\u00e4e<\/td><td>73,9<\/td><td>48<\/td><td>65<\/td><td>113<\/td><\/tr><tr><td>7<\/td><td>Anette-Marie Arula<\/td><td>1992<\/td><td>Tallinn CrossFit<\/td><td>73,65<\/td><td>48<\/td><td>62<\/td><td>110<\/td><\/tr><tr><td>8<\/td><td>Kristiina Stokkeby<\/td><td>1993<\/td><td>CrossFit Kuubik<\/td><td>74,9<\/td><td>42<\/td><td>64<\/td><td>106<\/td><\/tr><tr><td>9<\/td><td>Nele Marie Palmeos<\/td><td>2010<\/td><td>Vargam\u00e4e<\/td><td>71,4<\/td><td>48<\/td><td>58<\/td><td>106<\/td><\/tr><tr><td>10<\/td><td>Emma Penter<\/td><td>2014<\/td><td>Viljandi vald<\/td><td>73,1<\/td><td>24<\/td><td>33<\/td><td>57<\/td><\/tr><tr><td colspan=\"8\">Kehakaalukategooria -81 kg<\/td><\/tr><tr><td>Koht<\/td><td>Nimi<\/td><td>S\u00fcnniaasta<\/td><td>Klubi<\/td><td>Kaal<\/td><td>Reb<\/td><td>T\u00f5uk<\/td><td>Summa<\/td><\/tr><tr><td>1<\/td><td>Simona Bartkova<\/td><td>1986<\/td><td>CrossFit Kuubik<\/td><td>78,35<\/td><td>64<\/td><td>81<\/td><td>145<\/td><\/tr><tr><td>2<\/td><td>Alice Trei<\/td><td>2008<\/td><td>Sparta<\/td><td>78,9<\/td><td>68<\/td><td>77<\/td><td>145<\/td><\/tr><tr><td>3<\/td><td>Eveliis Annusver<\/td><td>1989<\/td><td>CrossFit Tartu<\/td><td>76,15<\/td><td>58<\/td><td>78<\/td><td>136<\/td><\/tr><tr><td>4<\/td><td>Liisbeth Rosenstein<\/td><td>2005<\/td><td>M\u00e4ksa<\/td><td>81<\/td><td>55<\/td><td>70<\/td><td>125<\/td><\/tr><tr><td>5<\/td><td>Anna G\u00fcnter<\/td><td>1979<\/td><td>SK +35<\/td><td>80,8<\/td><td>53<\/td><td>67<\/td><td>120<\/td><\/tr><tr><td>6<\/td><td>Helen Vellemaa<\/td><td>1987<\/td><td>CrossFit Tartu<\/td><td>77<\/td><td>48<\/td><td>70<\/td><td>118<\/td><\/tr><tr><td>7<\/td><td>Triin H\u00fctt<\/td><td>1973<\/td><td>CrossFit Tartu<\/td><td>79,7<\/td><td>42<\/td><td>71<\/td><td>113<\/td><\/tr><tr><td>8<\/td><td>Heily Hedvig Elizabeth Palling<\/td><td>1999<\/td><td>CrossFit Kuubik<\/td><td>78,15<\/td><td>50<\/td><td>60<\/td><td>110<\/td><\/tr><tr><td>9<\/td><td>Johanna Aan<\/td><td>2009<\/td><td>J\u00f5usport<\/td><td>80,85<\/td><td>36<\/td><td>57<\/td><td>93<\/td><\/tr><tr><td>10<\/td><td>Anna Marii Lette<\/td><td>2003<\/td><td>Viljandi vald<\/td><td>77,7<\/td><td>41<\/td><td>51<\/td><td>92<\/td><\/tr><tr><td>11<\/td><td>Saskia P\u00f5der<\/td><td>2009<\/td><td>Mulgi vald<\/td><td>77<\/td><td>35<\/td><td>50<\/td><td>85<\/td><\/tr><tr><td>12<\/td><td>Kertu Tooming<\/td><td>2007<\/td><td>Viljandi vald<\/td><td>77<\/td><td>35<\/td><td>45<\/td><td>80<\/td><\/tr><tr><td colspan=\"8\">Kehakaalukategooria -87 kg<\/td><\/tr><tr><td>Koht<\/td><td>Nimi<\/td><td>S\u00fcnniaasta<\/td><td>Klubi<\/td><td>Kaal<\/td><td>Reb<\/td><td>T\u00f5uk<\/td><td>Summa<\/td><\/tr><tr><td>1<\/td><td>Kerli Puusepp<\/td><td>1992<\/td><td>individuaal<\/td><td>85,4<\/td><td>73<\/td><td>79<\/td><td>152<\/td><\/tr><tr><td>2<\/td><td>Madli Rahuvarm<\/td><td>1998<\/td><td>CrossFit Peetri<\/td><td>83,7<\/td><td>53<\/td><td>80<\/td><td>133<\/td><\/tr><tr><td>3<\/td><td>Merle Lillik<\/td><td>1971<\/td><td>CrossFit Tartu<\/td><td>85<\/td><td>43<\/td><td>65<\/td><td>108<\/td><\/tr><tr><td>4<\/td><td>Deneli Ojala<\/td><td>2008<\/td><td>Viljandi vald<\/td><td>83,5<\/td><td>41<\/td><td>55<\/td><td>96<\/td><\/tr><tr><td>5<\/td><td>Jaana V\u00e4li<\/td><td>1980<\/td><td>Viljandi vald<\/td><td>86<\/td><td>37<\/td><td>57<\/td><td>94<\/td><\/tr><tr><td>6<\/td><td>Emilia Leighton<\/td><td>2011<\/td><td>Mulgi vald<\/td><td>83,5<\/td><td>36<\/td><td>48<\/td><td>84<\/td><\/tr><tr><td>7<\/td><td>Hanna-Marii Raudsepp<\/td><td>2013<\/td><td>Viljandi vald<\/td><td>83,9<\/td><td>25<\/td><td>33<\/td><td>58<\/td><\/tr><tr><td colspan=\"8\">Kehakaalukategooria +87 kg<\/td><\/tr><tr><td>Koht<\/td><td>Nimi<\/td><td>S\u00fcnniaasta<\/td><td>Klubi<\/td><td>Kaal<\/td><td>Reb<\/td><td>T\u00f5uk<\/td><td>Summa<\/td><\/tr><tr><td>1<\/td><td>Adelle Ader<\/td><td>2003<\/td><td>individuaal<\/td><td>99,4<\/td><td>86<\/td><td>100<\/td><td>186<\/td><\/tr><tr><td>2<\/td><td>Heleri Kolkkanen<\/td><td>1997<\/td><td>individuaal<\/td><td>88,9<\/td><td>73<\/td><td>93<\/td><td>166<\/td><\/tr><tr><td>3<\/td><td>Inger Iris Prants<\/td><td>2009<\/td><td>Vargam\u00e4e<\/td><td>94,6<\/td><td>72<\/td><td>87<\/td><td>159<\/td><\/tr><tr><td>4<\/td><td>Madli Rahuvarm<\/td><td>1998<\/td><td>CrossFit Peetri<\/td><td>87,2<\/td><td>58<\/td><td>82<\/td><td>140<\/td><\/tr><tr><td>5<\/td><td>Merti Hein<\/td><td>2010<\/td><td>EDU<\/td><td>105,55<\/td><td>51<\/td><td>63<\/td><td>114<\/td><\/tr><\/tbody><\/table><\/figure>","protected":false},"excerpt":{"rendered":"<p>Seisuga 30.05.2025 U-13&nbsp;&nbsp;Kehakaalukategooria -31 kg Koht Nimi S\u00fcnniaasta Klubi Kaal Reb T\u00f5uk Summa 1 Marietta T\u00f5nurist 2015 Edu 28,55 15 20 35 2 Uljana Medvedeva 2016 J\u00f5ud Junior 25,6 10 11 21 U-13&nbsp;Kehakaalukategooria -35 kg Koht Nimi S\u00fcnniaasta Klubi Kaal Reb T\u00f5uk Summa 1 Janete Aleksandra Aan 2016 J\u00f5usport 32,3 17 23 40 2 Anna [&hellip;]<\/p>\n","protected":false},"author":1,"featured_media":0,"parent":0,"menu_order":0,"comment_status":"closed","ping_status":"closed","template":"","meta":{"_mc_calendar":[],"footnotes":""},"class_list":["post-3985","page","type-page","status-publish","hentry","entry"],"_links":{"self":[{"href":"https:\/\/tosteliit.ee\/en\/wp-json\/wp\/v2\/pages\/3985","targetHints":{"allow":["GET"]}}],"collection":[{"href":"https:\/\/tosteliit.ee\/en\/wp-json\/wp\/v2\/pages"}],"about":[{"href":"https:\/\/tosteliit.ee\/en\/wp-json\/wp\/v2\/types\/page"}],"author":[{"embeddable":true,"href":"https:\/\/tosteliit.ee\/en\/wp-json\/wp\/v2\/users\/1"}],"replies":[{"embeddable":true,"href":"https:\/\/tosteliit.ee\/en\/wp-json\/wp\/v2\/comments?post=3985"}],"version-history":[{"count":2,"href":"https:\/\/tosteliit.ee\/en\/wp-json\/wp\/v2\/pages\/3985\/revisions"}],"predecessor-version":[{"id":3994,"href":"https:\/\/tosteliit.ee\/en\/wp-json\/wp\/v2\/pages\/3985\/revisions\/3994"}],"wp:attachment":[{"href":"https:\/\/tosteliit.ee\/en\/wp-json\/wp\/v2\/media?parent=3985"}],"curies":[{"name":"wp","href":"https:\/\/api.w.org\/{rel}","templated":true}]}}