{"id":4226,"date":"2025-11-30T08:02:52","date_gmt":"2025-11-30T08:02:52","guid":{"rendered":"https:\/\/tosteliit.ee\/?page_id=4226"},"modified":"2026-04-17T06:34:20","modified_gmt":"2026-04-17T06:34:20","slug":"kalender-2026","status":"publish","type":"page","link":"https:\/\/tosteliit.ee\/en\/kalender-2026\/","title":{"rendered":"Kalender 2026"},"content":{"rendered":"<p><strong>ETL 2026. a&nbsp; v\u00f5istluskalender<\/strong><strong><br><\/strong><strong><em>NB! Kui soovite kalendrisse v\u00f5istlusi lisada, siis palun tehke seda hiljemalt 2 n\u00e4dalat enne v\u00f5istluse toimumist, saates kirjalikult v\u00f5istluse nime, toimumise kuup\u00e4eva ja koha (v\u00f5imalusel ka juhendi) aadressile info@etl.ee. Kui v\u00f5istlust kalendris ei ole, siis selle tulemusi ei arvestata.&nbsp;<\/em><\/strong><\/p>\n\n\n\n<div class=\"wp-block-file\"><\/div>\n\n\n\n<p><\/p>\n\n\n\n<figure class=\"wp-block-table is-style-stripes\"><table><tbody><tr><td colspan=\"5\"><strong>JAANUAR<\/strong><\/td><\/tr><tr><td><strong>Kuup\u00e4ev<\/strong><\/td><td><strong>V\u00f5istluse nimetus<\/strong><\/td><td><strong>Koht<\/strong><\/td><td><strong>Juhend<\/strong><\/td><td><strong>Protokoll<\/strong><\/td><\/tr><tr><td>10<\/td><td>X Kalev Pensa m\u00e4lestusv\u00f5istlus<\/td><td>Melliste<\/td><td><a href=\"https:\/\/tosteliit.ee\/wp-content\/uploads\/2025\/12\/juhend_KalevPensa-X-Malestusvoistlused-2026.doc\">JUHEND<\/a><\/td><td><a href=\"https:\/\/tosteliit.ee\/wp-content\/uploads\/2026\/01\/Kalev-Pensa-MV-20261.xls\">Reg.sportlased<\/a><br><a href=\"https:\/\/tosteliit.ee\/wp-content\/uploads\/2026\/01\/Kalev-Pensa-MV-10.01.26.xlsx\">PROTOKOLL<\/a><\/td><\/tr><tr><td>10<\/td><td>Tartumaa lahtised meistriv\u00f5istlused<\/td><td>Melliste<\/td><td><a href=\"https:\/\/tosteliit.ee\/wp-content\/uploads\/2025\/12\/juhend_260110_Tartumaa-MV-2026.pdf\">JUHEND<\/a><\/td><td><a href=\"https:\/\/tosteliit.ee\/wp-content\/uploads\/2026\/01\/Tartumaa-lahtised-MV-2026.xls\">PROTOKOLL<\/a><\/td><\/tr><tr><td>16-18<\/td><td>\u017dEMAITIJOS TAUR\u0116 CUP<\/td><td>Tel\u0161iai, LTU<\/td><td><a href=\"https:\/\/tosteliit.ee\/wp-content\/uploads\/2026\/01\/ZEMAITIJOS-TAURE-2026-angliskai1.doc\">JUHEND<\/a><\/td><td><a href=\"https:\/\/tosteliit.ee\/wp-content\/uploads\/2026\/01\/Zemaitijos-TAURE-2026_PROTOKOLAS-PILNAS-UZPILDYTAS.xls\">PROTOKOLL<\/a><\/td><\/tr><tr><td><strong>31<\/strong><\/td><td><strong>Lahtised EMV veteranid<\/strong><\/td><td><strong>Aravete<\/strong><\/td><td><a href=\"https:\/\/tosteliit.ee\/wp-content\/uploads\/2026\/01\/Aravete-kang-2026-juhend-est.pdf\">JUHEND<\/a><\/td><td><a href=\"https:\/\/tosteliit.ee\/wp-content\/uploads\/2026\/01\/Ajakava-31.01.2026-Aravete.pdf\">Ajakava<\/a><br><a href=\"https:\/\/tosteliit.ee\/wp-content\/uploads\/2026\/02\/Protokoll-Veteranide-EMV-2026.xlsx\">PROTOKOLL<\/a><\/td><\/tr><tr><td>31<\/td><td>17.Mati Kulmu m\u00e4lestusv\u00f5istlused t\u00f5stmises<\/td><td>Aravete<\/td><td><a href=\"https:\/\/tosteliit.ee\/wp-content\/uploads\/2026\/01\/Aravete-kang-2026-juhend-est.pdf\">JUHEND<\/a><\/td><td><a href=\"https:\/\/tosteliit.ee\/wp-content\/uploads\/2026\/01\/Grupid-31.01.2026-Aravete.pdf\">Grupid<\/a><br><a href=\"https:\/\/tosteliit.ee\/wp-content\/uploads\/2026\/02\/Protokoll-17.-Mati-Kulmu-malestusvoistlused-tostmises-2026.xlsx\">PROTOKOLL<\/a><\/td><\/tr><tr><td colspan=\"5\"><strong>VEEBRUAR<\/strong><\/td><\/tr><tr><td>6-8<\/td><td>\u00d5ppe-treeningkogunemine<\/td><td>K\u00e4\u00e4riku<\/td><td><a href=\"https:\/\/forms.gle\/4QKGxU7ySWRZJ9Tk9\">Registreerimine<\/a><\/td><td><\/td><\/tr><tr><td>7<\/td><td>ECF Meistiv\u00f5istlused T\u00f5stmises<\/td><td>Tartu<\/td><td><a href=\"https:\/\/tosteliit.ee\/wp-content\/uploads\/2026\/01\/ECF-Meistrivoistlused-Tostmises-2026-juhend-1.pdf\">JUHEND<\/a><\/td><td><a href=\"https:\/\/tosteliit.ee\/wp-content\/uploads\/2026\/02\/Protokoll-ECF-Meistrivoistlused-Tostmises-2026.xlsx\">PROTOKOLL<\/a><\/td><\/tr><tr><td>8<\/td><td>REVISJON<\/td><td>Tartu<\/td><td>kell 12:00 Madixi Spordimaja<\/td><td><\/td><\/tr><tr><td>8<\/td><td>2025.a parimate sportlaste autasustamine<\/td><td>Tartu<\/td><td><\/td><td><\/td><\/tr><tr><td>21<\/td><td>Viljandimaa koolinoorte MV t\u00f5stmises 2026<\/td><td>Olustvere<\/td><td><a href=\"https:\/\/tosteliit.ee\/wp-content\/uploads\/2026\/01\/Viljandimaa-koolinoorte-MV-tostmises-2026.pdf\">JUHEND<\/a><\/td><td><a href=\"https:\/\/tosteliit.ee\/wp-content\/uploads\/2026\/02\/Viljandimaa_koolinoorte_MV-tostmises-2026.xls\">PROTOKOLL<\/a><\/td><\/tr><tr><td>22-01.03<\/td><td>Koondise treeninglaager<\/td><td>K\u00e4\u00e4riku<\/td><td>KUTSE<\/td><td><\/td><\/tr><tr><td>28-01<\/td><td>V. Petrova Cup<\/td><td>Daugavpils, LAT<\/td><td><a href=\"https:\/\/tosteliit.ee\/wp-content\/uploads\/2026\/01\/Petrova-kauss-Svarcelsanas-nolikums-2026-izstradajuma.doc\">JUHEND<\/a><\/td><td><a href=\"https:\/\/tosteliit.ee\/wp-content\/uploads\/2026\/03\/Petrova-kauss-2026-protokols-Gatavs.xlsx\">PROTOKOLL<\/a><\/td><\/tr><tr><td colspan=\"5\"><strong>M\u00c4RTS<\/strong><\/td><\/tr><tr><td>1<\/td><td>ETL PRESIDENDIVALIMISED<\/td><td><\/td><td>10:00 koosolek veebis<\/td><td><\/td><\/tr><tr><td>10-12<\/td><td>NEPRIKLAUSOMYB\u0116S TAUR\u0116 2026<\/td><td>Tel\u0161iai, LTU<\/td><td><a href=\"https:\/\/tosteliit.ee\/wp-content\/uploads\/2026\/02\/NEPRIKLAUSOMYBES-TAURE-2026-reglamentas.pdf\">JUHEND<\/a><\/td><td>.<a href=\"https:\/\/tosteliit.ee\/wp-content\/uploads\/2026\/03\/TSRC-taure-2026-protokolas.pdf\">PROTOKOLL<\/a><\/td><\/tr><tr><td><strong>14<\/strong><\/td><td><strong>Eesti meistriv\u00f5istlused<\/strong><br><strong>Eesti meistriv\u00f5istlused \u00fcksikt\u00f5stetes<\/strong><\/td><td>Melliste<\/td><td><a href=\"https:\/\/tosteliit.ee\/wp-content\/uploads\/2026\/02\/2026-EMV-taisk_juhend.docx.pdf\">JUHEND<\/a><br><a href=\"https:\/\/tosteliit.ee\/wp-content\/uploads\/2026\/02\/2026-EMV-uksiktosted_juhend.docx.pdf\">JUHEND 2<\/a><\/td><td><a href=\"https:\/\/tosteliit.ee\/wp-content\/uploads\/2026\/03\/EMV-reg-10.03.2026-Leht1-1.pdf\">Grupid &amp; ajakava<\/a><br><a href=\"https:\/\/tosteliit.ee\/wp-content\/uploads\/2026\/03\/Protokoll-106.-Eesti-meistrivoistlused-tostmises-2026.xlsx\">PROTOKOLL<\/a><br><\/td><\/tr><tr><td>27-29<\/td><td>XXVII. Budapest-Soroks\u00e1r Cup<\/td><td>Budapest, HUN<\/td><td><a href=\"https:\/\/tosteliit.ee\/wp-content\/uploads\/2026\/02\/International_Talent_WL_invitation_2026_Reelika.docx\">JUHEND<\/a><\/td><td><a href=\"https:\/\/tosteliit.ee\/wp-content\/uploads\/2026\/04\/27_Soroksar_Cup_protokol.pdf\">PROTOKOLL<\/a><\/td><\/tr><tr><td>21<\/td><td>XIII A.R.Laane m\u00e4lestusv\u00f5istlus. J\u00e4rvamaa MV<\/td><td>Albu<\/td><td><a href=\"https:\/\/tosteliit.ee\/wp-content\/uploads\/2026\/02\/Juhend.-XIII-A.R.Laane-malestusvoistlus.-Jarvamaa-MV-tostmises-2026.pdf\">JUHEND<\/a><\/td><td><a href=\"https:\/\/tosteliit.ee\/wp-content\/uploads\/2026\/03\/XIII-A.R-Laane-2026-viimane.xlsx'\">Reg. sportlased<\/a><br><a href=\"https:\/\/tosteliit.ee\/wp-content\/uploads\/2026\/03\/XIII-A.R-Laane-2026-loplik.xlsx\">PROTOKOLL<\/a><\/td><\/tr><tr><td><\/td><td><\/td><td><\/td><td><\/td><td><\/td><\/tr><tr><td colspan=\"5\"><strong>APRILL<\/strong><\/td><\/tr><tr><td>3-5<\/td><td>\u00d5ppe-treeningkogunemine<\/td><td>K\u00e4\u00e4riku<\/td><td><a href=\"https:\/\/forms.gle\/4QKGxU7ySWRZJ9Tk9\">Registreerimine<\/a><\/td><td><\/td><\/tr><tr><td>12-18<\/td><td>Koondise treeninglaager<\/td><td>K\u00e4\u00e4riku<\/td><td><\/td><td><\/td><\/tr><tr><td>19-26<\/td><td>Euroopa meistriv\u00f5istlused<\/td><td>Batumi, GEO<\/td><td><\/td><td><\/td><\/tr><tr><td><strong>25<\/strong><\/td><td><strong>U17 Eesti meistriv\u00f5istlused<\/strong><\/td><td>Olustvere<\/td><td><a href=\"https:\/\/tosteliit.ee\/wp-content\/uploads\/2026\/04\/U17-EMV-juhend-2026.docx.pdf\">JUHEND<\/a><\/td><td><a href=\"https:\/\/tosteliit.ee\/wp-content\/uploads\/2026\/04\/U17-EMV-eelregistreerimine-Leht1-1.pdf\">Reg.sportlased<\/a><\/td><\/tr><tr><td><\/td><td>,, Vja\u010deslava Kirjanova piemi\u0146as kauss\u201d<\/td><td>Balvi, LAT<\/td><td><\/td><td><\/td><\/tr><tr><td><\/td><td>ETL kutsekomisjon (kevad) &#8211; aprill\/mai<\/td><td><\/td><td><\/td><td><\/td><\/tr><tr><td colspan=\"5\"><strong>MAI<\/strong><\/td><\/tr><tr><td>2-8<\/td><td>Juunioride maailmameistriv\u00f5istlused<\/td><td>Ismailia, EGY<\/td><td><\/td><td><\/td><\/tr><tr><td>9<\/td><td>Rapla MV 2026 T\u00f5stmises<\/td><td>Rapla<\/td><td><a href=\"https:\/\/tosteliit.ee\/wp-content\/uploads\/2026\/03\/Rapla-MV-tostmises-2026a.-_juhend.docx\">JUHEND<\/a><\/td><td><\/td><\/tr><tr><td>9<\/td><td>J\u00f5hvi Valla ja A.Rumjantsevi m\u00e4lestus v\u00f5istlus<\/td><td>Tammiku<\/td><td><a href=\"https:\/\/tosteliit.ee\/wp-content\/uploads\/2026\/04\/Rahvusvaheline-voistlus-2026-1.docx\">JUHEND<\/a><\/td><td><\/td><\/tr><tr><td>15-17<\/td><td>\u00d5ppe-treeningkogunemine<\/td><td>K\u00e4\u00e4riku<\/td><td><a href=\"https:\/\/forms.gle\/4QKGxU7ySWRZJ9Tk9\">Registreerimine<\/a><\/td><td><\/td><\/tr><tr><td>1<\/td><td>Tartumaa koolinoorte MV<\/td><td>Melliste<\/td><td><a href=\"https:\/\/tosteliit.ee\/wp-content\/uploads\/2026\/04\/Tartumaa-koolinoorte-MV-2026-juhend.pdf\">JUHEND<\/a><\/td><td><\/td><\/tr><tr><td><\/td><td>Europen Masters Championships<\/td><td><\/td><td><\/td><td><\/td><\/tr><tr><td colspan=\"5\"><strong>JUUNI<\/strong><\/td><\/tr><tr><td>5-7<\/td><td>XXIV Albu Cup &amp; Ennu Kotkase m\u00e4lestusv\u00f5istlus<\/td><td>Albu<\/td><td><a href=\"https:\/\/tosteliit.ee\/wp-content\/uploads\/2026\/04\/XXIV-ALBU-CUP-2026-juhend-viimane.pdf\">JUHEND<\/a><\/td><td><\/td><\/tr><tr><td>22-28<\/td><td>Noorte maailmameistriv\u00f5istlused<\/td><td>Bogota, COL<\/td><td><\/td><td><\/td><\/tr><tr><td colspan=\"5\"><strong>JUULI<\/strong><\/td><\/tr><tr><td><\/td><td><\/td><td><\/td><td><\/td><td><\/td><\/tr><tr><td colspan=\"5\"><strong>AUGUST<\/strong><\/td><\/tr><tr><td>20-27<\/td><td>U15 &amp; U17 Euroopa meistriv\u00f5istlused<\/td><td>Pristina, KOS<\/td><td><\/td><td><\/td><\/tr><tr><td colspan=\"5\"><strong>SEPTEMBER<\/strong><\/td><\/tr><tr><td>8-12<\/td><td>FISU World University Championship<\/td><td>Doha, QAT<\/td><td><\/td><td><\/td><\/tr><tr><td><\/td><td>Masters MM<\/td><td><\/td><td><\/td><td><\/td><\/tr><tr><td><\/td><td>XII V. Ba\u0161kirovi m\u00e4lestusv\u00f5istlus<\/td><td><\/td><td><\/td><td><\/td><\/tr><tr><td><\/td><td>Tartu linna MV ?<\/td><td><\/td><td><\/td><td><\/td><\/tr><tr><td colspan=\"5\"><strong>OKTOOBER<\/strong><\/td><\/tr><tr><td><strong>3<\/strong><\/td><td><strong>U15 Eesti meistriv\u00f5istlused<\/strong><\/td><td><\/td><td><\/td><td><\/td><\/tr><tr><td><br>12-19<\/td><td>Rahvusvaheline raskej\u00f5ustikup\u00e4ev<br>U20 &amp; U23 Euroopa meistriv\u00f5istlused<\/td><td><br>Durres, ALB<\/td><td><\/td><td><\/td><\/tr><tr><td>25-31<\/td><td>Koondise laager<\/td><td>K\u00e4\u00e4riku<\/td><td><\/td><td><\/td><\/tr><tr><td><\/td><td>XXXVIV Tartumaa Suurmeistrite nimeline KV<\/td><td>Melliste<\/td><td><\/td><td><\/td><\/tr><tr><td>28.10-09.11<\/td><td>Maailmameistriv\u00f5istlused<\/td><td>Ningbo, CHN<\/td><td><\/td><td><\/td><\/tr><tr><td>31.10-13.11<\/td><td>Noorte Ol\u00fcmpiam\u00e4ngud &#8211; t\u00f5stmine on demonstratiivala<\/td><td>Dakar, SEN<\/td><td><\/td><td><\/td><\/tr><tr><td colspan=\"5\"><strong>NOVEMBER<\/strong><\/td><\/tr><tr><td>28.10-09.11<\/td><td>Maailmameistriv\u00f5istlused<\/td><td>Ningbo, CHN<\/td><td><\/td><td><\/td><\/tr><tr><td><strong>7<\/strong><\/td><td><strong>U20 Eesti meistriv\u00f5istlused<\/strong><\/td><td><\/td><td><\/td><td><\/td><\/tr><tr><td><\/td><td>Neulandi m\u00e4l.v\u00f5istlus ?<\/td><td>Valga<\/td><td><\/td><td><\/td><\/tr><tr><td><\/td><td>Kohtunike koolitus algajatele<\/td><td><\/td><td><\/td><td><\/td><\/tr><tr><td><\/td><td>EKR 4-5 tasemekoolitus 3.osa ???<\/td><td><\/td><td><\/td><td><\/td><\/tr><tr><td><\/td><td>ETL kutsekomisjon (s\u00fcgis)<\/td><td><\/td><td><\/td><td><\/td><\/tr><tr><td colspan=\"5\"><strong>DETSEMBER<\/strong><\/td><\/tr><tr><td><strong>5 v\u00f5i 12<\/strong><\/td><td><strong>V\u00f5istkondlik EMV<\/strong><\/td><td><\/td><td><\/td><td><\/td><\/tr><tr><td>18-20<\/td><td>\u00d5ppe-treeningkogunemine<\/td><td>K\u00e4\u00e4riku<\/td><td><\/td><td><\/td><\/tr><tr><td><\/td><td>Lahtised Leedu MV masters klassis<\/td><td>LTU<\/td><td><\/td><td><\/td><\/tr><tr><td><\/td><td>Vecgada kauss\/New Years Cup<\/td><td>Dobele, LAT<\/td><td><\/td><td><\/td><\/tr><tr><td><\/td><td>Oder Pokal<\/td><td>GER, Frankfurt in Oder<\/td><td><\/td><td><\/td><\/tr><\/tbody><\/table><\/figure>","protected":false},"excerpt":{"rendered":"<p>ETL 2026. a&nbsp; v\u00f5istluskalenderNB! Kui soovite kalendrisse v\u00f5istlusi lisada, siis palun tehke seda hiljemalt 2 n\u00e4dalat enne v\u00f5istluse toimumist, saates kirjalikult v\u00f5istluse nime, toimumise kuup\u00e4eva ja koha (v\u00f5imalusel ka juhendi) aadressile info@etl.ee. Kui v\u00f5istlust kalendris ei ole, siis selle tulemusi ei arvestata.&nbsp; JAANUAR Kuup\u00e4ev V\u00f5istluse nimetus Koht Juhend Protokoll 10 X Kalev Pensa m\u00e4lestusv\u00f5istlus Melliste [&hellip;]<\/p>\n","protected":false},"author":1,"featured_media":0,"parent":0,"menu_order":0,"comment_status":"closed","ping_status":"closed","template":"","meta":{"_mc_calendar":[],"footnotes":""},"class_list":["post-4226","page","type-page","status-publish","hentry","entry"],"_links":{"self":[{"href":"https:\/\/tosteliit.ee\/en\/wp-json\/wp\/v2\/pages\/4226","targetHints":{"allow":["GET"]}}],"collection":[{"href":"https:\/\/tosteliit.ee\/en\/wp-json\/wp\/v2\/pages"}],"about":[{"href":"https:\/\/tosteliit.ee\/en\/wp-json\/wp\/v2\/types\/page"}],"author":[{"embeddable":true,"href":"https:\/\/tosteliit.ee\/en\/wp-json\/wp\/v2\/users\/1"}],"replies":[{"embeddable":true,"href":"https:\/\/tosteliit.ee\/en\/wp-json\/wp\/v2\/comments?post=4226"}],"version-history":[{"count":56,"href":"https:\/\/tosteliit.ee\/en\/wp-json\/wp\/v2\/pages\/4226\/revisions"}],"predecessor-version":[{"id":4516,"href":"https:\/\/tosteliit.ee\/en\/wp-json\/wp\/v2\/pages\/4226\/revisions\/4516"}],"wp:attachment":[{"href":"https:\/\/tosteliit.ee\/en\/wp-json\/wp\/v2\/media?parent=4226"}],"curies":[{"name":"wp","href":"https:\/\/api.w.org\/{rel}","templated":true}]}}