{"id":4360,"date":"2026-01-28T15:17:39","date_gmt":"2026-01-28T15:17:39","guid":{"rendered":"https:\/\/tosteliit.ee\/?page_id=4360"},"modified":"2026-01-28T15:22:24","modified_gmt":"2026-01-28T15:22:24","slug":"naised-2025","status":"publish","type":"page","link":"https:\/\/tosteliit.ee\/en\/naised-2025\/","title":{"rendered":"Naised 2025"},"content":{"rendered":"<p>Alates 01.06.2025, seisuga 26.12.2025<br><a href=\"https:\/\/tosteliit.ee\/edetabel-naised-kaalukategooriad-kuni-31-05-2025\/\" data-type=\"page\" data-id=\"3985\">Edetabel vanade kehakaaludega 01.01.2025 &#8211; 31.05.2025<\/a><\/p>\n\n\n\n<figure class=\"wp-block-table\"><table><tbody><tr><td class=\"has-text-align-center\" data-align=\"center\" colspan=\"8\">U15&nbsp;Kehakaalukategooria -40 kg<\/td><\/tr><tr><td class=\"has-text-align-center\" data-align=\"center\">Koht<\/td><td>Nimi<\/td><td class=\"has-text-align-center\" data-align=\"center\">S\u00fcnniaasta<\/td><td>Klubi<\/td><td>Kaal<\/td><td>Reb<\/td><td>T\u00f5uk<\/td><td>Summa<\/td><\/tr><tr><td class=\"has-text-align-center\" data-align=\"center\">1<\/td><td>Janete-Aleksandra Aan<\/td><td class=\"has-text-align-center\" data-align=\"center\">2016<\/td><td>J\u00f5usport<\/td><td>34.40<\/td><td>17<\/td><td>25<\/td><td>42<\/td><\/tr><tr><td class=\"has-text-align-center\" data-align=\"center\">2<\/td><td>Marietta T\u00f5nurist<\/td><td class=\"has-text-align-center\" data-align=\"center\">2015<\/td><td>EDU<\/td><td>30.80<\/td><td>17<\/td><td>21<\/td><td>38<\/td><\/tr><tr><td class=\"has-text-align-center\" data-align=\"center\">3<\/td><td>Kaisa Krillo<\/td><td class=\"has-text-align-center\" data-align=\"center\">2016<\/td><td>J\u00f5usport<\/td><td>33.05<\/td><td>11<\/td><td>14<\/td><td>25<\/td><\/tr><tr><td class=\"has-text-align-center\" data-align=\"center\" colspan=\"8\">U15, U17 Kehakaalukategooria -44 kg<\/td><\/tr><tr><td class=\"has-text-align-center\" data-align=\"center\">Koht<\/td><td>Nimi<\/td><td class=\"has-text-align-center\" data-align=\"center\">S\u00fcnniaasta<\/td><td>Klubi<\/td><td>Kaal<\/td><td>Reb<\/td><td>T\u00f5uk<\/td><td>Summa<\/td><\/tr><tr><td class=\"has-text-align-center\" data-align=\"center\">1<\/td><td><\/td><td><\/td><td><\/td><td><\/td><td><\/td><td><\/td><td><\/td><\/tr><tr><td class=\"has-text-align-center\" data-align=\"center\" colspan=\"8\">U15, U17, U20, ABSOLUUT Kehakaalukategooria -48 kg<\/td><\/tr><tr><td class=\"has-text-align-center\" data-align=\"center\">Koht<\/td><td>Nimi<\/td><td class=\"has-text-align-center\" data-align=\"center\">S\u00fcnniaasta<\/td><td>Klubi<\/td><td>Kaal<\/td><td>Reb<\/td><td>T\u00f5uk<\/td><td>Summa<\/td><\/tr><tr><td class=\"has-text-align-center\" data-align=\"center\">1<\/td><td>Carolin Jalast<\/td><td class=\"has-text-align-center\" data-align=\"center\">2012<\/td><td>Vargam\u00e4e<\/td><td>47.35<\/td><td>50<\/td><td>58<\/td><td>108<\/td><\/tr><tr><td class=\"has-text-align-center\" data-align=\"center\" colspan=\"8\">U15, U17, U20, ABSOLUUT Kehakaalukategooria -53 kg<\/td><\/tr><tr><td class=\"has-text-align-center\" data-align=\"center\">Koht<\/td><td>Nimi<\/td><td class=\"has-text-align-center\" data-align=\"center\">S\u00fcnniaasta<\/td><td>Klubi<\/td><td>Kaal<\/td><td>Reb<\/td><td>T\u00f5uk<\/td><td>Summa<\/td><\/tr><tr><td class=\"has-text-align-center\" data-align=\"center\">1<\/td><td>Gerlyn M\u00e4epea<\/td><td class=\"has-text-align-center\" data-align=\"center\">1993<\/td><td>Sparta<\/td><td>52.05<\/td><td>51<\/td><td>60<\/td><td>111<\/td><\/tr><tr><td class=\"has-text-align-center\" data-align=\"center\">2<\/td><td>Carolin Jalast<\/td><td class=\"has-text-align-center\" data-align=\"center\">2012<\/td><td>Vargam\u00e4e<\/td><td>49.60<\/td><td>48<\/td><td>55<\/td><td>103<\/td><\/tr><tr><td class=\"has-text-align-center\" data-align=\"center\">3<\/td><td>Mia Eleanora Nurmela<\/td><td class=\"has-text-align-center\" data-align=\"center\">2009<\/td><td>SK +35<\/td><td>51.65<\/td><td>42<\/td><td>54<\/td><td>96<\/td><\/tr><tr><td class=\"has-text-align-center\" data-align=\"center\">4<\/td><td>Eeva Pirttijoki<\/td><td class=\"has-text-align-center\" data-align=\"center\">1993<\/td><td>J\u00f5ud Junior<\/td><td>51.80<\/td><td>34<\/td><td>45<\/td><td>79<\/td><\/tr><tr><td class=\"has-text-align-center\" data-align=\"center\">5<\/td><td>Johandra Aan<\/td><td class=\"has-text-align-center\" data-align=\"center\">2013<\/td><td>J\u00f5usport<\/td><td>52.70<\/td><td>22<\/td><td>35<\/td><td>57<\/td><\/tr><tr><td class=\"has-text-align-center\" data-align=\"center\" colspan=\"8\">U15, U17, U20, ABSOLUUT Kehakaalukategooria -58 kg<\/td><\/tr><tr><td class=\"has-text-align-center\" data-align=\"center\">Koht<\/td><td>Nimi<\/td><td class=\"has-text-align-center\" data-align=\"center\">S\u00fcnniaasta<\/td><td>Klubi<\/td><td>Kaal<\/td><td>Reb<\/td><td>T\u00f5uk<\/td><td>Summa<\/td><\/tr><tr><td class=\"has-text-align-center\" data-align=\"center\">1<\/td><td>Una Bassil<\/td><td class=\"has-text-align-center\" data-align=\"center\">1994<\/td><td>Sparta<\/td><td>57.90<\/td><td>73<\/td><td>88<\/td><td>161<\/td><\/tr><tr><td class=\"has-text-align-center\" data-align=\"center\">2<\/td><td>Merit Mandel<\/td><td class=\"has-text-align-center\" data-align=\"center\">1986<\/td><td>individuaal<\/td><td>57.25<\/td><td>66<\/td><td>80<\/td><td>146<\/td><\/tr><tr><td class=\"has-text-align-center\" data-align=\"center\">3<\/td><td>Ann Helen Eelmets<\/td><td class=\"has-text-align-center\" data-align=\"center\">2006<\/td><td>Sparta<\/td><td>55.35<\/td><td>62<\/td><td>76<\/td><td>138<\/td><\/tr><tr><td class=\"has-text-align-center\" data-align=\"center\">4<\/td><td>Jana Kesvatera<\/td><td class=\"has-text-align-center\" data-align=\"center\">1992<\/td><td>SK +35<\/td><td>58.00<\/td><td>60<\/td><td>72<\/td><td>132<\/td><\/tr><tr><td class=\"has-text-align-center\" data-align=\"center\">5<\/td><td>Maret Koor<\/td><td class=\"has-text-align-center\" data-align=\"center\">1984<\/td><td>CrossFit Peetri<\/td><td>56.95<\/td><td>45<\/td><td>63<\/td><td>108<\/td><\/tr><tr><td class=\"has-text-align-center\" data-align=\"center\">6<\/td><td>Rebeca Park<\/td><td class=\"has-text-align-center\" data-align=\"center\">2011<\/td><td>Vargam\u00e4e<\/td><td>56.75<\/td><td>32<\/td><td>45<\/td><td>77<\/td><\/tr><tr><td class=\"has-text-align-center\" data-align=\"center\" colspan=\"8\">U15, U17, U20, ABSOLUUT Kehakaalukategooria -63 kg<\/td><\/tr><tr><td class=\"has-text-align-center\" data-align=\"center\">Koht<\/td><td>Nimi<\/td><td class=\"has-text-align-center\" data-align=\"center\">S\u00fcnniaasta<\/td><td>Klubi<\/td><td>Kaal<\/td><td>Reb<\/td><td>T\u00f5uk<\/td><td>Summa<\/td><\/tr><tr><td class=\"has-text-align-center\" data-align=\"center\">1<\/td><td>Anneli Vuks<\/td><td class=\"has-text-align-center\" data-align=\"center\">1994<\/td><td>SK +35<\/td><td>61.25<\/td><td>50<\/td><td>76<\/td><td>126<\/td><\/tr><tr><td class=\"has-text-align-center\" data-align=\"center\">2<\/td><td>Ingela Jalast<\/td><td class=\"has-text-align-center\" data-align=\"center\">1991<\/td><td>Vargam\u00e4e<\/td><td>59.00<\/td><td>55<\/td><td>65<\/td><td>120<\/td><\/tr><tr><td class=\"has-text-align-center\" data-align=\"center\">3<\/td><td>Marta T\u00f5nurist<\/td><td class=\"has-text-align-center\" data-align=\"center\">2010<\/td><td>EDU<\/td><td>59.45<\/td><td>53<\/td><td>60<\/td><td>113<\/td><\/tr><tr><td class=\"has-text-align-center\" data-align=\"center\">4<\/td><td>Triin Prii<\/td><td class=\"has-text-align-center\" data-align=\"center\">2007<\/td><td>T\u00dcASK<\/td><td>60.15<\/td><td>45<\/td><td>65<\/td><td>110<\/td><\/tr><tr><td class=\"has-text-align-center\" data-align=\"center\" colspan=\"8\">U15, U17, U20, ABSOLUUT Kehakaalukategooria -69 kg<\/td><\/tr><tr><td class=\"has-text-align-center\" data-align=\"center\">Koht<\/td><td>Nimi<\/td><td class=\"has-text-align-center\" data-align=\"center\">S\u00fcnniaasta<\/td><td>Klubi<\/td><td>Kaal<\/td><td>Reb<\/td><td>T\u00f5uk<\/td><td>Summa<\/td><\/tr><tr><td class=\"has-text-align-center\" data-align=\"center\">1<\/td><td>Jekaterina Gritsinina<\/td><td class=\"has-text-align-center\" data-align=\"center\">1995<\/td><td>individuaal<\/td><td>64.45<\/td><td>66<\/td><td>90<\/td><td>156<\/td><\/tr><tr><td class=\"has-text-align-center\" data-align=\"center\">2<\/td><td>Maria K\u00f5lamets<\/td><td class=\"has-text-align-center\" data-align=\"center\">2004<\/td><td>T\u00dcASK<\/td><td>67.75<\/td><td>60<\/td><td>72<\/td><td>132<\/td><\/tr><tr><td class=\"has-text-align-center\" data-align=\"center\">3<\/td><td>Sofia Merilo<\/td><td class=\"has-text-align-center\" data-align=\"center\">2009<\/td><td>SK +35<\/td><td>66.45<\/td><td>51<\/td><td>65<\/td><td>116<\/td><\/tr><tr><td class=\"has-text-align-center\" data-align=\"center\">4<\/td><td>Jolandra-Lisanna Aan<\/td><td class=\"has-text-align-center\" data-align=\"center\">2011<\/td><td>J\u00f5usport<\/td><td>66.80<\/td><td>48<\/td><td>57<\/td><td>105<\/td><\/tr><tr><td class=\"has-text-align-center\" data-align=\"center\" colspan=\"8\">U17, U20, ABSOLUUT Kehakaalukategooria -77 kg<\/td><\/tr><tr><td class=\"has-text-align-center\" data-align=\"center\">Koht<\/td><td>Nimi<\/td><td class=\"has-text-align-center\" data-align=\"center\">S\u00fcnniaasta<\/td><td>Klubi<\/td><td>Kaal<\/td><td>Reb<\/td><td>T\u00f5uk<\/td><td>Summa<\/td><\/tr><tr><td class=\"has-text-align-center\" data-align=\"center\">1<\/td><td>Mona Saar<\/td><td class=\"has-text-align-center\" data-align=\"center\">2002<\/td><td>M\u00e4ksa<\/td><td>76.61<\/td><td>80<\/td><td>99<\/td><td>179<\/td><\/tr><tr><td class=\"has-text-align-center\" data-align=\"center\">2<\/td><td>Alice Trei<\/td><td class=\"has-text-align-center\" data-align=\"center\">2008<\/td><td>Sparta<\/td><td>76.70<\/td><td>64<\/td><td>86<\/td><td>150<\/td><\/tr><tr><td class=\"has-text-align-center\" data-align=\"center\">3<\/td><td>Daria Ivanova<\/td><td class=\"has-text-align-center\" data-align=\"center\">2002<\/td><td>EDU<\/td><td>74.70<\/td><td>66<\/td><td>80<\/td><td>146<\/td><\/tr><tr><td class=\"has-text-align-center\" data-align=\"center\">4<\/td><td>Emely Raud<\/td><td class=\"has-text-align-center\" data-align=\"center\">2006<\/td><td>EDU<\/td><td>72.65<\/td><td>61<\/td><td>80<\/td><td>141<\/td><\/tr><tr><td class=\"has-text-align-center\" data-align=\"center\">5<\/td><td>Maigi Kaljuste<\/td><td class=\"has-text-align-center\" data-align=\"center\">1984<\/td><td>CrossFit Peetri<\/td><td>73.00<\/td><td>55<\/td><td>85<\/td><td>140<\/td><\/tr><tr><td class=\"has-text-align-center\" data-align=\"center\">6<\/td><td>Helen Karu<\/td><td class=\"has-text-align-center\" data-align=\"center\">1982<\/td><td>Crossfit Peetri<\/td><td>74.25<\/td><td>54<\/td><td>80<\/td><td>134<\/td><\/tr><tr><td class=\"has-text-align-center\" data-align=\"center\">7<\/td><td>Kati Kivistik<\/td><td class=\"has-text-align-center\" data-align=\"center\">1994<\/td><td>J\u00f5ud Junior<\/td><td>75.30<\/td><td>57<\/td><td>68<\/td><td>125<\/td><\/tr><tr><td class=\"has-text-align-center\" data-align=\"center\">8<\/td><td>Helen Vellemaa<\/td><td class=\"has-text-align-center\" data-align=\"center\">1987<\/td><td>CrossFit Tartu<\/td><td>73.80<\/td><td>53<\/td><td>71<\/td><td>124<\/td><\/tr><tr><td class=\"has-text-align-center\" data-align=\"center\">9<\/td><td>Nele Marie Palmeos<\/td><td class=\"has-text-align-center\" data-align=\"center\">2010<\/td><td>Vargam\u00e4e<\/td><td>71.10<\/td><td>48<\/td><td>55<\/td><td>103<\/td><\/tr><tr><td class=\"has-text-align-center\" data-align=\"center\">10<\/td><td>Kati Kivikas<\/td><td class=\"has-text-align-center\" data-align=\"center\">1984<\/td><td>Sparta<\/td><td>73.05<\/td><td>45<\/td><td>55<\/td><td>100<\/td><\/tr><tr><td class=\"has-text-align-center\" data-align=\"center\">11<\/td><td>Johanna Aan<\/td><td class=\"has-text-align-center\" data-align=\"center\">2009<\/td><td>J\u00f5usport<\/td><td>76.3<\/td><td>38<\/td><td>50<\/td><td>88<\/td><\/tr><tr><td class=\"has-text-align-center\" data-align=\"center\" colspan=\"8\">U20, ABSOLUUT Kehakaalukategooria -86 kg<\/td><\/tr><tr><td class=\"has-text-align-center\" data-align=\"center\">Koht<\/td><td>Nimi<\/td><td class=\"has-text-align-center\" data-align=\"center\">S\u00fcnniaasta<\/td><td>Klubi<\/td><td>Kaal<\/td><td>Reb<\/td><td>T\u00f5uk<\/td><td>Summa<\/td><\/tr><tr><td class=\"has-text-align-center\" data-align=\"center\">1<\/td><td>Alice Trei<\/td><td class=\"has-text-align-center\" data-align=\"center\">2008<\/td><td>Sparta<\/td><td>78.55<\/td><td>67<\/td><td>82<\/td><td>149<\/td><\/tr><tr><td class=\"has-text-align-center\" data-align=\"center\">2<\/td><td>Anna G\u00fcnter<\/td><td class=\"has-text-align-center\" data-align=\"center\">1979<\/td><td>SK +35<\/td><td>82.95<\/td><td>56<\/td><td>68<\/td><td>124<\/td><\/tr><tr><td class=\"has-text-align-center\" data-align=\"center\">3<\/td><td>Liisbeth Rosenstein<\/td><td class=\"has-text-align-center\" data-align=\"center\">2005<\/td><td>M\u00e4ksa<\/td><td>80.45<\/td><td>49<\/td><td>64<\/td><td>113<\/td><\/tr><tr><td class=\"has-text-align-center\" data-align=\"center\" colspan=\"8\">U20, ABSOLUUT Kehakaalukategooria +86 kg<\/td><\/tr><tr><td class=\"has-text-align-center\" data-align=\"center\">Koht<\/td><td>Nimi<\/td><td class=\"has-text-align-center\" data-align=\"center\">S\u00fcnniaasta<\/td><td>Klubi<\/td><td>Kaal<\/td><td>Reb<\/td><td>T\u00f5uk<\/td><td>Summa<\/td><\/tr><tr><td class=\"has-text-align-center\" data-align=\"center\">1<\/td><td>Inger Iris Prants<\/td><td class=\"has-text-align-center\" data-align=\"center\">2009<\/td><td>Vargam\u00e4e<\/td><td>98.52<\/td><td>75<\/td><td>87<\/td><td>162<\/td><\/tr><tr><td class=\"has-text-align-center\" data-align=\"center\">2<\/td><td>Agnes Rannaste<\/td><td class=\"has-text-align-center\" data-align=\"center\">1984<\/td><td>SK +35<\/td><td>104.05<\/td><td>61<\/td><td>80<\/td><td>141<\/td><\/tr><tr><td class=\"has-text-align-center\" data-align=\"center\">3<\/td><td>Merti Hein<\/td><td class=\"has-text-align-center\" data-align=\"center\">2010<\/td><td>EDU<\/td><td>106.6<\/td><td>50<\/td><td>68<\/td><td>118<\/td><\/tr><\/tbody><\/table><\/figure>\n\n\n\n<p><\/p>","protected":false},"excerpt":{"rendered":"<p>Alates 01.06.2025, seisuga 26.12.2025Edetabel vanade kehakaaludega 01.01.2025 &#8211; 31.05.2025 U15&nbsp;Kehakaalukategooria -40 kg Koht Nimi S\u00fcnniaasta Klubi Kaal Reb T\u00f5uk Summa 1 Janete-Aleksandra Aan 2016 J\u00f5usport 34.40 17 25 42 2 Marietta T\u00f5nurist 2015 EDU 30.80 17 21 38 3 Kaisa Krillo 2016 J\u00f5usport 33.05 11 14 25 U15, U17 Kehakaalukategooria -44 kg Koht Nimi S\u00fcnniaasta [&hellip;]<\/p>\n","protected":false},"author":1,"featured_media":0,"parent":0,"menu_order":0,"comment_status":"closed","ping_status":"closed","template":"","meta":{"_mc_calendar":[],"footnotes":""},"class_list":["post-4360","page","type-page","status-publish","hentry","entry"],"_links":{"self":[{"href":"https:\/\/tosteliit.ee\/en\/wp-json\/wp\/v2\/pages\/4360","targetHints":{"allow":["GET"]}}],"collection":[{"href":"https:\/\/tosteliit.ee\/en\/wp-json\/wp\/v2\/pages"}],"about":[{"href":"https:\/\/tosteliit.ee\/en\/wp-json\/wp\/v2\/types\/page"}],"author":[{"embeddable":true,"href":"https:\/\/tosteliit.ee\/en\/wp-json\/wp\/v2\/users\/1"}],"replies":[{"embeddable":true,"href":"https:\/\/tosteliit.ee\/en\/wp-json\/wp\/v2\/comments?post=4360"}],"version-history":[{"count":2,"href":"https:\/\/tosteliit.ee\/en\/wp-json\/wp\/v2\/pages\/4360\/revisions"}],"predecessor-version":[{"id":4367,"href":"https:\/\/tosteliit.ee\/en\/wp-json\/wp\/v2\/pages\/4360\/revisions\/4367"}],"wp:attachment":[{"href":"https:\/\/tosteliit.ee\/en\/wp-json\/wp\/v2\/media?parent=4360"}],"curies":[{"name":"wp","href":"https:\/\/api.w.org\/{rel}","templated":true}]}}