{"id":4362,"date":"2026-01-28T15:19:23","date_gmt":"2026-01-28T15:19:23","guid":{"rendered":"https:\/\/tosteliit.ee\/?page_id=4362"},"modified":"2026-01-30T11:59:32","modified_gmt":"2026-01-30T11:59:32","slug":"mehed-2025","status":"publish","type":"page","link":"https:\/\/tosteliit.ee\/en\/mehed-2025\/","title":{"rendered":"Mehed 2025"},"content":{"rendered":"<p>Alates 01.06.2025, seisuga 26.12.2025<br><a href=\"https:\/\/tosteliit.ee\/edetabel-mehed-kaalukategooriad-kuni-31-05-2025\/\" data-type=\"page\" data-id=\"3983\">Edetabel vanade kehakaaludega 01.01.2025 \u2013 31.05.2025<\/a><\/p>\n\n\n\n<figure class=\"wp-block-table\"><table><tbody><tr><td class=\"has-text-align-center\" data-align=\"center\" colspan=\"8\">U15&nbsp;Kehakaalukategooria -52 kg<\/td><\/tr><tr><td class=\"has-text-align-center\" data-align=\"center\">Koht<\/td><td>Nimi<\/td><td class=\"has-text-align-center\" data-align=\"center\">S\u00fcnniaasta<\/td><td>Klubi<\/td><td>Kaal<\/td><td>Reb<\/td><td>T\u00f5uk<\/td><td>Summa<\/td><\/tr><tr><td class=\"has-text-align-center\" data-align=\"center\">1<\/td><td>Daniel Purk<\/td><td class=\"has-text-align-center\" data-align=\"center\">2010<\/td><td>Vargam\u00e4e<\/td><td>51.70<\/td><td>63<\/td><td>76<\/td><td>139<\/td><\/tr><tr><td class=\"has-text-align-center\" data-align=\"center\">2<\/td><td>Arseni Vorobjov<\/td><td class=\"has-text-align-center\" data-align=\"center\">2013<\/td><td>EDU<\/td><td>46.80<\/td><td>34<\/td><td>40<\/td><td>74<\/td><\/tr><tr><td class=\"has-text-align-center\" data-align=\"center\">3<\/td><td>Andre Hein<\/td><td class=\"has-text-align-center\" data-align=\"center\">2010<\/td><td>Olustvere<\/td><td>46.95<\/td><td>35<\/td><td>38<\/td><td>73<\/td><\/tr><tr><td class=\"has-text-align-center\" data-align=\"center\">4<\/td><td>Geiro Linnas<\/td><td class=\"has-text-align-center\" data-align=\"center\">2010<\/td><td>Olustvere<\/td><td>51.05<\/td><td>28<\/td><td>41<\/td><td>69<\/td><\/tr><tr><td class=\"has-text-align-center\" data-align=\"center\">5<\/td><td>Marten Kikerman<\/td><td class=\"has-text-align-center\" data-align=\"center\">2012<\/td><td>M\u00e4ksa<\/td><td>34.30<\/td><td>20<\/td><td>28<\/td><td>48<\/td><\/tr><tr><td class=\"has-text-align-center\" data-align=\"center\">6<\/td><td>Karl Kenneth Laanemaa<\/td><td class=\"has-text-align-center\" data-align=\"center\">2015<\/td><td>J\u00f5ud Junior<\/td><td>33.15<\/td><td>21<\/td><td>26<\/td><td>47<\/td><\/tr><tr><td class=\"has-text-align-center\" data-align=\"center\">7<\/td><td>Ferrier Stewart<\/td><td class=\"has-text-align-center\" data-align=\"center\">2011<\/td><td>J\u00f5ud Junior<\/td><td>40.65<\/td><td>19<\/td><td>22<\/td><td>41<\/td><\/tr><tr><td class=\"has-text-align-center\" data-align=\"center\">8<\/td><td>Artur T\u0161ervov<\/td><td class=\"has-text-align-center\" data-align=\"center\">2015<\/td><td>EDU<\/td><td>41.35<\/td><td>16<\/td><td>22<\/td><td>38<\/td><\/tr><tr><td class=\"has-text-align-center\" data-align=\"center\">9<\/td><td>Robert Kirss<\/td><td class=\"has-text-align-center\" data-align=\"center\">2017<\/td><td>J\u00f5ud Junior<\/td><td>25.35<\/td><td>13<\/td><td>17<\/td><td>30<\/td><\/tr><tr><td class=\"has-text-align-center\" data-align=\"center\" colspan=\"8\">U15, U17 Kehakaalukategooria -56 kg<\/td><\/tr><tr><td class=\"has-text-align-center\" data-align=\"center\">Koht<\/td><td>Nimi<\/td><td class=\"has-text-align-center\" data-align=\"center\">S\u00fcnniaasta<\/td><td>Klubi<\/td><td>Kaal<\/td><td>Reb<\/td><td>T\u00f5uk<\/td><td>Summa<\/td><\/tr><tr><td class=\"has-text-align-center\" data-align=\"center\">1<\/td><td>Daniel Purk<\/td><td class=\"has-text-align-center\" data-align=\"center\">2010<\/td><td>Vargam\u00e4e<\/td><td>53.00<\/td><td>66<\/td><td>80<\/td><td>146<\/td><\/tr><tr><td class=\"has-text-align-center\" data-align=\"center\">2<\/td><td>Rait Linnu<\/td><td class=\"has-text-align-center\" data-align=\"center\">2010<\/td><td>Olustvere<\/td><td>53.80<\/td><td>40<\/td><td>50<\/td><td>90<\/td><\/tr><tr><td class=\"has-text-align-center\" data-align=\"center\">3<\/td><td>Fredi Kreinin<\/td><td class=\"has-text-align-center\" data-align=\"center\">2011<\/td><td>J\u00f5ud Junior<\/td><td>52.05<\/td><td>40<\/td><td>43<\/td><td>83<\/td><\/tr><tr><td class=\"has-text-align-center\" data-align=\"center\">4<\/td><td>Rikhard Magnus Vandel<\/td><td class=\"has-text-align-center\" data-align=\"center\">2012<\/td><td>Sparta<\/td><td>55.00<\/td><td>35<\/td><td>40<\/td><td>75<\/td><\/tr><tr><td class=\"has-text-align-center\" data-align=\"center\" colspan=\"8\">U15, U17, U20, ABSOLUUT Kehakaalukategooria -60 kg<\/td><\/tr><tr><td class=\"has-text-align-center\" data-align=\"center\">Koht<\/td><td>Nimi<\/td><td class=\"has-text-align-center\" data-align=\"center\">S\u00fcnniaasta<\/td><td>Klubi<\/td><td>Kaal<\/td><td>Reb<\/td><td>T\u00f5uk<\/td><td>Summa<\/td><\/tr><tr><td class=\"has-text-align-center\" data-align=\"center\">1<\/td><td>Nikita Silin<\/td><td class=\"has-text-align-center\" data-align=\"center\">2010<\/td><td>J\u00f5ud Junior<\/td><td>58.99<\/td><td>63<\/td><td>88<\/td><td>151<\/td><\/tr><tr><td class=\"has-text-align-center\" data-align=\"center\">2<\/td><td>Kris Karel Jalast<\/td><td class=\"has-text-align-center\" data-align=\"center\">2012<\/td><td>Vargam\u00e4e<\/td><td>60.00<\/td><td>48<\/td><td>60<\/td><td>108<\/td><\/tr><tr><td class=\"has-text-align-center\" data-align=\"center\">3<\/td><td>Kevin J\u00f5esaar<\/td><td class=\"has-text-align-center\" data-align=\"center\">2011<\/td><td>M\u00e4ksa<\/td><td>59.30<\/td><td>35<\/td><td>40<\/td><td>75<\/td><\/tr><tr><td class=\"has-text-align-center\" data-align=\"center\">4<\/td><td>Gregor Vandel<\/td><td class=\"has-text-align-center\" data-align=\"center\">2013<\/td><td>Sparta<\/td><td>58.60<\/td><td>31<\/td><td>38<\/td><td>69<\/td><\/tr><tr><td class=\"has-text-align-center\" data-align=\"center\">5<\/td><td>Maksim Orlov<\/td><td class=\"has-text-align-center\" data-align=\"center\">2011<\/td><td>J\u00f5ud Junior<\/td><td>60.00<\/td><td>24<\/td><td>31<\/td><td>55<\/td><\/tr><tr><td class=\"has-text-align-center\" data-align=\"center\" colspan=\"8\">U15, U17, U20, ABSOLUUT Kehakaalukategooria -65 kg<\/td><\/tr><tr><td class=\"has-text-align-center\" data-align=\"center\">Koht<\/td><td>Nimi<\/td><td class=\"has-text-align-center\" data-align=\"center\">S\u00fcnniaasta<\/td><td>Klubi<\/td><td>Kaal<\/td><td>Reb<\/td><td>T\u00f5uk<\/td><td>Summa<\/td><\/tr><tr><td class=\"has-text-align-center\" data-align=\"center\">1<\/td><td>Armas Reisel<\/td><td class=\"has-text-align-center\" data-align=\"center\">2001<\/td><td>Vargam\u00e4e<\/td><td>64.00<\/td><td>75<\/td><td>90<\/td><td>165<\/td><\/tr><tr><td class=\"has-text-align-center\" data-align=\"center\">2<\/td><td>Maksim Javorski<\/td><td class=\"has-text-align-center\" data-align=\"center\">2010<\/td><td>J\u00f5ud Junior<\/td><td>64.03<\/td><td>63<\/td><td>74<\/td><td>137<\/td><\/tr><tr><td class=\"has-text-align-center\" data-align=\"center\">3<\/td><td>Kris Karel Jalast<\/td><td class=\"has-text-align-center\" data-align=\"center\">2012<\/td><td>Vargam\u00e4e<\/td><td>62.00<\/td><td>54<\/td><td>62<\/td><td>116<\/td><\/tr><tr><td class=\"has-text-align-center\" data-align=\"center\">4<\/td><td>Gregor Vandel<\/td><td class=\"has-text-align-center\" data-align=\"center\">2013<\/td><td>Sparta<\/td><td>64.40<\/td><td>40<\/td><td>47<\/td><td>87<\/td><\/tr><tr><td class=\"has-text-align-center\" data-align=\"center\">5<\/td><td>Kevin J\u00f5esaar<\/td><td class=\"has-text-align-center\" data-align=\"center\">2011<\/td><td>M\u00e4ksa<\/td><td>60.05<\/td><td>36<\/td><td>43<\/td><td>79<\/td><\/tr><tr><td class=\"has-text-align-center\" data-align=\"center\" colspan=\"8\">U15, U17, U20, ABSOLUUT Kehakaalukategooria -71 kg<\/td><\/tr><tr><td class=\"has-text-align-center\" data-align=\"center\">Koht<\/td><td>Nimi<\/td><td class=\"has-text-align-center\" data-align=\"center\">S\u00fcnniaasta<\/td><td>Klubi<\/td><td>Kaal<\/td><td>Reb<\/td><td>T\u00f5uk<\/td><td>Summa<\/td><\/tr><tr><td class=\"has-text-align-center\" data-align=\"center\">1<\/td><td>Tom Aunapuu<\/td><td class=\"has-text-align-center\" data-align=\"center\">2003<\/td><td>Vargam\u00e4e<\/td><td>69.20<\/td><td>95<\/td><td>114<\/td><td>209<\/td><\/tr><tr><td class=\"has-text-align-center\" data-align=\"center\">2<\/td><td>Artur \u0160palov<\/td><td class=\"has-text-align-center\" data-align=\"center\">2008<\/td><td>Ol\u00fcmpionik<\/td><td>67.15<\/td><td>89<\/td><td>100<\/td><td>189<\/td><\/tr><tr><td class=\"has-text-align-center\" data-align=\"center\">3<\/td><td>Erik Daniel Ionov<\/td><td class=\"has-text-align-center\" data-align=\"center\">2010<\/td><td>J\u00f5ud Junior<\/td><td>67.35<\/td><td>66<\/td><td>78<\/td><td>144<\/td><\/tr><tr><td class=\"has-text-align-center\" data-align=\"center\">4<\/td><td>Erki Jalast<\/td><td class=\"has-text-align-center\" data-align=\"center\">2008<\/td><td>Vargam\u00e4e<\/td><td>70.40<\/td><td>60<\/td><td>84<\/td><td>144<\/td><\/tr><tr><td class=\"has-text-align-center\" data-align=\"center\">5<\/td><td>Kaspar M\u00f6ller<\/td><td class=\"has-text-align-center\" data-align=\"center\">2008<\/td><td>M\u00e4ksa<\/td><td>67.25<\/td><td>62<\/td><td>80<\/td><td>142<\/td><\/tr><tr><td class=\"has-text-align-center\" data-align=\"center\">6<\/td><td>Maksim Javorski<\/td><td class=\"has-text-align-center\" data-align=\"center\">2010<\/td><td>J\u00f5ud Junior<\/td><td>65.50<\/td><td>62<\/td><td>75<\/td><td>137<\/td><\/tr><tr><td class=\"has-text-align-center\" data-align=\"center\">7<\/td><td>Arthur Haarakalju<\/td><td class=\"has-text-align-center\" data-align=\"center\">2011<\/td><td>Olustvere<\/td><td>67.05<\/td><td>40<\/td><td>50<\/td><td>90<\/td><\/tr><tr><td class=\"has-text-align-center\" data-align=\"center\">8<\/td><td>Gregor Vandel<\/td><td class=\"has-text-align-center\" data-align=\"center\">2013<\/td><td>Sparta<\/td><td>66.65<\/td><td>40<\/td><td>45<\/td><td>85<\/td><\/tr><tr><td class=\"has-text-align-center\" data-align=\"center\">9<\/td><td>Patrick Kompus<\/td><td class=\"has-text-align-center\" data-align=\"center\">2015<\/td><td>J\u00f5ud Junior<\/td><td>70.25<\/td><td>33<\/td><td>42<\/td><td>75<\/td><\/tr><tr><td class=\"has-text-align-center\" data-align=\"center\" colspan=\"8\">U15, U17, U20, ABSOLUUT Kehakaalukategooria -79 kg<\/td><\/tr><tr><td class=\"has-text-align-center\" data-align=\"center\">Koht<\/td><td>Nimi<\/td><td class=\"has-text-align-center\" data-align=\"center\">S\u00fcnniaasta<\/td><td>Klubi<\/td><td>Kaal<\/td><td>Reb<\/td><td>T\u00f5uk<\/td><td>Summa<\/td><\/tr><tr><td class=\"has-text-align-center\" data-align=\"center\">1<\/td><td>Nikita Merkurjev<\/td><td class=\"has-text-align-center\" data-align=\"center\">2010<\/td><td>J\u00f5ud Junior<\/td><td>72.88<\/td><td>105<\/td><td>125<\/td><td>230<\/td><\/tr><tr><td class=\"has-text-align-center\" data-align=\"center\">2<\/td><td>Ivan Vorobjov<\/td><td class=\"has-text-align-center\" data-align=\"center\">2007<\/td><td>EDU<\/td><td>73.55<\/td><td>102<\/td><td>125<\/td><td>227<\/td><\/tr><tr><td class=\"has-text-align-center\" data-align=\"center\">3<\/td><td>Toma Aunapuu<\/td><td class=\"has-text-align-center\" data-align=\"center\">2003<\/td><td>Vargam\u00e4e<\/td><td>71.10<\/td><td>90<\/td><td>106<\/td><td>196<\/td><\/tr><tr><td class=\"has-text-align-center\" data-align=\"center\">4<\/td><td>Tanel Hirve<\/td><td class=\"has-text-align-center\" data-align=\"center\">2008<\/td><td>Sparta<\/td><td>72.30<\/td><td>80<\/td><td>95<\/td><td>175<\/td><\/tr><tr><td class=\"has-text-align-center\" data-align=\"center\">5<\/td><td>Maiko Jalast<\/td><td class=\"has-text-align-center\" data-align=\"center\">2006<\/td><td>Vargam\u00e4e<\/td><td>78.80<\/td><td>75<\/td><td>95<\/td><td>170<\/td><\/tr><tr><td class=\"has-text-align-center\" data-align=\"center\">6<\/td><td>Carl Peeter Piho<\/td><td class=\"has-text-align-center\" data-align=\"center\">1994<\/td><td>Sparta<\/td><td>77.75<\/td><td>68<\/td><td>100<\/td><td>168<\/td><\/tr><tr><td class=\"has-text-align-center\" data-align=\"center\">7<\/td><td>Heiki Nerut<\/td><td class=\"has-text-align-center\" data-align=\"center\">2008<\/td><td>J\u00f5ud Junior<\/td><td>74.20<\/td><td>71<\/td><td>90<\/td><td>161<\/td><\/tr><tr><td class=\"has-text-align-center\" data-align=\"center\">8<\/td><td>Markus Boisen<\/td><td class=\"has-text-align-center\" data-align=\"center\">2006<\/td><td>M\u00e4ksa<\/td><td>72.90<\/td><td>71<\/td><td>90<\/td><td>161<\/td><\/tr><tr><td class=\"has-text-align-center\" data-align=\"center\">9<\/td><td>Tauno Ebarik<\/td><td class=\"has-text-align-center\" data-align=\"center\">1981<\/td><td>Sparta<\/td><td>76.35<\/td><td>70<\/td><td>90<\/td><td>160<\/td><\/tr><tr><td class=\"has-text-align-center\" data-align=\"center\">10<\/td><td>Viktor Kozlenko<\/td><td class=\"has-text-align-center\" data-align=\"center\">1983<\/td><td>EDU<\/td><td>78.60<\/td><td>70<\/td><td>80<\/td><td>150<\/td><\/tr><tr><td class=\"has-text-align-center\" data-align=\"center\">11<\/td><td>Oliver Kaugerand<\/td><td class=\"has-text-align-center\" data-align=\"center\">2010<\/td><td>Olustvere<\/td><td>73.05<\/td><td>50<\/td><td>76<\/td><td>126<\/td><\/tr><tr><td class=\"has-text-align-center\" data-align=\"center\">12<\/td><td>Gregor Adami<\/td><td class=\"has-text-align-center\" data-align=\"center\">2011<\/td><td>J\u00f5ud Junior<\/td><td>77.80<\/td><td>47<\/td><td>60<\/td><td>107<\/td><\/tr><tr><td class=\"has-text-align-center\" data-align=\"center\">13<\/td><td>Alex Purk<\/td><td class=\"has-text-align-center\" data-align=\"center\">2009<\/td><td>Vargam\u00e4e<\/td><td>72.75<\/td><td>32<\/td><td>43<\/td><td>75<\/td><\/tr><tr><td class=\"has-text-align-center\" data-align=\"center\" colspan=\"8\">U15, U17, U20, ABSOLUUT Kehakaalukategooria -88 kg<\/td><\/tr><tr><td class=\"has-text-align-center\" data-align=\"center\">Koht<\/td><td>Nimi<\/td><td class=\"has-text-align-center\" data-align=\"center\">S\u00fcnniaasta<\/td><td>Klubi<\/td><td>Kaal<\/td><td>Reb<\/td><td>T\u00f5uk<\/td><td>Summa<\/td><\/tr><tr><td class=\"has-text-align-center\" data-align=\"center\">1<\/td><td>Leho Pent<\/td><td class=\"has-text-align-center\" data-align=\"center\">1990<\/td><td>Vargam\u00e4e<\/td><td>88.00<\/td><td>130<\/td><td>175<\/td><td>305<\/td><\/tr><tr><td class=\"has-text-align-center\" data-align=\"center\">2<\/td><td>Kait Viks<\/td><td class=\"has-text-align-center\" data-align=\"center\">2007<\/td><td>Vargam\u00e4e<\/td><td>85.15<\/td><td>107<\/td><td>128<\/td><td>235<\/td><\/tr><tr><td class=\"has-text-align-center\" data-align=\"center\">3<\/td><td>Sander Savik<\/td><td class=\"has-text-align-center\" data-align=\"center\">1998<\/td><td>T\u00dcASK<\/td><td>85.75<\/td><td>100<\/td><td>130<\/td><td>230<\/td><\/tr><tr><td class=\"has-text-align-center\" data-align=\"center\">4<\/td><td>Leon Kann<\/td><td class=\"has-text-align-center\" data-align=\"center\">1997<\/td><td>EDU<\/td><td>87.55<\/td><td>90<\/td><td>128<\/td><td>218<\/td><\/tr><tr><td class=\"has-text-align-center\" data-align=\"center\">5<\/td><td>Lauri Naarits<\/td><td class=\"has-text-align-center\" data-align=\"center\">1991<\/td><td>EDU<\/td><td>81.85<\/td><td>92<\/td><td>125<\/td><td>217<\/td><\/tr><tr><td class=\"has-text-align-center\" data-align=\"center\">6<\/td><td>Taaniel Uleksin<\/td><td class=\"has-text-align-center\" data-align=\"center\">1987<\/td><td>Tallin CrossFit<\/td><td>80.55<\/td><td>85<\/td><td>115<\/td><td>200<\/td><\/tr><tr><td class=\"has-text-align-center\" data-align=\"center\">7<\/td><td>Harry Pihlik<\/td><td class=\"has-text-align-center\" data-align=\"center\">2005<\/td><td>T\u00dcASK<\/td><td>86.85<\/td><td>78<\/td><td>110<\/td><td>188<\/td><\/tr><tr><td class=\"has-text-align-center\" data-align=\"center\">8<\/td><td>Gregor Kroon<\/td><td class=\"has-text-align-center\" data-align=\"center\">2009<\/td><td>M\u00e4ksa<\/td><td>83.75<\/td><td>84<\/td><td>104<\/td><td>188<\/td><\/tr><tr><td class=\"has-text-align-center\" data-align=\"center\">9<\/td><td>Mihkel Eelmets<\/td><td class=\"has-text-align-center\" data-align=\"center\">2009<\/td><td>Sparta<\/td><td>83.50<\/td><td>80<\/td><td>106<\/td><td>186<\/td><\/tr><tr><td class=\"has-text-align-center\" data-align=\"center\">10<\/td><td>Artjom Jer\u0161ov<\/td><td class=\"has-text-align-center\" data-align=\"center\">2007<\/td><td>EDU<\/td><td>87.35<\/td><td>80<\/td><td>103<\/td><td>183<\/td><\/tr><tr><td class=\"has-text-align-center\" data-align=\"center\">11<\/td><td>Sander Aan<\/td><td class=\"has-text-align-center\" data-align=\"center\">2007<\/td><td>J\u00f5usport<\/td><td>80.35<\/td><td>76<\/td><td>92<\/td><td>168<\/td><\/tr><tr><td class=\"has-text-align-center\" data-align=\"center\">12<\/td><td>Heiki Nerut<\/td><td class=\"has-text-align-center\" data-align=\"center\">2008<\/td><td>J\u00f5ud Junior<\/td><td>81.09<\/td><td>75<\/td><td>91<\/td><td>166<\/td><\/tr><tr><td class=\"has-text-align-center\" data-align=\"center\">13<\/td><td>Gregor Adami<\/td><td class=\"has-text-align-center\" data-align=\"center\">2011<\/td><td>J\u00f5ud Junior<\/td><td>79.20<\/td><td>52<\/td><td>63<\/td><td>115<\/td><\/tr><tr><td class=\"has-text-align-center\" data-align=\"center\" colspan=\"8\">U17, U20, ABSOLUUT Kehakaalukategooria -94 kg<\/td><\/tr><tr><td class=\"has-text-align-center\" data-align=\"center\">Koht<\/td><td>Nimi<\/td><td class=\"has-text-align-center\" data-align=\"center\">S\u00fcnniaasta<\/td><td>Klubi<\/td><td>Kaal<\/td><td>Reb<\/td><td>T\u00f5uk<\/td><td>Summa<\/td><\/tr><tr><td class=\"has-text-align-center\" data-align=\"center\">1<\/td><td>Aleksei Kuzmin<\/td><td class=\"has-text-align-center\" data-align=\"center\">2007<\/td><td>EDU<\/td><td>93.70<\/td><td>125<\/td><td>160<\/td><td>285<\/td><\/tr><tr><td class=\"has-text-align-center\" data-align=\"center\">2<\/td><td>Teet Karbus<\/td><td class=\"has-text-align-center\" data-align=\"center\">1998<\/td><td>Vargam\u00e4e<\/td><td>94.00<\/td><td>120<\/td><td>151<\/td><td>271<\/td><\/tr><tr><td class=\"has-text-align-center\" data-align=\"center\">3<\/td><td>Aimar Kiivits<\/td><td class=\"has-text-align-center\" data-align=\"center\">2005<\/td><td>M\u00e4ksa<\/td><td>90.95<\/td><td>108<\/td><td>127<\/td><td>235<\/td><\/tr><tr><td class=\"has-text-align-center\" data-align=\"center\">4<\/td><td>Jaanus Hiiem\u00e4e<\/td><td class=\"has-text-align-center\" data-align=\"center\">1974<\/td><td>SK +35<\/td><td>93.97<\/td><td>101<\/td><td>123<\/td><td>224<\/td><\/tr><tr><td class=\"has-text-align-center\" data-align=\"center\">5<\/td><td>Roman Lut\u0161it<\/td><td class=\"has-text-align-center\" data-align=\"center\">1986<\/td><td>individuaal<\/td><td>91.80<\/td><td>95<\/td><td>121<\/td><td>216<\/td><\/tr><tr><td class=\"has-text-align-center\" data-align=\"center\">6<\/td><td>Gabriel K\u00fcnnapuu<\/td><td class=\"has-text-align-center\" data-align=\"center\">2003<\/td><td>Olustvere<\/td><td>92.20<\/td><td>96<\/td><td>120<\/td><td>216<\/td><\/tr><tr><td class=\"has-text-align-center\" data-align=\"center\">7<\/td><td>Ville Haapanen<\/td><td class=\"has-text-align-center\" data-align=\"center\">1994<\/td><td>J\u00f5ud Junior<\/td><td>92.75<\/td><td>95<\/td><td>120<\/td><td>215<\/td><\/tr><tr><td class=\"has-text-align-center\" data-align=\"center\">8<\/td><td>Urmas Treier<\/td><td class=\"has-text-align-center\" data-align=\"center\">1969<\/td><td>individuaal<\/td><td>91.71<\/td><td>98<\/td><td>115<\/td><td>213<\/td><\/tr><tr><td class=\"has-text-align-center\" data-align=\"center\" colspan=\"8\">U20, ABSOLUUT Kehakaalukategooria -110 kg<\/td><\/tr><tr><td class=\"has-text-align-center\" data-align=\"center\">Koht<\/td><td>Nimi<\/td><td class=\"has-text-align-center\" data-align=\"center\">S\u00fcnniaasta<\/td><td>Klubi<\/td><td>Kaal<\/td><td>Reb<\/td><td>T\u00f5uk<\/td><td>Summa<\/td><\/tr><tr><td class=\"has-text-align-center\" data-align=\"center\">1<\/td><td>Andres Viksi<\/td><td class=\"has-text-align-center\" data-align=\"center\">1989<\/td><td>Olustvere<\/td><td>100.75<\/td><td>131<\/td><td>158<\/td><td>289<\/td><\/tr><tr><td class=\"has-text-align-center\" data-align=\"center\">2<\/td><td>Aleksei Kuzmin<\/td><td class=\"has-text-align-center\" data-align=\"center\">2007<\/td><td>EDU<\/td><td>96.40<\/td><td>125<\/td><td>156<\/td><td>281<\/td><\/tr><tr><td class=\"has-text-align-center\" data-align=\"center\">3<\/td><td>Teet Karbus<\/td><td class=\"has-text-align-center\" data-align=\"center\">1998<\/td><td>Vargam\u00e4e<\/td><td>98.20<\/td><td>123<\/td><td>152<\/td><td>275<\/td><\/tr><tr><td class=\"has-text-align-center\" data-align=\"center\">4<\/td><td>Mati Karbus<\/td><td class=\"has-text-align-center\" data-align=\"center\">1996<\/td><td>Vargam\u00e4e<\/td><td>97.85<\/td><td>120<\/td><td>150<\/td><td>270<\/td><\/tr><tr><td class=\"has-text-align-center\" data-align=\"center\">5<\/td><td>Lauri Rant<\/td><td class=\"has-text-align-center\" data-align=\"center\">1990<\/td><td>Sparta<\/td><td>107.45<\/td><td>125<\/td><td>140<\/td><td>265<\/td><\/tr><tr><td class=\"has-text-align-center\" data-align=\"center\">6<\/td><td>Tuudor Schuster<\/td><td class=\"has-text-align-center\" data-align=\"center\">2007<\/td><td>Sparta<\/td><td>108.85<\/td><td>100<\/td><td>125<\/td><td>225<\/td><\/tr><tr><td class=\"has-text-align-center\" data-align=\"center\">7<\/td><td>Carlis Vaino<\/td><td class=\"has-text-align-center\" data-align=\"center\">2010<\/td><td>M\u00e4ksa<\/td><td>105.45<\/td><td>103<\/td><td>120<\/td><td>223<\/td><\/tr><tr><td class=\"has-text-align-center\" data-align=\"center\">8<\/td><td>Tristan Abel<\/td><td class=\"has-text-align-center\" data-align=\"center\">2002<\/td><td>SK +35<\/td><td>100.50<\/td><td>85<\/td><td>105<\/td><td>190<\/td><\/tr><tr><td class=\"has-text-align-center\" data-align=\"center\">9<\/td><td>M\u00e4rt Roosna<\/td><td class=\"has-text-align-center\" data-align=\"center\">1982<\/td><td>individuaal<\/td><td>103.40<\/td><td>72<\/td><td>110<\/td><td>182<\/td><\/tr><tr><td class=\"has-text-align-center\" data-align=\"center\">10<\/td><td>Andreas Jalgma<\/td><td class=\"has-text-align-center\" data-align=\"center\">2012<\/td><td>Sparta<\/td><td>109.30<\/td><td>45<\/td><td>50<\/td><td>95<\/td><\/tr><tr><td class=\"has-text-align-center\" data-align=\"center\" colspan=\"8\">U20, ABSOLUUT Kehakaalukategooria +110 kg<\/td><\/tr><tr><td class=\"has-text-align-center\" data-align=\"center\">Koht<\/td><td>Nimi<\/td><td class=\"has-text-align-center\" data-align=\"center\">S\u00fcnniaasta<\/td><td>Klubi<\/td><td>Kaal<\/td><td>Reb<\/td><td>T\u00f5uk<\/td><td>Summa<\/td><\/tr><tr><td class=\"has-text-align-center\" data-align=\"center\">1<\/td><td>Riho K\u00e4go<\/td><td class=\"has-text-align-center\" data-align=\"center\">1984<\/td><td>individuaal<\/td><td>115.9<\/td><td>130<\/td><td>160<\/td><td>290<\/td><\/tr><tr><td class=\"has-text-align-center\" data-align=\"center\">2<\/td><td>Roomet V\u00e4li<\/td><td class=\"has-text-align-center\" data-align=\"center\">2005<\/td><td>Vargam\u00e4e<\/td><td>117.65<\/td><td>110<\/td><td>140<\/td><td>250<\/td><\/tr><tr><td class=\"has-text-align-center\" data-align=\"center\">3<\/td><td>Matjus M\u00e4ger<\/td><td class=\"has-text-align-center\" data-align=\"center\">1989<\/td><td>Sparta<\/td><td>111.15<\/td><td>104<\/td><td>125<\/td><td>229<\/td><\/tr><tr><td class=\"has-text-align-center\" data-align=\"center\">4<\/td><td>Tuudor Schuster<\/td><td class=\"has-text-align-center\" data-align=\"center\">2007<\/td><td>Sparta<\/td><td>110.3<\/td><td>90<\/td><td>100<\/td><td>190<\/td><\/tr><tr><td class=\"has-text-align-center\" data-align=\"center\">5<\/td><td>Kalvin German<\/td><td class=\"has-text-align-center\" data-align=\"center\">2006<\/td><td>Olustvere<\/td><td>139.45<\/td><td>60<\/td><td>90<\/td><td>150<\/td><\/tr><\/tbody><\/table><\/figure>","protected":false},"excerpt":{"rendered":"<p>Alates 01.06.2025, seisuga 26.12.2025Edetabel vanade kehakaaludega 01.01.2025 \u2013 31.05.2025 U15&nbsp;Kehakaalukategooria -52 kg Koht Nimi S\u00fcnniaasta Klubi Kaal Reb T\u00f5uk Summa 1 Daniel Purk 2010 Vargam\u00e4e 51.70 63 76 139 2 Arseni Vorobjov 2013 EDU 46.80 34 40 74 3 Andre Hein 2010 Olustvere 46.95 35 38 73 4 Geiro Linnas 2010 Olustvere 51.05 28 41 [&hellip;]<\/p>\n","protected":false},"author":1,"featured_media":0,"parent":0,"menu_order":0,"comment_status":"closed","ping_status":"closed","template":"","meta":{"_mc_calendar":[],"footnotes":""},"class_list":["post-4362","page","type-page","status-publish","hentry","entry"],"_links":{"self":[{"href":"https:\/\/tosteliit.ee\/en\/wp-json\/wp\/v2\/pages\/4362","targetHints":{"allow":["GET"]}}],"collection":[{"href":"https:\/\/tosteliit.ee\/en\/wp-json\/wp\/v2\/pages"}],"about":[{"href":"https:\/\/tosteliit.ee\/en\/wp-json\/wp\/v2\/types\/page"}],"author":[{"embeddable":true,"href":"https:\/\/tosteliit.ee\/en\/wp-json\/wp\/v2\/users\/1"}],"replies":[{"embeddable":true,"href":"https:\/\/tosteliit.ee\/en\/wp-json\/wp\/v2\/comments?post=4362"}],"version-history":[{"count":3,"href":"https:\/\/tosteliit.ee\/en\/wp-json\/wp\/v2\/pages\/4362\/revisions"}],"predecessor-version":[{"id":4369,"href":"https:\/\/tosteliit.ee\/en\/wp-json\/wp\/v2\/pages\/4362\/revisions\/4369"}],"wp:attachment":[{"href":"https:\/\/tosteliit.ee\/en\/wp-json\/wp\/v2\/media?parent=4362"}],"curies":[{"name":"wp","href":"https:\/\/api.w.org\/{rel}","templated":true}]}}