{"id":516,"date":"2022-03-03T16:07:02","date_gmt":"2022-03-03T16:07:02","guid":{"rendered":"https:\/\/tosteliit.ee\/?page_id=516"},"modified":"2025-01-16T11:34:23","modified_gmt":"2025-01-16T11:34:23","slug":"ajalugu","status":"publish","type":"page","link":"https:\/\/tosteliit.ee\/en\/ajalugu\/","title":{"rendered":"History"},"content":{"rendered":"<p class=\"has-text-align-left\">Raskej\u00f5ustikuharrastust loetakse Eestis \u00f5igustatult vanimate sportlike harrastuste hulka. L\u00e4bi aegade on meie maadlejad ja t\u00f5stjad saavutanud arvukalt suuri v\u00f5ite ja n\u00e4idanud, et ka \u00fche v\u00e4ikerahva hulgast v\u00f5ib spordimehi k\u00fcllalt tagasihoidlikest tingimustest aga visa ja targa t\u00f6\u00f6ga t\u00f5usta isegi maailma tippu. &nbsp; Esimesed ametlikud t\u00f5stev\u00f5istlused toimusid 1891. aastal Tallinnas ja see s\u00fcndmus pani aluse regulaarsemale tegevusele Eestis. Kuni 1920. aastani harjutati ilma eestkosteta. 20. jaanuaril 1920. aastal asutati Eesti Spordiliit ja n\u00fc\u00fcd j\u00e4tkati selle raskej\u00f5ustiku osakonna juhtimisel 1926. aastani, kui 13. veebruaril moodustati Eesti Kerge-, Raske- ja Veespordi Liit, kelle juhtimisel j\u00e4tkus tegevus 1933. aasta kevadeni. 10. aprillil 1933. aastal loodi Eesti Maadluse-, Poksi- ja T\u00f5steliit, tegutseti t\u00f5usvas joones kuni Teise maailmas\u00f5jani. 1942. aasta l\u00f5pust j\u00e4tkati Eesti Rahvakasvatuse Peavalitsuse suunamisel ja suure s\u00f5ja l\u00f5ppedes 1945. aastal loodi Eesti Spordikomitee juurde t\u00f5stespordisektsioon, milline nimetati \u00fcmber 10. novembril 1959. aastal Eesti NSV T\u00f5stespordi F\u00f6deratsiooniks. 30 aastat hiljem &#8211; novembri l\u00f5pul 1989. aastal moodustati Eesti T\u00f5stespordi Liit kui Eesti Maadluse-, Poksi- ja T\u00f5steliidu \u00f5igusj\u00e4rgne t\u00f5stmises.<\/p>\n\n\n\n<p><strong>Eesti t\u00f5stmise s\u00fcnniaastaks loetakse 1888<\/strong>, mil Eesti raskej\u00f5ustiku isa Gustav Boesberg (07. juuni 1867 &#8211; 05. juuni 1922) asutas Tallinnas raskej\u00f5ustiku ringi. Alates 1997. aastast t\u00e4histatakse 5. juunil \u00fcleriigiliselt Eesti Raskej\u00f5ustiklaste m\u00e4lestusp\u00e4eva (05.06.1997.a. m\u00f6\u00f6dus 75 aastat Gustav Boesbergi surmast).<\/p>\n\n\n\n<p>L\u00e4bi aegade on juhatuse v\u00f5i presiidiumide esimeestena Eesti t\u00f5stmist eest vedanud:<\/p>\n\n\n\n<figure class=\"wp-block-table\"><table><tbody><tr><td>1920 &#8211; 1922<\/td><td>Ado Anderkopp<\/td><td>1972 &#8211; 1976<\/td><td>Haljand Hallismaa<\/td><\/tr><tr><td>1922 &#8211; 1935<\/td><td>Johannes Kauba<\/td><td>1976 &#8211; 1980<\/td><td>Erich Aava<\/td><\/tr><tr><td>1935 &#8211; 1940<\/td><td>Oskar K\u00f6ster<\/td><td>1980 &#8211; 1989<\/td><td>Villu Aabne<\/td><\/tr><tr><td>1940 &#8211;<\/td><td>Heinrich Jants<\/td><td>1989 &#8211; 1990<\/td><td>Jaan Talts<\/td><\/tr><tr><td>1945 &#8211; 1947<\/td><td>Georg Abels<\/td><td>1991 &#8211; 1995<\/td><td>Taimu Viir<\/td><\/tr><tr><td>1947 &#8211; 1949<\/td><td>Joann Riismantel<\/td><td>1996 &#8211; 1998<\/td><td>Kalle J\u00f5udna<\/td><\/tr><tr><td>1949 &#8211; 1955<\/td><td>Jaan Vaikma<\/td><td>1998 &#8211; 2006<\/td><td>Aivar M\u00e4esoo<\/td><\/tr><tr><td>1955 &#8211; 1956<\/td><td>Armand Raud<\/td><td>2006 &#8211; 2008<\/td><td>Tambet Tiits<\/td><\/tr><tr><td>1956 &#8211; 1958<\/td><td>Erm Lund<\/td><td>2008 &#8211; 2016<\/td><td>Jaan Talts juunior<\/td><\/tr><tr><td>1959 &#8211; 1964<\/td><td>Jaan Vaikma<\/td><td>2016 &#8211; 2020<\/td><td>Ain P\u00f5der<\/td><\/tr><tr><td>1964 &#8211; 1965<\/td><td>Juljus Seljamaa<\/td><td>2020 &#8211; 2022<\/td><td>Margus Annuk<\/td><\/tr><tr><td>&nbsp;1966 &#8211; 1972<\/td><td>Jaan Vaikma<\/td><td>\u00a02022 &#8211; &#8230;<\/td><td>\u00a0Nade\u017eda Masjukova (kt)<\/td><\/tr><\/tbody><\/table><\/figure>\n\n\n\n<p><\/p>\n\n\n\n<p><strong>Medalid tiitliv\u00f5istlustelt<\/strong>:<br><strong>Ol\u00fcmpiam\u00e4ngudel<\/strong><\/p>\n\n\n\n<figure class=\"wp-block-table\"><table><tbody><tr><td>KULD<\/td><td>1920<\/td><td>Alfred Neuland<\/td><td>Eesti esimene OM kuld!<\/td><\/tr><tr><td>&nbsp;<\/td><td>1972<\/td><td>Jaan Talts<\/td><td>&nbsp;<\/td><\/tr><tr><td>H\u00d5BE<\/td><td>1920<\/td><td>Ain Sillak<\/td><td>&nbsp;<\/td><\/tr><tr><td>&nbsp;<\/td><td>1924<\/td><td>Alfred Neuland<\/td><td>&nbsp;<\/td><\/tr><tr><td>&nbsp;<\/td><td>1928<\/td><td>Arnold Luha\u00e4\u00e4r<\/td><td>&nbsp;<\/td><\/tr><tr><td>&nbsp;<\/td><td>1968<\/td><td>Jaan Talts<\/td><td>&nbsp;<\/td><\/tr><tr><td>PRONKS<\/td><td>1924<\/td><td>Harald Tammer<\/td><td>&nbsp;<\/td><\/tr><tr><td>&nbsp;<\/td><td>&nbsp;<\/td><td>Jaan Kikas<\/td><td>&nbsp;<\/td><\/tr><tr><td>&nbsp;<\/td><td>1936<\/td><td>Arnold Luha\u00e4\u00e4r<\/td><td>&nbsp;<\/td><\/tr><\/tbody><\/table><\/figure>\n\n\n\n<p><strong>Maailmameistriv\u00f5istlustel<\/strong><\/p>\n\n\n\n<figure class=\"wp-block-table\"><table><tbody><tr><td>KULD<\/td><td>1922<\/td><td>Alfred Neuland<\/td><td>&nbsp;<\/td><\/tr><tr><td>&nbsp;<\/td><td>&nbsp;<\/td><td>Saul Hallap<\/td><td>&nbsp;<\/td><\/tr><tr><td>&nbsp;<\/td><td>&nbsp;<\/td><td>Harald Tammer<\/td><td>&nbsp;<\/td><\/tr><tr><td>&nbsp;<\/td><td>1970<\/td><td>Jaan Talts<\/td><td>&nbsp;<\/td><\/tr><tr><td>&nbsp;<\/td><td>1972<\/td><td>Jaan Talts<\/td><td>&nbsp;<\/td><\/tr><tr><td>&nbsp;<\/td><td>1969<\/td><td>Jaan Talts<\/td><td>T\u00f5ukamises -110,0 kg<\/td><\/tr><tr><td>&nbsp;<\/td><td>1970<\/td><td>Jaan Talts<\/td><td>Surumises -110,0 kg<\/td><\/tr><tr><td>&nbsp;<\/td><td>&nbsp;<\/td><td>Jaan Talts<\/td><td>T\u00f5ukamises -110,0 kg<\/td><\/tr><tr><td>&nbsp;<\/td><td>1972<\/td><td>Jaan Talts<\/td><td>Surumises -110,0 kg<\/td><\/tr><tr><td>&nbsp;<\/td><td>2015<\/td><td>Mart Seim<\/td><td>T\u00f5ukamises +105,0 kg<\/td><\/tr><tr><td>H\u00d5BE<\/td><td>1922<\/td><td>Eduard Vanaaseme<\/td><td>&nbsp;<\/td><\/tr><tr><td>&nbsp;<\/td><td>&nbsp;<\/td><td>Karl K\u00f5iv<\/td><td>&nbsp;<\/td><\/tr><tr><td>&nbsp;<\/td><td>&nbsp;<\/td><td>Johannes Toom<\/td><td>&nbsp;<\/td><\/tr><tr><td>&nbsp;<\/td><td>1968<\/td><td>Jaan Talts<\/td><td>&nbsp;<\/td><\/tr><tr><td>&nbsp;<\/td><td>1969<\/td><td>Jaan Talts<\/td><td>&nbsp;<\/td><\/tr><tr><td>&nbsp;<\/td><td>&nbsp;<\/td><td>Jaan Talts<\/td><td>Rebimises -110,0 kg<\/td><\/tr><tr><td>&nbsp;<\/td><td>1970<\/td><td>Jaan Talts<\/td><td>Rebimises -110,0 kg<\/td><\/tr><tr><td>&nbsp;<\/td><td>2015<\/td><td>Mart Seim<\/td><td>&nbsp;<\/td><\/tr><tr><td>PRONKS<\/td><td>1922<\/td><td>Gustav Ernesaks<\/td><td>&nbsp;<\/td><\/tr><tr><td>&nbsp;<\/td><td>&nbsp;<\/td><td>Voldemar Noorm\u00e4gi<\/td><td>&nbsp;<\/td><\/tr><tr><td>&nbsp;<\/td><td>&nbsp;<\/td><td>Alfred Puusaag<\/td><td>&nbsp;<\/td><\/tr><tr><td>&nbsp;<\/td><td>&nbsp;<\/td><td>Rudolf Tihane<\/td><td>&nbsp;<\/td><\/tr><tr><td>&nbsp;<\/td><td>&nbsp;<\/td><td>Kalju Raag<\/td><td>&nbsp;<\/td><\/tr><tr><td>&nbsp;<\/td><td>1938<\/td><td>Arnold Luha\u00e4\u00e4r<\/td><td>&nbsp;<\/td><\/tr><tr><td>&nbsp;<\/td><td>1972<\/td><td>Jaan Talts<\/td><td>Rebimises -110,0 kg<\/td><\/tr><tr><td>&nbsp;<\/td><td>&nbsp;<\/td><td>Jaan Talts<\/td><td>T\u00f5ukamises -110,0 kg<\/td><\/tr><tr><td>&nbsp;<\/td><td>1898<\/td><td>Georg Hackenschmidt<\/td><td>10 erinevat t\u00f5stet<\/td><\/tr><\/tbody><\/table><\/figure>\n\n\n\n<p><strong>Euroopa meistriv\u00f5istlustel<\/strong><\/p>\n\n\n\n<figure class=\"wp-block-table\"><table><tbody><tr><td>KULD<\/td><td>1968<\/td><td>Jaan Talts<\/td><td>&nbsp;<\/td><\/tr><tr><td>&nbsp;<\/td><td>1969<\/td><td>Jaan Talts<\/td><td>&nbsp;<\/td><\/tr><tr><td>&nbsp;<\/td><td>&nbsp;<\/td><td>Jaan Talts<\/td><td>Surumises -110,0 kg<\/td><\/tr><tr><td>&nbsp;<\/td><td>&nbsp;<\/td><td>Jaan Talts<\/td><td>Rebimises -110,0 kg<\/td><\/tr><tr><td>&nbsp;<\/td><td>&nbsp;<\/td><td>Jaan Talts<\/td><td>T\u00f5ukamises -110,0 kg<\/td><\/tr><tr><td>&nbsp;<\/td><td>1970<\/td><td>Jaan Talts<\/td><td>&nbsp;<\/td><\/tr><tr><td>&nbsp;<\/td><td>&nbsp;<\/td><td>Jaan Talts<\/td><td>Surumises -110,0 kg<\/td><\/tr><tr><td>&nbsp;<\/td><td>&nbsp;<\/td><td>Jaan Talts<\/td><td>T\u00f5ukamises -110,0 kg<\/td><\/tr><tr><td>&nbsp;<\/td><td>1971<\/td><td>Karl Utsar<\/td><td>Rebimises -110,0 kg<\/td><\/tr><tr><td>&nbsp;<\/td><td>1972<\/td><td>Jaan Talts<\/td><td>&nbsp;<\/td><\/tr><tr><td>&nbsp;<\/td><td>&nbsp;<\/td><td>Jaan Talts<\/td><td>Surumises -110,0 kg<\/td><\/tr><tr><td>&nbsp;<\/td><td>&nbsp;<\/td><td>Jaan Talts<\/td><td>Rebimises -110,0 kg<\/td><\/tr><tr><td>&nbsp;<\/td><td>&nbsp;<\/td><td>Jaan Talts<\/td><td>T\u00f5ukamises -110,0 kg<\/td><\/tr><tr><td>H\u00d5BE<\/td><td>1933<\/td><td>Arnold Luha\u00e4\u00e4r<\/td><td>&nbsp;<\/td><\/tr><tr><td>&nbsp;<\/td><td>2016<\/td><td>Mart Seim<\/td><td>T\u00f5ukamises +105,0 kg<\/td><\/tr><tr><td>&nbsp;<\/td><td>2017<\/td><td>Mart Seim<\/td><td>T\u00f5ukamises +105,0 kg<\/td><\/tr><tr><td>PRONKS<\/td><td>1970<\/td><td>Jaan Talts<\/td><td>Rebimises -110,0 kg<\/td><\/tr><tr><td>&nbsp;<\/td><td>1971<\/td><td>Karl Utsar<\/td><td>&nbsp;<\/td><\/tr><tr><td>&nbsp;<\/td><td>&nbsp;<\/td><td>Karl Utsar<\/td><td>Surumises -110,0 kg<\/td><\/tr><tr><td>&nbsp;<\/td><td>2014<\/td><td>Mart Seim<\/td><td>T\u00f5ukamises +105 kg<\/td><\/tr><\/tbody><\/table><\/figure>\n\n\n\n<p><\/p>\n\n\n\n<p><strong>Eestlaste maailmarekordid t\u00f5stmises<\/strong><br>(31. juuli 1898 &#8211; 14. aprill 1972)<\/p>\n\n\n\n<figure class=\"wp-block-table\"><table><tbody><tr><td>1.<\/td><td>\u00dche k\u00e4ega rebimine<\/td><td>&nbsp;<\/td><td>85,5<\/td><td>Georg Hackenscmidt<\/td><td>31.07.1898<\/td><td>Viin<\/td><\/tr><tr><td>2.<\/td><td>Vasakuga rebimine<\/td><td>-60,0<\/td><td>55,0<\/td><td>Alfred Schmidt<\/td><td>28.08.1920<\/td><td>Antverpen<\/td><\/tr><tr><td>3.<\/td><td>Paremaga t\u00f5ukamine<\/td><td>-60,0<\/td><td>77,5<\/td><td>Alfred Schmidt<\/td><td>18.08.1921<\/td><td>Tartu<\/td><\/tr><tr><td>4.<\/td><td>Paremaga t\u00f5ukamine<\/td><td>-67,5<\/td><td>79,5<\/td><td>Alfred Schmidt<\/td><td>29.04.1922<\/td><td>Tallinn<\/td><\/tr><tr><td>5.<\/td><td>Paremaga rebimine<\/td><td>-67,5<\/td><td>72,5<\/td><td>Alfred Neuland<\/td><td>28.08.1920<\/td><td>Antverpen<\/td><\/tr><tr><td>6.<\/td><td>T\u00f5ukamine<\/td><td>-67,5<\/td><td>110,0<\/td><td>Alfred Neuland<\/td><td>28.08.1920<\/td><td>Antverpen<\/td><\/tr><tr><td>7.<\/td><td>Rebimine<\/td><td>-67,5<\/td><td>91,0<\/td><td>Alfred Neuland<\/td><td>29.04.1922<\/td><td>Tallinn<\/td><\/tr><tr><td>8.<\/td><td>T\u00f5ukamine<\/td><td>-67,5<\/td><td>115,0<\/td><td>Alfred Neuland<\/td><td>29.04.1922<\/td><td>Tallinn<\/td><\/tr><tr><td>9.<\/td><td>Paremaga rebimine<\/td><td>-67,5<\/td><td>75,0<\/td><td>Alfred Neuland<\/td><td>26.04.1924<\/td><td>Tallinn<\/td><\/tr><tr><td>10.<\/td><td>Rebimine<\/td><td>-67,5<\/td><td>97,5<\/td><td>Alfred Neuland<\/td><td>26.04.1924<\/td><td>Tallinn<\/td><\/tr><tr><td>11.<\/td><td>Paremaga rebimine<\/td><td>-75,0<\/td><td>77,5<\/td><td>Alfred Neuland<\/td><td>24.03.1923<\/td><td>Tallinn<\/td><\/tr><tr><td>12.<\/td><td>Paremaga rebimine<\/td><td>-75,0<\/td><td>80,0<\/td><td>Alfred Neuland<\/td><td>15.12.1923<\/td><td>Tallinn<\/td><\/tr><tr><td>13.<\/td><td>Paremaga rebimine<\/td><td>-75,0<\/td><td>82,5<\/td><td>Alfred Neuland<\/td><td>23.07.1924<\/td><td>Pariis<\/td><\/tr><tr><td>14.<\/td><td>Vasakuga t\u00f5ukamine<\/td><td>-75,0<\/td><td>92,5<\/td><td>Alfred Neuland<\/td><td>24.03.1923<\/td><td>Tallinn<\/td><\/tr><tr><td>15.<\/td><td>Rebimine<\/td><td>-75,0<\/td><td>100,0<\/td><td>Alfred Neuland<\/td><td>26.12.1923<\/td><td>Tallinn<\/td><\/tr><tr><td>16.<\/td><td>Paremaga rebimine<\/td><td>-60,0<\/td><td>60,5<\/td><td>Gustav Ernesaks<\/td><td>02.08.1921<\/td><td>Tallinn<\/td><\/tr><tr><td>17.<\/td><td>Paremaga rebimine<\/td><td>-60,0<\/td><td>62,0<\/td><td>Gustav Ernesaks<\/td><td>17.09.1921<\/td><td>Tartu<\/td><\/tr><tr><td>18.<\/td><td>Rebimine<\/td><td>-60,0<\/td><td>78,0<\/td><td>Gustav Ernesaks<\/td><td>02.08.1921<\/td><td>Tallinn<\/td><\/tr><tr><td>19.<\/td><td>Rebimine<\/td><td>-60,0<\/td><td>79,5<\/td><td>Gustav Ernesaks<\/td><td>17.09.1921<\/td><td>Tartu<\/td><\/tr><tr><td>20.<\/td><td>Surumine<\/td><td>-67,5<\/td><td>88,5<\/td><td>Voldemar Noorm\u00e4gi<\/td><td>27.01.1923<\/td><td>Narva<\/td><\/tr><tr><td>21.<\/td><td>Surumine<\/td><td>-67,5<\/td><td>91,0<\/td><td>Voldemar Noorm\u00e4gi<\/td><td>17.11.1923<\/td><td>V\u00f5ru<\/td><\/tr><tr><td>22.<\/td><td>Surumine<\/td><td>-67,5<\/td><td>91,5<\/td><td>Voldemar Noorm\u00e4gi<\/td><td>20.05.1924<\/td><td>Riia<\/td><\/tr><tr><td>23.<\/td><td>Surumine<\/td><td>-67,5<\/td><td>87,5<\/td><td>Eduard Vanaaseme<\/td><td>29.04.1922<\/td><td>Tallinn<\/td><\/tr><tr><td>24.<\/td><td>Surumine<\/td><td>-67,5<\/td><td>90,0<\/td><td>Eduard Vanaaseme<\/td><td>24.03.1923<\/td><td>Tallinn<\/td><\/tr><tr><td>25.<\/td><td>Paremaga t\u00f5ukamine<\/td><td>-75,0<\/td><td>87,5<\/td><td>Alfred Puusaag<\/td><td>25.03.1923<\/td><td>Tallinn<\/td><\/tr><tr><td>26.<\/td><td>Paremaga t\u00f5ukamine<\/td><td>-75,0<\/td><td>92,5<\/td><td>Alfred Puusaag<\/td><td>27.05.1923<\/td><td>Tallinn<\/td><\/tr><tr><td>27.<\/td><td>Vasakuga rebimine<\/td><td>-75,0<\/td><td>79,0<\/td><td>Eduard Brock<\/td><td>27.03.1926<\/td><td>Pariis<\/td><\/tr><tr><td>28.<\/td><td>T\u00f5ukamine<\/td><td>-75,0<\/td><td>127,5<\/td><td>Jaan Kikas<\/td><td>22.07.1924<\/td><td>Pariis<\/td><\/tr><tr><td>29.<\/td><td>T\u00f5ukamine<\/td><td>-75,0<\/td><td>115,0<\/td><td>Saul Hallap<\/td><td>29.04.1922<\/td><td>Tallinn<\/td><\/tr><tr><td>30.<\/td><td>Vasakuga rebimine<\/td><td>-82,5<\/td><td>77,5<\/td><td>Saul Hallap<\/td><td>11.09.1923<\/td><td>Tartu<\/td><\/tr><tr><td>31.<\/td><td>Vasakuga rebimine<\/td><td>-82,5<\/td><td>80,0<\/td><td>Saul Hallap<\/td><td>27.04.1924<\/td><td>Tallinn<\/td><\/tr><tr><td>32.<\/td><td>Paremaga t\u00f5ukamine<\/td><td>-82,5<\/td><td>95,0<\/td><td>Saul Hallap<\/td><td>28.10.1923<\/td><td>Tartu<\/td><\/tr><tr><td>33.<\/td><td>Paremaga t\u00f5ukamine<\/td><td>-82,5<\/td><td>100,0<\/td><td>Saul Hallap<\/td><td>27.04.1924<\/td><td>Tallinn<\/td><\/tr><tr><td>34.<\/td><td>Surumine<\/td><td>-82,5<\/td><td>96,0<\/td><td>Johannes Toom<\/td><td>26.04.1924<\/td><td>Tallinn<\/td><\/tr><tr><td>35.<\/td><td>Vasakuga rebimine<\/td><td>+82,5<\/td><td>90,0<\/td><td>Arnold Luha\u00e4\u00e4r<\/td><td>17.12.1927<\/td><td>Tallinn<\/td><\/tr><tr><td>36.<\/td><td>T\u00f5ukamine<\/td><td>+82,5<\/td><td>167,5<\/td><td>Arnold Luha\u00e4\u00e4r<\/td><td>08.08.1937<\/td><td>Tallinn<\/td><\/tr><tr><td>37.<\/td><td>Rebimine<\/td><td>-90,0<\/td><td>151,0<\/td><td>Jaan Talts<\/td><td>01.08.1967<\/td><td>Moskva<\/td><\/tr><tr><td>38.<\/td><td>Rebimine<\/td><td>-90,0<\/td><td>152,5<\/td><td>Jaan Talts<\/td><td>24.02.1968<\/td><td>Mexico<\/td><\/tr><tr><td>39.<\/td><td>Rebimine<\/td><td>-90,0<\/td><td>153,0<\/td><td>Jaan Talts<\/td><td>06.04.1968<\/td><td>Dubna<\/td><\/tr><tr><td>40.<\/td><td>Rebimine<\/td><td>-90,0<\/td><td>153,5<\/td><td>Jaan Talts<\/td><td>18.05.1968<\/td><td>Lugansk<\/td><\/tr><tr><td>41.<\/td><td>T\u00f5ukamine<\/td><td>-90,0<\/td><td>193,0<\/td><td>Jaan Talts<\/td><td>18.06.1967<\/td><td>Sofia<\/td><\/tr><tr><td>42.<\/td><td>T\u00f5ukamine<\/td><td>-90,0<\/td><td>193,5<\/td><td>Jaan Talts<\/td><td>01.08.1967<\/td><td>Moskva<\/td><\/tr><tr><td>43.<\/td><td>T\u00f5ukamine<\/td><td>-90,0<\/td><td>194,0<\/td><td>Jaan Talts<\/td><td>20.10.1967<\/td><td>Mexico<\/td><\/tr><tr><td>44.<\/td><td>T\u00f5ukamine<\/td><td>-90,0<\/td><td>195,0<\/td><td>Jaan Talts<\/td><td>24.02.1968<\/td><td>Mexico<\/td><\/tr><tr><td>45.<\/td><td>T\u00f5ukamine<\/td><td>-90,0<\/td><td>195,5<\/td><td>Jaan Talts<\/td><td>06.04.1968<\/td><td>Dubna<\/td><\/tr><tr><td>46.<\/td><td>T\u00f5ukamine<\/td><td>-90,0<\/td><td>196,0<\/td><td>Jaan Talts<\/td><td>31.08.1968<\/td><td>Dubna<\/td><\/tr><tr><td>47.<\/td><td>T\u00f5ukamine<\/td><td>-90,0<\/td><td>197,5<\/td><td>Jaan Talts<\/td><td>18.10.1968<\/td><td>Mexico<\/td><\/tr><tr><td>48.<\/td><td>Kogusumma<\/td><td>-90,0<\/td><td>490,0<\/td><td>Jaan Talts<\/td><td>09.04.1967<\/td><td>Tbilisi<\/td><\/tr><tr><td>49.<\/td><td>Kogusumma<\/td><td>-90,0<\/td><td>497,5<\/td><td>Jaan Talts<\/td><td>18.06.1967<\/td><td>Sofia<\/td><\/tr><tr><td>50.<\/td><td>Kogusumma<\/td><td>-90,0<\/td><td>500,0<\/td><td>Jaan Talts<\/td><td>01.08.1967<\/td><td>Moskva<\/td><\/tr><tr><td>51.<\/td><td>Kogusumma<\/td><td>-90,0<\/td><td>502,5<\/td><td>Jaan Talts<\/td><td>01.08.1967<\/td><td>Moskva<\/td><\/tr><tr><td>52.<\/td><td>Kogusumma<\/td><td>-90,0<\/td><td>505,0<\/td><td>Jaan Talts<\/td><td>06.04.1968<\/td><td>Dubna<\/td><\/tr><tr><td>53.<\/td><td>Kogusumma<\/td><td>-90,0<\/td><td>510,0<\/td><td>Jaan Talts<\/td><td>06.04.1968<\/td><td>Dubna<\/td><\/tr><tr><td>54.<\/td><td>Kogusumma<\/td><td>-90,0<\/td><td>512,5<\/td><td>Jaan Talts<\/td><td>24.06.1968<\/td><td>Leningrad<\/td><\/tr><tr><td>55.<\/td><td>Surumine<\/td><td>-110,0<\/td><td>190,0<\/td><td>Jaan Talts<\/td><td>09.08.1969<\/td><td>Zinnowitz<\/td><\/tr><tr><td>56.<\/td><td>Surumine<\/td><td>-110,0<\/td><td>195,5<\/td><td>Jaan Talts<\/td><td>17.05.1970<\/td><td>Tallinn<\/td><\/tr><tr><td>57.<\/td><td>Surumine<\/td><td>-110,0<\/td><td>196,0<\/td><td>Jaan Talts<\/td><td>29.05.1970<\/td><td>Varna<\/td><\/tr><tr><td>58.<\/td><td>Surumine<\/td><td>-110,0<\/td><td>197,5<\/td><td>Jaan Talts<\/td><td>07.08.1970<\/td><td>Bergen<\/td><\/tr><tr><td>59.<\/td><td>Surumine<\/td><td>-110,0<\/td><td>200,0<\/td><td>Jaan Talts<\/td><td>19.09.1970<\/td><td>Columbus<\/td><\/tr><tr><td>60.<\/td><td>Surumine<\/td><td>-110,0<\/td><td>201,0<\/td><td>Jaan Talts<\/td><td>27.12.1970<\/td><td>Ilmatsalu<\/td><\/tr><tr><td>61.<\/td><td>Surumine<\/td><td>-110,0<\/td><td>201,5<\/td><td>Jaan Talts<\/td><td>16.01.1971<\/td><td>Tallinn<\/td><\/tr><tr><td>62.<\/td><td>Surumine<\/td><td>-110,0<\/td><td>203,0<\/td><td>Jaan Talts<\/td><td>14.02.1971<\/td><td>Pariis<\/td><\/tr><tr><td>63<\/td><td>Surumine<\/td><td>-110,0<\/td><td>206,0<\/td><td>Jaan Talts<\/td><td>08.08.1971<\/td><td>Tallinn<\/td><\/tr><tr><td>64.<\/td><td>Surumine<\/td><td>-110,0<\/td><td>207,5<\/td><td>Jaan Talts<\/td><td>14.04.1972<\/td><td>Tallinn<\/td><\/tr><tr><td>65.<\/td><td>Surumine<\/td><td>-110,0<\/td><td>211,0<\/td><td>Jaan Talts<\/td><td>20.05.1972<\/td><td>Constanza<\/td><\/tr><tr><td>66.<\/td><td>T\u00f5ukamine<\/td><td>-110,0<\/td><td>212,5<\/td><td>Jaan Talts<\/td><td>27.09.1969<\/td><td>Warssavi<\/td><\/tr><tr><td>67.<\/td><td>T\u00f5ukamine<\/td><td>-110,0<\/td><td>215,0<\/td><td>Jaan Talts<\/td><td>27.04.1970<\/td><td>Szombathe<\/td><\/tr><tr><td>68.<\/td><td>T\u00f5ukamine<\/td><td>-110,0<\/td><td>216,5<\/td><td>Jaan Talts<\/td><td>08.08.1971<\/td><td>Tallinn<\/td><\/tr><tr><td>69.<\/td><td>T\u00f5ukamine<\/td><td>-110,0<\/td><td>217,5<\/td><td>Jaan Talts<\/td><td>08.08.1971<\/td><td>Tallinn<\/td><\/tr><tr><td>70.<\/td><td>T\u00f5ukamine<\/td><td>-110,0<\/td><td>218,0<\/td><td>Jaan Talts<\/td><td>19.03.1972<\/td><td>Imatra<\/td><\/tr><tr><td>71.<\/td><td>T\u00f5ukamine<\/td><td>-110,0<\/td><td>220,0<\/td><td>Jaan Talts<\/td><td>14.04.1972<\/td><td>Tallinn<\/td><\/tr><tr><td>72.<\/td><td>T\u00f5ukamine<\/td><td>-110,0<\/td><td>222,5<\/td><td>Jaan Talts<\/td><td>20.05.1972<\/td><td>Constanza<\/td><\/tr><tr><td>73.<\/td><td>Kogusumma<\/td><td>-110,0<\/td><td>550,0<\/td><td>Jaan Talts<\/td><td>17.05.1970<\/td><td>Tallinn<\/td><\/tr><tr><td>74.<\/td><td>Kogusumma<\/td><td>-110,0<\/td><td>562,5<\/td><td>Jaan Talts<\/td><td>27.06.1970<\/td><td>Sombathely<\/td><\/tr><tr><td>75.<\/td><td>Kogusumma<\/td><td>-110,0<\/td><td>565,0<\/td><td>Jaan Talts<\/td><td>19.09.1970<\/td><td>Columbus<\/td><\/tr><tr><td>76.<\/td><td>Kogusumma<\/td><td>-110,0<\/td><td>570,0<\/td><td>Jaan Talts<\/td><td>08.08.1971<\/td><td>Tallinn<\/td><\/tr><tr><td>77.<\/td><td>Kogusumma<\/td><td>-110,0<\/td><td>582,5<\/td><td>Jaan Talts<\/td><td>08.08.1971<\/td><td>Tallinn<\/td><\/tr><tr><td>78.<\/td><td>Kogusumma<\/td><td>-110,0<\/td><td>585,0<\/td><td>Jaan Talts<\/td><td>08.08.1971<\/td><td>Tallinn<\/td><\/tr><tr><td>79.<\/td><td>Kogusumma<\/td><td>-110,0<\/td><td>587,5<\/td><td>Jaan Talts<\/td><td>14.04.1972<\/td><td>Tallinn<\/td><\/tr><tr><td>80.<\/td><td>Rebimine<\/td><td>-110,0<\/td><td>161,5<\/td><td>Karl Utsar<\/td><td>18.03.1970<\/td><td>Minsk<\/td><\/tr><tr><td>81.<\/td><td>Rebimine<\/td><td>-110,0<\/td><td>162,5<\/td><td>Karl Utsar<\/td><td>25.04.1970<\/td><td>Vilnius<\/td><\/tr><tr><td>82.<\/td><td>Rebimine<\/td><td>-110,0<\/td><td>165,0<\/td><td>Karl Utsar<\/td><td>25.04.1970<\/td><td>Vilnius<\/td><\/tr><tr><td>83.<\/td><td>Rebimine<\/td><td>-110,0<\/td><td>168,5<\/td><td>Karl Utsar<\/td><td>14.03.1971<\/td><td>Rostov<\/td><\/tr><tr><td>84.<\/td><td>Rebimine<\/td><td>-110,0<\/td><td>169,0<\/td><td>Karl Utsar<\/td><td>25.04.1971<\/td><td>T\u00fcri<\/td><\/tr><\/tbody><\/table><\/figure>\n\n\n\n<p><strong>Juunioride maalimarekordid<\/strong><\/p>\n\n\n\n<figure class=\"wp-block-table\"><table><tbody><tr><td>1.<\/td><td>Surumine<\/td><td>+90<\/td><td>152,5<\/td><td>T\u00f5nu Jugar<\/td><td>24.08.1969<\/td><td>Lvov<\/td><\/tr><tr><td>2.<\/td><td>Rebimine<\/td><td>+90<\/td><td>131,0<\/td><td>T\u00f5nu Jugar<\/td><td>24.08.1969<\/td><td>Lvov<\/td><\/tr><tr><td>3.<\/td><td>T\u00f5ukamine<\/td><td>+90<\/td><td>176,0<\/td><td>T\u00f5nu Jugar<\/td><td>24.08.1969<\/td><td>Lvov<\/td><\/tr><tr><td>4.<\/td><td>Kogusumma<\/td><td>+90<\/td><td>447,5<\/td><td>T\u00f5nu Jugar<\/td><td>24.08.1969<\/td><td>Lvov<\/td><\/tr><\/tbody><\/table><\/figure>\n\n\n\n<figure class=\"wp-block-table\"><table><tbody><tr><td><strong>Eesti t\u00f5stjad, kes on kahev\u00f5istluses t\u00f5stnud 400 kg ja rohkem<\/strong><\/td><\/tr><tr><td>444,0 (191+253,0) Mart Seim 2017<\/td><\/tr><tr><td>417,5 (185+232,5) Sulev Tarros 1984<\/td><\/tr><tr><td>415,0 (185+230,0) Karl Utsar 1978<\/td><\/tr><tr><td>400,0 (170+230,0) Toivo Kurg 1977<\/td><\/tr><tr><td>&nbsp;<br><strong>Eesti t\u00f5stjad, kes on rebinud 155 kg ja rohkem<\/strong><\/td><\/tr><tr><td>192,0 Mart Seim (+105 kg) 2018<\/td><\/tr><tr><td>185,0 Karl Utsar (+110 kg) 1978<\/td><\/tr><tr><td>185,0 Sulev Tarros (100 kg) 1984<\/td><\/tr><tr><td>176,0 Albert Kruglov (110 kg) 1987<\/td><\/tr><tr><td>175,0 Andrus Utsar (-105 kg) 2002<\/td><\/tr><tr><td>172,5 Tambet Tiits (110kg) 1983<\/td><\/tr><tr><td>172,5 Alar Seim (+110 kg) 1983<\/td><td>&nbsp;<\/td><\/tr><tr><td>170,0 Jaan Talts (110 kg) 1973<\/td><td>&nbsp;<\/td><\/tr><tr><td>170,0 Toivo Kurg (+110 kg) 1977<\/td><td>&nbsp;<\/td><\/tr><tr><td>170,0 A\u0161ot Muradjan (100 kg) 1984<\/td><td>&nbsp;<\/td><\/tr><tr><td>165,0 Viktor Perepjolkin (100 kg) 1980<\/td><td>&nbsp;<\/td><\/tr><tr><td>165,0 Aleksei Maljukov (110 kg) 1984<\/td><td>&nbsp;<\/td><\/tr><tr><td>163,0 Andres Viksi (-105 kg) 2015<\/td><td>&nbsp;<\/td><\/tr><tr><td>162,5 Ain Paavo (100 kg) 1979<\/td><td>&nbsp;<\/td><\/tr><tr><td>162,0 Leho Pent&nbsp; 2017<\/td><td>&nbsp;<\/td><\/tr><tr><td>157,5 Rein J\u00f5gila (110 kg) 1975<\/td><td>&nbsp;<\/td><\/tr><tr><td>157,0 Riho K\u00e4go (+105 kg) 2015<\/td><td>&nbsp;<\/td><\/tr><tr><td>156,0 Lauri N\u00e4mi (+105 kg) 2008<\/td><td>&nbsp;<\/td><\/tr><tr><td>155,0 Rein Annutse (82,5 kg) 1980<\/td><td>&nbsp;<\/td><\/tr><tr><td>155,0 Aleksei \u0160palov (-94 kg) 2007<\/td><td>&nbsp;<\/td><\/tr><tr><td>155,0 Andrus Murumets (+105 kg) 2006<\/td><td>&nbsp;<\/td><\/tr><tr><td>&nbsp;<br><strong>Eesti t\u00f5stjad, kes on t\u00f5uganud 200 kg ja rohkem<\/strong><\/td><td>&nbsp;<\/td><\/tr><tr><td>253,0 Mart Seim (+105 kg) 2017<\/td><td>&nbsp;<\/td><\/tr><tr><td>232,5 Toivo Kurg (+110 kg) 1980<\/td><\/tr><tr><td>232,5 Sulev Tarros (100 kg) 1984<\/td><\/tr><tr><td>230,5 Karl Utsar (+110 kg) 1978<\/td><\/tr><tr><td>227,5 Alar Seim (+110 kg) 1983<\/td><\/tr><tr><td>225,0 Tambet Tiits (110 kg) 1983<\/td><\/tr><tr><td>222,5 Jaan Talts (110 kg) 1972<\/td><\/tr><tr><td>220,0 Ain Paavo (100 kg) 1979<\/td><\/tr><tr><td>215,0 Albert Kruglov (110 kg) 1985<\/td><\/tr><tr><td>210,0 Andrus Utsar (-105 kg) 2004<\/td><\/tr><tr><td>207,5 Rein J\u00f5gila (+110 kg) 1974<\/td><\/tr><tr><td>207,5 Viktor Perepjolkin (100 kg) 1979<\/td><\/tr><tr><td>205,0 Raimo Poomann (110 kg) 1979<\/td><\/tr><tr><td>201,0 Lauri N\u00e4mi (+105 kg) 2011<\/td><\/tr><tr><td>200,0 Mati Nuude (+110 kg) 1970<\/td><\/tr><tr><td>200,0 Olev Viktor (+110 kg) 1979<\/td><\/tr><tr><td>200,0 Ants Sepp (110 kg) 1977<\/td><\/tr><tr><td>200,0 Georgi Zobat\u0161 (82,5 kg) 1983<\/td><\/tr><tr><td>200,0 Rein Soll (+110 kg) 1983<\/td><\/tr><tr><td>200,0 Aleksei Maljukov (110 kg) 1984<\/td><\/tr><tr><td>200,0 A\u0161ot Muradjan (100 kg) 1984<\/td><\/tr><tr><td>200,0 J\u00fcri Haabu (100 kg) 1987<\/td><\/tr><tr><td>200,0 Andrus Murumets (+105 kg) 2006<\/td><\/tr><\/tbody><\/table><\/figure>","protected":false},"excerpt":{"rendered":"<p>Raskej\u00f5ustikuharrastust loetakse Eestis \u00f5igustatult vanimate sportlike harrastuste hulka. L\u00e4bi aegade on meie maadlejad ja t\u00f5stjad saavutanud arvukalt suuri v\u00f5ite ja n\u00e4idanud, et ka \u00fche v\u00e4ikerahva hulgast v\u00f5ib spordimehi k\u00fcllalt tagasihoidlikest tingimustest aga visa ja targa t\u00f6\u00f6ga t\u00f5usta isegi maailma tippu. &nbsp; Esimesed ametlikud t\u00f5stev\u00f5istlused toimusid 1891. aastal Tallinnas ja see s\u00fcndmus pani aluse regulaarsemale tegevusele [&hellip;]<\/p>\n","protected":false},"author":1,"featured_media":0,"parent":0,"menu_order":0,"comment_status":"closed","ping_status":"closed","template":"","meta":{"_mc_calendar":[],"footnotes":""},"class_list":["post-516","page","type-page","status-publish","hentry","entry"],"_links":{"self":[{"href":"https:\/\/tosteliit.ee\/en\/wp-json\/wp\/v2\/pages\/516","targetHints":{"allow":["GET"]}}],"collection":[{"href":"https:\/\/tosteliit.ee\/en\/wp-json\/wp\/v2\/pages"}],"about":[{"href":"https:\/\/tosteliit.ee\/en\/wp-json\/wp\/v2\/types\/page"}],"author":[{"embeddable":true,"href":"https:\/\/tosteliit.ee\/en\/wp-json\/wp\/v2\/users\/1"}],"replies":[{"embeddable":true,"href":"https:\/\/tosteliit.ee\/en\/wp-json\/wp\/v2\/comments?post=516"}],"version-history":[{"count":3,"href":"https:\/\/tosteliit.ee\/en\/wp-json\/wp\/v2\/pages\/516\/revisions"}],"predecessor-version":[{"id":3607,"href":"https:\/\/tosteliit.ee\/en\/wp-json\/wp\/v2\/pages\/516\/revisions\/3607"}],"wp:attachment":[{"href":"https:\/\/tosteliit.ee\/en\/wp-json\/wp\/v2\/media?parent=516"}],"curies":[{"name":"wp","href":"https:\/\/api.w.org\/{rel}","templated":true}]}}