{"id":570,"date":"2022-03-03T16:28:36","date_gmt":"2022-03-03T16:28:36","guid":{"rendered":"https:\/\/tosteliit.ee\/?page_id=570"},"modified":"2024-03-11T08:19:03","modified_gmt":"2024-03-11T08:19:03","slug":"naised-u23","status":"publish","type":"page","link":"https:\/\/tosteliit.ee\/en\/naised-u23\/","title":{"rendered":"Naised U23"},"content":{"rendered":"<p>seisuga 09.03.2024<\/p>\n\n\n\n<p><strong>-45 kg<\/strong><\/p>\n\n\n\n<figure class=\"wp-block-table\"><table><tbody><tr><td>R<\/td><td>53<\/td><td>rekordnorm<\/td><td><\/td><td><\/td><td><\/td><\/tr><tr><td>T<\/td><td>67<\/td><td>rekordnorm<\/td><td><\/td><td><\/td><td><\/td><\/tr><tr><td>S<\/td><td>120<\/td><td>rekordnorm<\/td><td><\/td><td><\/td><td><\/td><\/tr><\/tbody><\/table><\/figure>\n\n\n\n<p><strong>-49 kg<\/strong><\/p>\n\n\n\n<figure class=\"wp-block-table\"><table><tbody><tr><td>R<\/td><td>57<\/td><td>rekordnorm<\/td><td><\/td><td><\/td><td><\/td><\/tr><tr><td>T<\/td><td>73<\/td><td>rekordnorm<\/td><td><\/td><td><\/td><td><\/td><\/tr><tr><td>S<\/td><td>130<\/td><td>rekordnorm<\/td><td><\/td><td><\/td><td><\/td><\/tr><\/tbody><\/table><\/figure>\n\n\n\n<p><strong>-55 kg<\/strong><\/p>\n\n\n\n<figure class=\"wp-block-table\"><table><tbody><tr><td>R<\/td><td>70<\/td><td>Angelina Matjuhhina<\/td><td>Kohtla-J\u00e4rve Ss Kalev<\/td><td>10.08.2019<\/td><td>Tartu<\/td><\/tr><tr><td>T<\/td><td>93<\/td><td>Angelina Matjuhhina<\/td><td>Kohtla-J\u00e4rve Ss Kalev<\/td><td>21.11.2020<\/td><td>Albu<\/td><\/tr><tr><td>S<\/td><td>160<\/td><td>Angelina Matjuhhina<\/td><td>Kohtla-J\u00e4rve Ss Kalev<\/td><td>10.08.2019<\/td><td>Tartu<\/td><\/tr><\/tbody><\/table><\/figure>\n\n\n\n<p><strong>-59 kg<\/strong><\/p>\n\n\n\n<figure class=\"wp-block-table\"><table><tbody><tr><td>R<\/td><td>69<\/td><td>Angelina Matjuhhina<\/td><td>Kohtla-J\u00e4rve Ss Kalev<\/td><td>29.06.2019<\/td><td>Waterford, IRL<\/td><\/tr><tr><td>T<\/td><td>92<\/td><td>Angelina Matjuhhina<\/td><td>Kohtla-J\u00e4rve Ss Kalev<\/td><td>9.11.2019<\/td><td>Valga<\/td><\/tr><tr><td>S<\/td><td>160<\/td><td>Angelina Matjuhhina<\/td><td>Kohtla-J\u00e4rve Ss Kalev<\/td><td>29.06.2019<\/td><td>Waterford, IRL<\/td><\/tr><\/tbody><\/table><\/figure>\n\n\n\n<p><strong>-64 kg<\/strong><\/p>\n\n\n\n<figure class=\"wp-block-table\"><table><tbody><tr><td>R<\/td><td>71<\/td><td>rekordnorm<\/td><td><\/td><td><\/td><td><\/td><\/tr><tr><td>T<\/td><td>89<\/td><td>rekordnorm<\/td><td><\/td><td><\/td><td><\/td><\/tr><tr><td>S<\/td><td>160<\/td><td>rekordnorm<\/td><td><\/td><td><\/td><td><\/td><\/tr><\/tbody><\/table><\/figure>\n\n\n\n<p><strong>-71 kg<\/strong><\/p>\n\n\n\n<figure class=\"wp-block-table\"><table><tbody><tr><td>R<\/td><td>77<\/td><td>Mona Saar<\/td><td>Tartumaa SK M\u00e4ksa<\/td><td>09.03.2024<\/td><td>Tallinn<\/td><\/tr><tr><td>T<\/td><td>96<\/td><td>Mona Saar<\/td><td>Tartumaa SK M\u00e4ksa<\/td><td>09.03.2024<\/td><td>Tallinn<\/td><\/tr><tr><td>S<\/td><td>173<\/td><td>Mona Saar<\/td><td>Tartumaa SK M\u00e4ksa<\/td><td>09.03.2024<\/td><td>Tallinn<\/td><\/tr><\/tbody><\/table><\/figure>\n\n\n\n<p><strong>-76 kg<\/strong><\/p>\n\n\n\n<figure class=\"wp-block-table\"><table><tbody><tr><td>R<\/td><td>80<\/td><td>rekordnorm<\/td><td><\/td><td><\/td><td><\/td><\/tr><tr><td>T<\/td><td>100<\/td><td>rekordnorm<\/td><td><\/td><td><\/td><td><\/td><\/tr><tr><td>S<\/td><td>180<\/td><td>rekordnorm<\/td><td><\/td><td><\/td><td><\/td><\/tr><\/tbody><\/table><\/figure>\n\n\n\n<p><strong>-81 kg<\/strong><\/p>\n\n\n\n<figure class=\"wp-block-table\"><table><tbody><tr><td>R<\/td><td>82<\/td><td>rekordnorm<\/td><td><\/td><td><\/td><td><\/td><\/tr><tr><td>T<\/td><td>103<\/td><td>rekordnorm<\/td><td><\/td><td><\/td><td><\/td><\/tr><tr><td>S<\/td><td>185<\/td><td>rekordnorm<\/td><td><\/td><td><\/td><td><\/td><\/tr><\/tbody><\/table><\/figure>\n\n\n\n<p><strong>-87 kg<\/strong><\/p>\n\n\n\n<figure class=\"wp-block-table\"><table><tbody><tr><td>R<\/td><td>84<\/td><td>rekordnorm<\/td><td><\/td><td><\/td><td><\/td><\/tr><tr><td>T<\/td><td>106<\/td><td>rekordnorm<\/td><td><\/td><td><\/td><td><\/td><\/tr><tr><td>S<\/td><td>190<\/td><td>rekordnorm<\/td><td><\/td><td><\/td><td><\/td><\/tr><\/tbody><\/table><\/figure>\n\n\n\n<p><strong>+87 kg<\/strong><\/p>\n\n\n\n<figure class=\"wp-block-table\"><table><tbody><tr><td>R<\/td><td>86<\/td><td>rekordnorm<\/td><td><\/td><td><\/td><td><\/td><\/tr><tr><td>T<\/td><td>109<\/td><td>rekordnorm<\/td><td><\/td><td><\/td><td><\/td><\/tr><tr><td>S<\/td><td>195<\/td><td>rekordnorm<\/td><td><\/td><td><\/td><td><\/td><\/tr><\/tbody><\/table><\/figure>","protected":false},"excerpt":{"rendered":"<p>seisuga 09.03.2024 -45 kg R 53 rekordnorm T 67 rekordnorm S 120 rekordnorm -49 kg R 57 rekordnorm T 73 rekordnorm S 130 rekordnorm -55 kg R 70 Angelina Matjuhhina Kohtla-J\u00e4rve Ss Kalev 10.08.2019 Tartu T 93 Angelina Matjuhhina Kohtla-J\u00e4rve Ss Kalev 21.11.2020 Albu S 160 Angelina Matjuhhina Kohtla-J\u00e4rve Ss Kalev 10.08.2019 Tartu -59 kg [&hellip;]<\/p>\n","protected":false},"author":1,"featured_media":0,"parent":0,"menu_order":0,"comment_status":"closed","ping_status":"closed","template":"","meta":{"_mc_calendar":[],"footnotes":""},"class_list":["post-570","page","type-page","status-publish","hentry","entry"],"_links":{"self":[{"href":"https:\/\/tosteliit.ee\/en\/wp-json\/wp\/v2\/pages\/570","targetHints":{"allow":["GET"]}}],"collection":[{"href":"https:\/\/tosteliit.ee\/en\/wp-json\/wp\/v2\/pages"}],"about":[{"href":"https:\/\/tosteliit.ee\/en\/wp-json\/wp\/v2\/types\/page"}],"author":[{"embeddable":true,"href":"https:\/\/tosteliit.ee\/en\/wp-json\/wp\/v2\/users\/1"}],"replies":[{"embeddable":true,"href":"https:\/\/tosteliit.ee\/en\/wp-json\/wp\/v2\/comments?post=570"}],"version-history":[{"count":8,"href":"https:\/\/tosteliit.ee\/en\/wp-json\/wp\/v2\/pages\/570\/revisions"}],"predecessor-version":[{"id":2980,"href":"https:\/\/tosteliit.ee\/en\/wp-json\/wp\/v2\/pages\/570\/revisions\/2980"}],"wp:attachment":[{"href":"https:\/\/tosteliit.ee\/en\/wp-json\/wp\/v2\/media?parent=570"}],"curies":[{"name":"wp","href":"https:\/\/api.w.org\/{rel}","templated":true}]}}