{"id":581,"date":"2022-03-03T16:28:36","date_gmt":"2022-03-03T16:28:36","guid":{"rendered":"https:\/\/tosteliit.ee\/?page_id=581"},"modified":"2025-04-26T05:15:12","modified_gmt":"2025-04-26T05:15:12","slug":"naised-u13","status":"publish","type":"page","link":"https:\/\/tosteliit.ee\/en\/naised-u13\/","title":{"rendered":"Naised U13"},"content":{"rendered":"<p>seisuga 05.04.2025<\/p>\n\n\n\n<p><strong>-31 kg<\/strong><\/p>\n\n\n\n<figure class=\"wp-block-table\"><table><tbody><tr><td>R<\/td><td>27<\/td><td>rekordnorm<\/td><td><\/td><td><\/td><td><\/td><\/tr><tr><td>T<\/td><td>34<\/td><td>rekordnorm<\/td><td><\/td><td><\/td><td><\/td><\/tr><tr><td>S<\/td><td>61<\/td><td>rekordnorm<\/td><td><\/td><td><\/td><td><\/td><\/tr><\/tbody><\/table><\/figure>\n\n\n\n<p><strong>-35 kg<\/strong><\/p>\n\n\n\n<figure class=\"wp-block-table\"><table><tbody><tr><td>R<\/td><td>30<\/td><td>rekordnorm<\/td><td><\/td><td><\/td><td><\/td><\/tr><tr><td>T<\/td><td>38<\/td><td>rekordnorm<\/td><td><\/td><td><\/td><td><\/td><\/tr><tr><td>S<\/td><td>68<\/td><td>rekordnorm<\/td><td><\/td><td><\/td><td><\/td><\/tr><\/tbody><\/table><\/figure>\n\n\n\n<p><strong>-40 kg<\/strong><\/p>\n\n\n\n<figure class=\"wp-block-table\"><table><tbody><tr><td>R<\/td><td>35<\/td><td>Carolin Jalast<\/td><td>J\u00e4rvamaa SK Vargam\u00e4e<\/td><td>04.05.2024<\/td><td>K\u00e4\u00e4riku<\/td><\/tr><tr><td>T<\/td><td>44<\/td><td>Carolin Jalast<\/td><td>J\u00e4rvamaa SK Vargam\u00e4e<\/td><td>11.05.2024<\/td><td>Tammiku<\/td><\/tr><tr><td>S<\/td><td>78<\/td><td>Carolin Jalast<\/td><td>J\u00e4rvamaa SK Vargam\u00e4e<\/td><td>11.05.2024<\/td><td>Tammiku<\/td><\/tr><\/tbody><\/table><\/figure>\n\n\n\n<p><strong>-45 kg<\/strong><\/p>\n\n\n\n<figure class=\"wp-block-table\"><table><tbody><tr><td>R<\/td><td>41<\/td><td>Carolin Jalast<\/td><td>J\u00e4rvamaa SK Vargam\u00e4e<\/td><td>05.04.2025<\/td><td>Tartu<\/td><\/tr><tr><td>T<\/td><td>51<\/td><td>Carolin Jalast<\/td><td>J\u00e4rvamaa SK Vargam\u00e4e<\/td><td>05.04.2025<\/td><td>Tartu<\/td><\/tr><tr><td>S<\/td><td>92<\/td><td>Carolin Jalast<\/td><td>J\u00e4rvamaa SK Vargam\u00e4e<\/td><td>05.04.2025<\/td><td>Tartu<\/td><\/tr><\/tbody><\/table><\/figure>\n\n\n\n<p><strong>-49 kg<\/strong><\/p>\n\n\n\n<figure class=\"wp-block-table\"><table><tbody><tr><td>R<\/td><td>40<\/td><td>Kelli Musta<\/td><td>Tartu SK J\u00f5ud Junior<\/td><td>30.11.2024<\/td><td>Tartu<\/td><\/tr><tr><td>T<\/td><td>50<\/td><td>Loore-Lii Aviste<\/td><td>Tartumaa SK M\u00e4ksa<\/td><td>23.11.2019<\/td><td>Melliste<\/td><\/tr><tr><td>S<\/td><td>85<\/td><td>Kelli Musta<\/td><td>Tartu SK J\u00f5ud Junior<\/td><td>30.11.2024<\/td><td>Tartu<\/td><\/tr><\/tbody><\/table><\/figure>\n\n\n\n<p><strong>-55 kg<\/strong><\/p>\n\n\n\n<figure class=\"wp-block-table\"><table><tbody><tr><td>R<\/td><td>46<\/td><td>Emma Kivirand<\/td><td>J\u00e4rvamaa SK Vargam\u00e4e<\/td><td>21.09.2019<\/td><td>Saldus, LAT<\/td><\/tr><tr><td>T<\/td><td>59<\/td><td>Loore-Lii Aviste<\/td><td>Tartumaa SK M\u00e4ksa<\/td><td>8.08.2020<\/td><td>Balvi, LAT<\/td><\/tr><tr><td>S<\/td><td>103<\/td><td>Loore-Lii Aviste<\/td><td>Tartumaa SK M\u00e4ksa<\/td><td>8.08.2020<\/td><td>Balvi, LAT<\/td><\/tr><\/tbody><\/table><\/figure>\n\n\n\n<p><strong>-59 kg<\/strong><\/p>\n\n\n\n<figure class=\"wp-block-table\"><table><tbody><tr><td>R<\/td><td>50<\/td><td>Loore-Lii Aviste<\/td><td>Tartumaa SK M\u00e4ksa<\/td><td>27.03.2021<\/td><td>Tartu<\/td><\/tr><tr><td>T<\/td><td>63<\/td><td>Loore-Lii Aviste<\/td><td>Tartumaa SK M\u00e4ksa<\/td><td>27.03.2021<\/td><td>Tartu<\/td><\/tr><tr><td>R<\/td><td>113<\/td><td>Loore-Lii Aviste<\/td><td>Tartumaa SK M\u00e4ksa<\/td><td>27.03.2021<\/td><td>Tartu<\/td><\/tr><\/tbody><\/table><\/figure>\n\n\n\n<p><strong>-64 kg<\/strong><\/p>\n\n\n\n<figure class=\"wp-block-table\"><table><tbody><tr><td>R<\/td><td>48<\/td><td>Loore-Lii Aviste<\/td><td>Tartumaa SK M\u00e4ksa<\/td><td>19.06.2021<\/td><td>Melliste<\/td><\/tr><tr><td>T<\/td><td>66<\/td><td>Loore-Lii Aviste<\/td><td>Tartumaa SK M\u00e4ksa<\/td><td>19.06.2021<\/td><td>Melliste<\/td><\/tr><tr><td>S<\/td><td>114<\/td><td>Loore-Lii Aviste<\/td><td>Tartumaa SK M\u00e4ksa<\/td><td>19.06.2021<\/td><td>Melliste<\/td><\/tr><\/tbody><\/table><\/figure>\n\n\n\n<p><strong>-71 kg<\/strong><\/p>\n\n\n\n<figure class=\"wp-block-table\"><table><tbody><tr><td>R<\/td><td>59<\/td><td>Emely Raud<\/td><td>Ida-Virumaa SK Edu<\/td><td>7.03.2020<\/td><td>Melliste<\/td><\/tr><tr><td>T<\/td><td>76<\/td><td>Emely Raud<\/td><td>Ida-Virumaa SK Edu<\/td><td>22.02.2020<\/td><td>Albu<\/td><\/tr><tr><td>S<\/td><td>133<\/td><td>Emely Raud<\/td><td>Ida-Virumaa SK Edu<\/td><td>7.03.2020<\/td><td>Melliste<\/td><\/tr><\/tbody><\/table><\/figure>\n\n\n\n<p><strong>+71 kg<\/strong><\/p>\n\n\n\n<figure class=\"wp-block-table\"><table><tbody><tr><td>R<\/td><td>62<\/td><td>Inger Iris Prants<\/td><td>J\u00e4rvamaa SK Vargam\u00e4e<\/td><td>09.07.2023<\/td><td>Chisinau, MDA<\/td><\/tr><tr><td>T<\/td><td>74<\/td><td>Inger Iris Prants<\/td><td>J\u00e4rvamaa SK Vargam\u00e4e<\/td><td>09.07.2023<\/td><td>Chisinau, MDA<\/td><\/tr><tr><td>S<\/td><td>136<\/td><td>Inger Iris Prants<\/td><td>J\u00e4rvamaa SK Vargam\u00e4e<\/td><td>09.07.2023<\/td><td>Chisinau, MDA<\/td><\/tr><\/tbody><\/table><\/figure>\n\n\n\n<p><\/p>","protected":false},"excerpt":{"rendered":"<p>seisuga 05.04.2025 -31 kg R 27 rekordnorm T 34 rekordnorm S 61 rekordnorm -35 kg R 30 rekordnorm T 38 rekordnorm S 68 rekordnorm -40 kg R 35 Carolin Jalast J\u00e4rvamaa SK Vargam\u00e4e 04.05.2024 K\u00e4\u00e4riku T 44 Carolin Jalast J\u00e4rvamaa SK Vargam\u00e4e 11.05.2024 Tammiku S 78 Carolin Jalast J\u00e4rvamaa SK Vargam\u00e4e 11.05.2024 Tammiku -45 kg [&hellip;]<\/p>\n","protected":false},"author":1,"featured_media":0,"parent":0,"menu_order":0,"comment_status":"closed","ping_status":"closed","template":"","meta":{"_mc_calendar":[],"footnotes":""},"class_list":["post-581","page","type-page","status-publish","hentry","entry"],"_links":{"self":[{"href":"https:\/\/tosteliit.ee\/en\/wp-json\/wp\/v2\/pages\/581","targetHints":{"allow":["GET"]}}],"collection":[{"href":"https:\/\/tosteliit.ee\/en\/wp-json\/wp\/v2\/pages"}],"about":[{"href":"https:\/\/tosteliit.ee\/en\/wp-json\/wp\/v2\/types\/page"}],"author":[{"embeddable":true,"href":"https:\/\/tosteliit.ee\/en\/wp-json\/wp\/v2\/users\/1"}],"replies":[{"embeddable":true,"href":"https:\/\/tosteliit.ee\/en\/wp-json\/wp\/v2\/comments?post=581"}],"version-history":[{"count":24,"href":"https:\/\/tosteliit.ee\/en\/wp-json\/wp\/v2\/pages\/581\/revisions"}],"predecessor-version":[{"id":4005,"href":"https:\/\/tosteliit.ee\/en\/wp-json\/wp\/v2\/pages\/581\/revisions\/4005"}],"wp:attachment":[{"href":"https:\/\/tosteliit.ee\/en\/wp-json\/wp\/v2\/media?parent=581"}],"curies":[{"name":"wp","href":"https:\/\/api.w.org\/{rel}","templated":true}]}}