{"id":889,"date":"2022-03-25T13:44:27","date_gmt":"2022-03-25T13:44:27","guid":{"rendered":"https:\/\/tosteliit.ee\/?page_id=889"},"modified":"2022-12-17T15:21:59","modified_gmt":"2022-12-17T15:21:59","slug":"kalender-2022","status":"publish","type":"page","link":"https:\/\/tosteliit.ee\/en\/kalender-2022\/","title":{"rendered":"Kalender 2022"},"content":{"rendered":"<p><em><strong>ETL 2022.a&nbsp; v\u00f5istluskalender<em>&nbsp;<br>NB! Kui soovite kalendrisse v\u00f5istlusi lisada, siis palun tehke seda hiljemalt 2 n\u00e4dalat enne v\u00f5istluse toimumist kirjalikult, saates v\u00f5istluse nime, toimumise kuup\u00e4eva ja koha (v\u00f5imalusel ka juhendi) aadressile info@etl.ee<br>Kui v\u00f5istlust kalendris ei ole, siis selle tulemusi ei arvestata.&nbsp; &nbsp;&nbsp;&nbsp;&nbsp;&nbsp;&nbsp;&nbsp;&nbsp;&nbsp;&nbsp;&nbsp;&nbsp;<\/em><\/strong><\/em><br><\/p>\n\n\n\n<div class=\"wp-block-file\"><\/div>\n\n\n\n<p><\/p>\n\n\n\n<figure class=\"wp-block-table is-style-stripes\"><table><tbody><tr><td><strong>2022.a.<\/strong><\/td><td><strong>V\u00f5istluse nimetus<\/strong><\/td><td><strong>Koht<\/strong><\/td><td><strong>Juhend<\/strong><\/td><td><strong>Kava<\/strong><\/td><td><strong>Protokoll<\/strong><\/td><\/tr><tr><td><strong>Jaanuar<\/strong><\/td><td>&nbsp;<\/td><td>&nbsp;<\/td><td>&nbsp;<\/td><td>&nbsp;<\/td><td>&nbsp;<\/td><\/tr><tr><td>2-8<\/td><td>ETL noorte- ja juunioride koondise ja koondise kandidaatide treeningkogunemine<\/td><td>K\u00e4\u00e4riku<\/td><td><a href=\"https:\/\/tosteliit.ee\/wp-content\/uploads\/2022\/04\/ETL_treeningkogunemine_jaan_2022.pdf\">KUTSE<\/a><\/td><td>&nbsp;<\/td><td>&nbsp;<\/td><\/tr><tr><td>15<\/td><td>Tartumaa lahtised meistriv\u00f5istlused<\/td><td>Melliste<\/td><td><a href=\"https:\/\/tosteliit.ee\/wp-content\/uploads\/2022\/04\/guide_220115_Tartumaa-MV-2022.pdf\">JUHEND<\/a><\/td><td>&nbsp;<\/td><td>&nbsp;<\/td><\/tr><tr><td>15<\/td><td>VI Kalev Pensa m\u00e4lestusv\u00f5istlused<\/td><td>Melliste<\/td><td><a href=\"https:\/\/tosteliit.ee\/wp-content\/uploads\/2022\/04\/juhend_KalevPensa-VI-Malestusvoistlused-2022.doc\">JUHEND<\/a><\/td><td><a href=\"http:\/\/www.tosteliit.ee\/upload\/editor\/files\/Kalev_Pensa_VI_MV.xls\" data-type=\"URL\" data-id=\"http:\/\/www.tosteliit.ee\/upload\/editor\/files\/Kalev_Pensa_VI_MV.xls\"><\/a><a href=\"https:\/\/tosteliit.ee\/wp-content\/uploads\/2022\/04\/Kalev_Pensa_VI_MV.xls\">Reg.sportlased<\/a><\/td><td><a href=\"https:\/\/tosteliit.ee\/wp-content\/uploads\/2022\/04\/protocol_220115-Kalev-Pensa-VI-MV1.xls\">PROTOKOLL<\/a><\/td><\/tr><tr><td>16<\/td><td>Kohtunike koolitus<\/td><td>Zoom<\/td><td><a href=\"http:\/\/www.tosteliit.ee\/upload\/editor\/files\/Kohtunike_koolitus_16.01.2022_Zoom.docx\"><\/a><\/td><td>&nbsp;<\/td><td>&nbsp;<\/td><\/tr><tr><td><strong>29<\/strong><\/td><td><strong>Lahtised EMV <\/strong><strong>Masters klassis<\/strong><br>13. Mati Kulmu m\u00e4lestusv\u00f5istlus<\/td><td><strong>Aravete<\/strong><\/td><td><a href=\"https:\/\/tosteliit.ee\/wp-content\/uploads\/2022\/04\/uus_juhend_mati_kulm_ja_emv_masters_29.01.2022.pdf\">JUHEND<\/a><\/td><td><a href=\"http:\/\/www.tosteliit.ee\/upload\/editor\/files\/AJAKAVA_29.01.2022.pdf\">AJAKAVA<\/a><br><a href=\"http:\/\/www.tosteliit.ee\/upload\/editor\/files\/grupid_I%3B_II%3B_III.pdf\">Grupid<\/a><\/td><td><a href=\"https:\/\/tosteliit.ee\/wp-content\/uploads\/2022\/04\/Aravete2022_parandatud.xls\">PROTOKOLL<\/a><\/td><\/tr><tr><td><strong>Veebruar<\/strong><\/td><td>&nbsp;<\/td><td>&nbsp;<\/td><td>&nbsp;<\/td><td>&nbsp;<\/td><td>&nbsp;<\/td><\/tr><tr><td>5<\/td><td>J\u00f5hvi valla lahtised noorte MV<\/td><td>Tammiku<\/td><td><\/td><td>&nbsp;<\/td><td><a href=\"https:\/\/tosteliit.ee\/wp-content\/uploads\/2022\/04\/uus-Johvi-valla-noorte-mv-2022-2.xls\">PROTOKOLL<\/a><\/td><\/tr><tr><td>19<\/td><td>VIII Aleksander Rudolf Laane m\u00e4lestusv\u00f5istlus J\u00e4rvamaa MV<\/td><td>Albu<\/td><td><\/td><td><\/td><td><a href=\"https:\/\/tosteliit.ee\/wp-content\/uploads\/2022\/04\/IX-A.R.-Laane-mv.-2022-loplik-voistlus.xls\">PROTOKOLL<\/a><\/td><\/tr><tr><td>26.02\u201304.03<\/td><td>ETL noorte- ja juunioride koondise ja koondise kandidaatide treeningkogunemine<\/td><td><strong>K\u00e4\u00e4riku<\/strong><\/td><td><a href=\"http:\/\/www.tosteliit.ee\/upload\/editor\/files\/ETL_treeningkogunemine_veebr_2022.pdf\"><\/a>KUTSE<\/td><td>&nbsp;<\/td><td>&nbsp;<\/td><\/tr><tr><td><strong>27<\/strong><\/td><td>EKR 3 tasemekoolitus -1<\/td><td><strong>K\u00e4\u00e4riku<\/strong><\/td><td><a href=\"http:\/\/www.tosteliit.ee\/upload\/editor\/files\/EKR_3_27.veebr_-_13.marts_2022.pdf\"><\/a>INFO<\/td><td>&nbsp;<\/td><td>&nbsp;<\/td><\/tr><tr><td><strong>M\u00e4rts<\/strong><\/td><td>&nbsp;<\/td><td>&nbsp;<\/td><td>&nbsp;<\/td><td>&nbsp;<\/td><td>&nbsp;<\/td><\/tr><tr><td><em>11-13<\/em><\/td><td><em>Tarptautinis s\/a turnyras &#8220;Nepriklausomyb\u0117s taur\u0117&#8221; 2021<\/em><\/td><td><em>Tel\u017eiai, LTU<\/em><\/td><td><\/td><td>&nbsp;<\/td><td><a href=\"https:\/\/tosteliit.ee\/wp-content\/uploads\/2022\/04\/PROTOKOLAS_TSRC_TAURE_2022_TELSIAI.pdf\">PROTOKOLL<\/a><\/td><\/tr><tr><td><strong>12<\/strong><\/td><td><strong>Eesti meistriv\u00f5istlused<\/strong><\/td><td><strong>Melliste<\/strong><\/td><td><\/td><td><\/td><td><a href=\"https:\/\/tosteliit.ee\/wp-content\/uploads\/2022\/04\/EMV-Melliste-120320221.xls\">PROTOKOLL<\/a><\/td><\/tr><tr><td><strong>12<\/strong><\/td><td><strong>Eesti meistriv\u00f5istlused \u00fcksikt\u00f5stetes<\/strong><\/td><td><strong>Melliste<\/strong><\/td><td><\/td><td><\/td><td><a href=\"https:\/\/tosteliit.ee\/wp-content\/uploads\/2022\/04\/EMV-Melliste-UKSIKTOSTED.xls\">PROTOKOLL<\/a><\/td><\/tr><tr><td>13<\/td><td>EKR 3 tasemekoolitus -3<\/td><td>Tartu<\/td><td>Info I koolitusp\u00e4eva juures<\/td><td>&nbsp;<\/td><td>&nbsp;<\/td><\/tr><tr><td>19<\/td><td>Tartumaa koolinoorte MV t\u00f5stmises<\/td><td>Tartu<\/td><td><\/td><td>&nbsp;<\/td><td><a href=\"https:\/\/tosteliit.ee\/wp-content\/uploads\/2022\/04\/Protokoll_Tartumaa-koolinoorte-MV-2022.xls\">PROTOKOLL<\/a><\/td><\/tr><tr><td>20<\/td><td>EKR 3-4 tasemekoolitus -2<\/td><td>Tartu<\/td><td>Info I koolitusp\u00e4eva juures<\/td><td>&nbsp;<\/td><td>&nbsp;<\/td><\/tr><tr><td><strong>Aprill<\/strong><\/td><td>&nbsp;<\/td><td>&nbsp;<\/td><td>&nbsp;<\/td><td>&nbsp;<\/td><td>&nbsp;<\/td><\/tr><tr><td><em>1-3<\/em><\/td><td><em>XXIII Soroksar Cup<\/em><\/td><td><em>Budapest, HUN<\/em><\/td><td><\/td><td>&nbsp;<\/td><td><a href=\"https:\/\/tosteliit.ee\/wp-content\/uploads\/2022\/04\/XXIV_Soroksar_Cup_VJK_2022-protokoll.pdf\">PROTOKOLL<\/a><\/td><\/tr><tr><td><strong>9<\/strong><\/td><td><strong>Eesti meistriv\u00f5istlused U13<\/strong><\/td><td><strong>Tartu<\/strong><\/td><td><a href=\"https:\/\/tosteliit.ee\/wp-content\/uploads\/2022\/04\/U13_EMV_juhend_1.pdf\">JUHEND<\/a><\/td><td>&nbsp;<\/td><td><a href=\"https:\/\/tosteliit.ee\/wp-content\/uploads\/2022\/04\/U13-EMV-09.04.2022-PROTOKOLL.xls\">PROTOKOLL<\/a><\/td><\/tr><tr><td>9<\/td><td><em>V. Petrovs Cup<\/em><\/td><td><em>Daugavpils, LAT<\/em><\/td><td><\/td><td><\/td><td><a href=\"https:\/\/tosteliit.ee\/wp-content\/uploads\/2022\/04\/Petrova-kauss-un-DISVS-Gatavi-protokoli-2022.xls\">PROTOKOLL<\/a><\/td><\/tr><tr><td>16<\/td><td>Eestimaa Spordiliit J\u00f5ud MV<\/td><td>Albu<\/td><td><a href=\"https:\/\/tosteliit.ee\/wp-content\/uploads\/2022\/04\/2022_Joud_MV_tostmises_juhend1.docx\">JUHEND<\/a><\/td><td><a href=\"https:\/\/tosteliit.ee\/wp-content\/uploads\/2022\/04\/Joudi-MV-2022.xls\">Reg.sportlased<\/a><\/td><td><a href=\"https:\/\/tosteliit.ee\/wp-content\/uploads\/2022\/04\/Joudi-MV-2022-loplik.xls\">PROTOKOLL<\/a><\/td><\/tr><tr><td><strong>23<\/strong><\/td><td><strong>ETL TREENERITE HINDAMISKOMISJON<\/strong><\/td><td><strong>Tartu<\/strong><\/td><td>&nbsp;kell 9:30<\/td><td>&nbsp;<\/td><td>&nbsp;<\/td><\/tr><tr><td>23<\/td><td>ETL \u00fcmarlaud<\/td><td>Tartu<\/td><td>&nbsp;kell 12:00<\/td><td>&nbsp;<\/td><td>&nbsp;<\/td><\/tr><tr><td><em>29.04-01.05<\/em><\/td><td><em>Vja\u010deslava Kirjanova piemi\u0146as kauss<\/em><\/td><td><em>Balvi, LAT<\/em><\/td><td><a href=\"http:\/\/www.tosteliit.ee\/upload\/editor\/files\/kirjanova_nolikums_2022_%281%29.doc\"><\/a><a href=\"https:\/\/tosteliit.ee\/wp-content\/uploads\/2022\/04\/kirjanova_nolikums_2022_1.doc\">JUHEND<\/a><\/td><td>&nbsp;<\/td><td>&nbsp;<a href=\"https:\/\/tosteliit.ee\/wp-content\/uploads\/2022\/05\/VJ.Kirjanova-kauss.xls\">PROTOKOLL<\/a><\/td><\/tr><tr><td>&nbsp;<\/td><td><em>Turnieju im. Jana Hawrylewicza<\/em><\/td><td><em>Siedlice, POL<\/em><\/td><td>&nbsp;<\/td><td>&nbsp;<\/td><td>&nbsp;<\/td><\/tr><tr><td><strong>Mai<\/strong><\/td><td>&nbsp;<\/td><td>&nbsp;<\/td><td>&nbsp;<\/td><td>&nbsp;<\/td><td>&nbsp;<\/td><\/tr><tr><td><strong>7<\/strong><\/td><td><strong>Eesti meistriv\u00f5istlused <\/strong><strong>U17<\/strong><\/td><td><strong>K\u00e4\u00e4riku<\/strong><\/td><td>&nbsp;<a href=\"https:\/\/tosteliit.ee\/wp-content\/uploads\/2022\/04\/U17-JUHEND-2022.pdf\"><\/a><a href=\"https:\/\/tosteliit.ee\/wp-content\/uploads\/2022\/04\/U17-JUHEND-2022.pdf\">JUHEND<\/a><\/td><td><a href=\"https:\/\/tosteliit.ee\/wp-content\/uploads\/2022\/05\/U17-EMV-eelreg-2022.xlsx\">Reg.sportlased<\/a><br><a href=\"https:\/\/tosteliit.ee\/wp-content\/uploads\/2022\/05\/U17-EMV-grupid-2022.xlsx\">Ajakava ja grupid<\/a><\/td><td>&nbsp;<a href=\"https:\/\/tosteliit.ee\/wp-content\/uploads\/2022\/05\/Protokoll_U17-EMV-2022.xls\">PROTOKOLL<\/a><\/td><\/tr><tr><td><strong>2-10<\/strong><\/td><td><strong>Juunioride maailmameistriv\u00f5istlused<\/strong><\/td><td><strong>Heraklion, GRE<\/strong><\/td><td>&nbsp;<a href=\"https:\/\/iwf.sport\/downloads\/?category=271\">INFO<\/a><\/td><td>&nbsp;<\/td><td>&nbsp;<\/td><\/tr><tr><td><em>27-29<\/em><\/td><td><em>Klaipeda Grand Prix<\/em><\/td><td><em>Klaipeda, LTU<\/em><\/td><td><a href=\"https:\/\/tosteliit.ee\/wp-content\/uploads\/2022\/05\/2022-Grand-Prix-Klaipeda-regulations.pdf\">JUHEND<\/a><\/td><td><\/td><td><a href=\"https:\/\/tosteliit.ee\/wp-content\/uploads\/2022\/05\/Grand_Prix_Klaipeda_2022.pdf\">PROTOKOLL<\/a><\/td><\/tr><tr><td>28<\/td><td>SK Edu rahvusvaheline KV<\/td><td>Tammiku<\/td><td>&nbsp;<a href=\"https:\/\/tosteliit.ee\/wp-content\/uploads\/2022\/04\/SK-EDU-Rahvusvaheline-karikas-2022.aasta1_.doc\">JUHEND<\/a><\/td><td><a href=\"https:\/\/tosteliit.ee\/wp-content\/uploads\/2022\/05\/SK-EDU-kv-2022.xls\">Reg.sportlased<\/a>&nbsp;<\/td><td><a href=\"https:\/\/tosteliit.ee\/wp-content\/uploads\/2022\/05\/SK-EDU-kv-2022-1-1.xls\">PROTOKOLL<\/a>&nbsp;<\/td><\/tr><tr><td><strong>25.05-05.06<\/strong><\/td><td><strong>Euroopa meistriv\u00f5istlused<\/strong><\/td><td><strong>Tirana, ALB<\/strong><\/td><td>&nbsp;<a href=\"https:\/\/ewf.sport\/2022\/03\/14\/ewf-senior-championship-albania-2022\/\">INFO<\/a><\/td><td>&nbsp;<\/td><td>&nbsp;<\/td><\/tr><tr><td>&nbsp;<\/td><td><em>Kaliningrad Cup<\/em><\/td><td><em>Kaliningrad, RUS<\/em><\/td><td>&nbsp;<\/td><td>&nbsp;<\/td><td>&nbsp;<\/td><\/tr><tr><td><strong>Juuni<\/strong><\/td><td>&nbsp;<\/td><td>&nbsp;<\/td><td>&nbsp;<\/td><td>&nbsp;<\/td><td>&nbsp;<\/td><\/tr><tr><td>3-5<\/td><td>XX Albu Cup<\/td><td>Albu<\/td><td><a href=\"https:\/\/tosteliit.ee\/wp-content\/uploads\/2022\/04\/XX-ALBU-CUP-2022-juhend.doc\">JUHEND<\/a><\/td><td><a href=\"https:\/\/tosteliit.ee\/wp-content\/uploads\/2022\/06\/XX-ALBU-CUP-valmis.xls\">Reg.sportlased<\/a>&nbsp;<\/td><td><a href=\"https:\/\/tosteliit.ee\/wp-content\/uploads\/2022\/06\/XX-ALBU-CUP.xls\">PROTOKOLL<\/a><\/td><\/tr><tr><td>11<\/td><td>ATSIST ETSIKS<\/td><td>Tartu<\/td><td><a href=\"https:\/\/tosteliit.ee\/wp-content\/uploads\/2022\/05\/Atsist-etsiks-2022.pdf\">JUHEND<\/a><\/td><td><a href=\"https:\/\/tosteliit.ee\/wp-content\/uploads\/2022\/06\/ATSIST-ETSIKS-reg-2022.xlsx\">Reg.sportlased<\/a><\/td><td><a href=\"https:\/\/tosteliit.ee\/wp-content\/uploads\/2022\/06\/2022-Atsist-Etsiks-protokoll.xlsx\">PROTOKOLL<\/a><\/td><\/tr><tr><td><strong>11-18<\/strong><\/td><td><strong>Noorte maailmameistriv\u00f5istlused<\/strong><\/td><td><strong>Leon, MEX<\/strong><\/td><td>&nbsp;<a href=\"https:\/\/iwf.sport\/downloads\/?category=273\">INFO<\/a><\/td><td>&nbsp;<\/td><td>&nbsp;<\/td><\/tr><tr><td><strong>26<\/strong><\/td><td><strong>Estonian WF annual meeting<\/strong><\/td><td><strong>Tartu<\/strong><\/td><td><\/td><td><\/td><td><\/td><\/tr><tr><td><strong>Juuli<\/strong><\/td><td>&nbsp;<\/td><td>&nbsp;<\/td><td>&nbsp;<\/td><td>&nbsp;<\/td><td>&nbsp;<\/td><\/tr><tr><td><em>1-3<\/em><\/td><td><em>Nepriklausomybes taure 2022<\/em><\/td><td><em>Tel\u0161iai, LTU<\/em><\/td><td><a href=\"https:\/\/tosteliit.ee\/wp-content\/uploads\/2022\/06\/Nerpiklausomybes_taure_2022REGLAMENTAS.pdf\">JUHEND<\/a><\/td><td><\/td><td><a href=\"https:\/\/tosteliit.ee\/wp-content\/uploads\/2022\/07\/Nepriklausomybes_taure_2022_Telsiai.pdf\">PROTOKOLL<\/a><\/td><\/tr><tr><td>2<\/td><td>Tartu linna MV<\/td><td>K\u00e4\u00e4riku<\/td><td><a href=\"https:\/\/tosteliit.ee\/wp-content\/uploads\/2022\/06\/Tartu-linna-MV-tostmises-2022-1.pdf\">JUHEND<\/a>&nbsp;<br><\/td><td>&nbsp;<\/td><td><a href=\"https:\/\/tosteliit.ee\/wp-content\/uploads\/2022\/07\/Protokoll_Tartu-linna-MV-2022.xls\">PROTOKOLL<\/a><\/td><\/tr><tr><td>8-9<\/td><td>European Union Cup<\/td><td>Leon, ESP<\/td><td><a href=\"https:\/\/tosteliit.ee\/wp-content\/uploads\/2022\/04\/Invitation-European-Union-Cup-Leon-ESP-2022.pdf\">JUHEND<\/a><\/td><td><\/td><td><\/td><\/tr><tr><td><strong>August<\/strong><\/td><td>&nbsp;<\/td><td>&nbsp;<\/td><td>&nbsp;<\/td><td>&nbsp;<\/td><td>&nbsp;<\/td><\/tr><tr><td>12-13<\/td><td><em>Ludza linna aastap\u00e4eva v\u00f5istlus<\/em><\/td><td><em>Ludza, LAT<\/em><\/td><td><a href=\"https:\/\/tosteliit.ee\/wp-content\/uploads\/2022\/07\/svarc.jpg\">JUHEND<\/a><\/td><td><\/td><td><a href=\"https:\/\/tosteliit.ee\/wp-content\/uploads\/2022\/08\/Ludzas-pilsetas-svetku-sacensibas.ods\">PROTOKOLL<\/a><\/td><\/tr><tr><td>10-18<\/td><td><strong>U15 &amp; U17 Euroopa meistriv\u00f5istlused<\/strong><\/td><td>Raszyn, POL<\/td><td><a href=\"https:\/\/tosteliit.ee\/wp-content\/uploads\/2022\/07\/EWF-REGULATIONS-2022-Poland-European-Youth-U15-Championships_v3-Updated.pdf\">JUHEND<\/a><\/td><td><\/td><td><a href=\"https:\/\/ewf.sport\/2022\/06\/13\/2022-european-youth-u15-championships\/\">PROTOKOLL<\/a><\/td><\/tr><tr><td>19-21<\/td><td><em>Ventspils Cup<\/em><\/td><td><em>Ventspils, LAT<\/em><\/td><td><a href=\"https:\/\/tosteliit.ee\/wp-content\/uploads\/2022\/07\/Ventspils2022.pdf\">JUHEND<\/a><\/td><td><\/td><td><a href=\"https:\/\/tosteliit.ee\/wp-content\/uploads\/2022\/08\/Ventspils-kauss-2022.xls\">PROTOKOLL<\/a><\/td><\/tr><tr><td>20<\/td><td>ETL 2. \u00fcldkoosolek<\/td><td>Zoom<\/td><td><\/td><td><\/td><td><\/td><\/tr><tr><td>21-29<\/td><td>Masters Euroopa meistriv\u00f5istlused<\/td><td>Raszyn, POL<\/td><td>&nbsp;<\/td><td>&nbsp;<\/td><td>&nbsp;<a href=\"https:\/\/tosteliit.ee\/wp-content\/uploads\/2022\/10\/2022_european_masters__raszyn__results.pdf\">PROTOKOLL<\/a><\/td><\/tr><tr><td>26-28&nbsp;<\/td><td>X Vladimir Ba\u0161kirovi m\u00e4lestusv\u00f5istlus<\/td><td>K\u00e4\u00e4riku<\/td><td>&nbsp;<a href=\"https:\/\/tosteliit.ee\/wp-content\/uploads\/2022\/07\/VB-MV-eesti-20221.pdf\">JUHEND<\/a><\/td><td><a href=\"https:\/\/tosteliit.ee\/wp-content\/uploads\/2022\/08\/X-VBM-2022-protokolli-pohi.xls\">Reg. sportlased<\/a><\/td><td>&nbsp;<a href=\"https:\/\/tosteliit.ee\/wp-content\/uploads\/2022\/08\/PROTOKOLL_X-VBM-2022.xls\">PROTOKOLL<\/a><\/td><\/tr><tr><td><strong>September<\/strong><\/td><td>&nbsp;<\/td><td>&nbsp;<\/td><td>&nbsp;<\/td><td>&nbsp;<\/td><td>&nbsp;<\/td><\/tr><tr><td>8-12<\/td><td><em>32nd International Weightlifting Tournament in Paneve\u017eys<\/em><\/td><td><em>Paneve\u017eis, LTU<\/em><\/td><td>&nbsp;<a href=\"https:\/\/tosteliit.ee\/wp-content\/uploads\/2022\/08\/2022-anglis-nuostatai-miessv.pdf\">JUHEND<\/a><\/td><td>&nbsp;<\/td><td>&nbsp;<a href=\"https:\/\/tosteliit.ee\/wp-content\/uploads\/2022\/09\/Panevezis-2022-2.pdf\">PROTOKOLL<\/a><\/td><\/tr><tr><td><em>23-25<\/em><\/td><td><em>Saldus Cup<\/em><\/td><td><em>Saldus, LAT<\/em><\/td><td>&nbsp;<\/td><td>&nbsp;<\/td><td>&nbsp;<\/td><\/tr><tr><td>&nbsp;<\/td><td><em>Klaipeda Grand Prix 2022<\/em><\/td><td><em>Klaipeda, LTU<\/em><\/td><td>&nbsp;<\/td><td>&nbsp;<\/td><td>&nbsp;<\/td><\/tr><tr><td><strong>Oktoober<\/strong><\/td><td>&nbsp;<\/td><td>&nbsp;<\/td><td>&nbsp;<\/td><td>&nbsp;<\/td><td>&nbsp;<\/td><\/tr><tr><td><strong>8<\/strong><\/td><td><strong>Eesti meistriv\u00f5istlused U15<\/strong><\/td><td><strong>Valga<\/strong><\/td><td>&nbsp;<a href=\"https:\/\/tosteliit.ee\/wp-content\/uploads\/2022\/09\/U15-EMV-2022.docx\">JUHEND<\/a><\/td><td>&nbsp;<a href=\"https:\/\/tosteliit.ee\/wp-content\/uploads\/2022\/09\/U15-eelreg-2022.xlsx\">Reg.sportlased<\/a><\/td><td>&nbsp;<a href=\"https:\/\/tosteliit.ee\/wp-content\/uploads\/2022\/10\/Protokoll_U15-EMV-2022.xls\"><\/a><a href=\"https:\/\/tosteliit.ee\/wp-content\/uploads\/2022\/10\/Protokoll_U15-EMV-2022-1.xls\">PROTOKOLL<\/a><\/td><\/tr><tr><td>8<\/td><td>Alfred Neulandi m\u00e4lestusv\u00f5istlused<\/td><td>Valga<\/td><td>&nbsp;<a href=\"https:\/\/tosteliit.ee\/wp-content\/uploads\/2022\/09\/JUHEND_XXIIIA.Neuland2022.docx\">JUHEND<\/a><\/td><td><a href=\"https:\/\/tosteliit.ee\/wp-content\/uploads\/2022\/10\/U15-eelreg-2022-2.xlsx\">Grupid &amp; ajakava<\/a><\/td><td>&nbsp;<a href=\"https:\/\/tosteliit.ee\/wp-content\/uploads\/2022\/10\/Protokoll_U15-EMV-2022-1.xls\">PROTOKOLL<\/a><\/td><\/tr><tr><td>15<\/td><td>J\u00f5hvi valla lahtised MV<\/td><td>Tammiku<\/td><td><a href=\"https:\/\/tosteliit.ee\/wp-content\/uploads\/2022\/09\/Johvi-valla-MV-2022-1.odt\">JUHEND<\/a><\/td><td><\/td><td><\/td><\/tr><tr><td><strong>15-25<\/strong><\/td><td><strong>Juunioride &amp; U23 Euroopa meistriv\u00f5istlused<\/strong><\/td><td><strong>Tirana, ALB<\/strong><\/td><td>&nbsp;<\/td><td>&nbsp;<\/td><td>&nbsp;<\/td><\/tr><tr><td>23-29<\/td><td>ETL noorte- ja juunioride koondise ja koondise kandidaatide treeninglaager<\/td><td>K\u00e4\u00e4riku<\/td><td>&nbsp;<\/td><td>&nbsp;<\/td><td>&nbsp;<\/td><\/tr><tr><td><strong>November<\/strong><\/td><td>&nbsp;<\/td><td>&nbsp;<\/td><td>&nbsp;<\/td><td>&nbsp;<\/td><td>&nbsp;<\/td><\/tr><tr><td><strong>5<\/strong><\/td><td><strong>Eesti meistriv\u00f5istlused U20<\/strong><\/td><td><strong>Melliste<\/strong><\/td><td>&nbsp;<a href=\"https:\/\/tosteliit.ee\/wp-content\/uploads\/2022\/10\/U20-EMV-2022.docx\">JUHEND<\/a><\/td><td><a href=\"https:\/\/tosteliit.ee\/wp-content\/uploads\/2022\/10\/U20-EMV-eelreg-2022.xlsx\">Reg.sportlased<\/a><\/td><td>&nbsp;<a href=\"https:\/\/tosteliit.ee\/wp-content\/uploads\/2022\/11\/35.SMKV3_.xls\">PROTOKOLL<\/a><\/td><\/tr><tr><td>5<\/td><td>XXXV Tartumaa suurmeistrite KV<\/td><td>Melliste<\/td><td>&nbsp;<a href=\"https:\/\/tosteliit.ee\/wp-content\/uploads\/2022\/09\/XXXV_Tartumaa_SM_KV_2022_JUHEND_EST.doc\">JUHEND<\/a><\/td><td><a href=\"https:\/\/tosteliit.ee\/wp-content\/uploads\/2022\/11\/XXXV-TSMKV-ajakava1.odt\">AJAKAVA<\/a><br><a href=\"https:\/\/tosteliit.ee\/wp-content\/uploads\/2022\/11\/35.SMKV_.xls\">Grupid<\/a><\/td><td>&nbsp;<a href=\"https:\/\/tosteliit.ee\/wp-content\/uploads\/2022\/11\/35.SMKV3_.xls\">PROTOKOLL<\/a><\/td><\/tr><tr><td>18-19<\/td><td>&#8220;\u017demaitijos taure&#8221;<\/td><td>Tel\u0161iai, LTU<\/td><td><a href=\"https:\/\/tosteliit.ee\/wp-content\/uploads\/2022\/10\/ZEMAITIJOS-TAURE-2022-english.doc\">JUHEND<\/a><\/td><td><\/td><td><a href=\"https:\/\/tosteliit.ee\/wp-content\/uploads\/2022\/11\/Zemaitijos-Taure-2022-LIT.xls\">PROTOKOLL<\/a><\/td><\/tr><tr><td>20<\/td><td>Kohtunike koolitus<\/td><td>Zoom<\/td><td><a href=\"https:\/\/tosteliit.ee\/wp-content\/uploads\/2022\/11\/Kohtunike-koolitus-20.11.2022-Zoom.pdf\">INFO<\/a><\/td><td><\/td><td><\/td><\/tr><tr><td>26-27<\/td><td>EKR 4-5 tasemekoolitus<\/td><td>Tartu<\/td><td><a href=\"https:\/\/tosteliit.ee\/wp-content\/uploads\/2022\/11\/EKR-4-5-26-27.11.2022-Tartu.pdf\">INFO<\/a><\/td><td><\/td><td><\/td><\/tr><tr><td>27<\/td><td>ETL hindamiskomisjon<\/td><td>Tartu<\/td><td>Taotlemine 2.-30.okt<\/td><td><\/td><td><\/td><\/tr><tr><td>&nbsp;<\/td><td><em>Memoria\u0142 A.Matusiaka i J. Ostrowskiego<\/em><\/td><td><em>Ciechan\u00f3w, POL<\/em><\/td><td>&nbsp;<\/td><td>&nbsp;<\/td><td>&nbsp;<\/td><\/tr><tr><td><strong>Detsember<\/strong><\/td><td>&nbsp;<\/td><td>&nbsp;<\/td><td>&nbsp;<\/td><td>&nbsp;<\/td><td>&nbsp;<\/td><\/tr><tr><td>2-10<\/td><td>Masters maailmameistriv\u00f5istlused<\/td><td>Orlando, USA<\/td><td>&nbsp;<\/td><td>&nbsp;<\/td><td>&nbsp;<\/td><\/tr><tr><td><strong>5-16<\/strong><\/td><td><strong>Maailmameistriv\u00f5istlused<\/strong><\/td><td><strong>Bogota, COL<\/strong><\/td><td><\/td><td><\/td><td><a href=\"https:\/\/tosteliit.ee\/wp-content\/uploads\/2022\/12\/Bogota-Results-Book.pdf\">TULEMUSED<\/a><\/td><\/tr><tr><td>&nbsp;<strong>17<\/strong><\/td><td><strong>EMV<\/strong> <strong>v\u00f5istkondlik <\/strong><\/td><td><strong>Melliste<\/strong><\/td><td>&nbsp;<a href=\"https:\/\/tosteliit.ee\/wp-content\/uploads\/2022\/11\/EMV-voistkondlik-juhend_2022.docx\">JUHEND<\/a><\/td><td>&nbsp;<a href=\"https:\/\/tosteliit.ee\/wp-content\/uploads\/2022\/12\/Voistkondlik-EMV-reg-sportlased-2022.xlsx\">Reg.sportlas<\/a>ed<br><a href=\"https:\/\/tosteliit.ee\/wp-content\/uploads\/2022\/12\/EMV-voistkondlik_protokoll-2.xls\">Grupid&amp;ajakava<\/a><\/td><td>\u00a0<a href=\"https:\/\/tosteliit.ee\/wp-content\/uploads\/2022\/12\/EMV-voistkondlik_protokoll_loplik-1.xls\">PROTOKOLL<\/a><\/td><\/tr><tr><td>17-18&nbsp;<\/td><td><em>Lahtised Leedu MV masters klassis<\/em><\/td><td>LTU<\/td><td>&nbsp;<\/td><td>&nbsp;<\/td><td>&nbsp;<\/td><\/tr><tr><td>&nbsp;<\/td><td><em>Klaipeda Grand Prix<\/em><\/td><td><em>Klaipeda, LTU<\/em><\/td><td>&nbsp;<\/td><td>&nbsp;<\/td><td>&nbsp;<\/td><\/tr><tr><td>&nbsp;26-28<\/td><td><em>New Years Cup<\/em><\/td><td><em>Dobele, LAT<\/em><\/td><td>&nbsp;<a href=\"https:\/\/tosteliit.ee\/wp-content\/uploads\/2022\/12\/NOLIKUMS_Vecgada_kauss_20221.pdf\">JUHEND<\/a><\/td><td>&nbsp;<\/td><td>&nbsp;<\/td><\/tr><\/tbody><\/table><\/figure>\n\n\n\n<p><\/p>\n\n\n\n<p><\/p>","protected":false},"excerpt":{"rendered":"<p>ETL 2022.a&nbsp; v\u00f5istluskalender&nbsp;NB! Kui soovite kalendrisse v\u00f5istlusi lisada, siis palun tehke seda hiljemalt 2 n\u00e4dalat enne v\u00f5istluse toimumist kirjalikult, saates v\u00f5istluse nime, toimumise kuup\u00e4eva ja koha (v\u00f5imalusel ka juhendi) aadressile info@etl.eeKui v\u00f5istlust kalendris ei ole, siis selle tulemusi ei arvestata.&nbsp; &nbsp;&nbsp;&nbsp;&nbsp;&nbsp;&nbsp;&nbsp;&nbsp;&nbsp;&nbsp;&nbsp;&nbsp; 2022.a. V\u00f5istluse nimetus Koht Juhend Kava Protokoll Jaanuar &nbsp; &nbsp; &nbsp; &nbsp; &nbsp; 2-8 [&hellip;]<\/p>\n","protected":false},"author":1,"featured_media":0,"parent":0,"menu_order":0,"comment_status":"closed","ping_status":"closed","template":"","meta":{"_mc_calendar":[],"footnotes":""},"class_list":["post-889","page","type-page","status-publish","hentry","entry"],"_links":{"self":[{"href":"https:\/\/tosteliit.ee\/en\/wp-json\/wp\/v2\/pages\/889","targetHints":{"allow":["GET"]}}],"collection":[{"href":"https:\/\/tosteliit.ee\/en\/wp-json\/wp\/v2\/pages"}],"about":[{"href":"https:\/\/tosteliit.ee\/en\/wp-json\/wp\/v2\/types\/page"}],"author":[{"embeddable":true,"href":"https:\/\/tosteliit.ee\/en\/wp-json\/wp\/v2\/users\/1"}],"replies":[{"embeddable":true,"href":"https:\/\/tosteliit.ee\/en\/wp-json\/wp\/v2\/comments?post=889"}],"version-history":[{"count":83,"href":"https:\/\/tosteliit.ee\/en\/wp-json\/wp\/v2\/pages\/889\/revisions"}],"predecessor-version":[{"id":1814,"href":"https:\/\/tosteliit.ee\/en\/wp-json\/wp\/v2\/pages\/889\/revisions\/1814"}],"wp:attachment":[{"href":"https:\/\/tosteliit.ee\/en\/wp-json\/wp\/v2\/media?parent=889"}],"curies":[{"name":"wp","href":"https:\/\/api.w.org\/{rel}","templated":true}]}}