{"id":895,"date":"2022-03-27T10:20:28","date_gmt":"2022-03-27T10:20:28","guid":{"rendered":"https:\/\/tosteliit.ee\/?page_id=895"},"modified":"2022-06-13T20:02:42","modified_gmt":"2022-06-13T20:02:42","slug":"kalender-2021","status":"publish","type":"page","link":"https:\/\/tosteliit.ee\/en\/kalender-2021\/","title":{"rendered":"Kalender 2021"},"content":{"rendered":"<p><em><strong>ETL 2021.a&nbsp; v\u00f5istluskalender<em>&nbsp;<br>NB! Kui soovite kalendrisse v\u00f5istlusi lisada, siis palun tehke seda hiljemalt 2 n\u00e4dalat enne v\u00f5istluse toimumist kirjalikult, saates v\u00f5istluse nime, toimumise kuup\u00e4eva ja koha (v\u00f5imalusel ka juhendi) aadressile info@etl.ee<br>Kui v\u00f5istlust kalendris ei ole, siis selle tulemusi ei arvestata.&nbsp; &nbsp;&nbsp;&nbsp;&nbsp;&nbsp;&nbsp;&nbsp;&nbsp;&nbsp;&nbsp;&nbsp;&nbsp;<\/em><\/strong><\/em><br><em><strong><em>&nbsp;&nbsp;&nbsp;&nbsp;&nbsp;&nbsp;&nbsp;&nbsp;<\/em><\/strong><\/em><\/p>\n\n\n\n<div class=\"wp-block-file\"><\/div>\n\n\n\n<p><em><strong><em>&nbsp;&nbsp;&nbsp;&nbsp;&nbsp;&nbsp;&nbsp;&nbsp;&nbsp;&nbsp;&nbsp;&nbsp;&nbsp;&nbsp;&nbsp;&nbsp;&nbsp;&nbsp;&nbsp;&nbsp;&nbsp;&nbsp;&nbsp;&nbsp;&nbsp;&nbsp;&nbsp;&nbsp;&nbsp;&nbsp;&nbsp;&nbsp;&nbsp;<\/em><\/strong><\/em><\/p>\n\n\n\n<figure class=\"wp-block-table is-style-stripes\"><table><tbody><tr><td><strong>2021.a.<\/strong><\/td><td><strong>V\u00f5istluse nimetus<\/strong><\/td><td><strong>Koht<\/strong><\/td><td><strong>Juhend<\/strong><\/td><td><strong>Kava<\/strong><\/td><td><strong>Protokoll<\/strong><\/td><\/tr><tr><td><strong>Jaanuar<\/strong><\/td><td>&nbsp;<\/td><td>&nbsp;<\/td><td>&nbsp;<\/td><td>&nbsp;<\/td><td>&nbsp;<\/td><\/tr><tr><td>17<\/td><td>Kohtunike koolitus algajatele<br>(eesti keeles)<br>Sekret\u00e4ride\/spiikrite koolitus<\/td><td>e-koolitus<\/td><td><a href=\"http:\/\/www.tosteliit.ee\/upload\/editor\/files\/Kohtunike_koolitus_170121.pdf\">Technical Officials<\/a><br><a href=\"http:\/\/www.tosteliit.ee\/upload\/editor\/files\/Sekretaride_koolitus_170121.pdf\">Sekret\u00e4rid<\/a><\/td><td>&nbsp;<\/td><td>&nbsp;<\/td><\/tr><tr><td>30<\/td><td>Eesti lahtised MV <strong>Masters<\/strong><\/td><td>Aravete<\/td><td>&nbsp;<\/td><td>EDASI L\u00dcKATUD<\/td><td>&nbsp;<\/td><\/tr><tr><td>30<\/td><td>13. Mati Kulmu m\u00e4lestusv\u00f5istlus<\/td><td>Aravete<\/td><td>&nbsp;<\/td><td>EDASI L\u00dcKATUD<\/td><td>&nbsp;<\/td><\/tr><tr><td>30<\/td><td>Eesti esimene <em>online<\/em>-v\u00f5istlus t\u00f5stmises<\/td><td>Zoom<\/td><td><a href=\"http:\/\/www.tosteliit.ee\/upload\/editor\/files\/Online_voistluse_juhend%281%29.pdf\"><\/a><\/td><td><\/td><td><a href=\"http:\/\/www.tosteliit.ee\/upload\/editor\/files\/Eesti_esimene_online-voistlus_30.01.2021.pdf\"><\/a><a href=\"https:\/\/tosteliit.ee\/wp-content\/uploads\/2022\/04\/Eesti_esimene_online-voistlus_30.01.20214.pdf\">PROTOKOLL<\/a><\/td><\/tr><tr><td>31<\/td><td>Kohtunike koolitus algajatele<br>(vene keeles)<\/td><td>e-koolitus<\/td><td><a href=\"http:\/\/www.tosteliit.ee\/upload\/editor\/files\/Kohtunike_koolitus_310121.pdf\">Technical Officials<\/a><\/td><td>&nbsp;<\/td><td>&nbsp;<\/td><\/tr><tr><td>&nbsp;<\/td><td><em>V. Petrovs Cup<\/em><\/td><td><em>Daugavpils, LAT<\/em><\/td><td>&nbsp;<\/td><td>&nbsp;<\/td><td>&nbsp;<\/td><\/tr><tr><td><strong>Veebruar<\/strong><\/td><td>&nbsp;<\/td><td>&nbsp;<\/td><td>&nbsp;<\/td><td>&nbsp;<\/td><td>&nbsp;<\/td><\/tr><tr><td>6<\/td><td>J\u00f5hvi valla lahtised noorte MV<\/td><td>Tammiku<\/td><td>&nbsp;<\/td><td>EDASI L\u00dcKATUD<\/td><td>&nbsp;<\/td><\/tr><tr><td>7<\/td><td>EKR 3 erialane tasemekoolitus<\/td><td>t\u00e4psustamisel<\/td><td>&nbsp;<\/td><td>EDASI L\u00dcKATUD<\/td><td>&nbsp;<\/td><\/tr><tr><td>25-28<\/td><td>ETL noorte- ja juunioride koondise ja koondise kandidaatide treeningkogunemine<\/td><td>NB! <strong>Tartu<\/strong><\/td><td><a href=\"http:\/\/www.tosteliit.ee\/upload\/editor\/files\/Kutse_treeningkogunemisele_veebruar_2021.pdf\"><\/a><\/td><td>J\u00c4\u00c4B \u00c4RA!<\/td><td>&nbsp;<\/td><\/tr><tr><td>27<\/td><td>Koondise kontrollv\u00f5istlus<\/td><td>NB! <strong>Tartu<\/strong><\/td><td>&nbsp;<\/td><td>&nbsp;<\/td><td><a href=\"http:\/\/www.tosteliit.ee\/upload\/editor\/files\/ETL_voistluse_blankett_koondise_kontrollvoistlus_27_02_2021.pdf\"><\/a><a href=\"https:\/\/tosteliit.ee\/wp-content\/uploads\/2022\/04\/ETL_voistluse_blankett_koondise_kontrollvoistlus_27_02_20214.pdf\">PROTOKOLL<\/a><\/td><\/tr><tr><td>27<\/td><td><strong>\u00dcmarlaua koosolek<\/strong><\/td><td><strong>Zoom<\/strong><\/td><td>15:00<\/td><td>J\u00c4\u00c4B \u00c4RA!<\/td><td>&nbsp;<\/td><\/tr><tr><td>28<\/td><td>T\u00f5stetreenerite erialane koolitus<\/td><td>NB! <strong>Zoom<\/strong><\/td><td><a href=\"http:\/\/www.tosteliit.ee\/upload\/editor\/files\/Jou_arendamise_koolitus_280221_Tartu.pdf\"><\/a><\/td><td>&nbsp;<\/td><td>&nbsp;<\/td><\/tr><tr><td><strong>M\u00e4rts<\/strong><\/td><td>&nbsp;<\/td><td>&nbsp;<\/td><td>&nbsp;<\/td><td>&nbsp;<\/td><td>&nbsp;<\/td><\/tr><tr><td><strong>7<\/strong><\/td><td><strong>Estonian WF annual meeting<\/strong><\/td><td><strong>Tartu\/Zoom<\/strong><\/td><td><a href=\"http:\/\/www.tosteliit.ee\/upload\/editor\/files\/YLDKOOSOLEK_7.marts_2021%281%29.pdf\"><\/a><\/td><td>EDASI L\u00dcKATUD<\/td><td>TOIMUB ESIMESEL V\u00d5IMALUSEL<\/td><\/tr><tr><td><em>20<\/em><\/td><td><em>XXIII Soroksar Cup<\/em><\/td><td><em>Budapest, HUN<\/em><\/td><td>&nbsp;<\/td><td>J\u00c4\u00c4B \u00c4RA<\/td><td>&nbsp;<\/td><\/tr><tr><td>27<\/td><td>Koondise kontrollv\u00f5istlus<\/td><td>Tartu<\/td><td>&nbsp;<\/td><td>&nbsp;<\/td><td><a href=\"http:\/\/www.tosteliit.ee\/upload\/editor\/files\/27.03.2021_Koondise_kontrollvoistlus%281%29.pdf\"><\/a><a href=\"https:\/\/tosteliit.ee\/wp-content\/uploads\/2022\/04\/27.03.2021_Koondise_kontrollvoistlus14.pdf\">PROTOKOLL<\/a><\/td><\/tr><tr><td>27<\/td><td>Eesti meistriv\u00f5istlused <strong>U-13<\/strong><\/td><td>Tartu<\/td><td>&nbsp;<\/td><td>EDASI L\u00dcKATUD<\/td><td>&nbsp;<\/td><\/tr><tr><td><strong>Aprill<\/strong><\/td><td>&nbsp;<\/td><td>&nbsp;<\/td><td>&nbsp;<\/td><td>&nbsp;<\/td><td>&nbsp;<\/td><\/tr><tr><td>&nbsp;<\/td><td>Tartumaa koolinoorte MV t\u00f5stmises<\/td><td>Tartu<\/td><td>&nbsp;<\/td><td>KUUP\u00c4EV LAHTINE<\/td><td>&nbsp;<\/td><\/tr><tr><td>3-11<\/td><td>Euroopa meistriv\u00f5istlused<\/td><td>Moskva, RUS<\/td><td><a href=\"https:\/\/www.ewfed.com\/ewf-senior-weightlifting-championships-oqc-03-11-april-2021-moscow-rus.html\">Info<\/a><\/td><td><\/td><td>&nbsp;<\/td><\/tr><tr><td>10<\/td><td>VIII Aleksander Rudolf Laane m\u00e4lestusv\u00f5istlus ja J\u00e4rvamaa MV<\/td><td>Albu<\/td><td><a href=\"http:\/\/www.tosteliit.ee\/upload\/editor\/files\/VIII_A.R.Laane_malestusvoistlus.__Jarvamaa_MV_2021%28UUS%29.docx\"><\/a><\/td><td>EDASI L\u00dcKATUD<\/td><td>&nbsp;<\/td><\/tr><tr><td>koolivaheaeg<\/td><td>ETL noorte- ja juunioride koondise ja koondise kandidaatide treeninglaager<\/td><td>&nbsp;<\/td><td>&nbsp;<\/td><td>&nbsp;<\/td><td>&nbsp;<\/td><\/tr><tr><td>25<\/td><td>EKR 3 erialane tasemekoolitus<\/td><td>Zoom<\/td><td><a href=\"http:\/\/www.tosteliit.ee\/upload\/editor\/files\/EKR_3_tasemekoolitus_250421.pdf\"><\/a><\/td><td>&nbsp;<\/td><td>&nbsp;<\/td><\/tr><tr><td><em>23-25<\/em><\/td><td><em>V Kirjanova Cup<\/em><\/td><td><em>Balvi, LAT<\/em><\/td><td>&nbsp;<\/td><td>&nbsp;<\/td><td>&nbsp;<\/td><\/tr><tr><td>&nbsp;<\/td><td><em>Turnieju im. Jana Hawrylewicza<\/em><\/td><td><em>Siedlice, POL<\/em><\/td><td>&nbsp;<\/td><td>&nbsp;<\/td><td>&nbsp;<\/td><\/tr><tr><td><strong>Mai<\/strong><\/td><td>&nbsp;<\/td><td>&nbsp;<\/td><td>&nbsp;<\/td><td>&nbsp;<\/td><td>&nbsp;<\/td><\/tr><tr><td>1<\/td><td>Eesti teine<em> online-<\/em>v\u00f5istlus<\/td><td>Zoom<\/td><td><a href=\"http:\/\/www.tosteliit.ee\/upload\/editor\/files\/uuendatud_Online_voistluse_juhend_01052021.pdf\"><\/a><\/td><td><\/td><td><a href=\"https:\/\/tosteliit.ee\/wp-content\/uploads\/2022\/04\/01.05.2021_online_voistlus_tostmises14.pdf\">PROTOKOLL<\/a><\/td><\/tr><tr><td>1<\/td><td>Eesti meistriv\u00f5istlused&nbsp; <strong>U-17<\/strong><\/td><td>Albu<\/td><td>&nbsp;<\/td><td>EDASI L\u00dcKATUD<\/td><td>&nbsp;<\/td><\/tr><tr><td>7-9<\/td><td>SK Edu rahvusvaheline KV<\/td><td>Tammiku<\/td><td>&nbsp;<\/td><td>J\u00c4\u00c4B \u00c4RA<\/td><td>&nbsp;<\/td><\/tr><tr><td>16<\/td><td>Antidopingu koolitus sportlastele ja treeneritele (korraldaja EADSE)<\/td><td>Zoom<\/td><td>10:00 sportlased<br>12:00 treenerid<\/td><td>&nbsp;<\/td><td>&nbsp;<\/td><\/tr><tr><td>22<\/td><td>XIX Albu Cup<\/td><td>Albu<\/td><td>&nbsp;<\/td><td>EDASI L\u00dcKATUD<\/td><td>&nbsp;<\/td><\/tr><tr><td>23-31<\/td><td>Juunioride MM<\/td><td>Tashkent, UZB<\/td><td>&nbsp;<\/td><td>&nbsp;<\/td><td><\/td><\/tr><tr><td>30<\/td><td>ETL \u00fcmarlaua koosolek<\/td><td>Tartu\/Zoom<\/td><td><\/td><td>&nbsp;<\/td><td>&nbsp;<\/td><\/tr><tr><td>&nbsp;<\/td><td><em>Kaliningrad Cup<\/em><\/td><td><em>Kaliningrad, RUS<\/em><\/td><td>&nbsp;<\/td><td>&nbsp;<\/td><td>&nbsp;<\/td><\/tr><tr><td><strong>Juuni<\/strong><\/td><td>&nbsp;<\/td><td>&nbsp;<\/td><td>&nbsp;<\/td><td>&nbsp;<\/td><td>&nbsp;<\/td><\/tr><tr><td><strong>13<\/strong><\/td><td><strong>Estonian WF annual meeting<\/strong><\/td><td>Tartu<\/td><td><a href=\"http:\/\/www.tosteliit.ee\/upload\/editor\/files\/13.06.2021_yldkoosolek_v2%281%29.pdf\"><\/a><\/td><td>&nbsp;<\/td><td>&nbsp;<\/td><\/tr><tr><td>14<\/td><td>ATSIST ETSIKS<\/td><td>Abja-Paluoja<\/td><td><a href=\"http:\/\/www.tosteliit.ee\/upload\/editor\/files\/ATSIST_ETSIKS_2021_juhend.pdf\"><\/a><\/td><td>&nbsp;<\/td><td><a href=\"http:\/\/www.tosteliit.ee\/upload\/editor\/files\/Atsist_Etsiks_protokoll.pdf\"><\/a><a href=\"https:\/\/tosteliit.ee\/wp-content\/uploads\/2022\/04\/Atsist_Etsiks_protokoll.pdf\">PROTOKOLL<\/a><\/td><\/tr><tr><td>19<\/td><td>V Kalev Pensa m\u00e4lestusv\u00f5istlus<\/td><td>Melliste<\/td><td><a href=\"http:\/\/www.tosteliit.ee\/upload\/editor\/files\/juhend_KalevPensa-V-Malestusvoistlused2021.doc\"><\/a><\/td><td><\/td><td><a href=\"https:\/\/tosteliit.ee\/wp-content\/uploads\/2022\/04\/V_Kalev_Pensa3.xls\">PROTOKOLL<\/a><\/td><\/tr><tr><td>19<\/td><td>Tartumaa MV<\/td><td>Melliste<\/td><td><a href=\"http:\/\/www.tosteliit.ee\/upload\/editor\/files\/guide_210619_TartumaaMV.doc\"><\/a><\/td><td>&nbsp;<\/td><td>&nbsp;<\/td><\/tr><tr><td><strong>26<\/strong><\/td><td><strong>Eesti meistriv\u00f5istlused&nbsp; U-17<\/strong><\/td><td><strong>Albu<\/strong><\/td><td><a href=\"http:\/\/www.tosteliit.ee\/upload\/editor\/files\/U17_EMV_juhend_kinnitatud%281%29.pdf\"><\/a><\/td><td><\/td><td><a href=\"http:\/\/www.tosteliit.ee\/upload\/editor\/files\/U17_EMV_26.06.2021_uus%281%29.xlsx\"><\/a><a href=\"https:\/\/tosteliit.ee\/wp-content\/uploads\/2022\/04\/U17_EMV_26.06.2021_uus16.xlsx\">PROTOKOLL<\/a><\/td><\/tr><tr><td><strong>Juuli<\/strong><\/td><td>&nbsp;<\/td><td>&nbsp;<\/td><td>&nbsp;<\/td><td>&nbsp;<\/td><td>&nbsp;<\/td><\/tr><tr><td>2-4<\/td><td>Leedu v\u00f5istlus<\/td><td>Tel\u0161iai, LTU<\/td><td>&nbsp;<\/td><td>&nbsp;<\/td><td><a href=\"https:\/\/tosteliit.ee\/wp-content\/uploads\/2022\/04\/Leedu_voistlus3.pdf\">PROTOKOLL<\/a><\/td><\/tr><tr><td>3<\/td><td>Tartu linna MV<\/td><td>Tartu<\/td><td><a href=\"http:\/\/www.tosteliit.ee\/upload\/editor\/files\/Tartu_linna_MV_tostmises_2021.pdf\"><\/a><\/td><td><\/td><td><a href=\"https:\/\/tosteliit.ee\/wp-content\/uploads\/2022\/04\/Tartu_linna_MV_tostmises_PROTOKOLL6.pdf\">PROTOKOLL<\/a><\/td><\/tr><tr><td>9-11<\/td><td>XIX Albu Cup<\/td><td>Albu<\/td><td><a href=\"http:\/\/www.tosteliit.ee\/upload\/editor\/files\/XIX_ALBU_CUP_2021_juhend_uus.doc\"><\/a><\/td><td><\/td><td><a href=\"https:\/\/tosteliit.ee\/wp-content\/uploads\/2022\/04\/Albu_Cup_2021_loplik5.xlsx\">PROTOKOLL<\/a><\/td><\/tr><tr><td><strong>24<\/strong><\/td><td><strong>Eesti meistriv\u00f5istlused&nbsp; U-15<\/strong><\/td><td><strong>Tartu<\/strong><\/td><td><a href=\"http:\/\/www.tosteliit.ee\/upload\/editor\/files\/U15_EMV_juhend_%281%29.pdf\"><\/a><\/td><td><\/td><td><a href=\"https:\/\/tosteliit.ee\/wp-content\/uploads\/2022\/04\/EMV_U15_PROTOKOLL17.xls\">PROTOKOLL<\/a><\/td><\/tr><tr><td>23.07 &#8211; 08.08<\/td><td>OL\u00dcMPIAM\u00c4NGUD<\/td><td>Tokyo, JPN<\/td><td>&nbsp;<\/td><td>&nbsp;<\/td><td>&nbsp;<\/td><\/tr><tr><td><strong>August<\/strong><\/td><td>&nbsp;<\/td><td>&nbsp;<\/td><td>&nbsp;<\/td><td>&nbsp;<\/td><td>&nbsp;<\/td><\/tr><tr><td>&nbsp;<\/td><td><em>Ludza linna aastap\u00e4eva v\u00f5istlus<\/em><\/td><td><em>Ludza, LAT<\/em><\/td><td>&nbsp;<\/td><td>&nbsp;<\/td><td>&nbsp;<\/td><\/tr><tr><td>13-15<\/td><td>IX Vladimir Ba\u0161kirovi m\u00e4lestusv\u00f5istlus<\/td><td>Tartu<\/td><td><a href=\"http:\/\/www.tosteliit.ee\/upload\/editor\/files\/VB_MV_%28eesti%29_2021.pdf\"><\/a><\/td><td><\/td><td><a href=\"https:\/\/tosteliit.ee\/wp-content\/uploads\/2022\/04\/IX_V._Bashkirov_Memorial_202127.pdf\">PROTOKOLL<\/a><\/td><\/tr><tr><td>20-27<\/td><td>U15 &amp; U17 EM<\/td><td>POL<\/td><td><a href=\"https:\/\/www.ewfed.com\/ewf-youth--u15-weightlifting-championships-20-27-august-2021-pol.html\">Info<\/a><\/td><td><a href=\"https:\/\/ewfces.com\/finalentrylist.php?id=34&amp;comp=42\">U15 sportlased<\/a><br><a href=\"https:\/\/ewfces.com\/finalentrylist.php?id=34&amp;comp=43\">U17 sportlased<\/a><\/td><td>&nbsp;<\/td><\/tr><tr><td>27<\/td><td>XV Sakala m\u00e4ngud<\/td><td>Abja-Paluoja<\/td><td><a href=\"http:\/\/www.tosteliit.ee\/upload\/editor\/files\/XV_Sakala_mangude_tostmise_juhend.docx\"><\/a><\/td><td>&nbsp;<\/td><td><a href=\"https:\/\/tosteliit.ee\/wp-content\/uploads\/2022\/06\/XV_Sakala_mangud3.xls\">PROTOKOLL<\/a><\/td><\/tr><tr><td>&nbsp;<\/td><td><em>Ventspils Cup<\/em><\/td><td><em>Ventspils, LAT<\/em><\/td><td>&nbsp;<\/td><td>&nbsp;<\/td><td>&nbsp;<\/td><\/tr><tr><td><strong>September<\/strong><\/td><td>&nbsp;<\/td><td>&nbsp;<\/td><td>&nbsp;<\/td><td>&nbsp;<\/td><td>&nbsp;<\/td><\/tr><tr><td><em>2-6<\/em><\/td><td>31st International Weightlifting Tournament in Paneve\u017eys<\/td><td><em>Paneve\u017eis, LTU<\/em><\/td><td><a href=\"http:\/\/www.tosteliit.ee\/upload\/editor\/files\/Panevezis.pdf\"><\/a><\/td><td>&nbsp;<\/td><td><a href=\"https:\/\/tosteliit.ee\/wp-content\/uploads\/2022\/06\/Leedu_voistlus3.pdf\">PROTOKOLL<\/a><\/td><\/tr><tr><td>2<\/td><td>*Kohtunike kiirkoolitus (EMV-le eelnev)<\/td><td>Zoom<\/td><td>20:00<\/td><td><a href=\"http:\/\/www.tosteliit.ee\/Kohtunikule\">LINK<\/a><\/td><td>&nbsp;<\/td><\/tr><tr><td><strong>4<\/strong><\/td><td><strong>100. Eesti meistriv\u00f5istlused<\/strong><\/td><td><strong>Tartu, L\u00f5unakeskus<\/strong><\/td><td><a href=\"http:\/\/www.tosteliit.ee\/upload\/editor\/files\/EMV_juhend_2021%281%29.pdf\"><\/a><\/td><td><a href=\"http:\/\/www.tosteliit.ee\/upload\/editor\/files\/EMV_reg_sportlased.pdf\">Reg. sportlased<\/a><br><a href=\"http:\/\/www.tosteliit.ee\/upload\/editor\/files\/Spordivoistluste_korraldamine_alates_26.08.2021%281%29.pdf\">Sp.v\u00f5istluste juhend<\/a><\/td><td><a href=\"http:\/\/www.tosteliit.ee\/upload\/editor\/files\/EMV_100_ajakava%281%29.pdf\">Ajakava<\/a><br><a href=\"http:\/\/www.tosteliit.ee\/upload\/editor\/files\/EMV_protokoll.pdf\">Grupid<\/a><br><a href=\"https:\/\/tosteliit.ee\/wp-content\/uploads\/2022\/06\/EMV_protokoll13.xls\">PROTOKOLL<\/a><\/td><\/tr><tr><td><strong>4<\/strong><\/td><td><strong>ETL 2020.a parimate autasustamine<\/strong><\/td><td><strong>Tartu, L\u00f5unakeskus<\/strong><\/td><td><a href=\"http:\/\/www.tosteliit.ee\/upload\/editor\/files\/ETL_parimad_2020.pdf\"><\/a><\/td><td>Palume kohal olla alates 19:30<\/td><td>&nbsp;<\/td><\/tr><tr><td>8-10<\/td><td>Klaipeda Grand Prix 2021<\/td><td>Klaipeda, LTU<\/td><td><a href=\"http:\/\/www.tosteliit.ee\/upload\/editor\/files\/2021_Grand_Prix_Klaipeda_regulations.pdf\"><\/a><\/td><td>&nbsp;<\/td><td>&nbsp;<\/td><\/tr><tr><td><em>17-18<\/em><\/td><td><em>Saldus Cup<\/em><\/td><td><em>Saldus, LAT<\/em><\/td><td>&nbsp;<\/td><td>&nbsp;<\/td><td>&nbsp;<\/td><\/tr><tr><td>24.09-3.10<\/td><td>U20 &amp; U23 EM<\/td><td>Rovaniemi, FIN<\/td><td><a href=\"https:\/\/www.ewfed.com\/ewf-junior--u23-weightlifting-championships-24-sep-3-oct-2021-rovaniemi-fin.html\">Info<\/a><\/td><td>&nbsp;<\/td><td>&nbsp;<\/td><\/tr><tr><td>25<\/td><td>Tallinna lahtised MV t\u00f5stmises<\/td><td>Sparta<\/td><td>&nbsp;<\/td><td>&nbsp;<\/td><td>&nbsp;<\/td><\/tr><tr><td><strong>Oktoober<\/strong><\/td><td>&nbsp;<\/td><td>&nbsp;<\/td><td>&nbsp;<\/td><td>&nbsp;<\/td><td>&nbsp;<\/td><\/tr><tr><td>2<\/td><td>VIII Aleksander Rudolf Laane m\u00e4lestusv\u00f5istlus ja J\u00e4rvamaa MV<\/td><td>Albu<\/td><td><a href=\"http:\/\/www.tosteliit.ee\/upload\/editor\/files\/VIII_A.R.Laane_malestusvoistlus._Jarvamaa_MV_2021_02.10.21_UUS.docx\"><\/a><\/td><td><a href=\"http:\/\/www.tosteliit.ee\/upload\/editor\/files\/VIII_A.R._Laane_mv._2021_Registreeritud%281%29.xls\">Reg.sportlased<\/a><br><a href=\"http:\/\/www.tosteliit.ee\/upload\/editor\/files\/laane_VIII_malestusvoistlused_2021_plakat%281%29.jpg\">PLAKAT<\/a><\/td><td><a href=\"https:\/\/tosteliit.ee\/wp-content\/uploads\/2022\/06\/VIII_A.R._Laane_mv._2021_Loplik4-1.xls\">PROTOKOLL<\/a><\/td><\/tr><tr><td>2-12<\/td><td>Noorte MM<\/td><td>Jeddah, KSA<\/td><td>&nbsp;<\/td><td>&nbsp;<\/td><td>&nbsp;<\/td><\/tr><tr><td>15-23<\/td><td>MASTERS EM<\/td><td>Alkmaar, NED<\/td><td>Regstreerimine kuni 15.august<\/td><td>&nbsp;<\/td><td>&nbsp;<\/td><\/tr><tr><td>16<\/td><td>J\u00f5hvi valla lahtised MV<\/td><td>Tammiku<\/td><td><a href=\"http:\/\/www.tosteliit.ee\/upload\/editor\/files\/Johvi_valla_MV_2021%282%29.docx\"><\/a><\/td><td>&nbsp;<\/td><td><a href=\"https:\/\/tosteliit.ee\/wp-content\/uploads\/2022\/06\/Johvi_valla_mv_tostmises_2021_43.xls\">PROTOKOLL<\/a><\/td><\/tr><tr><td>22<\/td><td>Tartumaa koolinoorte MV<\/td><td>Tartu<\/td><td><a href=\"http:\/\/www.tosteliit.ee\/upload\/editor\/files\/Tartumaa_koolinoored_2021_juhend.pdf\"><\/a><\/td><td>&nbsp;<\/td><td><a href=\"https:\/\/tosteliit.ee\/wp-content\/uploads\/2022\/06\/Koolinoorte_MV_tostmises_2021_protokoll2.xls\">PROTOKOLL<\/a><\/td><\/tr><tr><td>23<\/td><td>EKR 3 ja 4 treenerite erialane praktiline koolitus<\/td><td>Tartu, Madixi Spordimaja<br>Tallinn, Sparta<\/td><td><a href=\"http:\/\/www.tosteliit.ee\/upload\/editor\/files\/Erialane_praktiline_koolitus_23.10.2021.pdf\"><\/a><\/td><td>&nbsp;<\/td><td>&nbsp;<\/td><\/tr><tr><td>23-30<\/td><td>ETL noorte- ja juunioride koondise ja koondise kandidaatide treeninglaager<\/td><td>K\u00e4\u00e4riku<\/td><td><a href=\"http:\/\/www.tosteliit.ee\/upload\/editor\/files\/ETL_treeningkogunemine_23.-30.10.2021_Kaariku.pdf\"><\/a><\/td><td>&nbsp;<\/td><td>&nbsp;<\/td><\/tr><tr><td>30<\/td><td>XXXIV Tartumaa suurmeistrite KV<\/td><td>Melliste<\/td><td><a href=\"http:\/\/www.tosteliit.ee\/upload\/editor\/files\/XXXIV_Tartumaa_SM_KV_2021_JUHEND_EST.doc\"><\/a><\/td><td>&nbsp;<\/td><td><a href=\"https:\/\/tosteliit.ee\/wp-content\/uploads\/2022\/06\/Tartuma_2021SMKV5.xls\">PROTOKOLL<\/a><\/td><\/tr><tr><td>30<\/td><td>Eesti lahtised MV <strong>Masters<\/strong><\/td><td>Melliste<\/td><td><a href=\"http:\/\/www.tosteliit.ee\/upload\/editor\/files\/emv_masters_klassis_2021_juhend.pdf\"><\/a><\/td><td>&nbsp;<\/td><td><a href=\"https:\/\/tosteliit.ee\/wp-content\/uploads\/2022\/06\/Masters_EMV_20212.pdf\">PROTOKOLL<\/a><\/td><\/tr><tr><td><strong>November<\/strong><\/td><td>&nbsp;<\/td><td>&nbsp;<\/td><td>&nbsp;<\/td><td>&nbsp;<\/td><td>&nbsp;<\/td><\/tr><tr><td>6<\/td><td>Eesti meistriv\u00f5istlused&nbsp; <strong>U-20<\/strong><\/td><td>Valga<\/td><td><a href=\"http:\/\/www.tosteliit.ee\/upload\/editor\/files\/U20_EMV_juhend_2021%281%29.docx\"><\/a><\/td><td><a href=\"http:\/\/www.tosteliit.ee\/upload\/editor\/files\/EMV_U20_reg_sportlased.pdf\">Reg.sportlased<\/a><br><a href=\"http:\/\/www.tosteliit.ee\/upload\/editor\/files\/U20_EMV_2021%281%29.xls\">GRUPID &amp; AJAKAVA<\/a><\/td><td><a href=\"https:\/\/tosteliit.ee\/wp-content\/uploads\/2022\/06\/U20_EMV_2021_ja_Neuland14.xls\">PROTOKOLL<\/a><\/td><\/tr><tr><td>6<\/td><td>Alfred Neulandi m\u00e4lestusv\u00f5istlused<\/td><td>Valga<\/td><td><a href=\"http:\/\/www.tosteliit.ee\/upload\/editor\/files\/2054.Juhend_-_XXIIA.Neuland2021..rtf\"><\/a><\/td><td>&nbsp;<\/td><td>\u00a0<a href=\"https:\/\/tosteliit.ee\/wp-content\/uploads\/2022\/06\/U20_EMV_2021_ja_Neuland14.xls\">PROTOKOLL<\/a><\/td><\/tr><tr><td>13<\/td><td>EKR 3-5 treenerite tasemekoolitus<\/td><td>Tartu, Madixi Spordimaja<br>(Kaunase pst 13b)<\/td><td><a href=\"http:\/\/www.tosteliit.ee\/upload\/editor\/files\/EKR_3-5_tasemekoolitus_13.11.2021.pdf\"><\/a><\/td><td>&nbsp;<\/td><td>&nbsp;<\/td><\/tr><tr><td>20<\/td><td>Eestimaa Spordiliit J\u00f5ud MV<\/td><td>Albu<\/td><td><a href=\"http:\/\/www.tosteliit.ee\/upload\/editor\/files\/2021_Joud_MV_tostmises_juhend.docx\"><\/a><\/td><td><a href=\"http:\/\/www.tosteliit.ee\/upload\/editor\/files\/JOUD_MV_Albus_20.11.21%281%29.xlsx\">Grupid ja ajakava<\/a><\/td><td><a href=\"https:\/\/tosteliit.ee\/wp-content\/uploads\/2022\/06\/JOUD_MV_Albus_Loplik4.xlsx\">PROTOKOLL<\/a><\/td><\/tr><tr><td>21<\/td><td>Kohtunike koolitus<\/td><td>Zoom<\/td><td><a href=\"http:\/\/www.tosteliit.ee\/upload\/editor\/files\/Kohtunike_koolitus_21.11.2021_Zoom.pdf\"><\/a><\/td><td>&nbsp;<\/td><td>&nbsp;<\/td><\/tr><tr><td>&nbsp;<\/td><td><em>Memoria\u0142 A.Matusiaka i J. Ostrowskiego<\/em><\/td><td><em>Ciechan\u00f3w, POL<\/em><\/td><td>&nbsp;<\/td><td>&nbsp;<\/td><td>&nbsp;<\/td><\/tr><tr><td><strong>Detsember<\/strong><\/td><td>&nbsp;<\/td><td>&nbsp;<\/td><td>&nbsp;<\/td><td>&nbsp;<\/td><td>&nbsp;<\/td><\/tr><tr><td>5<\/td><td>Estonian WF annual meeting<\/td><td>Tartu<\/td><td><a href=\"http:\/\/www.tosteliit.ee\/upload\/editor\/files\/ETL_2.yldkoosolek_05.12.2021_Tartu.pdf\"><\/a><\/td><td>&nbsp;<\/td><td>&nbsp;<\/td><\/tr><tr><td>5<\/td><td>ETL KUTSEKOMISJON<\/td><td>Tartu, Madixi Spordimaja<\/td><td>Kell 13:00<\/td><td>&nbsp;<\/td><td>&nbsp;<\/td><\/tr><tr><td>7-17<\/td><td>Maailmameistriv\u00f5istlused<\/td><td>Tashkent, UZB<\/td><td>&nbsp;<\/td><td>&nbsp;<\/td><td>&nbsp;<\/td><\/tr><tr><td>11<\/td><td>EMV <strong>v\u00f5istkondlik<br><br>EMV \u00fcksikt\u00f5sted<\/strong><\/td><td>Melliste<\/td><td><a href=\"http:\/\/www.tosteliit.ee\/upload\/editor\/files\/EMV_voistkondlik_juhend_2021.docx\"><\/a><br><a href=\"http:\/\/www.tosteliit.ee\/upload\/editor\/files\/EMV_yksiktosted_juhend_2021.docx\"><\/a><\/td><td><a href=\"http:\/\/www.tosteliit.ee\/upload\/editor\/files\/EMV_voistkondlik_ja_yksiktosted_eelreg.sportlased.pdf\">Eelreg. sportlased<\/a><br><br><a href=\"http:\/\/www.tosteliit.ee\/upload\/editor\/files\/GRUPID.pdf\">GRUPID &amp; AJAKAVA<\/a><\/td><td><a href=\"https:\/\/tosteliit.ee\/wp-content\/uploads\/2022\/06\/Voistkondlik_EMV_2021_PROTOKOLL4.xls\">V\u00d5ISTKONDLIK<\/a><br><br><a href=\"https:\/\/tosteliit.ee\/wp-content\/uploads\/2022\/06\/EMV_yksiktosted_2021_PROTOKOLL3.xls\">\u00dcKSIKT\u00d5STED<\/a><\/td><\/tr><tr><td><strong>18<\/strong><\/td><td><strong>Eesti meistriv\u00f5istlused U-13<\/strong><\/td><td><strong>Tartu<\/strong><\/td><td><a href=\"http:\/\/www.tosteliit.ee\/upload\/editor\/files\/U13_EMV_juhend_.pdf\"><\/a><\/td><td><a href=\"http:\/\/www.tosteliit.ee\/upload\/editor\/files\/U13_EMV_eelreg_07122021.pdf\">Eelreg. sportlased<\/a><br><br><a href=\"http:\/\/www.tosteliit.ee\/upload\/editor\/files\/EMV_U13_2021_PROTOKOLL.xls\">Grupid ja ajakava<\/a><\/td><td><a href=\"https:\/\/tosteliit.ee\/wp-content\/uploads\/2022\/06\/EMV_U13_2021_PROTOKOLL17.xls\">PROTOKOLL<\/a><\/td><\/tr><tr><td>&nbsp;<\/td><td><em>Klaipeda Grand Prix<\/em><\/td><td><em>Klaipeda, LIT<\/em><\/td><td>&nbsp;<\/td><td>&nbsp;<\/td><td>&nbsp;<\/td><\/tr><tr><td>24-25<\/td><td><em>New Years Cup<\/em><\/td><td><em>Dobele, LAT<\/em><\/td><td><a href=\"http:\/\/www.tosteliit.ee\/upload\/editor\/files\/Vecgada_kauss_2021.pdf\"><\/a><\/td><td>&nbsp;<\/td><td><a href=\"https:\/\/tosteliit.ee\/wp-content\/uploads\/2022\/06\/vECGADA_KAUSS_202111.xls\">PROTOKOLL<\/a><\/td><\/tr><\/tbody><\/table><\/figure>","protected":false},"excerpt":{"rendered":"<p>ETL 2021.a&nbsp; v\u00f5istluskalender&nbsp;NB! Kui soovite kalendrisse v\u00f5istlusi lisada, siis palun tehke seda hiljemalt 2 n\u00e4dalat enne v\u00f5istluse toimumist kirjalikult, saates v\u00f5istluse nime, toimumise kuup\u00e4eva ja koha (v\u00f5imalusel ka juhendi) aadressile info@etl.eeKui v\u00f5istlust kalendris ei ole, siis selle tulemusi ei arvestata.&nbsp; &nbsp;&nbsp;&nbsp;&nbsp;&nbsp;&nbsp;&nbsp;&nbsp;&nbsp;&nbsp;&nbsp;&nbsp;&nbsp;&nbsp;&nbsp;&nbsp;&nbsp;&nbsp;&nbsp;&nbsp; &nbsp;&nbsp;&nbsp;&nbsp;&nbsp;&nbsp;&nbsp;&nbsp;&nbsp;&nbsp;&nbsp;&nbsp;&nbsp;&nbsp;&nbsp;&nbsp;&nbsp;&nbsp;&nbsp;&nbsp;&nbsp;&nbsp;&nbsp;&nbsp;&nbsp;&nbsp;&nbsp;&nbsp;&nbsp;&nbsp;&nbsp;&nbsp;&nbsp; 2021.a. V\u00f5istluse nimetus Koht Juhend Kava Protokoll Jaanuar &nbsp; &nbsp; &nbsp; &nbsp; &nbsp; [&hellip;]<\/p>\n","protected":false},"author":1,"featured_media":0,"parent":0,"menu_order":0,"comment_status":"closed","ping_status":"closed","template":"","meta":{"_mc_calendar":[],"footnotes":""},"class_list":["post-895","page","type-page","status-publish","hentry","entry"],"_links":{"self":[{"href":"https:\/\/tosteliit.ee\/en\/wp-json\/wp\/v2\/pages\/895","targetHints":{"allow":["GET"]}}],"collection":[{"href":"https:\/\/tosteliit.ee\/en\/wp-json\/wp\/v2\/pages"}],"about":[{"href":"https:\/\/tosteliit.ee\/en\/wp-json\/wp\/v2\/types\/page"}],"author":[{"embeddable":true,"href":"https:\/\/tosteliit.ee\/en\/wp-json\/wp\/v2\/users\/1"}],"replies":[{"embeddable":true,"href":"https:\/\/tosteliit.ee\/en\/wp-json\/wp\/v2\/comments?post=895"}],"version-history":[{"count":4,"href":"https:\/\/tosteliit.ee\/en\/wp-json\/wp\/v2\/pages\/895\/revisions"}],"predecessor-version":[{"id":1281,"href":"https:\/\/tosteliit.ee\/en\/wp-json\/wp\/v2\/pages\/895\/revisions\/1281"}],"wp:attachment":[{"href":"https:\/\/tosteliit.ee\/en\/wp-json\/wp\/v2\/media?parent=895"}],"curies":[{"name":"wp","href":"https:\/\/api.w.org\/{rel}","templated":true}]}}