{"id":899,"date":"2022-03-27T10:24:34","date_gmt":"2022-03-27T10:24:34","guid":{"rendered":"https:\/\/tosteliit.ee\/?page_id=899"},"modified":"2022-06-14T07:32:42","modified_gmt":"2022-06-14T07:32:42","slug":"kalender-2020","status":"publish","type":"page","link":"https:\/\/tosteliit.ee\/en\/kalender-2020\/","title":{"rendered":"Kalender 2020"},"content":{"rendered":"<p><em><strong>ETL 2020.a&nbsp; v\u00f5istluskalender<em>&nbsp;&nbsp;&nbsp;&nbsp;&nbsp;&nbsp;&nbsp;&nbsp;&nbsp;&nbsp;&nbsp;&nbsp;&nbsp;&nbsp;&nbsp;&nbsp;&nbsp;&nbsp;&nbsp;&nbsp;&nbsp;&nbsp;&nbsp;&nbsp;&nbsp;&nbsp;&nbsp;&nbsp;&nbsp;&nbsp;&nbsp;&nbsp;&nbsp;&nbsp;&nbsp;&nbsp;&nbsp;&nbsp;&nbsp;&nbsp;&nbsp;&nbsp;&nbsp; <\/em><\/strong>Kinnitatud juhatuse 8.02.2020 otsusega nr 69<\/em><br><\/p>\n\n\n\n<div class=\"wp-block-file\"><\/div>\n\n\n\n<figure class=\"wp-block-table is-style-stripes\"><table><tbody><tr><td><strong>2020.a.<\/strong><\/td><td><strong>V\u00f5istluse nimetus<\/strong><\/td><td><strong>Koht<\/strong><\/td><td><strong>Protokoll<\/strong><\/td><\/tr><tr><td><strong>Jaanuar<\/strong><\/td><td>&nbsp;<\/td><td>&nbsp;<\/td><td>&nbsp;<\/td><\/tr><tr><td>4<\/td><td>Atsist &#8211; Etsiks<\/td><td>Abja-Paluoja<\/td><td><a href=\"https:\/\/tosteliit.ee\/wp-content\/uploads\/2022\/06\/Atsist-Etsiks__2020_tostmise_protokoll1.pdf\">PROTOKOLL<\/a><br><a href=\"https:\/\/tosteliit.ee\/wp-content\/uploads\/2022\/06\/Atsist-Etsiks_2020_kergej.protokoll1.pdf\">PROTOKOLL<\/a><\/td><\/tr><tr><td>11<\/td><td>IV Kalev Pensa m\u00e4lestusv\u00f5istlus<\/td><td>K\u00f5rvek\u00fcla<\/td><td><a href=\"https:\/\/tosteliit.ee\/wp-content\/uploads\/2022\/06\/IV-Kalev-Pensa-MV.xlsx\">PROTOKOLL<\/a><\/td><\/tr><tr><td>11<\/td><td>Tartumaa lahtised MV<\/td><td>K\u00f5rvek\u00fcla<\/td><td>&nbsp;<\/td><\/tr><tr><td>25<\/td><td>Eesti lahtised MV <strong>Masters<\/strong><\/td><td>Aravete<\/td><td><a href=\"https:\/\/tosteliit.ee\/wp-content\/uploads\/2022\/06\/Eesti_veteranide_MV_2020_ja_XII_Mati_Kulmu_MV_2020_protokoll_PARANDATUD1.xls\">PROTOKOLL<\/a><\/td><\/tr><tr><td>25<\/td><td>12. Mati Kulmu m\u00e4lestusv\u00f5istlus<\/td><td>Aravete<\/td><td><\/td><\/tr><tr><td>&nbsp;<\/td><td><em>V. Petrovs Cup<\/em><\/td><td><em>Daugavpils, LAT<\/em><\/td><td>&nbsp;<\/td><\/tr><tr><td><strong>Veebruar<\/strong><\/td><td>&nbsp;<\/td><td>&nbsp;<\/td><td>&nbsp;<\/td><\/tr><tr><td>1<\/td><td>T\u00f5stetreenerite 3. taseme koolitus<\/td><td>Paide<\/td><td><a href=\"http:\/\/maaspordikeskus.ee\/?page_id=11\"><\/a><\/td><\/tr><tr><td>2<\/td><td>Maalehe Turniir, demonstratsioon- esinemine t\u00f5stmises<\/td><td>Paide<\/td><td><a href=\"http:\/\/maaspordikeskus.ee\/?page_id=11\"><\/a><\/td><\/tr><tr><td>8<\/td><td>J\u00f5hvi valla lahtised noorte MV<\/td><td>Tammiku<\/td><td><a href=\"https:\/\/tosteliit.ee\/wp-content\/uploads\/2022\/06\/Johvi_valla_noorte_mv_tostmises_20201.xls\">PROTOKOLL<\/a><\/td><\/tr><tr><td>9<\/td><td>ETL n\u00f5ukogude koosolek<\/td><td>Pirita Marina Hotell<\/td><td>&nbsp;<\/td><\/tr><tr><td>9<\/td><td>ETL 2019 a. parimate autasustamine<\/td><td>Pirita Marina Hotell<\/td><td>&nbsp;<\/td><\/tr><tr><td>22<\/td><td>VII Aleksander Rudolf Laane m\u00e4lestusv\u00f5istlus ja J\u00e4rvamaa MV<\/td><td>Albu<\/td><td><a href=\"https:\/\/tosteliit.ee\/wp-content\/uploads\/2022\/06\/VII_A.R._Laane_mv._2020_LOPLIK.xls\">PROTOKOLL<\/a><\/td><\/tr><tr><td>23<\/td><td>T\u00f5stekohtuniku koolitus<\/td><td>Madixi Spordimaja<\/td><td>&nbsp;<\/td><\/tr><tr><td>23-29<\/td><td>ETL treeninglaager<\/td><td>Abja-Paluoja<\/td><td>&nbsp;<\/td><\/tr><tr><td><strong>M\u00e4rts<\/strong><\/td><td>&nbsp;<\/td><td>&nbsp;<\/td><td>&nbsp;<\/td><\/tr><tr><td>7<\/td><td><strong>Eesti MV<\/strong><\/td><td>Melliste<\/td><td><a href=\"https:\/\/tosteliit.ee\/wp-content\/uploads\/2022\/06\/Eesti_MV_2020_Melliste.xls\">PROTOKOLL<\/a><\/td><\/tr><tr><td>13-15<\/td><td><em>Tel\u0161iai rahvusvaheline t\u00f5stmisturniir<\/em><\/td><td><em>Tel\u0161iai, LIT<\/em><\/td><td><a href=\"https:\/\/eok.ee\/organisatsioon\/uudised\/eok-ja-spordimeditsiini-sa-poordumine-spordirahva-poole\">COVID-19<\/a><\/td><\/tr><tr><td>15<\/td><td>ETL \u00fcldkoosolek<\/td><td>Pirita Marina Hotell<\/td><td><a href=\"https:\/\/eok.ee\/organisatsioon\/uudised\/eok-ja-spordimeditsiini-sa-poordumine-spordirahva-poole\">COVID-19<\/a><\/td><\/tr><tr><td>14-20<\/td><td>Juuniorite MM<\/td><td>Bucharest, ROU<\/td><td><a href=\"https:\/\/www.iwf.net\/2020\/02\/29\/2020-iwf-junior-world-championships-bucharest-rou-cancelled\/\">COVID-19<\/a><\/td><\/tr><tr><td>21<\/td><td>EMSL J\u00f5ud MV<\/td><td>Melliste<\/td><td><a href=\"https:\/\/eok.ee\/organisatsioon\/uudised\/eok-ja-spordimeditsiini-sa-poordumine-spordirahva-poole\">COVID-19<\/a><\/td><\/tr><tr><td><em>20-22<\/em><\/td><td><em>XXIII Soroksar Cup<\/em><\/td><td><em>Budapest, HUN<\/em><\/td><td><a href=\"https:\/\/eok.ee\/organisatsioon\/uudised\/eok-ja-spordimeditsiini-sa-poordumine-spordirahva-poole\">COVID-19<\/a><\/td><\/tr><tr><td>28<\/td><td>EMV <strong>U-13<\/strong><\/td><td>Viljandi<\/td><td><a href=\"https:\/\/eok.ee\/organisatsioon\/uudised\/eok-ja-spordimeditsiini-sa-poordumine-spordirahva-poole\">COVID-19<\/a><\/td><\/tr><tr><td><strong>Aprill<\/strong><\/td><td>&nbsp;<\/td><td>&nbsp;<\/td><td>&nbsp;<\/td><\/tr><tr><td>2, 4-12<\/td><td>EWF Electoral Kongress, EM<\/td><td>Moskva, RUS<\/td><td><a href=\"http:\/\/www.tosteliit.ee\/upload\/editor\/files\/EB_Decision_on_10_March_2020.pdf\">COVID-19<\/a><\/td><\/tr><tr><td>11<\/td><td>Eesti MV&nbsp; <strong>U-17<\/strong><\/td><td>Albu<\/td><td><a href=\"https:\/\/eok.ee\/organisatsioon\/uudised\/eok-ja-spordimeditsiini-sa-poordumine-spordirahva-poole\">COVID-19<\/a><\/td><\/tr><tr><td><em>24-26<\/em><\/td><td><em>V Kirjanova Cup<\/em><\/td><td><em>Balvi, LAT<\/em><\/td><td><a href=\"https:\/\/eok.ee\/organisatsioon\/uudised\/eok-ja-spordimeditsiini-sa-poordumine-spordirahva-poole\">COVID-19<\/a><\/td><\/tr><tr><td>17-25<\/td><td>ETL treeninglaager<\/td><td>Abja-Paluoja<\/td><td><a href=\"https:\/\/eok.ee\/organisatsioon\/uudised\/eok-ja-spordimeditsiini-sa-poordumine-spordirahva-poole\">COVID-19<\/a><\/td><\/tr><tr><td>&nbsp;<\/td><td><em>Turnieju im. Jana Hawrylewicza<\/em><\/td><td><em>Siedlice, POL<\/em><\/td><td><a href=\"https:\/\/eok.ee\/organisatsioon\/uudised\/eok-ja-spordimeditsiini-sa-poordumine-spordirahva-poole\">COVID-19<\/a><\/td><\/tr><tr><td><strong>Mai<\/strong><\/td><td>&nbsp;<\/td><td>&nbsp;<\/td><td>&nbsp;<\/td><\/tr><tr><td>2<\/td><td>SK Edu rahvusvaheline KV<\/td><td>Tammiku<\/td><td>&nbsp;<\/td><\/tr><tr><td><em>14-17<\/em><\/td><td><em>Moldova rahvusvaheline v\u00f5istlus<\/em><\/td><td><em>MLD<\/em><\/td><td>&nbsp;<\/td><\/tr><tr><td>9<\/td><td>Tartumaa koolinoored<\/td><td>Madixi Spordimaja<\/td><td>Edasi l\u00fckatud!<\/td><\/tr><tr><td>31<\/td><td>ETL \u00fcldkoosolek<\/td><td>e-keskkond<\/td><td>&nbsp;<\/td><\/tr><tr><td><strong>Juuni<\/strong><\/td><td>&nbsp;<\/td><td>&nbsp;<\/td><td>&nbsp;<\/td><\/tr><tr><td>8<\/td><td>T\u00f5stesportlaste m\u00e4lestusp\u00e4ev<\/td><td>Eesti<\/td><td>&nbsp;<\/td><\/tr><tr><td>10-12<\/td><td>EWF Electoral Kongress<\/td><td>Moskva, RUS<\/td><td>&nbsp;<\/td><\/tr><tr><td>13-21<\/td><td>EM<\/td><td>Moskva, RUS<\/td><td>&nbsp;<\/td><\/tr><tr><td>12-14<\/td><td>XVIII Albu Cup<\/td><td>Albu<\/td><td>&nbsp;<\/td><\/tr><tr><td>13-20<\/td><td>ETL treeninglaager<\/td><td>&nbsp;<\/td><td>&nbsp;<\/td><\/tr><tr><td>23<\/td><td>100.a. ol\u00fcmpiav\u00f5idust, ol\u00fcmpiap\u00e4ev<br>ja v\u00f5idutule s\u00fc\u00fctamine<\/td><td>A.Neulandi m\u00e4lestusm\u00e4rk, Valga<\/td><td>&nbsp;<\/td><\/tr><tr><td><strong>Juuli<\/strong><\/td><td>&nbsp;<\/td><td>&nbsp;<\/td><td>&nbsp;<\/td><\/tr><tr><td>4<\/td><td>Tartu linna meistriv\u00f5istlused<\/td><td>Tartu, Madixi Spordimaja<\/td><td><a href=\"https:\/\/tosteliit.ee\/wp-content\/uploads\/2022\/06\/PROTOKOLL_Tartu_linna_MV_2020.pdf\">PROTOKOLL<\/a><\/td><\/tr><tr><td>4<\/td><td><em>Tel\u0161iai rahvusvaheline t\u00f5stmisturniir<\/em><\/td><td><em>Tel\u0161iai, LIT<\/em><\/td><td><a href=\"https:\/\/tosteliit.ee\/wp-content\/uploads\/2022\/06\/Telshai_Nepriklausomybes_taure_2020m_Telshiai-1.pdf\">PROTOKOLL<\/a><\/td><\/tr><tr><td>6-12<\/td><td>ETL treeninglaager<\/td><td>&nbsp;<\/td><td>&nbsp;<\/td><\/tr><tr><td><strong>August<\/strong><\/td><td>&nbsp;<\/td><td>&nbsp;<\/td><td>&nbsp;<\/td><\/tr><tr><td>1<\/td><td>Tartumaa koolinoorte MV t\u00f5stmises<\/td><td>Tartu, Madixi Spordimaja<\/td><td><a href=\"https:\/\/tosteliit.ee\/wp-content\/uploads\/2022\/06\/Tartumaa_koolinoorte_MV_tostmine_protokoll_2020.pdf\">PROTOKOLL<\/a><\/td><\/tr><tr><td><em>7-9<\/em><\/td><td><em>V Kirjanov Cup<\/em><\/td><td>Balvi, LAT<\/td><td><a href=\"https:\/\/tosteliit.ee\/wp-content\/uploads\/2022\/06\/Balvi_2020_Protokollid.xlsx\">PROTOKOLL<\/a><\/td><\/tr><tr><td><strong>21<\/strong><\/td><td><strong>ETL \u00dcldkoosolek<\/strong><\/td><td>Pirita Marina Hotell<\/td><td>&nbsp;<\/td><\/tr><tr><td>28-30<\/td><td>Ventspils Cup<\/td><td>Ventspils, LAT<\/td><td><a href=\"https:\/\/tosteliit.ee\/wp-content\/uploads\/2022\/06\/Venstpils_kauss_2020.pdf\">PROTOKOLL<\/a><\/td><\/tr><tr><td><strong>September<\/strong><\/td><td>&nbsp;<\/td><td>&nbsp;<\/td><td>&nbsp;<\/td><\/tr><tr><td><em>4-6<\/em><\/td><td><em>Tartutinis turniras<\/em><\/td><td><em>Paneve\u017eis, LTU<\/em><\/td><td><a href=\"https:\/\/tosteliit.ee\/wp-content\/uploads\/2022\/06\/Panevezis_Leedu1.pdf\">PROTOKOLL<\/a><\/td><\/tr><tr><td><em>10-12<\/em><\/td><td><em>Klaipeda Grand Prix 2020<\/em><\/td><td><em>Klaipeda, LTU<\/em><\/td><td><a href=\"https:\/\/tosteliit.ee\/wp-content\/uploads\/2022\/06\/Grand_prix_2020_protokolas.pdf\">PROTOKOLL<\/a><\/td><\/tr><tr><td>12-20<\/td><td>EM U20; U23<\/td><td>Rovaniemi, FIN<\/td><td>&nbsp;<\/td><\/tr><tr><td><em>18-19<\/em><\/td><td>Saldus Cup<\/td><td>Saldus, LAT<\/td><td>&nbsp;<\/td><\/tr><tr><td>26<\/td><td>VIII V.Ba\u0161kirovi m\u00e4lestusv\u00f5istlus<\/td><td>Tartu, Madixi Spordimaja<\/td><td><a href=\"https:\/\/tosteliit.ee\/wp-content\/uploads\/2022\/06\/2020_Bashkirov_Memorial2.pdf\">PROTOKOLL<\/a><\/td><\/tr><tr><td><strong>Oktoober<\/strong><\/td><td>&nbsp;<\/td><td>&nbsp;<\/td><td>&nbsp;<\/td><\/tr><tr><td>3<\/td><td>XXVIII Arnold Luha\u00e4\u00e4re m\u00e4lestusv\u00f5istlus<\/td><td>Abja-Paluoja<\/td><td><a href=\"https:\/\/tosteliit.ee\/wp-content\/uploads\/2022\/06\/EMV_U15_Luhaaar.xls\">PROTOKOLL<\/a><\/td><\/tr><tr><td>3<\/td><td>Eesti MV&nbsp; <strong>U-15<\/strong><\/td><td>Abja-Paluoja<\/td><td><a href=\"https:\/\/tosteliit.ee\/wp-content\/uploads\/2022\/06\/EMV_U15_Luhaaar.xls\">PROTOKOLL<\/a><\/td><\/tr><tr><td>10<\/td><td>J\u00f5hvi valla lahtised MV<\/td><td>Tammiku<\/td><td><a href=\"https:\/\/tosteliit.ee\/wp-content\/uploads\/2022\/06\/Johvi_valla_mv_tostmises_20201.xls\">PROTOKOLL<\/a><\/td><\/tr><tr><td><em>10<\/em><\/td><td><em>\u017demaitijos Taure 2020<\/em><\/td><td><em>Deca\u017eiai, LIT<\/em><\/td><td><br><br>&nbsp;<\/td><\/tr><tr><td><strong>11<\/strong><\/td><td><strong>ETL \u00dcldkoosolek<\/strong><\/td><td><strong>Tartu<\/strong><\/td><td>&nbsp;<\/td><\/tr><tr><td>31<\/td><td>XXXII Tartumaa suurmeistrite KV<\/td><td>Melliste<\/td><td><a href=\"https:\/\/tosteliit.ee\/wp-content\/uploads\/2022\/06\/XXXIII_Tartumaa_SMKV1.xls\">PROTOKOLL<\/a><\/td><\/tr><tr><td>31<\/td><td>EMSL J\u00f5ud MV<\/td><td>Melliste<\/td><td><a href=\"https:\/\/tosteliit.ee\/wp-content\/uploads\/2022\/06\/2020_JOUD_MSL_1.xls\">PROTOKOLL<\/a><\/td><\/tr><tr><td>&nbsp;<\/td><td>EM U15; U17<\/td><td>Varssav, POL<\/td><td>&nbsp;<\/td><\/tr><tr><td>22-25<\/td><td>17th International Women&#8217;s Grand Prix<\/td><td>Dudelange, LUX<\/td><td>&nbsp;<\/td><\/tr><tr><td><em>29-31<\/em><\/td><td><em>Power Cup<\/em><\/td><td><em>Pihkva, RUS<\/em><\/td><td>&nbsp;<\/td><\/tr><tr><td><strong>November<\/strong><\/td><td>&nbsp;<\/td><td>&nbsp;<\/td><td>&nbsp;<\/td><\/tr><tr><td>31.10-08.11<\/td><td>EM<\/td><td>Moskva<\/td><td>&nbsp;<\/td><\/tr><tr><td>7<\/td><td>Eesti MV&nbsp; <strong>U-20<\/strong><\/td><td>Valga<\/td><td><a href=\"https:\/\/tosteliit.ee\/wp-content\/uploads\/2022\/06\/U20_EMV___A._Neuland_protokoll_091120201.pdf\">PROTOKOLL<\/a><\/td><\/tr><tr><td>7<\/td><td>Alfred Neulandi m\u00e4lestusv\u00f5istlused<\/td><td>Valga<\/td><td><a href=\"https:\/\/tosteliit.ee\/wp-content\/uploads\/2022\/06\/A._Neuland_protokoll_09112020.pdf\">PROTOKOLL<\/a><\/td><\/tr><tr><td>8<\/td><td>Online v\u00f5istluste korraldamine, osav\u00f5tt, erip\u00e4ra, varustus<\/td><td>E-koolitus<\/td><td>&nbsp;<\/td><\/tr><tr><td>14-15<\/td><td>T\u00f5stetreenerite EKR 3-5<br>erialane tasemekoolitus<\/td><td>Madixi Spordimaja Tartu<\/td><td>&nbsp;<\/td><\/tr><tr><td>11-18<\/td><td>MM U15; U17<\/td><td>Lima, Peru<\/td><td>&nbsp;<\/td><\/tr><tr><td>21<\/td><td>Eesti MV&nbsp; <strong>U-17<\/strong><\/td><td>Albu<\/td><td><a href=\"https:\/\/tosteliit.ee\/wp-content\/uploads\/2022\/06\/EESTI_U17_MV_LOPLIK1.xlsx\">PROTOKOLL<\/a><\/td><\/tr><tr><td>20-22<\/td><td>XVIII Albu Cup<\/td><td>Albu<\/td><td><a href=\"https:\/\/tosteliit.ee\/wp-content\/uploads\/2022\/06\/XVIII_Albu_Cup_2020.xlsx\">PROTOKOLL<\/a><\/td><\/tr><tr><td>29<\/td><td>T\u00f5stespordi veteranide aktiivip\u00e4ev<\/td><td>Tallinn<\/td><td>&nbsp;<\/td><\/tr><tr><td>&nbsp;<\/td><td><em>Memoria\u0142 A.Matusiaka i J. Ostrowskiego<\/em><\/td><td><em>Ciechan\u00f3w, POL<\/em><\/td><td>&nbsp;<\/td><\/tr><tr><td><strong>Detsember<\/strong><\/td><td>&nbsp;<\/td><td>&nbsp;<\/td><td>&nbsp;<\/td><\/tr><tr><td>5<\/td><td>Eesti MV <strong>v\u00f5istkondlik<\/strong><\/td><td>Albu<\/td><td><a href=\"https:\/\/tosteliit.ee\/wp-content\/uploads\/2022\/06\/Voistkondlik_EMV_Albu_grupid__voistk..xlsx\">PROTOKOLL<\/a><\/td><\/tr><tr><td>13<\/td><td>Eesti MV&nbsp; <strong>U-13<\/strong><\/td><td>Tartu<\/td><td><\/td><\/tr><tr><td>&nbsp;<\/td><td><em>Klaipeda noorte J\u00f5uluturniir 2020<\/em><\/td><td><em>Klaipeda, LIT<\/em><\/td><td>&nbsp;<\/td><\/tr><tr><td>&nbsp;<\/td><td><em>New Years Cup<\/em><\/td><td><em>Dobele, LAT<\/em><\/td><td>&nbsp;<\/td><\/tr><\/tbody><\/table><\/figure>","protected":false},"excerpt":{"rendered":"<p>ETL 2020.a&nbsp; v\u00f5istluskalender&nbsp;&nbsp;&nbsp;&nbsp;&nbsp;&nbsp;&nbsp;&nbsp;&nbsp;&nbsp;&nbsp;&nbsp;&nbsp;&nbsp;&nbsp;&nbsp;&nbsp;&nbsp;&nbsp;&nbsp;&nbsp;&nbsp;&nbsp;&nbsp;&nbsp;&nbsp;&nbsp;&nbsp;&nbsp;&nbsp;&nbsp;&nbsp;&nbsp;&nbsp;&nbsp;&nbsp;&nbsp;&nbsp;&nbsp;&nbsp;&nbsp;&nbsp;&nbsp; Kinnitatud juhatuse 8.02.2020 otsusega nr 69 2020.a. V\u00f5istluse nimetus Koht Protokoll Jaanuar &nbsp; &nbsp; &nbsp; 4 Atsist &#8211; Etsiks Abja-Paluoja PROTOKOLLPROTOKOLL 11 IV Kalev Pensa m\u00e4lestusv\u00f5istlus K\u00f5rvek\u00fcla PROTOKOLL 11 Tartumaa lahtised MV K\u00f5rvek\u00fcla &nbsp; 25 Eesti lahtised MV Masters Aravete PROTOKOLL 25 12. Mati Kulmu m\u00e4lestusv\u00f5istlus Aravete &nbsp; V. Petrovs Cup Daugavpils, [&hellip;]<\/p>\n","protected":false},"author":1,"featured_media":0,"parent":0,"menu_order":0,"comment_status":"closed","ping_status":"closed","template":"","meta":{"_mc_calendar":[],"footnotes":""},"class_list":["post-899","page","type-page","status-publish","hentry","entry"],"_links":{"self":[{"href":"https:\/\/tosteliit.ee\/en\/wp-json\/wp\/v2\/pages\/899","targetHints":{"allow":["GET"]}}],"collection":[{"href":"https:\/\/tosteliit.ee\/en\/wp-json\/wp\/v2\/pages"}],"about":[{"href":"https:\/\/tosteliit.ee\/en\/wp-json\/wp\/v2\/types\/page"}],"author":[{"embeddable":true,"href":"https:\/\/tosteliit.ee\/en\/wp-json\/wp\/v2\/users\/1"}],"replies":[{"embeddable":true,"href":"https:\/\/tosteliit.ee\/en\/wp-json\/wp\/v2\/comments?post=899"}],"version-history":[{"count":4,"href":"https:\/\/tosteliit.ee\/en\/wp-json\/wp\/v2\/pages\/899\/revisions"}],"predecessor-version":[{"id":1344,"href":"https:\/\/tosteliit.ee\/en\/wp-json\/wp\/v2\/pages\/899\/revisions\/1344"}],"wp:attachment":[{"href":"https:\/\/tosteliit.ee\/en\/wp-json\/wp\/v2\/media?parent=899"}],"curies":[{"name":"wp","href":"https:\/\/api.w.org\/{rel}","templated":true}]}}