{"id":903,"date":"2022-03-27T10:27:02","date_gmt":"2022-03-27T10:27:02","guid":{"rendered":"https:\/\/tosteliit.ee\/?page_id=903"},"modified":"2022-06-14T08:04:03","modified_gmt":"2022-06-14T08:04:03","slug":"kalender-2018","status":"publish","type":"page","link":"https:\/\/tosteliit.ee\/en\/kalender-2018\/","title":{"rendered":"Kalender 2018"},"content":{"rendered":"<p><strong>ETL 2018. aasta v\u00f5istluskalender<\/strong><br><\/p>\n\n\n\n<div class=\"wp-block-file\"><\/div>\n\n\n\n<p><\/p>\n\n\n\n<figure class=\"wp-block-table is-style-stripes\"><table><tbody><tr><td><strong>Kuup\u00e4ev<\/strong><\/td><td><strong>V\u00f5istluse nimetus<\/strong><\/td><td><strong>Koht<\/strong><\/td><td><strong>Protokoll<\/strong><\/td><\/tr><tr><td><strong>Jaanuar<\/strong><\/td><td>&nbsp;<\/td><td>&nbsp;<\/td><td>&nbsp;<\/td><\/tr><tr><td>13<\/td><td>,,DEGAI\u010cI\u0172 TAUR\u0116&#8221;<\/td><td>LIT-Tel\u0161ai<\/td><td><a href=\"https:\/\/tosteliit.ee\/wp-content\/uploads\/2022\/06\/Moterys_virsh_58_kg1.xls\">PROTOKOLL<\/a><\/td><\/tr><tr><td>27<\/td><td>10. Mati Kulmu mv.<\/td><td>Aravete<\/td><td><a href=\"https:\/\/tosteliit.ee\/wp-content\/uploads\/2022\/06\/Eesti_veteranide_MV_2018_ja_X_Mati_Kulmu_MV_2018_protokoll.xls\">PROTOKOLL<\/a><\/td><\/tr><tr><td><strong>27<\/strong><\/td><td><strong>Eesti veter. MV<\/strong><\/td><td><strong>Aravete<\/strong><\/td><td><a href=\"http:\/\/www.tosteliit.ee\/upload\/editor\/files\/Eesti_veteranide_MV_2018_ja_X_Mati_Kulmu_MV_2018_protokoll.xls\"><u><a href=\"https:\/\/tosteliit.ee\/wp-content\/uploads\/2022\/06\/Eesti_veteranide_MV_2018_ja_X_Mati_Kulmu_MV_2018_protokoll.xls\">PROTOKOLL<\/a><\/u><\/a><\/td><\/tr><tr><td>26-28<\/td><td>V. Petrovs Cup<\/td><td>LAT-Daugavpils<\/td><td><a href=\"https:\/\/tosteliit.ee\/wp-content\/uploads\/2022\/06\/Petrova_Kauss_2018.xls\">PROTOKOLL<\/a><\/td><\/tr><tr><td><strong>Veebruar<\/strong><\/td><td>&nbsp;<\/td><td>&nbsp;<\/td><td>&nbsp;<\/td><\/tr><tr><td>2-4<\/td><td>Coaching the Next Generation<\/td><td>ITA-Rooma<\/td><td>&nbsp;<\/td><\/tr><tr><td>10<\/td><td>J\u00f5hvi valla lahtised noorte MV<\/td><td>Tammiku<\/td><td><a href=\"https:\/\/tosteliit.ee\/wp-content\/uploads\/2022\/06\/Johvi_valla_noorte_mv_2018_10.02.18.xls\">PROTOKOLL<\/a><\/td><\/tr><tr><td>11<\/td><td>ETL 2017 a. Parimate autasustamine<\/td><td>Tartu<\/td><td><a href=\"https:\/\/www.facebook.com\/photo.php?fbid=1699862590051923&amp;set=pcb.1625247787561242&amp;type=3&amp;theater&amp;ifg=1\">Pildid<\/a><\/td><\/tr><tr><td><strong>25<\/strong><\/td><td><strong>Eesti noorte MV U-17<\/strong><\/td><td><strong>Abja-Paluoja<\/strong><\/td><td><a href=\"https:\/\/tosteliit.ee\/wp-content\/uploads\/2022\/06\/Eesti_noorte_U-17_MV_2018_parandatud1.pdf\">PROTOKOLL<\/a><\/td><\/tr><tr><td><strong>25-3.03<\/strong><\/td><td><strong>Treeninglaager U-17<\/strong><\/td><td><strong>Abja-Paluoja<\/strong><\/td><td>&nbsp;<\/td><\/tr><tr><td><strong>M\u00e4rts<\/strong><\/td><td>&nbsp;<\/td><td>&nbsp;<\/td><td>&nbsp;<\/td><\/tr><tr><td>10<\/td><td>\u201eJ\u00f5ud\u201d MV<\/td><td>Melliste<\/td><td><a href=\"https:\/\/tosteliit.ee\/wp-content\/uploads\/2022\/06\/MSL_Joud_2018_valmis.xls\">PROTOKOLL<\/a><\/td><\/tr><tr><td>10<\/td><td>Tartumaa MV<\/td><td>Melliste<\/td><td><a href=\"https:\/\/tosteliit.ee\/wp-content\/uploads\/2022\/06\/Tartumaa_MV_2018.xls\">PROTOKOLL<\/a><\/td><\/tr><tr><td>10<\/td><td>Kalev Pensa II mv.<\/td><td>Melliste<\/td><td><a href=\"https:\/\/tosteliit.ee\/wp-content\/uploads\/2022\/06\/Kalev_Pensa_2018.xls\">PROTOKOLL<\/a><\/td><\/tr><tr><td><strong>17-18<\/strong><\/td><td><strong>Treenerite ja kohtunike \u00f5ppekogunemine<\/strong><\/td><td><strong>Abja-Paluoja<\/strong><\/td><td><a href=\"https:\/\/photos.google.com\/album\/AF1QipMHsn_u4gP3Omw217GctbGYsXie7xdPZRhqgeyl\">Pildid<\/a><\/td><\/tr><tr><td>23-25<\/td><td>XXI Soroksar Cup<\/td><td>HUN- Budapest<\/td><td><a href=\"https:\/\/tosteliit.ee\/wp-content\/uploads\/2022\/06\/Soroksar_Cup_VJK_-2018_1.pdf\">PROTOKOLL<\/a><\/td><\/tr><tr><td><strong>23-1.04<\/strong><\/td><td><strong>EM<\/strong><\/td><td>ROU- Bucharest<\/td><td>&nbsp;<\/td><\/tr><tr><td>31<\/td><td>ZEP MV U-13<\/td><td>Viljandi<\/td><td><a href=\"https:\/\/tosteliit.ee\/wp-content\/uploads\/2022\/06\/ZEP_II_MV_protokoll_31.03.181.pdf\">PROTOKOLL<\/a><\/td><\/tr><tr><td><strong>Aprill<\/strong><\/td><td>&nbsp;<\/td><td>&nbsp;<\/td><td>&nbsp;<\/td><\/tr><tr><td><strong>7<\/strong><\/td><td><strong>Eesti MV<\/strong><\/td><td><strong>Tallinn,&nbsp;<\/strong><strong>SK&nbsp;<\/strong><strong>Sparta&nbsp;<\/strong><\/td><td><a href=\"https:\/\/tosteliit.ee\/wp-content\/uploads\/2022\/06\/97._Eesti_MV_protokoll1.pdf\">PROTOKOLL<\/a><\/td><\/tr><tr><td>20<\/td><td>Tartumaa koolinoorte MV<\/td><td>K\u00f5rvek\u00fcla<\/td><td><a href=\"https:\/\/tosteliit.ee\/wp-content\/uploads\/2022\/06\/TartumaaKoolinoored-2018.xls\">PROTOKOLL<\/a><\/td><\/tr><tr><td><strong>21-28<\/strong><\/td><td><strong>Treeninglaager U-17<\/strong><\/td><td><strong>Abja-Paluoja<\/strong><\/td><td><strong>Ei toimu!<\/strong><\/td><\/tr><tr><td>27-29<\/td><td>V. Kirjanov Cup<\/td><td>LAT-Balvi<\/td><td><a href=\"https:\/\/tosteliit.ee\/wp-content\/uploads\/2022\/06\/Koopia_failist_kirjanova_kauss_1.xls\">PROTOKOLL<\/a><\/td><\/tr><tr><td><strong>Mai<\/strong><\/td><td>&nbsp;<\/td><td>&nbsp;<\/td><td>&nbsp;<\/td><\/tr><tr><td>2-4<\/td><td>P.Savitsi mv.<\/td><td>BLR- Grodno<\/td><td>&nbsp;<\/td><\/tr><tr><td>3-6<\/td><td>IWF antidopingu seminar<\/td><td>Moskva<\/td><td>&nbsp;<\/td><\/tr><tr><td>5<\/td><td>SK Edu rahvusvaheline KV<\/td><td>Tammiku<\/td><td><a href=\"https:\/\/tosteliit.ee\/wp-content\/uploads\/2022\/06\/SK_EDU_karikavoistlused_2018.xls\">PROTOKOLL<\/a><\/td><\/tr><tr><td>10-13<\/td><td>15th International Women Weightlifting Grand Prix<\/td><td>ESP- Tenerife<\/td><td>&nbsp;<\/td><\/tr><tr><td>19<\/td><td>XIX A.Kase mv.<\/td><td>Sindi<\/td><td><a href=\"https:\/\/tosteliit.ee\/wp-content\/uploads\/2022\/06\/A.Kase_19_mv_.pdf\">PROTOKOLL<\/a><\/td><\/tr><tr><td><strong>Juuni<\/strong><\/td><td>&nbsp;<\/td><td>&nbsp;<\/td><td>&nbsp;<\/td><\/tr><tr><td>2<\/td><td>Aleksander-Rudolf Laane 5 mv.<br>J\u00e4rvamaa MV<\/td><td>Albu<\/td><td><a href=\"https:\/\/tosteliit.ee\/wp-content\/uploads\/2022\/06\/A.R._Laane_V_mv._2018_protokoll.xls\">PROTOKOLL<\/a><\/td><\/tr><tr><td>8<\/td><td>Lahkunud t\u00f5stesportlaste m\u00e4lestusp\u00e4ev<\/td><td>Eesti<\/td><td>&nbsp;<\/td><\/tr><tr><td>8-10<\/td><td>Ventspils Cup<\/td><td>Ventspils, L\u00e4ti<\/td><td><a href=\"https:\/\/tosteliit.ee\/wp-content\/uploads\/2022\/06\/s.s._spars_a.c._2018_2.pdf\">PROTOKOLL<\/a><\/td><\/tr><tr><td>16-23<\/td><td>EM masters<\/td><td>HUN-Budapest<\/td><td>&nbsp;<\/td><\/tr><tr><td>15-30<\/td><td>Treeninglaager U-17<\/td><td>Abja-Paluoja<\/td><td><strong>Ei toimu!<\/strong><\/td><\/tr><tr><td>30<\/td><td>XVI Albu Cup<\/td><td>Albu<\/td><td><a href=\"https:\/\/tosteliit.ee\/wp-content\/uploads\/2022\/06\/XVI_Albu_Cup_protokollid.pdf\">PROTOKOLL<\/a><\/td><\/tr><tr><td><strong>Juuli<\/strong><\/td><td>&nbsp;<\/td><td>&nbsp;<\/td><td>&nbsp;<\/td><\/tr><tr><td>1-20<\/td><td>Treeninglaager U-17<\/td><td>Abja-Paluoja<\/td><td><strong>Ei toimu!<\/strong><\/td><\/tr><tr><td>6-14<\/td><td>MM juuniorid<\/td><td>USB-Ta\u0161kent<\/td><td>&nbsp;<\/td><\/tr><tr><td>22-29<\/td><td>EM Youth; U-15<\/td><td>ITA-<br>San Donato Milanese<\/td><td><a href=\"https:\/\/tosteliit.ee\/wp-content\/uploads\/2022\/06\/2018_U15_ResultsBook.pdf\">U15 RESULTS<\/a><\/td><\/tr><tr><td><strong>August<\/strong><\/td><td>&nbsp;<\/td><td>&nbsp;<\/td><td>&nbsp;<\/td><\/tr><tr><td><strong>3-5<\/strong><\/td><td><strong>T\u00f5stjate suvep\u00e4evad<\/strong><\/td><td><strong><a href=\"http:\/\/www.pyhajoe.eu\/\">P\u00fchaj\u00f5e Puhkemaja<\/a><\/strong><\/td><td><a href=\"http:\/\/www.tosteliit.ee\/upload\/editor\/files\/Tostespordi_suvepaevad_2018_paevakavad.pdf\">Kava<\/a><\/td><\/tr><tr><td>10-12<\/td><td>Tartu linna MV<\/td><td>Tartu<\/td><td>\u00a0<a href=\"https:\/\/tosteliit.ee\/wp-content\/uploads\/2022\/06\/VI.Vladimir_Bashkirovi_malestusvoistlus___Tartu_linna_MV_11.08.18.xls\">PROTOKOLL<\/a><\/td><\/tr><tr><td>10-12<\/td><td>Vladimir Ba\u0161kirovi m\u00e4lestusv\u00f5istlus<\/td><td>Tartu<\/td><td><a href=\"https:\/\/tosteliit.ee\/wp-content\/uploads\/2022\/06\/VI.Vladimir_Bashkirovi_malestusvoistlus___Tartu_linna_MV_11.08.18.xls\">PROTOKOLL<\/a><\/td><\/tr><tr><td>18-25<\/td><td>MM masters<\/td><td>ESP-Barcelona<\/td><td>&nbsp;<\/td><\/tr><tr><td><strong>September<\/strong><\/td><td>&nbsp;<\/td><td>&nbsp;<\/td><td>&nbsp;<\/td><\/tr><tr><td>1<\/td><td>Starptautiskais turn\u012brs svarcel\u0161an\u0101<\/td><td>Ventspils<\/td><td><a href=\"https:\/\/tosteliit.ee\/wp-content\/uploads\/2022\/06\/Ventspils_2018.pdf\">PROTOKOLL<\/a><\/td><\/tr><tr><td>7-9<\/td><td>Paneve\u017eis Cup<\/td><td>LIT-Paneve\u017eis<\/td><td><a href=\"https:\/\/tosteliit.ee\/wp-content\/uploads\/2022\/06\/Panevezis_Protokolai_18_09_06_08.pdf\">PROTOKOLL<\/a><\/td><\/tr><tr><td>8<\/td><td>Tallinna lahtised MV<\/td><td>Tallinn<\/td><td>&#8212;<\/td><\/tr><tr><td><strong>16<\/strong><\/td><td><strong>Treenerite ja kohtunike \u00f5ppekogunemine<\/strong><\/td><td><strong>Madixi Spordimaja<\/strong><\/td><td>&nbsp;<\/td><\/tr><tr><td>22-23<\/td><td>Saldus Cup<\/td><td>LAT-Saldus<\/td><td><a href=\"https:\/\/tosteliit.ee\/wp-content\/uploads\/2022\/06\/Saldus_2018.xlsx\">PROTOKOLL<\/a><\/td><\/tr><tr><td><strong>Oktoober<\/strong><\/td><td>&nbsp;<\/td><td>&nbsp;<\/td><td>&nbsp;<\/td><\/tr><tr><td>6<\/td><td>J\u00f5hvi valla lahtised MV<\/td><td>Tammiku<\/td><td><a href=\"https:\/\/tosteliit.ee\/wp-content\/uploads\/2022\/06\/Johvi_valla_mv_tostmises_2018.xls\">PROTOKOLL<\/a><\/td><\/tr><tr><td>6-18<\/td><td>OM noored<\/td><td>ARG-Buenos Aires<\/td><td>&nbsp;<\/td><\/tr><tr><td>13<\/td><td>Arnold Luha\u00e4\u00e4re XXVI m\u00e4lestusv\u00f5istlus.<\/td><td>Abja-Paluoja<\/td><td>\u00a0<a href=\"https:\/\/tosteliit.ee\/wp-content\/uploads\/2022\/06\/A.Luhaaare_XXVI_mv_Eesti_U-15_mv1.pdf\">PROTOKOLL<\/a><\/td><\/tr><tr><td><strong>13<\/strong><\/td><td><strong>Eesti noorte MV U-15<\/strong><\/td><td><strong>Abja-Paluoja<\/strong><\/td><td><a href=\"https:\/\/tosteliit.ee\/wp-content\/uploads\/2022\/06\/A.Luhaaare_XXVI_mv_Eesti_U-15_mv1.pdf\">PROTOKOLL<\/a><\/td><\/tr><tr><td><strong>20-27<\/strong><\/td><td><strong>Euroopa Junior&amp;U23 MV<\/strong><\/td><td><strong>POL-Zamosc<\/strong><\/td><td>&nbsp;<\/td><\/tr><tr><td>27<\/td><td>XXXI Tartumaa suurmeistrite KV<\/td><td>Melliste<\/td><td><a href=\"https:\/\/tosteliit.ee\/wp-content\/uploads\/2022\/06\/Koopia_failist_XXXI_Tartumaa_SMKV_protokoll.xls\">PROTOKOLL<\/a><\/td><\/tr><tr><td><strong>November<\/strong><\/td><td>&nbsp;<\/td><td>&nbsp;<\/td><td>&nbsp;<\/td><\/tr><tr><td>10<\/td><td>XIX Alfred Neulandi m\u00e4lestusv\u00f5istlus<\/td><td>Valga<\/td><td>\u00a0<a href=\"https:\/\/tosteliit.ee\/wp-content\/uploads\/2022\/06\/EMV_juun..pdf\">PROTOKOLL<\/a><\/td><\/tr><tr><td><strong>10<\/strong><\/td><td><strong>Eesti juun. MV<\/strong><\/td><td>Valga<\/td><td><a href=\"https:\/\/tosteliit.ee\/wp-content\/uploads\/2022\/06\/EMV_juun..pdf\">PROTOKOLL<\/a><\/td><\/tr><tr><td><strong>1-10.11<\/strong><\/td><td><strong>MM<\/strong><\/td><td>Ashgabat<\/td><td><\/td><\/tr><tr><td><strong>Detsember<\/strong><\/td><td>&nbsp;<\/td><td>&nbsp;<\/td><td>&nbsp;<\/td><\/tr><tr><td><strong>8<\/strong><\/td><td><strong>Eesti SK v\u00f5istkondlik v\u00f5istlus<\/strong><\/td><td>Tartu<\/td><td><a href=\"https:\/\/tosteliit.ee\/wp-content\/uploads\/2022\/06\/Eesti_voistkondlikud_MV_2018_loplik1.xls\">PROTOKOLL<\/a><\/td><\/tr><tr><td>15<\/td><td>Leedu lahtised MV veteranidele<\/td><td>Leedu<\/td><td><a href=\"https:\/\/tosteliit.ee\/wp-content\/uploads\/2022\/06\/Leedu_veteranide_MV_15_12_2018.pdf\">PROTOKOLL<\/a><\/td><\/tr><tr><td>&nbsp;<\/td><td>Klaipeda Grand Prix 2018<\/td><td>LIT- Klaipeda<\/td><td>&nbsp;<\/td><\/tr><tr><td>27-28<\/td><td>New Years Cup<\/td><td>LAT- Dobele<\/td><td><a href=\"https:\/\/tosteliit.ee\/wp-content\/uploads\/2022\/06\/VECGADA_KAUSS_2018._all2.pdf\">PROTOKOLL<\/a><\/td><\/tr><\/tbody><\/table><\/figure>","protected":false},"excerpt":{"rendered":"<p>ETL 2018. aasta v\u00f5istluskalender Kuup\u00e4ev V\u00f5istluse nimetus Koht Protokoll Jaanuar &nbsp; &nbsp; &nbsp; 13 ,,DEGAI\u010cI\u0172 TAUR\u0116&#8221; LIT-Tel\u0161ai PROTOKOLL 27 10. Mati Kulmu mv. Aravete PROTOKOLL 27 Eesti veter. MV Aravete PROTOKOLL 26-28 V. Petrovs Cup LAT-Daugavpils PROTOKOLL Veebruar &nbsp; &nbsp; &nbsp; 2-4 Coaching the Next Generation ITA-Rooma &nbsp; 10 J\u00f5hvi valla lahtised noorte MV Tammiku [&hellip;]<\/p>\n","protected":false},"author":1,"featured_media":0,"parent":0,"menu_order":0,"comment_status":"closed","ping_status":"closed","template":"","meta":{"_mc_calendar":[],"footnotes":""},"class_list":["post-903","page","type-page","status-publish","hentry","entry"],"_links":{"self":[{"href":"https:\/\/tosteliit.ee\/en\/wp-json\/wp\/v2\/pages\/903","targetHints":{"allow":["GET"]}}],"collection":[{"href":"https:\/\/tosteliit.ee\/en\/wp-json\/wp\/v2\/pages"}],"about":[{"href":"https:\/\/tosteliit.ee\/en\/wp-json\/wp\/v2\/types\/page"}],"author":[{"embeddable":true,"href":"https:\/\/tosteliit.ee\/en\/wp-json\/wp\/v2\/users\/1"}],"replies":[{"embeddable":true,"href":"https:\/\/tosteliit.ee\/en\/wp-json\/wp\/v2\/comments?post=903"}],"version-history":[{"count":3,"href":"https:\/\/tosteliit.ee\/en\/wp-json\/wp\/v2\/pages\/903\/revisions"}],"predecessor-version":[{"id":1376,"href":"https:\/\/tosteliit.ee\/en\/wp-json\/wp\/v2\/pages\/903\/revisions\/1376"}],"wp:attachment":[{"href":"https:\/\/tosteliit.ee\/en\/wp-json\/wp\/v2\/media?parent=903"}],"curies":[{"name":"wp","href":"https:\/\/api.w.org\/{rel}","templated":true}]}}