{"id":905,"date":"2022-03-27T10:27:52","date_gmt":"2022-03-27T10:27:52","guid":{"rendered":"https:\/\/tosteliit.ee\/?page_id=905"},"modified":"2022-06-14T08:36:33","modified_gmt":"2022-06-14T08:36:33","slug":"kalender-2017","status":"publish","type":"page","link":"https:\/\/tosteliit.ee\/en\/kalender-2017\/","title":{"rendered":"Kalender 2017"},"content":{"rendered":"<p><strong>Eesti T\u00f5stespordiliidu 2017. aasta v\u00f5istluskalender<\/strong><\/p>\n\n\n\n<div class=\"wp-block-file\"><\/div>\n\n\n\n<p><\/p>\n\n\n\n<figure class=\"wp-block-table is-style-stripes\"><table><tbody><tr><td><strong>Kuup\u00e4ev<\/strong><\/td><td><strong>V\u00f5istluse nimetus<\/strong><\/td><td><strong>Koht<\/strong><\/td><td>&nbsp;<\/td><\/tr><tr><td><strong>Jaanuar<\/strong><\/td><td>&nbsp;<\/td><td>&nbsp;<\/td><td>&nbsp;<\/td><\/tr><tr><td>2-8<\/td><td>A. Neulandi treeninglaager noortele (U17)<\/td><td>Abja-Paluoja<\/td><td>&nbsp;<\/td><\/tr><tr><td>27-29<\/td><td>V. Petrovs Karikas<\/td><td>Daugavpils, L\u00e4ti<\/td><td><a href=\"http:\/\/www.tosteliit.ee\/upload\/editor\/files\/Petrovs_Kauss_Dobele_Lati_2017.xls\"><u><a href=\"https:\/\/tosteliit.ee\/wp-content\/uploads\/2022\/06\/Petrovs_Kauss_Dobele_Lati_2017.xls\">PROTOKOLL<\/a><\/u><\/a><\/td><\/tr><tr><td><strong>28<\/strong><\/td><td><strong>Eesti veteranide meistriv\u00f5istlused&nbsp;ja IX Aravete Kang, Mati Kulmu m\u00e4lestusv\u00f5istlus<\/strong><\/td><td><strong>Aravete, J\u00e4rvamaa<\/strong><\/td><td><a href=\"https:\/\/tosteliit.ee\/wp-content\/uploads\/2022\/06\/Eesti_veteranide_MV_2017_ja_Mati_Kulmu_MV_2017_protokoll.xls\">PROTOKOLL<\/a><\/td><\/tr><tr><td><strong>Veebruar<\/strong><\/td><td>&nbsp;<\/td><td>&nbsp;<\/td><td>&nbsp;<\/td><\/tr><tr><td>5<\/td><td>ETL 2016. aasta parimate autasustamine<\/td><td>J\u00e4\u00e4gri villa, Albu<\/td><td>&nbsp;<\/td><\/tr><tr><td>11<\/td><td>Tartumaa meistriv\u00f5istlused<\/td><td>K\u00f5rvek\u00fcla, Tartumaa<\/td><td><a href=\"https:\/\/tosteliit.ee\/wp-content\/uploads\/2022\/06\/Tartumaa_MV_2017_v3.xls\">PROTOKOLL<\/a><\/td><\/tr><tr><td>18<\/td><td>J\u00f5hvi valla lahtised noorte meistriv\u00f5istlused<\/td><td>Tammiku, Ida-Virumaa<\/td><td><a href=\"https:\/\/tosteliit.ee\/wp-content\/uploads\/2022\/06\/Johvi_valla_lahtised_noorte_MV_2017.xls\">PROTOKOLL<\/a><\/td><\/tr><tr><td><strong>M\u00e4rts<\/strong><\/td><td>&nbsp;<\/td><td>&nbsp;<\/td><td>&nbsp;<\/td><\/tr><tr><td><strong>11<\/strong><\/td><td><strong>96. Eesti meistriv\u00f5istlused<\/strong><\/td><td><strong>V\u00f5ru<\/strong><\/td><td><a href=\"https:\/\/tosteliit.ee\/wp-content\/uploads\/2022\/06\/Eesti_MV_2017_1.xls\">PROTOKOLL<\/a><\/td><\/tr><tr><td>&nbsp;<\/td><td>ETL kutsekomisjon<\/td><td>&nbsp;<\/td><td>&nbsp;<\/td><\/tr><tr><td><strong>17-19<\/strong><\/td><td><strong>Eesti noorte meistriv\u00f5istlused<\/strong><\/td><td><strong>Abja-Paluoja, Viljandimaa<\/strong><\/td><td><a href=\"https:\/\/tosteliit.ee\/wp-content\/uploads\/2022\/06\/Eesti_noorte_MV_2017_protokoll.xls\">PROTOKOLL<\/a><\/td><\/tr><tr><td>17-19<\/td><td>XX Soroksar Cup<\/td><td>Budapest<\/td><td>&nbsp;<\/td><\/tr><tr><td><strong>Aprill<\/strong><\/td><td>&nbsp;<\/td><td>&nbsp;<\/td><td>&nbsp;<\/td><\/tr><tr><td>1-9<\/td><td>Euroopa meistriv\u00f5istlused<\/td><td>Split, Horvaatia<\/td><td>&nbsp;<\/td><\/tr><tr><td>8<\/td><td>Eestimaa Spordiliit J\u00f5ud meistriv\u00f5istlused<\/td><td>Melliste, Tartumaa<\/td><td><a href=\"https:\/\/tosteliit.ee\/wp-content\/uploads\/2022\/06\/EMSL_Joud_2017_v3.xls\">PROTOKOLL<\/a><\/td><\/tr><tr><td>3-10<\/td><td>Noorte maailmameistriv\u00f5istlused<\/td><td>Tai<\/td><td>&nbsp;<\/td><\/tr><tr><td>22<\/td><td>ZEP meistriv\u00f5istlused (U13)<\/td><td>Viljandi<\/td><td><a href=\"https:\/\/tosteliit.ee\/wp-content\/uploads\/2022\/06\/ZEP_MV_2017.xls\">PROTOKOLL<\/a><\/td><\/tr><tr><td>21-30<\/td><td>Maailmam\u00e4ngud<\/td><td>Auckland,Uus-Meremaa<\/td><td><a href=\"https:\/\/tosteliit.ee\/wp-content\/uploads\/2022\/06\/2017_wmg_results.pdf\">PROTOKOLL<\/a><\/td><\/tr><tr><td>29-30<\/td><td>\u201eVjaceslava Kirjanov\u201c Cup<\/td><td>Balvi, L\u00e4ti<\/td><td><a href=\"https:\/\/tosteliit.ee\/wp-content\/uploads\/2022\/06\/Kirjanova_kauss_2017.pdf\">PROTOKOLL<\/a><\/td><\/tr><tr><td><strong>&nbsp;Mai<\/strong><\/td><td>&nbsp;<\/td><td>&nbsp;<\/td><td>&nbsp;<\/td><\/tr><tr><td>6<\/td><td>SK Edu rahvusvaheline karikav\u00f5istlus<\/td><td>Tammiku, Ida-Virumaa<\/td><td><a href=\"https:\/\/tosteliit.ee\/wp-content\/uploads\/2022\/06\/SK_Edu_KV_2017.xls\">PROTOKOLL<\/a><\/td><\/tr><tr><td>18<\/td><td>XIII Sakala Suvem\u00e4ngud t\u00f5stmises<\/td><td>M\u00f5isak\u00fcla<\/td><td><\/td><\/tr><tr><td>20<\/td><td>XVIII Aleksander Kase m\u00e4lestusv\u00f5istlus<\/td><td>Sindi, P\u00e4rnumaa<\/td><td><a href=\"https:\/\/tosteliit.ee\/wp-content\/uploads\/2022\/06\/XVIII_Aleksander_Kase_malestusvoistlus_2017.xls\">PROTOKOLL<\/a><\/td><\/tr><tr><td><strong>Juuni<\/strong><\/td><td>&nbsp;<\/td><td>&nbsp;<\/td><td>&nbsp;<\/td><\/tr><tr><td>3<\/td><td>IV A. R. Laane m\u00e4lestusv\u00f5istlus ja J\u00e4rvamaa meistriv\u00f5istlused<\/td><td>Albu, J\u00e4rvamaa<\/td><td><a href=\"https:\/\/tosteliit.ee\/wp-content\/uploads\/2022\/06\/IV_Laane_malestusvoistlus_2017_Jarvamaa_MV_2017.xls\">PROTOKOLL<\/a><\/td><\/tr><tr><td>8<\/td><td>Lahkunud t\u00f5stesportlaste m\u00e4lestamise p\u00e4ev<\/td><td>Eestimaa<\/td><td>&nbsp;<\/td><\/tr><tr><td>9-11<\/td><td>Klaipeda Grand Prix<\/td><td>Klaipeda, Leedu<\/td><td><a href=\"https:\/\/tosteliit.ee\/wp-content\/uploads\/2022\/06\/Grand_prix_Klaipeda_2017.xlsx\">PROTOKOLL<\/a><\/td><\/tr><tr><td>16-23<\/td><td>Juunioride maailmameistriv\u00f5istlused<\/td><td>Jaapan<\/td><td>&nbsp;<\/td><\/tr><tr><td><strong>Juuli<\/strong><\/td><td>&nbsp;<\/td><td>&nbsp;<\/td><td>&nbsp;<\/td><\/tr><tr><td>7-9<\/td><td>Balti Merenoorte M\u00e4ngud<\/td><td>Brest, Valgevene<\/td><td>&nbsp;<\/td><\/tr><tr><td>8-9<\/td><td>Karaliaus Mindaugo Taure 2017<\/td><td>Tel\u0161iai, Leedu<\/td><td><a href=\"https:\/\/tosteliit.ee\/wp-content\/uploads\/2022\/06\/Telzai_2017.xls\">PROTOKOLL<\/a><\/td><\/tr><tr><td>14-16<\/td><td>XV Albu Cup<\/td><td>Albu, J\u00e4rvamaa<\/td><td><a href=\"https:\/\/tosteliit.ee\/wp-content\/uploads\/2022\/06\/XV_Albu_Cup_2017.xls\">PROTOKOLL<\/a><\/td><\/tr><tr><td><strong>&nbsp;August<\/strong><\/td><td>&nbsp;<\/td><td>&nbsp;<\/td><td>&nbsp;<\/td><\/tr><tr><td>11-13<\/td><td>Baltic Cup<\/td><td>Ventspils, L\u00e4ti<\/td><td>&nbsp;<\/td><\/tr><tr><td>11-19<\/td><td>Euroopa veteranide meistriv\u00f5istlused<\/td><td>Halmstad, Rootsi<\/td><td>&nbsp;<\/td><\/tr><tr><td>19<\/td><td>Tartu linna meistriv\u00f5istlused<\/td><td>Tartu<\/td><td><a href=\"https:\/\/tosteliit.ee\/wp-content\/uploads\/2022\/06\/Tartu-linna-MV-Vladimir-Bashkirovi-malestusvoistlus-19.08.171.pdf\">PROTOKOLL<\/a><\/td><\/tr><tr><td>19<\/td><td>V Vladimir Ba\u0161kirovi m\u00e4lestusv\u00f5istlus<\/td><td>Tartu<\/td><td><a href=\"https:\/\/tosteliit.ee\/wp-content\/uploads\/2022\/06\/Tartu-linna-MV-Vladimir-Bashkirovi-malestusvoistlus-19.08.171.pdf\">PROTOKOLL<\/a><\/td><\/tr><tr><td>20-25<\/td><td>FISU Universiade<\/td><td>Taipei<\/td><td>&nbsp;<\/td><\/tr><tr><td>&nbsp;<\/td><td>Ventspils Cup<\/td><td>Ventspils, L\u00e4ti<\/td><td>&nbsp;<\/td><\/tr><tr><td><strong>September<\/strong><\/td><td>&nbsp;<\/td><td>&nbsp;<\/td><td>&nbsp;<\/td><\/tr><tr><td>8-10<\/td><td>Paneve\u017eis Cup<\/td><td>Paneve\u017eis, Leedu<\/td><td><a href=\"https:\/\/tosteliit.ee\/wp-content\/uploads\/2022\/06\/Panevezis_Cup_2017.pdf\">PROTOKOLL<\/a><\/td><\/tr><tr><td>22-23<\/td><td>Saldus Cup<\/td><td>Saldus, L\u00e4ti<\/td><td><a href=\"https:\/\/tosteliit.ee\/wp-content\/uploads\/2022\/06\/Saldus_2017.xlsx\">PROTOKOLL<\/a><\/td><\/tr><tr><td>23-30<\/td><td>Euroopa U15 ja U17 meistriv\u00f5istlused<\/td><td>Pristina, Kosova<\/td><td><a href=\"https:\/\/tosteliit.ee\/wp-content\/uploads\/2022\/06\/NOORTE-EM_ResultsBook.pdf\">PROTOKOLL<\/a><\/td><\/tr><tr><td>30<\/td><td>XXV Arnold Luha\u00e4\u00e4re m\u00e4lestusv\u00f5istlus<\/td><td>M\u00f5isak\u00fcla<\/td><td><a href=\"https:\/\/tosteliit.ee\/wp-content\/uploads\/2022\/06\/A.Luhaaare_XXV_malestusvoistluste_protokoll.pdf\">PROTOKOLL<\/a><\/td><\/tr><tr><td><strong>Oktoober<\/strong><\/td><td>&nbsp;<\/td><td>&nbsp;<\/td><td>&nbsp;<\/td><\/tr><tr><td>14<\/td><td>J\u00f5hvi valla lahtised meistriv\u00f5istlused<\/td><td>Tammiku, Ida-Virumaa<\/td><td><a href=\"https:\/\/tosteliit.ee\/wp-content\/uploads\/2022\/06\/Johvi_lahtised_meistrivoistluse_protokoll_14.10.2017.a._I.xls\">PROTOKOLL<\/a><\/td><\/tr><tr><td>21-22<\/td><td>Zemaitios Taure Cup<\/td><td>Degaiciai, Leedu<\/td><td><a href=\"https:\/\/tosteliit.ee\/wp-content\/uploads\/2022\/06\/Protokolai_ZEMAITIJOS_TAURE.xls\">PROTOKOLL<\/a><\/td><\/tr><tr><td>15-22<\/td><td>Euroopa U20 ja U23 meistriv\u00f5istlused<\/td><td>Tirana, Albaania<\/td><td><\/td><\/tr><tr><td>28<\/td><td>XXX Tartumaa suurmeistrite karikav\u00f5istlus<\/td><td>Melliste, Tartumaa<\/td><td><a href=\"https:\/\/tosteliit.ee\/wp-content\/uploads\/2022\/06\/TSMK_2017.xls\">PROTOKOLL<\/a><\/td><\/tr><tr><td><strong>November<\/strong><\/td><td>&nbsp;<\/td><td>&nbsp;<\/td><td>&nbsp;<\/td><\/tr><tr><td><strong>12<\/strong><\/td><td><strong>Eesti juunioride meistriv\u00f5istlused<\/strong><\/td><td><strong>Valga<\/strong><\/td><td><a href=\"https:\/\/tosteliit.ee\/wp-content\/uploads\/2022\/06\/A.Neulandi_ja_Eesti_juun.MV_20171.pdf\">PROTOKOLL<\/a><\/td><\/tr><tr><td>12<\/td><td>XVIII Alfred Neulandi m\u00e4lestusv\u00f5istlus<\/td><td>Valga<\/td><td><a href=\"https:\/\/tosteliit.ee\/wp-content\/uploads\/2022\/06\/A.Neulandi_ja_Eesti_juun.MV_20171.pdf\">PROTOKOLL<\/a><\/td><\/tr><tr><td>&nbsp;<\/td><td>Klaipeda Noorte Grand Prix<\/td><td>Klaipeda, Leedu<\/td><td>&nbsp;<\/td><\/tr><tr><td>28.11-05.12<\/td><td>IWF maailmameistriv\u00f5istlused<\/td><td>Anaheim, USA<\/td><td><a href=\"https:\/\/tosteliit.ee\/wp-content\/uploads\/2022\/06\/ResultsBook_Anaheim.pdf\">PROTOKOLL<\/a><\/td><\/tr><tr><td><strong>Detsember<\/strong><\/td><td>&nbsp;<\/td><td>&nbsp;<\/td><td>&nbsp;<\/td><\/tr><tr><td><strong>9<\/strong><\/td><td><strong>Eesti v\u00f5istkondlikud meistriv\u00f5istlused<\/strong><\/td><td><strong>Melliste, Tartumaa<\/strong><\/td><td><a href=\"https:\/\/tosteliit.ee\/wp-content\/uploads\/2022\/06\/ETL_voistkondlikud_20172.xls\">PROTOKOLL<\/a><\/td><\/tr><tr><td>19<\/td><td>Mulgi II meistriv\u00f5istlused<\/td><td>Abja-Paluoja<\/td><td><a href=\"https:\/\/tosteliit.ee\/wp-content\/uploads\/2022\/06\/Mulgi_2._meistrivoistlused.xls\">PROTOKOLL<\/a><\/td><\/tr><tr><td>23<\/td><td>Kohtla-J\u00e4rve linna lahtised meistriv\u00f5istlused<\/td><td>Kohtla-J\u00e4rve<\/td><td><a href=\"https:\/\/tosteliit.ee\/wp-content\/uploads\/2022\/06\/ETL_voistluse_blankett_kalev.xls\">PROTOKOLL<\/a><\/td><\/tr><tr><td>&nbsp;<\/td><td>New Year\u2019s Cup<\/td><td>Dobele, L\u00e4ti<\/td><td><a href=\"https:\/\/tosteliit.ee\/wp-content\/uploads\/2022\/06\/Vecgada_kauss_2017_abas_dienas.pdf\">PROTOKOLL<\/a><\/td><\/tr><\/tbody><\/table><\/figure>","protected":false},"excerpt":{"rendered":"<p>Eesti T\u00f5stespordiliidu 2017. aasta v\u00f5istluskalender Kuup\u00e4ev V\u00f5istluse nimetus Koht &nbsp; Jaanuar &nbsp; &nbsp; &nbsp; 2-8 A. Neulandi treeninglaager noortele (U17) Abja-Paluoja &nbsp; 27-29 V. Petrovs Karikas Daugavpils, L\u00e4ti PROTOKOLL 28 Eesti veteranide meistriv\u00f5istlused&nbsp;ja IX Aravete Kang, Mati Kulmu m\u00e4lestusv\u00f5istlus Aravete, J\u00e4rvamaa PROTOKOLL Veebruar &nbsp; &nbsp; &nbsp; 5 ETL 2016. aasta parimate autasustamine J\u00e4\u00e4gri villa, Albu [&hellip;]<\/p>\n","protected":false},"author":1,"featured_media":0,"parent":0,"menu_order":0,"comment_status":"closed","ping_status":"closed","template":"","meta":{"_mc_calendar":[],"footnotes":""},"class_list":["post-905","page","type-page","status-publish","hentry","entry"],"_links":{"self":[{"href":"https:\/\/tosteliit.ee\/en\/wp-json\/wp\/v2\/pages\/905","targetHints":{"allow":["GET"]}}],"collection":[{"href":"https:\/\/tosteliit.ee\/en\/wp-json\/wp\/v2\/pages"}],"about":[{"href":"https:\/\/tosteliit.ee\/en\/wp-json\/wp\/v2\/types\/page"}],"author":[{"embeddable":true,"href":"https:\/\/tosteliit.ee\/en\/wp-json\/wp\/v2\/users\/1"}],"replies":[{"embeddable":true,"href":"https:\/\/tosteliit.ee\/en\/wp-json\/wp\/v2\/comments?post=905"}],"version-history":[{"count":3,"href":"https:\/\/tosteliit.ee\/en\/wp-json\/wp\/v2\/pages\/905\/revisions"}],"predecessor-version":[{"id":1410,"href":"https:\/\/tosteliit.ee\/en\/wp-json\/wp\/v2\/pages\/905\/revisions\/1410"}],"wp:attachment":[{"href":"https:\/\/tosteliit.ee\/en\/wp-json\/wp\/v2\/media?parent=905"}],"curies":[{"name":"wp","href":"https:\/\/api.w.org\/{rel}","templated":true}]}}