{"id":908,"date":"2022-03-27T10:30:26","date_gmt":"2022-03-27T10:30:26","guid":{"rendered":"https:\/\/tosteliit.ee\/?page_id=908"},"modified":"2022-06-14T07:31:29","modified_gmt":"2022-06-14T07:31:29","slug":"kalender-2019","status":"publish","type":"page","link":"https:\/\/tosteliit.ee\/en\/kalender-2019\/","title":{"rendered":"Kalender 2019"},"content":{"rendered":"<p><em><strong>ETL 2019.a. v\u00f5istluskalender&nbsp; <\/strong>Kinnitatud juhatuse 27.01.2019 otsusega nr 48<\/em><\/p>\n\n\n\n<div class=\"wp-block-file\"><\/div>\n\n\n\n<p><br><\/p>\n\n\n\n<div class=\"wp-block-file\"><\/div>\n\n\n\n<figure class=\"wp-block-table is-style-stripes\"><table><tbody><tr><td><strong>2019.a.<\/strong><\/td><td><strong>V\u00f5istluse nimetus<\/strong><\/td><td><strong>Koht<\/strong><\/td><td><strong>Protokoll<\/strong><\/td><\/tr><tr><td><strong>Jaanuar<\/strong><\/td><td>&nbsp;<\/td><td>&nbsp;<\/td><td>&nbsp;<\/td><\/tr><tr><td>4-6<\/td><td>Atsist &#8211; Etsiks<\/td><td>Abja-Paluoja<\/td><td><a href=\"https:\/\/tosteliit.ee\/wp-content\/uploads\/2022\/06\/Atsist_Etsiks_20192.pdf\">PROTOKOLL<\/a><\/td><\/tr><tr><td>12<\/td><td>III Kalev Pensa m\u00e4lestusv\u00f5istlus<\/td><td>K\u00f5rvek\u00fcla<\/td><td><a href=\"http:\/\/www.tosteliit.ee\/upload\/editor\/files\/190112_KalevPensa3MV-3.xls\"><\/a><a href=\"https:\/\/tosteliit.ee\/wp-content\/uploads\/2022\/06\/190112_KalevPensa3MV-3.xls\">PROTOKOLL<\/a><\/td><\/tr><tr><td>12<\/td><td>Tartumaa lahtised MV<\/td><td>K\u00f5rvek\u00fcla<\/td><td><a href=\"http:\/\/www.tosteliit.ee\/upload\/editor\/files\/Tartumaa_MV_tostmises_2019.xlsx\"><\/a><a href=\"https:\/\/tosteliit.ee\/wp-content\/uploads\/2022\/06\/Tartumaa_MV_tostmises_2019.xlsx\">PROTOKOLL<\/a><\/td><\/tr><tr><td>26<\/td><td>Eesti lahtised MV Masters<br>&nbsp;<\/td><td>Aravete<\/td><td><a href=\"https:\/\/tosteliit.ee\/wp-content\/uploads\/2022\/06\/Eesti_veteranide_MV_2019_ja_XI_Mati_Kulmu_MV_2019_protokoll_parandatud-11.xls\">PROTOKOLL<\/a><\/td><\/tr><tr><td>26<\/td><td>11. Mati Kulmu m\u00e4lestusv\u00f5istlus<\/td><td>Aravete<\/td><td><a href=\"http:\/\/www.tosteliit.ee\/upload\/editor\/files\/Eesti_veteranide_MV_2019_ja_XI_Mati_Kulmu_MV_2019_protokoll_parandatud-1.xls\"><\/a><a href=\"https:\/\/tosteliit.ee\/wp-content\/uploads\/2022\/06\/Eesti_veteranide_MV_2019_ja_XI_Mati_Kulmu_MV_2019_protokoll_parandatud-11.xls\">PROTOKOLL<\/a><\/td><\/tr><tr><td>25-27<\/td><td>V. Petrovs Cup<\/td><td>LAT-Daugavpils<\/td><td><a href=\"https:\/\/tosteliit.ee\/wp-content\/uploads\/2022\/06\/petrova_kauss_2019-bbbmm.xlsx\">PROTOKOLL<\/a><\/td><\/tr><tr><td><strong>Veebruar<\/strong><\/td><td>&nbsp;<\/td><td>&nbsp;<\/td><td>&nbsp;<\/td><\/tr><tr><td>2<\/td><td>J\u00f5hvi valla lahtised noorte MV<\/td><td>Tammiku<\/td><td><a href=\"https:\/\/tosteliit.ee\/wp-content\/uploads\/2022\/06\/Johvi_valla_noorte_mv_tostmises_2019.xls\">PROTOKOLL<\/a><\/td><\/tr><tr><td>8<\/td><td>ETL 2018 a. parimate autasustamine<\/td><td>Tartu<\/td><td><\/td><\/tr><tr><td>25-01.03<\/td><td>A ja B koondise laager<\/td><td>Abja-Paluoja<\/td><td>&nbsp;<\/td><\/tr><tr><td><strong>M\u00e4rts<\/strong><\/td><td>&nbsp;<\/td><td>&nbsp;<\/td><td>&nbsp;<\/td><\/tr><tr><td>&nbsp;<\/td><td>Tartumaa MV<\/td><td>&nbsp;<\/td><td>&nbsp;<\/td><\/tr><tr><td>8-15<\/td><td>MM U-15; U-17<\/td><td>USA -Las Vegas<\/td><td>&nbsp;<\/td><\/tr><tr><td>16<\/td><td>R.Laane VI mv ja J\u00e4rvamaa MV<\/td><td>Albu<\/td><td><a href=\"https:\/\/tosteliit.ee\/wp-content\/uploads\/2022\/06\/A.Luhaaare_XXVII_malestusvoistluste_protokoll.xls\">PROTOKOLL<\/a><\/td><\/tr><tr><td>22-24<\/td><td>Ventspils Open Championships<\/td><td>LAT-Ventspils<\/td><td>&nbsp;<\/td><\/tr><tr><td>23-24<\/td><td>Treenerite seminar<\/td><td>Abja-Paluoja<\/td><td>&nbsp;<\/td><\/tr><tr><td>30<\/td><td>Eesti noorte MV<strong> U-13<\/strong><\/td><td>Viljandi<\/td><td><a href=\"https:\/\/tosteliit.ee\/wp-content\/uploads\/2022\/06\/EMV_U-13_30.03.19.pdf\">PROTOKOLL<\/a><\/td><\/tr><tr><td>29-31<\/td><td>XXII Soroks\u00e1r Cup<\/td><td>HUN-Budapest<\/td><td><a href=\"http:\/\/www.tosteliit.ee\/upload\/editor\/files\/Soroksar_Cup_VJK_2019-1.pdf\"><\/a><a href=\"https:\/\/tosteliit.ee\/wp-content\/uploads\/2022\/06\/Soroksar_Cup_VJK_2019-1.pdf\">PROTOKOLL<\/a><\/td><\/tr><tr><td><strong>Aprill<\/strong><\/td><td>&nbsp;<\/td><td>&nbsp;<\/td><td>&nbsp;<\/td><\/tr><tr><td>6-13<\/td><td>EM<\/td><td>GEO- Batumi<\/td><td>&nbsp;<\/td><\/tr><tr><td>20<\/td><td>Eesti noorte MV&nbsp; <strong>U-17<\/strong><\/td><td>Abja-Paluoja<\/td><td><a href=\"https:\/\/tosteliit.ee\/wp-content\/uploads\/2022\/06\/EMV_U-17_20.04.19.pdf\">PROTOKOLL<\/a><\/td><\/tr><tr><td>21-26<\/td><td>A ja B koondise laager<\/td><td>Abja-Paluoja<\/td><td>&nbsp;<\/td><\/tr><tr><td>27<\/td><td>Turnieju im. Jana Hawrylewicza<\/td><td>POL-Siedlice<\/td><td><a href=\"https:\/\/tosteliit.ee\/wp-content\/uploads\/2022\/06\/27.04.19_Siedlice.pdf\">PROTOKOLL<\/a><\/td><\/tr><tr><td>26-28<\/td><td>V. Kirjanov Cup<\/td><td>LAT-Balvi<\/td><td><a href=\"https:\/\/tosteliit.ee\/wp-content\/uploads\/2022\/06\/kir\u044cjanova_2019_1_Rec_EST.xlsx\">PROTOKOLL<\/a><\/td><\/tr><tr><td><strong>Mai<\/strong><\/td><td>&nbsp;<\/td><td>&nbsp;<\/td><td>&nbsp;<\/td><\/tr><tr><td>2-3<\/td><td>P.Savitski mv.<\/td><td>BLR- Grodno<\/td><td>&nbsp;<\/td><\/tr><tr><td>4<\/td><td>SK Edu rahvusvaheline KV<\/td><td>Tammiku<\/td><td><a href=\"https:\/\/tosteliit.ee\/wp-content\/uploads\/2022\/06\/SK_EDU_karikavoistlused_20191.xls\">PROTOKOLL<\/a><\/td><\/tr><tr><td>18<\/td><td>Tartumaa koolinoorte MV<\/td><td>Tartu<\/td><td><a href=\"https:\/\/tosteliit.ee\/wp-content\/uploads\/2022\/06\/2019_Tartumaa_Koolinoored_protokoll1.xls\">PROTOKOLL<\/a><\/td><\/tr><tr><td>18<\/td><td>XX A.Kase mv.<\/td><td>Sindi<\/td><td><a href=\"https:\/\/tosteliit.ee\/wp-content\/uploads\/2022\/06\/Aleksander_Kase_20._malestusvoistlused.pdf\">PROTOKOLL<\/a><\/td><\/tr><tr><td>22<\/td><td>XIV Sakala Suvem\u00e4ngud<\/td><td>Abja-Paluoja<\/td><td><a href=\"https:\/\/tosteliit.ee\/wp-content\/uploads\/2022\/06\/Sakala_mangud.ods\">PROTOKOLL<\/a><\/td><\/tr><tr><td>25<\/td><td>Eesti MV<\/td><td>Tallinn<\/td><td><a href=\"https:\/\/tosteliit.ee\/wp-content\/uploads\/2022\/06\/98_Eesti_MV_250519_par.pdf\">PROTOKOLL<\/a><\/td><\/tr><tr><td>31<\/td><td>ETL \u00fcldkoosolek<\/td><td>Tallinn<\/td><td>&nbsp;<\/td><\/tr><tr><td><strong>Juuni<\/strong><\/td><td>&nbsp;<\/td><td>&nbsp;<\/td><td>&nbsp;<\/td><\/tr><tr><td>1-8<\/td><td>MM U-20; U-23<\/td><td>FIJ-Suva<\/td><td>&nbsp;<\/td><\/tr><tr><td>8<\/td><td>T\u00f5stesportlaste m\u00e4lestusp\u00e4ev<\/td><td>Eesti<\/td><td>&nbsp;<\/td><\/tr><tr><td>14-16<\/td><td>XVII Albu Cup<\/td><td>Albu<\/td><td><a href=\"https:\/\/tosteliit.ee\/wp-content\/uploads\/2022\/06\/Koopia_failist_XVII_Albu_Cup_2019_loplik.xls\">PROTOKOLL<\/a><br><\/td><\/tr><tr><td>11-19<\/td><td>EM masters<\/td><td>FIN-Rovaniemi<\/td><td><\/td><\/tr><tr><td>22-27<\/td><td>A koondise laager<\/td><td>Madixi Spordimaja<\/td><td>&nbsp;<\/td><\/tr><tr><td>27-30<\/td><td>6th European Union Weightlifting Cup<\/td><td>IRL-Dublin<\/td><td><\/td><\/tr><tr><td><strong>Juuli<\/strong><\/td><td>&nbsp;<\/td><td>&nbsp;<\/td><td>&nbsp;<\/td><\/tr><tr><td>1<\/td><td>ETL \u00fcldkoosolek<\/td><td>Tallinn<\/td><td>&nbsp;<\/td><\/tr><tr><td>7<\/td><td>Kohtunike koolitus<\/td><td>Madixi Spordimaja<\/td><td>&nbsp;<\/td><\/tr><tr><td>12-14<\/td><td>15. Eestimaa suvem\u00e4ngud<\/td><td>Tartu<\/td><td><a href=\"https:\/\/tosteliit.ee\/wp-content\/uploads\/2022\/06\/15._EmS_Tostmine_protokoll_14.07.19.xlsx\">PROTOKOLL<\/a><\/td><\/tr><tr><td>29-07.08<\/td><td>Treeninglaager<\/td><td>LAT- Dobele<\/td><td>&nbsp;<\/td><\/tr><tr><td><strong>August<\/strong><\/td><td>&nbsp;<\/td><td>&nbsp;<\/td><td>&nbsp;<\/td><\/tr><tr><td>10<\/td><td>Tartu linna MV ja<br>Vladimir Ba\u0161kirovi m\u00e4lestusv\u00f5istlus<\/td><td>Tartu<\/td><td><a href=\"https:\/\/tosteliit.ee\/wp-content\/uploads\/2022\/06\/Koopia_failist_2019_PROTOKOLL_TARTU_LINNA_MV_BASKIROVI_MALESTUSVOISTLUS.xls\">PROTOKOLL<\/a><\/td><\/tr><tr><td>12-30<\/td><td>A ja B koondise laager<\/td><td>Abja-Paluoja<\/td><td>&nbsp;<\/td><\/tr><tr><td>16-24<\/td><td>MM masters<\/td><td>CAN-Montreal<\/td><td>&nbsp;<\/td><\/tr><tr><td>24-29<\/td><td>Treeninglaager<\/td><td>LAT-Ventspils<\/td><td>&nbsp;<\/td><\/tr><tr><td><strong>September<\/strong><\/td><td>&nbsp;<\/td><td>&nbsp;<\/td><td>&nbsp;<\/td><\/tr><tr><td>&nbsp;<\/td><td>Starptautiskais turn\u012brs svarcel\u0161an\u0101<\/td><td>Ventspils<\/td><td>&nbsp;<\/td><\/tr><tr><td>16-25<\/td><td>MM<\/td><td>TAI-Pattaya<\/td><td>&nbsp;<\/td><\/tr><tr><td>6-7<\/td><td>Paneve\u017eys Cup<\/td><td>LIT-Paneve\u017eys<\/td><td><a href=\"https:\/\/tosteliit.ee\/wp-content\/uploads\/2022\/06\/Panevezys_Tartautinis_turnyras_2019.pdf\">PROTOKOLL<\/a><\/td><\/tr><tr><td>&nbsp;<\/td><td>Tallinna lahtised MV<\/td><td>Tallinn<\/td><td>&nbsp;<\/td><\/tr><tr><td>21<\/td><td>Saldus Cup<\/td><td>LAT-Saldus<\/td><td><a href=\"https:\/\/tosteliit.ee\/wp-content\/uploads\/2022\/06\/Saldus_2019.xlsx\">PROTOKOLL<\/a><\/td><\/tr><tr><td><strong>Oktoober<\/strong><\/td><td>&nbsp;<\/td><td>&nbsp;<\/td><td>&nbsp;<\/td><\/tr><tr><td>5<\/td><td>J\u00f5hvi valla lahtised MV<\/td><td>Tammiku<\/td><td><a href=\"https:\/\/tosteliit.ee\/wp-content\/uploads\/2022\/06\/Koopia_failist_Johvi_valla_mv_tostmises_2019.xls\">PROTOKOLL<\/a><\/td><\/tr><tr><td>19-27<\/td><td>EM U-20; U-23<\/td><td>ROU-Bucharest<\/td><td>&nbsp;<\/td><\/tr><tr><td>19<\/td><td>Eesti noorte MV&nbsp; <strong>U-15<\/strong><\/td><td>Abja-Paluoja<\/td><td><a href=\"https:\/\/tosteliit.ee\/wp-content\/uploads\/2022\/06\/Eesti_U15_MV_protokoll_8.11.2019.pdf\">PROTOKOLL<\/a><\/td><\/tr><tr><td>19<\/td><td>XXVII Arnold Luha\u00e4\u00e4re m\u00e4lestusv\u00f5istlus<\/td><td>Abja-Paluoja<\/td><td><a href=\"https:\/\/tosteliit.ee\/wp-content\/uploads\/2022\/06\/A.Luhaaare_XXVII_malestusvoistluste_protokoll-1.xls\">PROTOKOLL<\/a><\/td><\/tr><tr><td>26<\/td><td>XXXII Tartumaa suurmeistrite KV<\/td><td>Melliste<\/td><td><a href=\"https:\/\/tosteliit.ee\/wp-content\/uploads\/2022\/06\/XXXII_Tartumaa_SMKV_26.10.2019.xls\">PROTOKOLL<\/a><\/td><\/tr><tr><td><strong>November<\/strong><\/td><td>&nbsp;<\/td><td>&nbsp;<\/td><td>&nbsp;<\/td><\/tr><tr><td>2-3<\/td><td>Treenerite 3-5 tasemekoolitus<\/td><td>Pirita Marina SPA Hotell<\/td><td>&nbsp;<\/td><\/tr><tr><td>9<\/td><td>Eesti juunioride MV&nbsp; <strong>U-20<\/strong><\/td><td>Valga<\/td><td><a href=\"https:\/\/tosteliit.ee\/wp-content\/uploads\/2022\/06\/EMV_U-20__09.11.19.pdf\">PROTOKOLL<\/a><\/td><\/tr><tr><td>9<\/td><td>Alfred Neulandi XX m\u00e4lestusv\u00f5istlused<\/td><td>Valga<\/td><td><a href=\"https:\/\/tosteliit.ee\/wp-content\/uploads\/2022\/06\/A.Neulandi_mv_protokoll.pdf\">PROTOKOLL<\/a><\/td><\/tr><tr><td>23<\/td><td>Eesti MV \u00fcksikt\u00f5stetes ning nais- ja meeskondlikus arvestuses<\/td><td>Melliste<\/td><td><a href=\"https:\/\/tosteliit.ee\/wp-content\/uploads\/2022\/06\/Koopia_failist_2019_yksiktosted_ja_voistkondlik.xlsx\">PROTOKOLL<\/a><\/td><\/tr><tr><td>28<\/td><td>T\u00f5stespordi veteranide aktiivip\u00e4ev<\/td><td>Tallinn<\/td><td>&nbsp;<\/td><\/tr><tr><td>&nbsp;<\/td><td>&nbsp;<\/td><td>&nbsp;<\/td><td>&nbsp;<\/td><\/tr><tr><td><strong>Detsember<\/strong><\/td><td>&nbsp;<\/td><td>&nbsp;<\/td><td>&nbsp;<\/td><\/tr><tr><td>4-12<\/td><td>EM U-15; U-17<\/td><td>ISR-Eilat<\/td><td><a href=\"http:\/\/www.tosteliit.ee\/upload\/editor\/files\/Euroopa_MV_U15_ja_U17_kokkuvote.pdf\">Tulemused<\/a><\/td><\/tr><tr><td>&nbsp;<\/td><td>Leedu lahtised MV Masters<\/td><td>Leedu<\/td><td>&nbsp;<\/td><\/tr><tr><td>21<\/td><td>Klaipeda noorte J\u00f5uluturniir<\/td><td>LIT- Klaipeda<\/td><td><a href=\"https:\/\/tosteliit.ee\/wp-content\/uploads\/2022\/06\/Leedu-dets-Kaledinis_2019-1.xls\">PROTOKOLL<\/a><\/td><\/tr><tr><td>&nbsp;<\/td><td>New Years Cup<\/td><td>LAT- Dobele<\/td><td>&nbsp;<\/td><\/tr><\/tbody><\/table><\/figure>","protected":false},"excerpt":{"rendered":"<p>ETL 2019.a. v\u00f5istluskalender&nbsp; Kinnitatud juhatuse 27.01.2019 otsusega nr 48 2019.a. V\u00f5istluse nimetus Koht Protokoll Jaanuar &nbsp; &nbsp; &nbsp; 4-6 Atsist &#8211; Etsiks Abja-Paluoja PROTOKOLL 12 III Kalev Pensa m\u00e4lestusv\u00f5istlus K\u00f5rvek\u00fcla PROTOKOLL 12 Tartumaa lahtised MV K\u00f5rvek\u00fcla PROTOKOLL 26 Eesti lahtised MV Masters&nbsp; Aravete PROTOKOLL 26 11. Mati Kulmu m\u00e4lestusv\u00f5istlus Aravete PROTOKOLL 25-27 V. Petrovs Cup [&hellip;]<\/p>\n","protected":false},"author":1,"featured_media":0,"parent":0,"menu_order":0,"comment_status":"closed","ping_status":"closed","template":"","meta":{"_mc_calendar":[],"footnotes":""},"class_list":["post-908","page","type-page","status-publish","hentry","entry"],"_links":{"self":[{"href":"https:\/\/tosteliit.ee\/en\/wp-json\/wp\/v2\/pages\/908","targetHints":{"allow":["GET"]}}],"collection":[{"href":"https:\/\/tosteliit.ee\/en\/wp-json\/wp\/v2\/pages"}],"about":[{"href":"https:\/\/tosteliit.ee\/en\/wp-json\/wp\/v2\/types\/page"}],"author":[{"embeddable":true,"href":"https:\/\/tosteliit.ee\/en\/wp-json\/wp\/v2\/users\/1"}],"replies":[{"embeddable":true,"href":"https:\/\/tosteliit.ee\/en\/wp-json\/wp\/v2\/comments?post=908"}],"version-history":[{"count":4,"href":"https:\/\/tosteliit.ee\/en\/wp-json\/wp\/v2\/pages\/908\/revisions"}],"predecessor-version":[{"id":1343,"href":"https:\/\/tosteliit.ee\/en\/wp-json\/wp\/v2\/pages\/908\/revisions\/1343"}],"wp:attachment":[{"href":"https:\/\/tosteliit.ee\/en\/wp-json\/wp\/v2\/media?parent=908"}],"curies":[{"name":"wp","href":"https:\/\/api.w.org\/{rel}","templated":true}]}}