{"id":942,"date":"2022-03-27T11:36:53","date_gmt":"2022-03-27T11:36:53","guid":{"rendered":"https:\/\/tosteliit.ee\/?page_id=942"},"modified":"2026-04-02T17:45:09","modified_gmt":"2026-04-02T17:45:09","slug":"naised","status":"publish","type":"page","link":"https:\/\/tosteliit.ee\/en\/naised\/","title":{"rendered":"Women"},"content":{"rendered":"<p><br>Seisuga 02.04.2026<\/p>\n\n\n\n<figure class=\"wp-block-table\"><table><tbody><tr><td class=\"has-text-align-center\" data-align=\"center\" colspan=\"8\">U15&nbsp;Kehakaalukategooria -40 kg<\/td><\/tr><tr><td class=\"has-text-align-center\" data-align=\"center\">Koht<\/td><td>Nimi<\/td><td class=\"has-text-align-center\" data-align=\"center\">S\u00fcnniaasta<\/td><td>Klubi<\/td><td>Kaal<\/td><td>Reb<\/td><td>T\u00f5uk<\/td><td>Summa<\/td><\/tr><tr><td class=\"has-text-align-center\" data-align=\"center\">1<\/td><td>Janete Aleksandra Aan<\/td><td class=\"has-text-align-center\" data-align=\"center\">2016<\/td><td>J\u00f5usport<\/td><td>34.25<\/td><td>18<\/td><td>24<\/td><td>42<\/td><\/tr><tr><td class=\"has-text-align-center\" data-align=\"center\">2<\/td><td>Marietta T\u00f5nurist<\/td><td class=\"has-text-align-center\" data-align=\"center\">2015<\/td><td>EDU<\/td><td>32.85<\/td><td>20<\/td><td>22<\/td><td>42<\/td><\/tr><tr><td class=\"has-text-align-center\" data-align=\"center\" colspan=\"8\">U15, U17 Kehakaalukategooria -44 kg<\/td><\/tr><tr><td class=\"has-text-align-center\" data-align=\"center\">Koht<\/td><td>Nimi<\/td><td class=\"has-text-align-center\" data-align=\"center\">S\u00fcnniaasta<\/td><td>Klubi<\/td><td>Kaal<\/td><td>Reb<\/td><td>T\u00f5uk<\/td><td>Summa<\/td><\/tr><tr><td class=\"has-text-align-center\" data-align=\"center\">1<\/td><td><\/td><td><\/td><td><\/td><td><\/td><td><\/td><td><\/td><td><\/td><\/tr><tr><td class=\"has-text-align-center\" data-align=\"center\" colspan=\"8\">U15, U17, U20, ABSOLUUT Kehakaalukategooria -48 kg<\/td><\/tr><tr><td class=\"has-text-align-center\" data-align=\"center\">Koht<\/td><td>Nimi<\/td><td class=\"has-text-align-center\" data-align=\"center\">S\u00fcnniaasta<\/td><td>Klubi<\/td><td>Kaal<\/td><td>Reb<\/td><td>T\u00f5uk<\/td><td>Summa<\/td><\/tr><tr><td class=\"has-text-align-center\" data-align=\"center\">1<\/td><td>Kelli Musta<\/td><td class=\"has-text-align-center\" data-align=\"center\">2011<\/td><td>J\u00f5ud Junior<\/td><td>47.3<\/td><td>40<\/td><td>47<\/td><td>87<\/td><\/tr><tr><td class=\"has-text-align-center\" data-align=\"center\" colspan=\"8\">U15, U17, U20, ABSOLUUT Kehakaalukategooria -53 kg<\/td><\/tr><tr><td class=\"has-text-align-center\" data-align=\"center\">Koht<\/td><td>Nimi<\/td><td class=\"has-text-align-center\" data-align=\"center\">S\u00fcnniaasta<\/td><td>Klubi<\/td><td>Kaal<\/td><td>Reb<\/td><td>T\u00f5uk<\/td><td>Summa<\/td><\/tr><tr><td class=\"has-text-align-center\" data-align=\"center\">1<\/td><td>Gerlyn M\u00e4epea<\/td><td class=\"has-text-align-center\" data-align=\"center\">1993<\/td><td>CrossFit Kuubik<\/td><td>52.00<\/td><td>51<\/td><td>70<\/td><td>121<\/td><\/tr><tr><td class=\"has-text-align-center\" data-align=\"center\">2<\/td><td>Carolin Jalast<\/td><td class=\"has-text-align-center\" data-align=\"center\">2012<\/td><td>Vargam\u00e4e<\/td><td>52.35<\/td><td>54<\/td><td>66<\/td><td>120<\/td><\/tr><tr><td class=\"has-text-align-center\" data-align=\"center\">3<\/td><td>Maria Merilo<\/td><td class=\"has-text-align-center\" data-align=\"center\">2002<\/td><td>CrossFit Tartu<\/td><td>52.05<\/td><td>46<\/td><td>57<\/td><td>103<\/td><\/tr><tr><td class=\"has-text-align-center\" data-align=\"center\">4<\/td><td>Klaarika Liivat<\/td><td class=\"has-text-align-center\" data-align=\"center\">1984<\/td><td>J\u00f5usport<\/td><td>52.45<\/td><td>41<\/td><td>53<\/td><td>94<\/td><\/tr><tr><td class=\"has-text-align-center\" data-align=\"center\">5<\/td><td>Triin Kovalevski<\/td><td class=\"has-text-align-center\" data-align=\"center\">2001<\/td><td>CrossFit K\u00f5u<\/td><td>52.95<\/td><td>37<\/td><td>45<\/td><td>82<\/td><\/tr><tr><td class=\"has-text-align-center\" data-align=\"center\">6<\/td><td>Kordeelia Tasane<\/td><td class=\"has-text-align-center\" data-align=\"center\">2008<\/td><td>OTMK<\/td><td>50.60<\/td><td>20<\/td><td>30<\/td><td>50<\/td><\/tr><tr><td class=\"has-text-align-center\" data-align=\"center\" colspan=\"8\">U15, U17, U20, ABSOLUUT Kehakaalukategooria -58 kg<\/td><\/tr><tr><td class=\"has-text-align-center\" data-align=\"center\">Koht<\/td><td>Nimi<\/td><td class=\"has-text-align-center\" data-align=\"center\">S\u00fcnniaasta<\/td><td>Klubi<\/td><td>Kaal<\/td><td>Reb<\/td><td>T\u00f5uk<\/td><td>Summa<\/td><\/tr><tr><td class=\"has-text-align-center\" data-align=\"center\">1<\/td><td>Una Bassil<\/td><td class=\"has-text-align-center\" data-align=\"center\">1994<\/td><td>Sparta<\/td><td>57.75<\/td><td>74<\/td><td>85<\/td><td>159<\/td><\/tr><tr><td class=\"has-text-align-center\" data-align=\"center\">2<\/td><td>Ann Helen Eelmets<\/td><td class=\"has-text-align-center\" data-align=\"center\">2006<\/td><td>Sparta<\/td><td>56.35<\/td><td>60<\/td><td>78<\/td><td>138<\/td><\/tr><tr><td class=\"has-text-align-center\" data-align=\"center\">3<\/td><td>Merit Mandel<\/td><td class=\"has-text-align-center\" data-align=\"center\">1986<\/td><td>Individuaal<\/td><td>56.95<\/td><td>61<\/td><td>70<\/td><td>131<\/td><\/tr><tr><td class=\"has-text-align-center\" data-align=\"center\">4<\/td><td>Claudia Casagrande<\/td><td class=\"has-text-align-center\" data-align=\"center\">1996<\/td><td>Sparta<\/td><td>57.05<\/td><td>50<\/td><td>73<\/td><td>123<\/td><\/tr><tr><td class=\"has-text-align-center\" data-align=\"center\">5<\/td><td>Gerlyn M\u00e4epea<\/td><td class=\"has-text-align-center\" data-align=\"center\">1993<\/td><td>Sparta<\/td><td>54.05<\/td><td>52<\/td><td>70<\/td><td>122<\/td><\/tr><tr><td class=\"has-text-align-center\" data-align=\"center\">6<\/td><td>Maarja M\u00f5ttus<\/td><td class=\"has-text-align-center\" data-align=\"center\">1989<\/td><td>CrossFit Viljandi<\/td><td>55.55<\/td><td>36<\/td><td>59<\/td><td>86<\/td><\/tr><tr><td class=\"has-text-align-center\" data-align=\"center\">7<\/td><td>Lisette Kask<\/td><td class=\"has-text-align-center\" data-align=\"center\">2007<\/td><td>OTMK<\/td><td>55.95<\/td><td>31<\/td><td>46<\/td><td>77<\/td><\/tr><tr><td class=\"has-text-align-center\" data-align=\"center\">8<\/td><td>Rebeca Park<\/td><td class=\"has-text-align-center\" data-align=\"center\">2011<\/td><td>Vargam\u00e4e<\/td><td>56.75<\/td><td>29<\/td><td>43<\/td><td>72<\/td><\/tr><tr><td class=\"has-text-align-center\" data-align=\"center\">9<\/td><td>Johandra Aan<\/td><td class=\"has-text-align-center\" data-align=\"center\">2013<\/td><td>J\u00f5usport<\/td><td>54.70<\/td><td>25<\/td><td>37<\/td><td>62<\/td><\/tr><tr><td class=\"has-text-align-center\" data-align=\"center\" colspan=\"8\">U15, U17, U20, ABSOLUUT Kehakaalukategooria -63 kg<\/td><\/tr><tr><td class=\"has-text-align-center\" data-align=\"center\">Koht<\/td><td>Nimi<\/td><td class=\"has-text-align-center\" data-align=\"center\">S\u00fcnniaasta<\/td><td>Klubi<\/td><td>Kaal<\/td><td>Reb<\/td><td>T\u00f5uk<\/td><td>Summa<\/td><\/tr><tr><td class=\"has-text-align-center\" data-align=\"center\">1<\/td><td>Jekaterina Gritsinina<\/td><td class=\"has-text-align-center\" data-align=\"center\">1995<\/td><td>individuaal<\/td><td>62.30<\/td><td>63<\/td><td>87<\/td><td>150<\/td><\/tr><tr><td class=\"has-text-align-center\" data-align=\"center\">2<\/td><td>Jana Kevatera<\/td><td class=\"has-text-align-center\" data-align=\"center\">1992<\/td><td>CrossFit Viljandi<\/td><td>58.15<\/td><td>61<\/td><td>69<\/td><td>130<\/td><\/tr><tr><td class=\"has-text-align-center\" data-align=\"center\">3<\/td><td>Anneli Vuks<\/td><td class=\"has-text-align-center\" data-align=\"center\">1995<\/td><td>CrossFit Peetri<\/td><td>62.90<\/td><td>50<\/td><td>74<\/td><td>124<\/td><\/tr><tr><td class=\"has-text-align-center\" data-align=\"center\">4<\/td><td>Ingela Jalast<\/td><td class=\"has-text-align-center\" data-align=\"center\">1991<\/td><td>Vargam\u00e4e<\/td><td>61.75<\/td><td>55<\/td><td>65<\/td><td>120<\/td><\/tr><tr><td class=\"has-text-align-center\" data-align=\"center\">5<\/td><td>Maret Koor<\/td><td class=\"has-text-align-center\" data-align=\"center\">1984<\/td><td>CrossFit<\/td><td>60.20<\/td><td>50<\/td><td>69<\/td><td>119<\/td><\/tr><tr><td class=\"has-text-align-center\" data-align=\"center\">6<\/td><td>Triin Prii<\/td><td class=\"has-text-align-center\" data-align=\"center\">2007<\/td><td>T\u00dcASK<\/td><td>60.35<\/td><td>54<\/td><td>63<\/td><td>117<\/td><\/tr><tr><td class=\"has-text-align-center\" data-align=\"center\">7<\/td><td>Marta T\u00f5nurist<\/td><td class=\"has-text-align-center\" data-align=\"center\">2010<\/td><td>EDU<\/td><td>62.20<\/td><td>52<\/td><td>60<\/td><td>112<\/td><\/tr><tr><td class=\"has-text-align-center\" data-align=\"center\">8<\/td><td>Janeli Aan<\/td><td class=\"has-text-align-center\" data-align=\"center\">2005<\/td><td>J\u00f5usport<\/td><td>62.90<\/td><td>51<\/td><td>60<\/td><td>111<\/td><\/tr><tr><td class=\"has-text-align-center\" data-align=\"center\">9<\/td><td>K\u00e4rolin Rillo<\/td><td class=\"has-text-align-center\" data-align=\"center\">1995<\/td><td>CrossFit Viljandi<\/td><td>62.95<\/td><td>38<\/td><td>50<\/td><td>88<\/td><\/tr><tr><td class=\"has-text-align-center\" data-align=\"center\">10<\/td><td>Sofia Leppik<\/td><td class=\"has-text-align-center\" data-align=\"center\">2012<\/td><td>J\u00f5usport<\/td><td>61.60<\/td><td>34<\/td><td>47<\/td><td>81<\/td><\/tr><tr><td class=\"has-text-align-center\" data-align=\"center\">11<\/td><td>Marianne Kilp<\/td><td class=\"has-text-align-center\" data-align=\"center\">1995<\/td><td>CrossFit Viljandi<\/td><td>60.85<\/td><td>35<\/td><td>45<\/td><td>80<\/td><\/tr><tr><td class=\"has-text-align-center\" data-align=\"center\">12<\/td><td>Kaisa Kalle<\/td><td class=\"has-text-align-center\" data-align=\"center\">2008<\/td><td>OTMK<\/td><td>58.50<\/td><td>26<\/td><td>36<\/td><td>62<\/td><\/tr><tr><td class=\"has-text-align-center\" data-align=\"center\" colspan=\"8\">U15, U17, U20, ABSOLUUT Kehakaalukategooria -69 kg<\/td><\/tr><tr><td class=\"has-text-align-center\" data-align=\"center\">Koht<\/td><td>Nimi<\/td><td class=\"has-text-align-center\" data-align=\"center\">S\u00fcnniaasta<\/td><td>Klubi<\/td><td>Kaal<\/td><td>Reb<\/td><td>T\u00f5uk<\/td><td>Summa<\/td><\/tr><tr><td class=\"has-text-align-center\" data-align=\"center\">1<\/td><td>Emely Raud<\/td><td class=\"has-text-align-center\" data-align=\"center\">2006<\/td><td>EDU<\/td><td>68.20<\/td><td>66<\/td><td>80<\/td><td>146<\/td><\/tr><tr><td class=\"has-text-align-center\" data-align=\"center\">2<\/td><td>Lille V\u00e4lja<\/td><td class=\"has-text-align-center\" data-align=\"center\">2001<\/td><td>CrossFit Viljandi<\/td><td>64.00<\/td><td>56<\/td><td>77<\/td><td>133<\/td><\/tr><tr><td class=\"has-text-align-center\" data-align=\"center\">3<\/td><td>Maria K\u00f5lamets<\/td><td class=\"has-text-align-center\" data-align=\"center\">2004<\/td><td>T\u00dcASK<\/td><td>68.45<\/td><td>60<\/td><td>70<\/td><td>130<\/td><\/tr><tr><td class=\"has-text-align-center\" data-align=\"center\">4<\/td><td>Sofia Merilo<\/td><td class=\"has-text-align-center\" data-align=\"center\">2009<\/td><td>SK +35<\/td><td>67.00<\/td><td>54<\/td><td>71<\/td><td>125<\/td><\/tr><tr><td class=\"has-text-align-center\" data-align=\"center\">5<\/td><td>Karita S\u00fcld<\/td><td class=\"has-text-align-center\" data-align=\"center\">1998<\/td><td>CrossFit K\u00f5u<\/td><td>67.95<\/td><td>53<\/td><td>69<\/td><td>122<\/td><\/tr><tr><td class=\"has-text-align-center\" data-align=\"center\">6<\/td><td>Piia Liisa Baum<\/td><td class=\"has-text-align-center\" data-align=\"center\">2001<\/td><td>CrossFit K\u00f5u<\/td><td>65.70<\/td><td>50<\/td><td>70<\/td><td>120<\/td><\/tr><tr><td class=\"has-text-align-center\" data-align=\"center\">7<\/td><td>Eliise Hoogand<\/td><td class=\"has-text-align-center\" data-align=\"center\">1993<\/td><td>CrossFit Kuubik<\/td><td>64.05<\/td><td>48<\/td><td>67<\/td><td>115<\/td><\/tr><tr><td class=\"has-text-align-center\" data-align=\"center\">8<\/td><td>Jolandra-Lisanna Aan<\/td><td class=\"has-text-align-center\" data-align=\"center\">2011<\/td><td>J\u00f5usport<\/td><td>68.00<\/td><td>53<\/td><td>62<\/td><td>115<\/td><\/tr><tr><td class=\"has-text-align-center\" data-align=\"center\">9<\/td><td>Maarja Roosileht<\/td><td class=\"has-text-align-center\" data-align=\"center\">1990<\/td><td>CrossFit Tartu<\/td><td>67.60<\/td><td>45<\/td><td>66<\/td><td>111<\/td><\/tr><tr><td class=\"has-text-align-center\" data-align=\"center\">10<\/td><td>Dea Lepik<\/td><td class=\"has-text-align-center\" data-align=\"center\">1996<\/td><td>CrossFit Peetri<\/td><td>67.75<\/td><td>45<\/td><td>63<\/td><td>108<\/td><\/tr><tr><td class=\"has-text-align-center\" data-align=\"center\">11<\/td><td>Nele Marie Palmeos<\/td><td class=\"has-text-align-center\" data-align=\"center\">2010<\/td><td>Vargam\u00e4e<\/td><td>66.95<\/td><td>45<\/td><td>52<\/td><td>97<\/td><\/tr><tr><td class=\"has-text-align-center\" data-align=\"center\">12<\/td><td>Gretta Marii Tirman<\/td><td class=\"has-text-align-center\" data-align=\"center\">2002<\/td><td>CrossFit Viljandi<\/td><td>65.65<\/td><td>33<\/td><td>50<\/td><td>83<\/td><\/tr><tr><td class=\"has-text-align-center\" data-align=\"center\" colspan=\"8\">U17, U20, ABSOLUUT Kehakaalukategooria -77 kg<\/td><\/tr><tr><td class=\"has-text-align-center\" data-align=\"center\">Koht<\/td><td>Nimi<\/td><td class=\"has-text-align-center\" data-align=\"center\">S\u00fcnniaasta<\/td><td>Klubi<\/td><td>Kaal<\/td><td>Reb<\/td><td>T\u00f5uk<\/td><td>Summa<\/td><\/tr><tr><td class=\"has-text-align-center\" data-align=\"center\">1<\/td><td>Mona Saar<\/td><td class=\"has-text-align-center\" data-align=\"center\">2002<\/td><td>M\u00e4ksa<\/td><td>75.65<\/td><td>80<\/td><td>91<\/td><td>171<\/td><\/tr><tr><td class=\"has-text-align-center\" data-align=\"center\">2<\/td><td>Helen Vellemaa<\/td><td class=\"has-text-align-center\" data-align=\"center\">1984<\/td><td>CrossFit Tartu<\/td><td>73.40<\/td><td>61<\/td><td>80<\/td><td>141<\/td><\/tr><tr><td class=\"has-text-align-center\" data-align=\"center\">3<\/td><td>Maigi Kaljuste<\/td><td class=\"has-text-align-center\" data-align=\"center\">1984<\/td><td>SK +35<\/td><td>73.45<\/td><td>53<\/td><td>85<\/td><td>138<\/td><\/tr><tr><td class=\"has-text-align-center\" data-align=\"center\">4<\/td><td>Helen Karu<\/td><td class=\"has-text-align-center\" data-align=\"center\">1982<\/td><td>CrossFit Peetri<\/td><td>75.85<\/td><td>55<\/td><td>82<\/td><td>137<\/td><\/tr><tr><td class=\"has-text-align-center\" data-align=\"center\">5<\/td><td>Kati Kivistik<\/td><td class=\"has-text-align-center\" data-align=\"center\">1994<\/td><td>J\u00f5ud Junior<\/td><td>75.50<\/td><td>56<\/td><td>70<\/td><td>126<\/td><\/tr><tr><td class=\"has-text-align-center\" data-align=\"center\">6<\/td><td>Heily Hedvig Elizabeth Palling<\/td><td class=\"has-text-align-center\" data-align=\"center\">1999<\/td><td>CrossFit Kuubik<\/td><td>75.25<\/td><td>50<\/td><td>73<\/td><td>123<\/td><\/tr><tr><td class=\"has-text-align-center\" data-align=\"center\">7<\/td><td>Kristiina Stokkeby<\/td><td class=\"has-text-align-center\" data-align=\"center\">1993<\/td><td>CrossFit Kuubik<\/td><td>74.35<\/td><td>46<\/td><td>67<\/td><td>113<\/td><\/tr><tr><td class=\"has-text-align-center\" data-align=\"center\">8<\/td><td>Ave Bombul<\/td><td class=\"has-text-align-center\" data-align=\"center\">1996<\/td><td>Vargam\u00e4e<\/td><td>73.00<\/td><td>48<\/td><td>58<\/td><td>106<\/td><\/tr><tr><td class=\"has-text-align-center\" data-align=\"center\" colspan=\"8\">U20, ABSOLUUT Kehakaalukategooria -86 kg<\/td><\/tr><tr><td class=\"has-text-align-center\" data-align=\"center\">Koht<\/td><td>Nimi<\/td><td class=\"has-text-align-center\" data-align=\"center\">S\u00fcnniaasta<\/td><td>Klubi<\/td><td>Kaal<\/td><td>Reb<\/td><td>T\u00f5uk<\/td><td>Summa<\/td><\/tr><tr><td class=\"has-text-align-center\" data-align=\"center\">1<\/td><td>Eliise Peterson<\/td><td class=\"has-text-align-center\" data-align=\"center\">1992<\/td><td>Sparta<\/td><td>85.10<\/td><td>91<\/td><td>110<\/td><td>201<\/td><\/tr><tr><td class=\"has-text-align-center\" data-align=\"center\">2<\/td><td>Eveliis Annusver<\/td><td class=\"has-text-align-center\" data-align=\"center\">1989<\/td><td>CrossFit K\u00f5u<\/td><td>77.85<\/td><td>56<\/td><td>78<\/td><td>134<\/td><\/tr><tr><td class=\"has-text-align-center\" data-align=\"center\">3<\/td><td>Anna G\u00fcnter<\/td><td class=\"has-text-align-center\" data-align=\"center\">1979<\/td><td>SK +35<\/td><td>82.25<\/td><td>57<\/td><td>68<\/td><td>125<\/td><\/tr><tr><td class=\"has-text-align-center\" data-align=\"center\">4<\/td><td>Triin H\u00fctt<\/td><td class=\"has-text-align-center\" data-align=\"center\">1973<\/td><td>CrossFit K\u00f5u<\/td><td>81.85<\/td><td>44<\/td><td>69<\/td><td>113<\/td><\/tr><tr><td class=\"has-text-align-center\" data-align=\"center\">5<\/td><td>Merle Lillik<\/td><td class=\"has-text-align-center\" data-align=\"center\">1971<\/td><td>CrossFit Tartu<\/td><td>82.45<\/td><td>45<\/td><td>67<\/td><td>112<\/td><\/tr><tr><td class=\"has-text-align-center\" data-align=\"center\">6<\/td><td>Liisbeth Rosenstein<\/td><td class=\"has-text-align-center\" data-align=\"center\">2005<\/td><td>M\u00e4ksa<\/td><td>79.20<\/td><td>47<\/td><td>61<\/td><td>108<\/td><\/tr><tr><td class=\"has-text-align-center\" data-align=\"center\">7<\/td><td>Mariann Proos<\/td><td class=\"has-text-align-center\" data-align=\"center\">1971<\/td><td>CrossFit Tartu<\/td><td>78.75<\/td><td>45<\/td><td>55<\/td><td>97<\/td><\/tr><tr><td class=\"has-text-align-center\" data-align=\"center\">8<\/td><td>Emma Kask<\/td><td class=\"has-text-align-center\" data-align=\"center\">2010<\/td><td>M\u00e4ksa<\/td><td>79.25<\/td><td>35<\/td><td>51<\/td><td>86<\/td><\/tr><tr><td class=\"has-text-align-center\" data-align=\"center\" colspan=\"8\">U20, ABSOLUUT Kehakaalukategooria +86 kg<\/td><\/tr><tr><td class=\"has-text-align-center\" data-align=\"center\">Koht<\/td><td>Nimi<\/td><td class=\"has-text-align-center\" data-align=\"center\">S\u00fcnniaasta<\/td><td>Klubi<\/td><td>Kaal<\/td><td>Reb<\/td><td>T\u00f5uk<\/td><td>Summa<\/td><\/tr><tr><td class=\"has-text-align-center\" data-align=\"center\">1<\/td><td>Inger Iris Prants<\/td><td class=\"has-text-align-center\" data-align=\"center\">2009<\/td><td>Vargam\u00e4e<\/td><td>99.75<\/td><td>70<\/td><td>85<\/td><td>155<\/td><\/tr><tr><td class=\"has-text-align-center\" data-align=\"center\">2<\/td><td>Agnes Rannaste<\/td><td class=\"has-text-align-center\" data-align=\"center\">1984<\/td><td>SK +35<\/td><td>97.65<\/td><td>63<\/td><td>78<\/td><td>141<\/td><\/tr><tr><td class=\"has-text-align-center\" data-align=\"center\">3<\/td><td>Keidi Maasing<\/td><td class=\"has-text-align-center\" data-align=\"center\">2010<\/td><td>Kesklinna K<\/td><td>95.95<\/td><td>30<\/td><td>49<\/td><td>79<\/td><\/tr><tr><td class=\"has-text-align-center\" data-align=\"center\">4<\/td><td>Liselle Kaugerand<\/td><td class=\"has-text-align-center\" data-align=\"center\">2011<\/td><td>SJK<\/td><td>87.85<\/td><td>30<\/td><td>45<\/td><td>75<\/td><\/tr><\/tbody><\/table><\/figure>","protected":false},"excerpt":{"rendered":"<p>Seisuga 02.04.2026 U15&nbsp;Kehakaalukategooria -40 kg Koht Nimi S\u00fcnniaasta Klubi Kaal Reb T\u00f5uk Summa 1 Janete Aleksandra Aan 2016 J\u00f5usport 34.25 18 24 42 2 Marietta T\u00f5nurist 2015 EDU 32.85 20 22 42 U15, U17 Kehakaalukategooria -44 kg Koht Nimi S\u00fcnniaasta Klubi Kaal Reb T\u00f5uk Summa 1 U15, U17, U20, ABSOLUUT Kehakaalukategooria -48 kg Koht Nimi [&hellip;]<\/p>\n","protected":false},"author":1,"featured_media":0,"parent":0,"menu_order":0,"comment_status":"closed","ping_status":"closed","template":"","meta":{"_mc_calendar":[],"footnotes":""},"class_list":["post-942","page","type-page","status-publish","hentry","entry"],"_links":{"self":[{"href":"https:\/\/tosteliit.ee\/en\/wp-json\/wp\/v2\/pages\/942","targetHints":{"allow":["GET"]}}],"collection":[{"href":"https:\/\/tosteliit.ee\/en\/wp-json\/wp\/v2\/pages"}],"about":[{"href":"https:\/\/tosteliit.ee\/en\/wp-json\/wp\/v2\/types\/page"}],"author":[{"embeddable":true,"href":"https:\/\/tosteliit.ee\/en\/wp-json\/wp\/v2\/users\/1"}],"replies":[{"embeddable":true,"href":"https:\/\/tosteliit.ee\/en\/wp-json\/wp\/v2\/comments?post=942"}],"version-history":[{"count":62,"href":"https:\/\/tosteliit.ee\/en\/wp-json\/wp\/v2\/pages\/942\/revisions"}],"predecessor-version":[{"id":4499,"href":"https:\/\/tosteliit.ee\/en\/wp-json\/wp\/v2\/pages\/942\/revisions\/4499"}],"wp:attachment":[{"href":"https:\/\/tosteliit.ee\/en\/wp-json\/wp\/v2\/media?parent=942"}],"curies":[{"name":"wp","href":"https:\/\/api.w.org\/{rel}","templated":true}]}}